{"id":5946,"date":"2024-09-17T20:41:10","date_gmt":"2024-09-17T18:41:10","guid":{"rendered":"https:\/\/bjornlunden.com\/?page_id=5946"},"modified":"2025-10-08T08:25:07","modified_gmt":"2025-10-08T06:25:07","slug":"pressrum","status":"publish","type":"page","link":"https:\/\/bjornlunden.com\/se\/om-bjorn-lunden\/pressrum\/","title":{"rendered":"Pressrum"},"content":{"rendered":"\t\t<div data-elementor-type=\"wp-page\" data-elementor-id=\"5946\" class=\"elementor elementor-5946 elementor-5916\" data-elementor-post-type=\"page\">\n\t\t\t\t<div class=\"elementor-element elementor-element-2a2b035 e-flex e-con-boxed e-con e-parent\" data-id=\"2a2b035\" data-element_type=\"container\" data-e-type=\"container\">\n\t\t\t\t\t<div class=\"e-con-inner\">\n\t\t\t\t<div class=\"elementor-element elementor-element-9d19459 elementor-widget elementor-widget-spacer\" data-id=\"9d19459\" data-element_type=\"widget\" data-e-type=\"widget\" data-widget_type=\"spacer.default\">\n\t\t\t\t<div class=\"elementor-widget-container\">\n\t\t\t\t\t\t\t<div class=\"elementor-spacer\">\n\t\t\t<div class=\"elementor-spacer-inner\"><\/div>\n\t\t<\/div>\n\t\t\t\t\t\t<\/div>\n\t\t\t\t<\/div>\n\t\t\t\t<div class=\"elementor-element elementor-element-91179a4 elementor-absolute elementor-widget elementor-widget-image\" data-id=\"91179a4\" data-element_type=\"widget\" data-e-type=\"widget\" data-settings=\"{&quot;_position&quot;:&quot;absolute&quot;}\" data-widget_type=\"image.default\">\n\t\t\t\t<div class=\"elementor-widget-container\">\n\t\t\t\t\t\t\t\t\t\t\t\t\t\t\t<img decoding=\"async\" width=\"72\" height=\"72\" src=\"https:\/\/bjornlunden.com\/wp-content\/uploads\/@.svg\" class=\"attachment-large size-large wp-image-5923\" alt=\"Bjorn Lunden icon\" \/>\t\t\t\t\t\t\t\t\t\t\t\t\t\t\t<\/div>\n\t\t\t\t<\/div>\n\t\t\t\t\t<\/div>\n\t\t\t\t<\/div>\n\t\t<div class=\"elementor-element elementor-element-be408cb e-flex e-con-boxed e-con e-parent\" data-id=\"be408cb\" data-element_type=\"container\" data-e-type=\"container\">\n\t\t\t\t\t<div class=\"e-con-inner\">\n\t\t<div class=\"elementor-element elementor-element-4300fd1 e-con-full breadcrumbs transparent e-flex e-con e-child\" data-id=\"4300fd1\" data-element_type=\"container\" data-e-type=\"container\">\n\t\t\t\t<div class=\"elementor-element elementor-element-590ba54 elementor-widget elementor-widget-heading\" data-id=\"590ba54\" data-element_type=\"widget\" data-e-type=\"widget\" data-widget_type=\"heading.default\">\n\t\t\t\t<div class=\"elementor-widget-container\">\n\t\t\t\t\t<p class=\"elementor-heading-title elementor-size-default\"><a href=\"https:\/\/bjornlunden.com\/se\/bjornkoll\/\">Bj\u00f6rnkoll<\/a><\/p>\t\t\t\t<\/div>\n\t\t\t\t<\/div>\n\t\t\t\t<div class=\"elementor-element elementor-element-d64f5d9 active elementor-widget elementor-widget-heading\" data-id=\"d64f5d9\" data-element_type=\"widget\" data-e-type=\"widget\" data-widget_type=\"heading.default\">\n\t\t\t\t<div class=\"elementor-widget-container\">\n\t\t\t\t\t<p class=\"elementor-heading-title elementor-size-default\">Pressrum<\/p>\t\t\t\t<\/div>\n\t\t\t\t<\/div>\n\t\t\t\t<\/div>\n\t\t\t\t\t<\/div>\n\t\t\t\t<\/div>\n\t\t<div class=\"elementor-element elementor-element-7d7643c e-flex e-con-boxed e-con e-parent\" data-id=\"7d7643c\" data-element_type=\"container\" data-e-type=\"container\">\n\t\t\t\t\t<div class=\"e-con-inner\">\n\t\t\t\t<div class=\"elementor-element elementor-element-8e23a17 elementor-widget elementor-widget-shortcode\" data-id=\"8e23a17\" data-element_type=\"widget\" data-e-type=\"widget\" data-widget_type=\"shortcode.default\">\n\t\t\t\t<div class=\"elementor-widget-container\">\n\t\t\t\t\t\t\t<div class=\"elementor-shortcode\"><div class=\"featured-insight-post\"><a href=\"https:\/\/bjornlunden.com\/se\/om-bjorn-lunden\/pressrum\/polly-hussain-ny-cco-for-bjorn-lunden-group\/\"><img fetchpriority=\"high\" decoding=\"async\" width=\"1200\" height=\"628\" src=\"https:\/\/bjornlunden.com\/wp-content\/uploads\/Polly_Hussain_1200x628.png\" class=\"attachment-full size-full wp-post-image\" alt=\"\" srcset=\"https:\/\/bjornlunden.com\/wp-content\/uploads\/Polly_Hussain_1200x628.png 1200w, https:\/\/bjornlunden.com\/wp-content\/uploads\/Polly_Hussain_1200x628-300x157.png 300w, https:\/\/bjornlunden.com\/wp-content\/uploads\/Polly_Hussain_1200x628-1024x536.png 1024w, https:\/\/bjornlunden.com\/wp-content\/uploads\/Polly_Hussain_1200x628-768x402.png 768w\" sizes=\"(max-width: 1200px) 100vw, 1200px\" \/><div class=\"post-details\"><h2>Polly Hussain ny CCO f\u00f6r Bjorn Lunden Group\u00a0<\/h2><p class=\"excerpt\">Vi \u00e4r glada att v\u00e4lkomna Polly Hussain som ny CCO f\u00f6r Bjorn Lunden Group. Polly kommer att leda v\u00e5rt kommersiella team i Sverige, Nederl\u00e4nderna och Danmark \u2013 och fram\u00f6ver \u00e4ven p\u00e5 nya marknader i takt med v\u00e5r expansion. Med sin bakgrund som framg\u00e5ngsrik s\u00e4ljledare inom Saas och ERP ser vi Polly som klippt och skuren [&hellip;]<\/p><p class=\"chevron-button\">L\u00e4s mer<\/p><\/div><\/a><\/div><\/div>\n\t\t\t\t\t\t<\/div>\n\t\t\t\t<\/div>\n\t\t\t\t\t<\/div>\n\t\t\t\t<\/div>\n\t\t<div class=\"elementor-element elementor-element-ef89b52 e-flex e-con-boxed e-con e-parent\" data-id=\"ef89b52\" data-element_type=\"container\" data-e-type=\"container\">\n\t\t\t\t\t<div class=\"e-con-inner\">\n\t\t\t\t<div class=\"elementor-element elementor-element-acb5136 elementor-widget elementor-widget-spacer\" data-id=\"acb5136\" data-element_type=\"widget\" data-e-type=\"widget\" data-widget_type=\"spacer.default\">\n\t\t\t\t<div class=\"elementor-widget-container\">\n\t\t\t\t\t\t\t<div class=\"elementor-spacer\">\n\t\t\t<div class=\"elementor-spacer-inner\"><\/div>\n\t\t<\/div>\n\t\t\t\t\t\t<\/div>\n\t\t\t\t<\/div>\n\t\t\t\t\t<\/div>\n\t\t\t\t<\/div>\n\t\t<div class=\"elementor-element elementor-element-4295401 e-flex e-con-boxed e-con e-parent\" data-id=\"4295401\" data-element_type=\"container\" data-e-type=\"container\">\n\t\t\t\t\t<div class=\"e-con-inner\">\n\t\t\t\t<div class=\"elementor-element elementor-element-10914d8 elementor-widget elementor-widget-shortcode\" data-id=\"10914d8\" data-element_type=\"widget\" data-e-type=\"widget\" data-widget_type=\"shortcode.default\">\n\t\t\t\t<div class=\"elementor-widget-container\">\n\t\t\t\t\t\t\t<div class=\"elementor-shortcode\"><div class=\"defaultpost-container\"><a href=\"https:\/\/bjornlunden.com\/se\/om-bjorn-lunden\/pressrum\/polly-hussain-ny-cco-for-bjorn-lunden-group\/\"><img decoding=\"async\" src=\"https:\/\/bjornlunden.com\/wp-content\/uploads\/Polly_Hussain_1200x628.png\" alt=\"Polly Hussain ny CCO f\u00f6r Bjorn Lunden Group\u00a0\"><div class=\"post-details\"><h6>Polly Hussain ny CCO f\u00f6r Bjorn Lunden Group\u00a0<\/h6><p class=\"excerpt\">Vi \u00e4r glada att v\u00e4lkomna Polly Hussain som ny CCO f\u00f6r Bjorn Lunden Gr...<\/p><\/div><\/a><a href=\"https:\/\/bjornlunden.com\/se\/om-bjorn-lunden\/pressrum\/bjorn-lunden-lanserar-lundify-i-sverige-och-nederlanderna\/\"><img decoding=\"async\" src=\"https:\/\/bjornlunden.com\/wp-content\/uploads\/Ulf_Bokelund_Svensson_2.jpg\" alt=\"Bjorn Lunden lanserar \u201dLundify\u201d i Sverige och Nederl\u00e4nderna\u00a0\"><div class=\"post-details\"><h6>Bjorn Lunden lanserar \u201dLundify\u201d i Sverige och Nederl\u00e4nderna\u00a0<\/h6><p class=\"excerpt\">Expansiva programleverant\u00f6ren Bjorn Lunden lanserar idag en helt molnba...<\/p><\/div><\/a><a href=\"https:\/\/bjornlunden.com\/se\/om-bjorn-lunden\/pressrum\/salja-byran-ar-du-altruisten-realisten-eller-sjalvbedragaren\/\"><img decoding=\"async\" src=\"https:\/\/bjornlunden.com\/wp-content\/uploads\/Ulf_Bokelund_Svensson_3.jpg\" alt=\"S\u00e4lja byr\u00e5n \u2013 \u00e4r du altruisten, realisten eller sj\u00e4lvbedragaren?\u00a0\"><div class=\"post-details\"><h6>S\u00e4lja byr\u00e5n \u2013 \u00e4r du altruisten, realisten eller sj\u00e4lvbedragaren?\u00a0<\/h6><p class=\"excerpt\">Du s\u00e4ljer din byr\u00e5 bara en g\u00e5ng. En enda g\u00e5ng s\u00e4tter du allt p\u00e5 sp...<\/p><\/div><\/a><a href=\"https:\/\/bjornlunden.com\/se\/om-bjorn-lunden\/pressrum\/bjorn-lunden-forvarvar-aprello-och-starker-sitt-erbjudande-inom-bokslut-och-arsredovisning\/\"><img decoding=\"async\" src=\"https:\/\/bjornlunden.com\/wp-content\/uploads\/Aprello-forvarv.jpg\" alt=\"Bjorn Lunden f\u00f6rv\u00e4rvar Aprello och st\u00e4rker sitt erbjudande inom bokslut och \u00e5rsredovisning\"><div class=\"post-details\"><h6>Bjorn Lunden f\u00f6rv\u00e4rvar Aprello och st\u00e4rker sitt erbjudande inom bokslut och \u00e5rsredovisning<\/h6><p class=\"excerpt\">Bjorn Lunden f\u00f6rv\u00e4rvar Aprello f\u00f6r att st\u00e4rka sitt erbjudande.<\/p><\/div><\/a><a href=\"https:\/\/bjornlunden.com\/se\/om-bjorn-lunden\/pressrum\/bjorn-lunden-inleder-samarbete-med-innovativa-payap\/\"><img decoding=\"async\" src=\"https:\/\/bjornlunden.com\/wp-content\/uploads\/Payap-BL-2.jpg\" alt=\"Bjorn Lunden inleder samarbete med innovativa Payap\"><div class=\"post-details\"><h6>Bjorn Lunden inleder samarbete med innovativa Payap<\/h6><p class=\"excerpt\">SaaS-f\u00f6retaget Bjorn Lunden krokar arm med den innovativa l\u00f6nesystemsl...<\/p><\/div><\/a><a href=\"https:\/\/bjornlunden.com\/se\/om-bjorn-lunden\/pressrum\/bjorn-lunden-satsar-internationellt-och-kastar-prickarna\/\"><img decoding=\"async\" src=\"https:\/\/bjornlunden.com\/wp-content\/uploads\/Bjorn-Lunden-reveal-from-wall.png\" alt=\"Bj\u00f6rn Lund\u00e9n satsar internationellt och kastar prickarna\"><div class=\"post-details\"><h6>Bj\u00f6rn Lund\u00e9n satsar internationellt och kastar prickarna<\/h6><p class=\"excerpt\">SaaS-bolaget Bj\u00f6rn Lund\u00e9n satsar nu internationellt under det nya varu...<\/p><\/div><\/a><a href=\"https:\/\/bjornlunden.com\/se\/om-bjorn-lunden\/pressrum\/nej-redovisningskonsult-funkar-inte\/\"><img decoding=\"async\" src=\"https:\/\/bjornlunden.com\/wp-content\/uploads\/18_Ulf_Svensson-scaled-e1728379195670.jpg\" alt=\"Nej, redovisningskonsult funkar inte\"><div class=\"post-details\"><h6>Nej, redovisningskonsult funkar inte<\/h6><p class=\"excerpt\">Det \u00e4r h\u00f6g tid att vi ger denna f\u00f6r f\u00f6retagandet och samh\u00e4llet s\u00e5 ...<\/p><\/div><\/a><a href=\"https:\/\/bjornlunden.com\/se\/om-bjorn-lunden\/pressrum\/bjorn-lunden-inleder-strategiskt-partnerskap-med-qred-sveriges-nyaste-bank\/\"><img decoding=\"async\" src=\"https:\/\/bjornlunden.com\/wp-content\/uploads\/Qred-BL.png\" alt=\"Bj\u00f6rn\u00a0Lund\u00e9n inleder strategiskt partnerskap med Qred\"><div class=\"post-details\"><h6>Bj\u00f6rn\u00a0Lund\u00e9n inleder strategiskt partnerskap med Qred<\/h6><p class=\"excerpt\">Kunskaps- och programvaruf\u00f6retaget Bj\u00f6rn Lund\u00e9n krokar arm med det sn...<\/p><\/div><\/a><a href=\"https:\/\/bjornlunden.com\/se\/om-bjorn-lunden\/pressrum\/bjorn-lunden-fortsatter-expandera-genom-forvarv-av-due-compliance\/\"><img decoding=\"async\" src=\"https:\/\/bjornlunden.com\/wp-content\/uploads\/Due-to-Bjorn-Lunden.png\" alt=\"Bj\u00f6rn Lund\u00e9n forts\u00e4tter expandera genom f\u00f6rv\u00e4rv av Due Compliance\"><div class=\"post-details\"><h6>Bj\u00f6rn Lund\u00e9n forts\u00e4tter expandera genom f\u00f6rv\u00e4rv av Due Compliance<\/h6><p class=\"excerpt\">Kunskaps- och programvaruf\u00f6retaget Bj\u00f6rn Lund\u00e9n forts\u00e4tter att f\u00f6rv...<\/p><\/div><\/a><a href=\"https:\/\/bjornlunden.com\/se\/om-bjorn-lunden\/pressrum\/bjorn-lunden-och-open-payments-lanserar-effektivare-betalningshantering\/\"><img decoding=\"async\" src=\"https:\/\/bjornlunden.com\/wp-content\/uploads\/Open-Payments-BL.png\" alt=\"Bj\u00f6rn Lund\u00e9n och Open Payments lanserar effektivare betalningshantering\"><div class=\"post-details\"><h6>Bj\u00f6rn Lund\u00e9n och Open Payments lanserar effektivare betalningshantering<\/h6><p class=\"excerpt\">Bj\u00f6rn Lund\u00e9n och Open Payments lanserar nu tj\u00e4nster som f\u00f6renklar oc...<\/p><\/div><\/a><a href=\"https:\/\/bjornlunden.com\/se\/om-bjorn-lunden\/pressrum\/bjorn-lunden-och-wellfish-lanserar-automatiserad-hallbarhetsredovisning\/\"><img decoding=\"async\" src=\"https:\/\/bjornlunden.com\/wp-content\/uploads\/Wellfish.png\" alt=\"Bj\u00f6rn Lund\u00e9n och Wellfish lanserar automatiserad h\u00e5llbarhetsredovisning\"><div class=\"post-details\"><h6>Bj\u00f6rn Lund\u00e9n och Wellfish lanserar automatiserad h\u00e5llbarhetsredovisning<\/h6><p class=\"excerpt\">Kunskaps- och programvaruf\u00f6retaget Bj\u00f6rn Lund\u00e9n inleder samarbete med...<\/p><\/div><\/a><a href=\"https:\/\/bjornlunden.com\/se\/om-bjorn-lunden\/pressrum\/ny-studie-visar-oklarheter-i-lagen-om-penningtvatt-riskerar-hamma-foretagen\/\"><img decoding=\"async\" src=\"https:\/\/bjornlunden.com\/wp-content\/uploads\/AML_pressroom.png\" alt=\"Ny studie visar: Oklarheter i lagen om penningtv\u00e4tt riskerar h\u00e4mma f\u00f6retagen\"><div class=\"post-details\"><h6>Ny studie visar: Oklarheter i lagen om penningtv\u00e4tt riskerar h\u00e4mma f\u00f6retagen<\/h6><p class=\"excerpt\">Svenska redovisningsbyr\u00e5er f\u00e5r d\u00e5lig v\u00e4gledning om hur de ska f\u00f6lja...<\/p><\/div><\/a><\/div><div class=\"pagination_container\"><span aria-current=\"page\" class=\"page-numbers current\">1<\/span>\n<a class=\"page-numbers\" href=\"https:\/\/bjornlunden.com\/se\/wp-json\/wp\/v2\/pages\/5946\/?paged=2\">2<\/a><\/div><\/div>\n\t\t\t\t\t\t<\/div>\n\t\t\t\t<\/div>\n\t\t\t\t\t<\/div>\n\t\t\t\t<\/div>\n\t\t<div class=\"elementor-element elementor-element-48cb3a4 e-flex e-con-boxed e-con e-parent\" data-id=\"48cb3a4\" data-element_type=\"container\" data-e-type=\"container\">\n\t\t\t\t\t<div class=\"e-con-inner\">\n\t\t\t\t<div class=\"elementor-element elementor-element-3c5dd54 elementor-widget elementor-widget-spacer\" data-id=\"3c5dd54\" data-element_type=\"widget\" data-e-type=\"widget\" data-widget_type=\"spacer.default\">\n\t\t\t\t<div class=\"elementor-widget-container\">\n\t\t\t\t\t\t\t<div class=\"elementor-spacer\">\n\t\t\t<div class=\"elementor-spacer-inner\"><\/div>\n\t\t<\/div>\n\t\t\t\t\t\t<\/div>\n\t\t\t\t<\/div>\n\t\t\t\t\t<\/div>\n\t\t\t\t<\/div>\n\t\t<div class=\"elementor-element elementor-element-89536b9 e-flex e-con-boxed e-con e-parent\" data-id=\"89536b9\" data-element_type=\"container\" data-e-type=\"container\">\n\t\t\t\t\t<div class=\"e-con-inner\">\n\t\t\t\t<div class=\"elementor-element elementor-element-0f0e3bf elementor-widget elementor-widget-template\" data-id=\"0f0e3bf\" data-element_type=\"widget\" data-e-type=\"widget\" data-widget_type=\"template.default\">\n\t\t\t\t<div class=\"elementor-widget-container\">\n\t\t\t\t\t\t\t<div class=\"elementor-template\">\n\t\t\t\t\t<div data-elementor-type=\"container\" data-elementor-id=\"8743\" class=\"elementor elementor-8743\" data-elementor-post-type=\"elementor_library\">\n\t\t\t\t<div class=\"elementor-element elementor-element-1416f29 e-flex e-con-boxed e-con e-parent\" data-id=\"1416f29\" data-element_type=\"container\" data-e-type=\"container\">\n\t\t\t\t\t<div class=\"e-con-inner\">\n\t\t<div class=\"elementor-element elementor-element-1212c43 e-con-full e-flex e-con e-child\" data-id=\"1212c43\" data-element_type=\"container\" data-e-type=\"container\" data-settings=\"{&quot;background_background&quot;:&quot;classic&quot;}\">\n\t\t<div class=\"elementor-element elementor-element-251fe24 e-con-full e-flex e-con e-child\" data-id=\"251fe24\" data-element_type=\"container\" data-e-type=\"container\">\n\t\t\t\t<div class=\"elementor-element elementor-element-203bd82 elementor-widget elementor-widget-heading\" data-id=\"203bd82\" data-element_type=\"widget\" data-e-type=\"widget\" data-widget_type=\"heading.default\">\n\t\t\t\t<div class=\"elementor-widget-container\">\n\t\t\t\t\t<h2 class=\"elementor-heading-title elementor-size-default\">Ladda ner bilder och loggor<\/h2>\t\t\t\t<\/div>\n\t\t\t\t<\/div>\n\t\t\t\t<div class=\"elementor-element elementor-element-ac94cd5 elementor-widget elementor-widget-text-editor\" data-id=\"ac94cd5\" data-element_type=\"widget\" data-e-type=\"widget\" data-widget_type=\"text-editor.default\">\n\t\t\t\t<div class=\"elementor-widget-container\">\n\t\t\t\t\t\t\t\t\t<p>Vars\u00e5god \u2013 h\u00e4r kan du ladda ner pressbilder och loggor f\u00f6r anv\u00e4ndning p\u00e5 webb eller i tryck.<\/p>\t\t\t\t\t\t\t\t<\/div>\n\t\t\t\t<\/div>\n\t\t\t\t<div class=\"elementor-element elementor-element-d3d25ab btn black elementor-widget elementor-widget-button\" data-id=\"d3d25ab\" data-element_type=\"widget\" data-e-type=\"widget\" data-widget_type=\"button.default\">\n\t\t\t\t<div class=\"elementor-widget-container\">\n\t\t\t\t\t\t\t\t\t<div class=\"elementor-button-wrapper\">\n\t\t\t\t\t<a class=\"elementor-button elementor-button-link elementor-size-sm\" href=\"https:\/\/bjornlunden.com\/wp-content\/uploads\/Press-kit-Bjorn-Lunden.zip\">\n\t\t\t\t\t\t<span class=\"elementor-button-content-wrapper\">\n\t\t\t\t\t\t<span class=\"elementor-button-icon\">\n\t\t\t\t<svg xmlns=\"http:\/\/www.w3.org\/2000\/svg\" width=\"24\" height=\"24\" viewBox=\"0 0 24 24\" fill=\"none\"><path d=\"M3.24254 18.9701L2.27239 19.2127L2.27239 19.2127L3.24254 18.9701ZM20.7575 18.9701L19.7873 18.7276V18.7276L20.7575 18.9701ZM19.6693 21.5764L19.0539 20.7882V20.7882L19.6693 21.5764ZM4.33073 21.5764L4.94614 20.7882H4.94614L4.33073 21.5764ZM9.17157 13.1716L8.46447 13.8787H8.46447L9.17157 13.1716ZM14.8284 13.1716L14.1213 12.4645L14.8284 13.1716ZM2.02986 18.2425L2.27239 19.2127L4.21268 18.7276L3.97014 17.7575L2.02986 18.2425ZM7.12311 23H16.8769V21H7.12311V23ZM21.7276 19.2127L21.9701 18.2425L20.0299 17.7575L19.7873 18.7276L21.7276 19.2127ZM16.8769 23C17.6025 23 18.235 23.0017 18.7508 22.94C19.2934 22.8751 19.8165 22.7302 20.2847 22.3646L19.0539 20.7882C18.9796 20.8462 18.8564 20.9131 18.5134 20.9541C18.1436 20.9983 17.6512 21 16.8769 21V23ZM19.7873 18.7276C19.5995 19.4788 19.4785 19.9561 19.3459 20.3041C19.2229 20.6269 19.1281 20.7302 19.0539 20.7882L20.2847 22.3646C20.7529 21.999 21.0203 21.5267 21.2149 21.0161C21.3998 20.5306 21.5516 19.9166 21.7276 19.2127L19.7873 18.7276ZM2.27239 19.2127C2.44838 19.9166 2.60017 20.5306 2.78512 21.0161C2.97965 21.5267 3.24708 21.999 3.71532 22.3646L4.94614 20.7882C4.87185 20.7302 4.77708 20.6269 4.65409 20.3041C4.52152 19.9561 4.40047 19.4788 4.21268 18.7276L2.27239 19.2127ZM7.12311 21C6.34881 21 5.85637 20.9983 5.48663 20.9541C5.14361 20.9131 5.02043 20.8462 4.94614 20.7882L3.71532 22.3646C4.18355 22.7302 4.70661 22.8751 5.24917 22.94C5.76501 23.0017 6.3975 23 7.12311 23V21ZM9.87868 12.4645L6.70711 9.29289L5.29289 10.7071L8.46447 13.8787L9.87868 12.4645ZM15.5355 13.8787L18.7071 10.7071L17.2929 9.29289L14.1213 12.4645L15.5355 13.8787ZM8.46447 13.8787C9.11114 14.5254 9.66578 15.083 10.1685 15.4666C10.6944 15.8678 11.2792 16.1716 12 16.1716V14.1716C11.8923 14.1716 11.7296 14.142 11.3817 13.8766C11.0107 13.5935 10.5653 13.1511 9.87868 12.4645L8.46447 13.8787ZM14.1213 12.4645C13.4347 13.1511 12.9893 13.5935 12.6183 13.8766C12.2704 14.142 12.1077 14.1716 12 14.1716V16.1716C12.7208 16.1716 13.3056 15.8678 13.8315 15.4666C14.3342 15.083 14.8889 14.5254 15.5355 13.8787L14.1213 12.4645ZM11 1V15H13V1H11Z\" fill=\"white\"><\/path><\/svg>\t\t\t<\/span>\n\t\t\t\t\t\t\t\t\t<span class=\"elementor-button-text\">Ladda ner pressmaterial<\/span>\n\t\t\t\t\t<\/span>\n\t\t\t\t\t<\/a>\n\t\t\t\t<\/div>\n\t\t\t\t\t\t\t\t<\/div>\n\t\t\t\t<\/div>\n\t\t\t\t<\/div>\n\t\t\t\t<\/div>\n\t\t\t\t\t<\/div>\n\t\t\t\t<\/div>\n\t\t\t\t<\/div>\n\t\t\t\t<\/div>\n\t\t\t\t\t\t<\/div>\n\t\t\t\t<\/div>\n\t\t\t\t\t<\/div>\n\t\t\t\t<\/div>\n\t\t<div class=\"elementor-element elementor-element-865718d e-flex e-con-boxed e-con e-parent\" data-id=\"865718d\" data-element_type=\"container\" data-e-type=\"container\">\n\t\t\t\t\t<div class=\"e-con-inner\">\n\t\t\t\t<div class=\"elementor-element elementor-element-4647e24 elementor-widget elementor-widget-spacer\" data-id=\"4647e24\" data-element_type=\"widget\" data-e-type=\"widget\" data-widget_type=\"spacer.default\">\n\t\t\t\t<div class=\"elementor-widget-container\">\n\t\t\t\t\t\t\t<div class=\"elementor-spacer\">\n\t\t\t<div class=\"elementor-spacer-inner\"><\/div>\n\t\t<\/div>\n\t\t\t\t\t\t<\/div>\n\t\t\t\t<\/div>\n\t\t\t\t\t<\/div>\n\t\t\t\t<\/div>\n\t\t\t\t<\/div>\n\t\t","protected":false},"excerpt":{"rendered":"<p>Bj\u00f6rnkoll<\/p>\n","protected":false},"author":2,"featured_media":19931,"parent":12488,"menu_order":0,"comment_status":"closed","ping_status":"closed","template":"","meta":{"_acf_changed":false,"footnotes":""},"class_list":["post-5946","page","type-page","status-publish","has-post-thumbnail","hentry"],"acf":[],"_links":{"self":[{"href":"https:\/\/bjornlunden.com\/se\/wp-json\/wp\/v2\/pages\/5946","targetHints":{"allow":["GET"]}}],"collection":[{"href":"https:\/\/bjornlunden.com\/se\/wp-json\/wp\/v2\/pages"}],"about":[{"href":"https:\/\/bjornlunden.com\/se\/wp-json\/wp\/v2\/types\/page"}],"author":[{"embeddable":true,"href":"https:\/\/bjornlunden.com\/se\/wp-json\/wp\/v2\/users\/2"}],"replies":[{"embeddable":true,"href":"https:\/\/bjornlunden.com\/se\/wp-json\/wp\/v2\/comments?post=5946"}],"version-history":[{"count":39,"href":"https:\/\/bjornlunden.com\/se\/wp-json\/wp\/v2\/pages\/5946\/revisions"}],"predecessor-version":[{"id":54320,"href":"https:\/\/bjornlunden.com\/se\/wp-json\/wp\/v2\/pages\/5946\/revisions\/54320"}],"up":[{"embeddable":true,"href":"https:\/\/bjornlunden.com\/se\/wp-json\/wp\/v2\/pages\/12488"}],"wp:featuredmedia":[{"embeddable":true,"href":"https:\/\/bjornlunden.com\/se\/wp-json\/wp\/v2\/media\/19931"}],"wp:attachment":[{"href":"https:\/\/bjornlunden.com\/se\/wp-json\/wp\/v2\/media?parent=5946"}],"curies":[{"name":"wp","href":"https:\/\/api.w.org\/{rel}","templated":true}]}}