 {"id":5742,"date":"2024-09-17T09:00:29","date_gmt":"2024-09-17T07:00:29","guid":{"rendered":"https:\/\/bjornlunden.com\/login\/"},"modified":"2025-12-19T14:45:22","modified_gmt":"2025-12-19T13:45:22","slug":"login","status":"publish","type":"page","link":"https:\/\/bjornlunden.com\/se\/login\/","title":{"rendered":"Logga in"},"content":{"rendered":"\t\t<div data-elementor-type=\"wp-page\" data-elementor-id=\"5742\" class=\"elementor elementor-5742 elementor-5633\" data-elementor-post-type=\"page\">\n\t\t\t\t<div class=\"elementor-element elementor-element-dba6a29 e-flex e-con-boxed e-con e-parent\" data-id=\"dba6a29\" data-element_type=\"container\" data-e-type=\"container\">\n\t\t\t\t\t<div class=\"e-con-inner\">\n\t\t\t\t<div class=\"elementor-element elementor-element-671505e elementor-invisible elementor-widget elementor-widget-image\" data-id=\"671505e\" data-element_type=\"widget\" data-e-type=\"widget\" data-settings=\"{&quot;_animation&quot;:&quot;zoomIn&quot;}\" data-widget_type=\"image.default\">\n\t\t\t\t<div class=\"elementor-widget-container\">\n\t\t\t\t\t\t\t\t\t\t\t\t\t\t\t<img decoding=\"async\" width=\"72\" height=\"72\" src=\"https:\/\/bjornlunden.com\/wp-content\/uploads\/blg-logo-white-nose.svg\" class=\"attachment-large size-large wp-image-3350\" alt=\"\" \/>\t\t\t\t\t\t\t\t\t\t\t\t\t\t\t<\/div>\n\t\t\t\t<\/div>\n\t\t\t\t<div class=\"elementor-element elementor-element-2c6a947 elementor-widget elementor-widget-heading\" data-id=\"2c6a947\" data-element_type=\"widget\" data-e-type=\"widget\" data-widget_type=\"heading.default\">\n\t\t\t\t<div class=\"elementor-widget-container\">\n\t\t\t\t\t<h1 class=\"elementor-heading-title elementor-size-default\">Logga in<\/h1>\t\t\t\t<\/div>\n\t\t\t\t<\/div>\n\t\t\t\t<div class=\"elementor-element elementor-element-0d4022e elementor-widget elementor-widget-text-editor\" data-id=\"0d4022e\" data-element_type=\"widget\" data-e-type=\"widget\" data-widget_type=\"text-editor.default\">\n\t\t\t\t<div class=\"elementor-widget-container\">\n\t\t\t\t\t\t\t\t\t<p>V\u00e4lkommen att logga in till v\u00e5ra tj\u00e4nster. Saknar du inloggning till n\u00e5gon tj\u00e4nst som du beh\u00f6ver? <a href=\"mailto:salj.se@bjornlunden.com\">Kontakta oss<\/a> s\u00e5 hj\u00e4lper vi dig!<\/p>\t\t\t\t\t\t\t\t<\/div>\n\t\t\t\t<\/div>\n\t\t<div class=\"elementor-element elementor-element-d88d045 e-con-full e-flex e-con e-child\" data-id=\"d88d045\" data-element_type=\"container\" data-e-type=\"container\">\n\t\t<a class=\"elementor-element elementor-element-4a12e6f e-flex e-con-boxed e-con e-child\" data-id=\"4a12e6f\" data-element_type=\"container\" data-e-type=\"container\" data-settings=\"{&quot;background_background&quot;:&quot;classic&quot;}\" href=\"https:\/\/lundify.com\" target=\"_blank\" rel=\"nofollow\">\n\t\t\t\t\t<div class=\"e-con-inner\">\n\t\t\t\t<div class=\"elementor-element elementor-element-e2a4a24 elementor-widget elementor-widget-image\" data-id=\"e2a4a24\" data-element_type=\"widget\" data-e-type=\"widget\" data-widget_type=\"image.default\">\n\t\t\t\t<div class=\"elementor-widget-container\">\n\t\t\t\t\t\t\t\t\t\t\t\t\t\t\t<img decoding=\"async\" width=\"72\" height=\"72\" src=\"https:\/\/bjornlunden.com\/wp-content\/uploads\/Primary-Arrow-Right.svg\" class=\"elementor-animation-grow attachment-large size-large wp-image-6467\" alt=\"Primary Arrow Right\" \/>\t\t\t\t\t\t\t\t\t\t\t\t\t\t\t<\/div>\n\t\t\t\t<\/div>\n\t\t\t\t<div class=\"elementor-element elementor-element-bb3a863 elementor-widget elementor-widget-heading\" data-id=\"bb3a863\" data-element_type=\"widget\" data-e-type=\"widget\" data-widget_type=\"heading.default\">\n\t\t\t\t<div class=\"elementor-widget-container\">\n\t\t\t\t\t<h5 class=\"elementor-heading-title elementor-size-default\">Lundify<\/h5>\t\t\t\t<\/div>\n\t\t\t\t<\/div>\n\t\t\t\t\t<\/div>\n\t\t\t\t<\/a>\n\t\t<a class=\"elementor-element elementor-element-b651a0b e-con-full e-flex e-con e-child\" data-id=\"b651a0b\" data-element_type=\"container\" data-e-type=\"container\" data-settings=\"{&quot;background_background&quot;:&quot;classic&quot;}\" href=\"https:\/\/workflow.lundify.com\" target=\"_blank\">\n\t\t\t\t<div class=\"elementor-element elementor-element-4486736 elementor-widget elementor-widget-image\" data-id=\"4486736\" data-element_type=\"widget\" data-e-type=\"widget\" data-widget_type=\"image.default\">\n\t\t\t\t<div class=\"elementor-widget-container\">\n\t\t\t\t\t\t\t\t\t\t\t\t\t\t\t<img decoding=\"async\" width=\"72\" height=\"72\" src=\"https:\/\/bjornlunden.com\/wp-content\/uploads\/Primary-Arrow-Right.svg\" class=\"elementor-animation-grow attachment-large size-large wp-image-6467\" alt=\"Primary Arrow Right\" \/>\t\t\t\t\t\t\t\t\t\t\t\t\t\t\t<\/div>\n\t\t\t\t<\/div>\n\t\t\t\t<div class=\"elementor-element elementor-element-d4c4544 elementor-widget elementor-widget-heading\" data-id=\"d4c4544\" data-element_type=\"widget\" data-e-type=\"widget\" data-widget_type=\"heading.default\">\n\t\t\t\t<div class=\"elementor-widget-container\">\n\t\t\t\t\t<h5 class=\"elementor-heading-title elementor-size-default\">Lundify Workflow<\/h5>\t\t\t\t<\/div>\n\t\t\t\t<\/div>\n\t\t\t\t<\/a>\n\t\t<a class=\"elementor-element elementor-element-7dff37e e-con-full e-flex e-con e-child\" data-id=\"7dff37e\" data-element_type=\"container\" data-e-type=\"container\" data-settings=\"{&quot;background_background&quot;:&quot;classic&quot;}\" href=\"https:\/\/yearend.lundify.com\" target=\"_blank\">\n\t\t\t\t<div class=\"elementor-element elementor-element-d13b5e9 elementor-widget elementor-widget-image\" data-id=\"d13b5e9\" data-element_type=\"widget\" data-e-type=\"widget\" data-widget_type=\"image.default\">\n\t\t\t\t<div class=\"elementor-widget-container\">\n\t\t\t\t\t\t\t\t\t\t\t\t\t\t\t<img decoding=\"async\" width=\"72\" height=\"72\" src=\"https:\/\/bjornlunden.com\/wp-content\/uploads\/Primary-Arrow-Right.svg\" class=\"elementor-animation-grow attachment-large size-large wp-image-6467\" alt=\"Primary Arrow Right\" \/>\t\t\t\t\t\t\t\t\t\t\t\t\t\t\t<\/div>\n\t\t\t\t<\/div>\n\t\t\t\t<div class=\"elementor-element elementor-element-2e94170 elementor-widget elementor-widget-heading\" data-id=\"2e94170\" data-element_type=\"widget\" data-e-type=\"widget\" data-widget_type=\"heading.default\">\n\t\t\t\t<div class=\"elementor-widget-container\">\n\t\t\t\t\t<h5 class=\"elementor-heading-title elementor-size-default\">Lundify Year-End Reporting Byr\u00e5<\/h5>\t\t\t\t<\/div>\n\t\t\t\t<\/div>\n\t\t\t\t<\/a>\n\t\t<a class=\"elementor-element elementor-element-4e0803b e-con-full e-flex e-con e-child\" data-id=\"4e0803b\" data-element_type=\"container\" data-e-type=\"container\" data-settings=\"{&quot;background_background&quot;:&quot;classic&quot;}\" href=\"https:\/\/yearend-company.lundify.com\" target=\"_blank\">\n\t\t\t\t<div class=\"elementor-element elementor-element-7714039 elementor-widget elementor-widget-image\" data-id=\"7714039\" data-element_type=\"widget\" data-e-type=\"widget\" data-widget_type=\"image.default\">\n\t\t\t\t<div class=\"elementor-widget-container\">\n\t\t\t\t\t\t\t\t\t\t\t\t\t\t\t<img decoding=\"async\" width=\"72\" height=\"72\" src=\"https:\/\/bjornlunden.com\/wp-content\/uploads\/Primary-Arrow-Right.svg\" class=\"elementor-animation-grow attachment-large size-large wp-image-6467\" alt=\"Primary Arrow Right\" \/>\t\t\t\t\t\t\t\t\t\t\t\t\t\t\t<\/div>\n\t\t\t\t<\/div>\n\t\t\t\t<div class=\"elementor-element elementor-element-1f830e4 elementor-widget elementor-widget-heading\" data-id=\"1f830e4\" data-element_type=\"widget\" data-e-type=\"widget\" data-widget_type=\"heading.default\">\n\t\t\t\t<div class=\"elementor-widget-container\">\n\t\t\t\t\t<h5 class=\"elementor-heading-title elementor-size-default\">Lundify Year-End Reporting F\u00f6retag<\/h5>\t\t\t\t<\/div>\n\t\t\t\t<\/div>\n\t\t\t\t<\/a>\n\t\t<a class=\"elementor-element elementor-element-914a8d6 e-con-full e-flex e-con e-child\" data-id=\"914a8d6\" data-element_type=\"container\" data-e-type=\"container\" data-settings=\"{&quot;background_background&quot;:&quot;classic&quot;}\" href=\"https:\/\/compliance.lundify.com\/users\/sign_in\" target=\"_blank\">\n\t\t\t\t<div class=\"elementor-element elementor-element-926a766 elementor-widget elementor-widget-image\" data-id=\"926a766\" data-element_type=\"widget\" data-e-type=\"widget\" data-widget_type=\"image.default\">\n\t\t\t\t<div class=\"elementor-widget-container\">\n\t\t\t\t\t\t\t\t\t\t\t\t\t\t\t<img decoding=\"async\" width=\"72\" height=\"72\" src=\"https:\/\/bjornlunden.com\/wp-content\/uploads\/Primary-Arrow-Right.svg\" class=\"elementor-animation-grow attachment-large size-large wp-image-6467\" alt=\"Primary Arrow Right\" \/>\t\t\t\t\t\t\t\t\t\t\t\t\t\t\t<\/div>\n\t\t\t\t<\/div>\n\t\t\t\t<div class=\"elementor-element elementor-element-7ac1e09 elementor-widget elementor-widget-heading\" data-id=\"7ac1e09\" data-element_type=\"widget\" data-e-type=\"widget\" data-widget_type=\"heading.default\">\n\t\t\t\t<div class=\"elementor-widget-container\">\n\t\t\t\t\t<h5 class=\"elementor-heading-title elementor-size-default\">Lundify Compliance<\/h5>\t\t\t\t<\/div>\n\t\t\t\t<\/div>\n\t\t\t\t<\/a>\n\t\t<a class=\"elementor-element elementor-element-19753a6 e-con-full e-flex e-con e-child\" data-id=\"19753a6\" data-element_type=\"container\" data-e-type=\"container\" data-settings=\"{&quot;background_background&quot;:&quot;classic&quot;}\" href=\"https:\/\/payroll.lundify.com\" target=\"_blank\">\n\t\t\t\t<div class=\"elementor-element elementor-element-0fec919 elementor-widget elementor-widget-image\" data-id=\"0fec919\" data-element_type=\"widget\" data-e-type=\"widget\" data-widget_type=\"image.default\">\n\t\t\t\t<div class=\"elementor-widget-container\">\n\t\t\t\t\t\t\t\t\t\t\t\t\t\t\t<img decoding=\"async\" width=\"72\" height=\"72\" src=\"https:\/\/bjornlunden.com\/wp-content\/uploads\/Primary-Arrow-Right.svg\" class=\"elementor-animation-grow attachment-large size-large wp-image-6467\" alt=\"Primary Arrow Right\" \/>\t\t\t\t\t\t\t\t\t\t\t\t\t\t\t<\/div>\n\t\t\t\t<\/div>\n\t\t\t\t<div class=\"elementor-element elementor-element-9001ef0 elementor-widget elementor-widget-heading\" data-id=\"9001ef0\" data-element_type=\"widget\" data-e-type=\"widget\" data-widget_type=\"heading.default\">\n\t\t\t\t<div class=\"elementor-widget-container\">\n\t\t\t\t\t<h5 class=\"elementor-heading-title elementor-size-default\">Lundify Payroll <\/h5>\t\t\t\t<\/div>\n\t\t\t\t<\/div>\n\t\t\t\t<\/a>\n\t\t<a class=\"elementor-element elementor-element-26dcc7f e-con-full e-flex e-con e-child\" data-id=\"26dcc7f\" data-element_type=\"container\" data-e-type=\"container\" data-settings=\"{&quot;background_background&quot;:&quot;classic&quot;}\" href=\"https:\/\/knowledge.lundify.com\" target=\"_blank\">\n\t\t\t\t<div class=\"elementor-element elementor-element-80dd1b9 elementor-widget elementor-widget-image\" data-id=\"80dd1b9\" data-element_type=\"widget\" data-e-type=\"widget\" data-widget_type=\"image.default\">\n\t\t\t\t<div class=\"elementor-widget-container\">\n\t\t\t\t\t\t\t\t\t\t\t\t\t\t\t<img decoding=\"async\" width=\"72\" height=\"72\" src=\"https:\/\/bjornlunden.com\/wp-content\/uploads\/Primary-Arrow-Right.svg\" class=\"elementor-animation-grow attachment-large size-large wp-image-6467\" alt=\"Primary Arrow Right\" \/>\t\t\t\t\t\t\t\t\t\t\t\t\t\t\t<\/div>\n\t\t\t\t<\/div>\n\t\t\t\t<div class=\"elementor-element elementor-element-09e1815 elementor-widget elementor-widget-heading\" data-id=\"09e1815\" data-element_type=\"widget\" data-e-type=\"widget\" data-widget_type=\"heading.default\">\n\t\t\t\t<div class=\"elementor-widget-container\">\n\t\t\t\t\t<h5 class=\"elementor-heading-title elementor-size-default\">Lundify Knowledge<\/h5>\t\t\t\t<\/div>\n\t\t\t\t<\/div>\n\t\t\t\t<\/a>\n\t\t<a class=\"elementor-element elementor-element-cf578bf e-con-full e-flex e-con e-child\" data-id=\"cf578bf\" data-element_type=\"container\" data-e-type=\"container\" data-settings=\"{&quot;background_background&quot;:&quot;classic&quot;}\" href=\"https:\/\/frageservice.blinfo.se\/\" target=\"_blank\">\n\t\t\t\t<div class=\"elementor-element elementor-element-e0ca342 elementor-widget elementor-widget-image\" data-id=\"e0ca342\" data-element_type=\"widget\" data-e-type=\"widget\" data-widget_type=\"image.default\">\n\t\t\t\t<div class=\"elementor-widget-container\">\n\t\t\t\t\t\t\t\t\t\t\t\t\t\t\t<img decoding=\"async\" width=\"72\" height=\"72\" src=\"https:\/\/bjornlunden.com\/wp-content\/uploads\/Primary-Arrow-Right.svg\" class=\"elementor-animation-grow attachment-large size-large wp-image-6467\" alt=\"Primary Arrow Right\" \/>\t\t\t\t\t\t\t\t\t\t\t\t\t\t\t<\/div>\n\t\t\t\t<\/div>\n\t\t\t\t<div class=\"elementor-element elementor-element-e511319 elementor-widget elementor-widget-heading\" data-id=\"e511319\" data-element_type=\"widget\" data-e-type=\"widget\" data-widget_type=\"heading.default\">\n\t\t\t\t<div class=\"elementor-widget-container\">\n\t\t\t\t\t<h5 class=\"elementor-heading-title elementor-size-default\">BL Fr\u00e5geservice<\/h5>\t\t\t\t<\/div>\n\t\t\t\t<\/div>\n\t\t\t\t<\/a>\n\t\t<a class=\"elementor-element elementor-element-43979bd e-con-full e-flex e-con e-child\" data-id=\"43979bd\" data-element_type=\"container\" data-e-type=\"container\" data-settings=\"{&quot;background_background&quot;:&quot;classic&quot;}\" href=\"https:\/\/app.timekeeper.se\/\" target=\"_blank\">\n\t\t\t\t<div class=\"elementor-element elementor-element-9216082 elementor-widget elementor-widget-image\" data-id=\"9216082\" data-element_type=\"widget\" data-e-type=\"widget\" data-widget_type=\"image.default\">\n\t\t\t\t<div class=\"elementor-widget-container\">\n\t\t\t\t\t\t\t\t\t\t\t\t\t\t\t<img decoding=\"async\" width=\"72\" height=\"72\" src=\"https:\/\/bjornlunden.com\/wp-content\/uploads\/Primary-Arrow-Right.svg\" class=\"elementor-animation-grow attachment-large size-large wp-image-6467\" alt=\"Primary Arrow Right\" \/>\t\t\t\t\t\t\t\t\t\t\t\t\t\t\t<\/div>\n\t\t\t\t<\/div>\n\t\t\t\t<div class=\"elementor-element elementor-element-c987843 elementor-widget elementor-widget-heading\" data-id=\"c987843\" data-element_type=\"widget\" data-e-type=\"widget\" data-widget_type=\"heading.default\">\n\t\t\t\t<div class=\"elementor-widget-container\">\n\t\t\t\t\t<h5 class=\"elementor-heading-title elementor-size-default\">Timekeeper<\/h5>\t\t\t\t<\/div>\n\t\t\t\t<\/div>\n\t\t\t\t<\/a>\n\t\t<a class=\"elementor-element elementor-element-979a8c9 e-con-full e-flex e-con e-child\" data-id=\"979a8c9\" data-element_type=\"container\" data-e-type=\"container\" data-settings=\"{&quot;background_background&quot;:&quot;classic&quot;}\" href=\"https:\/\/apps.qbis.se\/Login\/Login?language=swe\" target=\"_blank\">\n\t\t\t\t<div class=\"elementor-element elementor-element-005d115 elementor-widget elementor-widget-image\" data-id=\"005d115\" data-element_type=\"widget\" data-e-type=\"widget\" data-widget_type=\"image.default\">\n\t\t\t\t<div class=\"elementor-widget-container\">\n\t\t\t\t\t\t\t\t\t\t\t\t\t\t\t<img decoding=\"async\" width=\"72\" height=\"72\" src=\"https:\/\/bjornlunden.com\/wp-content\/uploads\/Primary-Arrow-Right.svg\" class=\"elementor-animation-grow attachment-large size-large wp-image-6467\" alt=\"Primary Arrow Right\" \/>\t\t\t\t\t\t\t\t\t\t\t\t\t\t\t<\/div>\n\t\t\t\t<\/div>\n\t\t\t\t<div class=\"elementor-element elementor-element-6bdd67f elementor-widget elementor-widget-heading\" data-id=\"6bdd67f\" data-element_type=\"widget\" data-e-type=\"widget\" data-widget_type=\"heading.default\">\n\t\t\t\t<div class=\"elementor-widget-container\">\n\t\t\t\t\t<h5 class=\"elementor-heading-title elementor-size-default\">QBIS<\/h5>\t\t\t\t<\/div>\n\t\t\t\t<\/div>\n\t\t\t\t<\/a>\n\t\t<a class=\"elementor-element elementor-element-8c8f3d6 e-con-full e-flex e-con e-child\" data-id=\"8c8f3d6\" data-element_type=\"container\" data-e-type=\"container\" data-settings=\"{&quot;background_background&quot;:&quot;classic&quot;}\" href=\"https:\/\/mitt.blinfo.se\/\" target=\"_blank\">\n\t\t\t\t<div class=\"elementor-element elementor-element-fdf509a elementor-widget elementor-widget-image\" data-id=\"fdf509a\" data-element_type=\"widget\" data-e-type=\"widget\" data-widget_type=\"image.default\">\n\t\t\t\t<div class=\"elementor-widget-container\">\n\t\t\t\t\t\t\t\t\t\t\t\t\t\t\t<img decoding=\"async\" width=\"72\" height=\"72\" src=\"https:\/\/bjornlunden.com\/wp-content\/uploads\/Primary-Arrow-Right.svg\" class=\"elementor-animation-grow attachment-large size-large wp-image-6467\" alt=\"Primary Arrow Right\" \/>\t\t\t\t\t\t\t\t\t\t\t\t\t\t\t<\/div>\n\t\t\t\t<\/div>\n\t\t\t\t<div class=\"elementor-element elementor-element-24c4f0a elementor-widget elementor-widget-heading\" data-id=\"24c4f0a\" data-element_type=\"widget\" data-e-type=\"widget\" data-widget_type=\"heading.default\">\n\t\t\t\t<div class=\"elementor-widget-container\">\n\t\t\t\t\t<h5 class=\"elementor-heading-title elementor-size-default\">Mina onlinekurser<\/h5>\t\t\t\t<\/div>\n\t\t\t\t<\/div>\n\t\t\t\t<\/a>\n\t\t<a class=\"elementor-element elementor-element-d46f848 e-con-full e-flex e-con e-child\" data-id=\"d46f848\" data-element_type=\"container\" data-e-type=\"container\" data-settings=\"{&quot;background_background&quot;:&quot;classic&quot;}\" href=\"https:\/\/www.bjornlunden.se\/minasidor\" target=\"_blank\">\n\t\t\t\t<div class=\"elementor-element elementor-element-ec985cf elementor-widget elementor-widget-image\" data-id=\"ec985cf\" data-element_type=\"widget\" data-e-type=\"widget\" data-widget_type=\"image.default\">\n\t\t\t\t<div class=\"elementor-widget-container\">\n\t\t\t\t\t\t\t\t\t\t\t\t\t\t\t<img decoding=\"async\" width=\"72\" height=\"72\" src=\"https:\/\/bjornlunden.com\/wp-content\/uploads\/Primary-Arrow-Right.svg\" class=\"elementor-animation-grow attachment-large size-large wp-image-6467\" alt=\"Primary Arrow Right\" \/>\t\t\t\t\t\t\t\t\t\t\t\t\t\t\t<\/div>\n\t\t\t\t<\/div>\n\t\t\t\t<div class=\"elementor-element elementor-element-81994b7 elementor-widget elementor-widget-heading\" data-id=\"81994b7\" data-element_type=\"widget\" data-e-type=\"widget\" data-widget_type=\"heading.default\">\n\t\t\t\t<div class=\"elementor-widget-container\">\n\t\t\t\t\t<h5 class=\"elementor-heading-title elementor-size-default\">BL \u2013 Mina sidor<\/h5>\t\t\t\t<\/div>\n\t\t\t\t<\/div>\n\t\t\t\t<\/a>\n\t\t\t\t<\/div>\n\t\t\t\t\t<\/div>\n\t\t\t\t<\/div>\n\t\t<div class=\"elementor-element elementor-element-fef9626 e-flex e-con-boxed e-con e-parent\" data-id=\"fef9626\" data-element_type=\"container\" data-e-type=\"container\">\n\t\t\t\t\t<div class=\"e-con-inner\">\n\t\t\t\t\t<\/div>\n\t\t\t\t<\/div>\n\t\t\t\t<\/div>\n\t\t","protected":false},"excerpt":{"rendered":"<p>Logga in V\u00e4lkommen att logga in till v\u00e5ra tj\u00e4nster. Saknar du inloggning till n\u00e5gon tj\u00e4nst som du beh\u00f6ver? Kontakta oss s\u00e5 hj\u00e4lper vi dig! Lundify Lundify Workflow Lundify Year-End Reporting Byr\u00e5 Lundify Year-End Reporting F\u00f6retag Lundify Compliance Lundify Payroll Lundify Knowledge BL Fr\u00e5geservice Timekeeper QBIS Mina onlinekurser BL \u2013 Mina sidor<\/p>\n","protected":false},"author":2,"featured_media":19946,"parent":0,"menu_order":0,"comment_status":"closed","ping_status":"closed","template":"","meta":{"_acf_changed":false,"footnotes":""},"class_list":["post-5742","page","type-page","status-publish","has-post-thumbnail","hentry"],"acf":[],"_links":{"self":[{"href":"https:\/\/bjornlunden.com\/se\/wp-json\/wp\/v2\/pages\/5742","targetHints":{"allow":["GET"]}}],"collection":[{"href":"https:\/\/bjornlunden.com\/se\/wp-json\/wp\/v2\/pages"}],"about":[{"href":"https:\/\/bjornlunden.com\/se\/wp-json\/wp\/v2\/types\/page"}],"author":[{"embeddable":true,"href":"https:\/\/bjornlunden.com\/se\/wp-json\/wp\/v2\/users\/2"}],"replies":[{"embeddable":true,"href":"https:\/\/bjornlunden.com\/se\/wp-json\/wp\/v2\/comments?post=5742"}],"version-history":[{"count":133,"href":"https:\/\/bjornlunden.com\/se\/wp-json\/wp\/v2\/pages\/5742\/revisions"}],"predecessor-version":[{"id":58071,"href":"https:\/\/bjornlunden.com\/se\/wp-json\/wp\/v2\/pages\/5742\/revisions\/58071"}],"wp:featuredmedia":[{"embeddable":true,"href":"https:\/\/bjornlunden.com\/se\/wp-json\/wp\/v2\/media\/19946"}],"wp:attachment":[{"href":"https:\/\/bjornlunden.com\/se\/wp-json\/wp\/v2\/media?parent=5742"}],"curies":[{"name":"wp","href":"https:\/\/api.w.org\/{rel}","templated":true}]}}