{"id":49982,"date":"2025-08-29T09:47:42","date_gmt":"2025-08-29T07:47:42","guid":{"rendered":"https:\/\/bjornlunden.com\/?page_id=49982"},"modified":"2025-09-25T10:25:44","modified_gmt":"2025-09-25T08:25:44","slug":"salja-fakturor","status":"publish","type":"page","link":"https:\/\/bjornlunden.com\/se\/salja-fakturor\/","title":{"rendered":"S\u00e4lja fakturor"},"content":{"rendered":"\t\t<div data-elementor-type=\"wp-page\" data-elementor-id=\"49982\" class=\"elementor elementor-49982\" data-elementor-post-type=\"page\">\n\t\t\t\t<div class=\"elementor-element elementor-element-ee5c4d9 e-flex e-con-boxed e-con e-parent\" data-id=\"ee5c4d9\" data-element_type=\"container\" data-e-type=\"container\" data-settings=\"{&quot;background_background&quot;:&quot;classic&quot;}\">\n\t\t\t\t\t<div class=\"e-con-inner\">\n\t\t\t\t<div class=\"elementor-element elementor-element-144c84b elementor-widget elementor-widget-spacer\" data-id=\"144c84b\" data-element_type=\"widget\" data-e-type=\"widget\" data-widget_type=\"spacer.default\">\n\t\t\t\t<div class=\"elementor-widget-container\">\n\t\t\t\t\t\t\t<div class=\"elementor-spacer\">\n\t\t\t<div class=\"elementor-spacer-inner\"><\/div>\n\t\t<\/div>\n\t\t\t\t\t\t<\/div>\n\t\t\t\t<\/div>\n\t\t\t\t\t<\/div>\n\t\t\t\t<\/div>\n\t\t<div class=\"elementor-element elementor-element-f59ca7d e-flex e-con-boxed e-con e-parent\" data-id=\"f59ca7d\" data-element_type=\"container\" data-e-type=\"container\" data-settings=\"{&quot;background_background&quot;:&quot;classic&quot;}\">\n\t\t\t\t\t<div class=\"e-con-inner\">\n\t\t<div class=\"elementor-element elementor-element-97a2c09 e-con-full e-flex e-con e-child\" data-id=\"97a2c09\" data-element_type=\"container\" data-e-type=\"container\" data-settings=\"{&quot;background_background&quot;:&quot;classic&quot;}\">\n\t\t\t\t<div class=\"elementor-element elementor-element-5358926 elementor-widget elementor-widget-heading\" data-id=\"5358926\" data-element_type=\"widget\" data-e-type=\"widget\" data-widget_type=\"heading.default\">\n\t\t\t\t<div class=\"elementor-widget-container\">\n\t\t\t\t\t<h1 class=\"elementor-heading-title elementor-size-default\">S\u00e4lja fakturor \u2013 vilka \u00e4r f\u00f6rdelarna?<\/h1>\t\t\t\t<\/div>\n\t\t\t\t<\/div>\n\t\t\t\t<div class=\"elementor-element elementor-element-dbca180 elementor-widget elementor-widget-text-editor\" data-id=\"dbca180\" data-element_type=\"widget\" data-e-type=\"widget\" data-widget_type=\"text-editor.default\">\n\t\t\t\t<div class=\"elementor-widget-container\">\n\t\t\t\t\t\t\t\t\t<p><strong>Att s\u00e4lja fakturor \u00e4r ett s\u00e4tt f\u00f6r f\u00f6retag att snabbt frig\u00f6ra kapital f\u00f6r att v\u00e4xa snabbare eller \u00f6verbrygga tillf\u00e4lliga likviditetssvackor. N\u00e4r man pratar om fakturafinansiering generellt anv\u00e4nds ofta begreppet \u201dfactoring\u201d, vilket innefattar s\u00e5v\u00e4l fakturak\u00f6p som fakturabel\u00e5ning.<\/strong> <strong>Factoring har blivit ett popul\u00e4rt alternativ till vanliga bankl\u00e5n som ofta upplevs kr\u00e5ngliga, tidskr\u00e4vande och otillg\u00e4ngliga.<\/strong><\/p><p>Vid fakturas\u00e4lj \u00f6verl\u00e5ter f\u00f6retaget en eller flera fakturor till ett factoringf\u00f6retag eller finansbolag. D\u00e4refter sk\u00f6ter factoringf\u00f6retaget administrationen kring fakturan (bevakning och uppf\u00f6ljning). Vem som st\u00e5r kreditrisken f\u00f6r den \u00f6verl\u00e5tna fakturan beror p\u00e5 vilken typ av fakturas\u00e4lj det handlar om.<\/p><h6>F\u00f6rdelar med att s\u00e4lja fakturorna<\/h6><p>De fr\u00e4msta f\u00f6rdelarna med att s\u00e4lja fakturor:<\/p><ul><li>ditt f\u00f6retag f\u00e5r betydligt b\u00e4ttre likviditet eftersom merparten av fakturabeloppet s\u00e4tts in p\u00e5 f\u00f6retagets konto redan samma dag eller n\u00e5gon dag efter att fakturan har skickats<\/li><li>f\u00f6retaget f\u00e5r r\u00e4ntevinster eftersom kunderna i allm\u00e4nhet betalar snabbare till factoringf\u00f6retaget \u00e4n vad de annars skulle ha gjort<\/li><li>f\u00f6retaget slipper en hel del arbete med faktura- och reskontra\u00adhanteringen<\/li><li>factoringf\u00f6retaget ofta \u00e4r b\u00e4ttre p\u00e5 att driva en effektiv kravverksamhet vilket leder till att kundf\u00f6rlusterna minskar<\/li><li>factoringf\u00f6retaget ofta \u00e4r b\u00e4ttre p\u00e5 att ta ut dr\u00f6jsm\u00e5lsr\u00e4nta av \u00adkunderna.<\/li><\/ul><h6>Nackdelar med att s\u00e4lja fakturorna<\/h6><p>De fr\u00e4msta nackdelarna med att s\u00e4lja fakturor:<\/p><ul><li>Factoringf\u00f6retaget tar ut en avgift, ofta en viss procentsats p\u00e5 fakturabeloppet, vilket inneb\u00e4r att du inte f\u00e5r ut hela fakturabeloppet.<\/li><li>Kundrelationen kan p\u00e5verkas negativt av att en tredje part tr\u00e4der in.<\/li><li>Factoringf\u00f6retaget kan i vissa fall kr\u00e4va n\u00e5gon form av personlig borgen.<\/li><\/ul><h6>V\u00e4lj med omsorg<\/h6><p>Det \u00e4r med andra ord viktigt att noggrant kontrollera villkoren och att v\u00e4lja en seri\u00f6s, v\u00e4letablerad partner om du \u00f6verv\u00e4ger att s\u00e4lja dina fakturor och dra nytta av de f\u00f6rdelar fakturas\u00e4lj kan inneb\u00e4ra. \u00a0<\/p>\t\t\t\t\t\t\t\t<\/div>\n\t\t\t\t<\/div>\n\t\t\t\t<\/div>\n\t\t<div class=\"elementor-element elementor-element-9001faa e-con-full e-flex e-con e-child\" data-id=\"9001faa\" data-element_type=\"container\" data-e-type=\"container\">\n\t\t\t\t<div class=\"elementor-element elementor-element-af1b28d elementor-widget elementor-widget-image\" data-id=\"af1b28d\" data-element_type=\"widget\" data-e-type=\"widget\" data-widget_type=\"image.default\">\n\t\t\t\t<div class=\"elementor-widget-container\">\n\t\t\t\t\t\t\t\t\t\t\t\t\t\t\t<img fetchpriority=\"high\" decoding=\"async\" width=\"700\" height=\"733\" src=\"https:\/\/bjornlunden.com\/wp-content\/uploads\/Tid_Och_Projekt_Reklambox.png\" class=\"attachment-1536x1536 size-1536x1536 wp-image-47667\" alt=\"Ung man som anv\u00e4nder mobilen f\u00f6r att s\u00e4lja fakturor\" srcset=\"https:\/\/bjornlunden.com\/wp-content\/uploads\/Tid_Och_Projekt_Reklambox.png 700w, https:\/\/bjornlunden.com\/wp-content\/uploads\/Tid_Och_Projekt_Reklambox-286x300.png 286w\" sizes=\"(max-width: 700px) 100vw, 700px\" \/>\t\t\t\t\t\t\t\t\t\t\t\t\t\t\t<\/div>\n\t\t\t\t<\/div>\n\t\t\t\t<\/div>\n\t\t\t\t\t<\/div>\n\t\t\t\t<\/div>\n\t\t<div class=\"elementor-element elementor-element-7230557 e-flex e-con-boxed e-con e-parent\" data-id=\"7230557\" data-element_type=\"container\" data-e-type=\"container\" data-settings=\"{&quot;background_background&quot;:&quot;classic&quot;}\">\n\t\t\t\t\t<div class=\"e-con-inner\">\n\t\t\t\t<div class=\"elementor-element elementor-element-6b37872 elementor-widget elementor-widget-spacer\" data-id=\"6b37872\" data-element_type=\"widget\" data-e-type=\"widget\" data-widget_type=\"spacer.default\">\n\t\t\t\t<div class=\"elementor-widget-container\">\n\t\t\t\t\t\t\t<div class=\"elementor-spacer\">\n\t\t\t<div class=\"elementor-spacer-inner\"><\/div>\n\t\t<\/div>\n\t\t\t\t\t\t<\/div>\n\t\t\t\t<\/div>\n\t\t\t\t\t<\/div>\n\t\t\t\t<\/div>\n\t\t<div class=\"elementor-element elementor-element-70f7687 e-con-full e-flex e-con e-parent\" data-id=\"70f7687\" data-element_type=\"container\" data-e-type=\"container\" data-settings=\"{&quot;background_background&quot;:&quot;classic&quot;}\">\n\t\t\t\t<div class=\"elementor-element elementor-element-a172b70 elementor-widget elementor-widget-heading\" data-id=\"a172b70\" data-element_type=\"widget\" data-e-type=\"widget\" data-widget_type=\"heading.default\">\n\t\t\t\t<div class=\"elementor-widget-container\">\n\t\t\t\t\t<h3 class=\"elementor-heading-title elementor-size-default\">V\u00e5ra program med funktionen s\u00e4lja fakturor<\/h3>\t\t\t\t<\/div>\n\t\t\t\t<\/div>\n\t\t<div class=\"elementor-element elementor-element-b7cb91c e-con-full e-flex e-con e-child\" data-id=\"b7cb91c\" data-element_type=\"container\" data-e-type=\"container\">\n\t\t\t\t<div class=\"elementor-element elementor-element-2606505 elementor-widget elementor-widget-shortcode\" data-id=\"2606505\" data-element_type=\"widget\" data-e-type=\"widget\" data-widget_type=\"shortcode.default\">\n\t\t\t\t<div class=\"elementor-widget-container\">\n\t\t\t\t\t\t\t<div class=\"elementor-shortcode\"><div class=\"product-overview-container single\"><a for=\"everyone\" class=\"filter-yellow border0\" href=\"https:\/\/bjornlunden.com\/se\/redovisning\/bokforingsprogram\/\"><div class=\"product-icon\"><img decoding=\"async\" src=\"https:\/\/bjornlunden.com\/wp-content\/uploads\/BL-Total.svg\" alt=\"Lundify icon\"><\/div><span class=\"grey-tag\">F\u00f6retag &amp; byr\u00e5<\/span><h5>Lundify<\/h5><p class=\"description\">Bokf\u00f6ring utan huvudv\u00e4rk<\/p><\/a><\/div><\/div>\n\t\t\t\t\t\t<\/div>\n\t\t\t\t<\/div>\n\t\t\t\t<div class=\"elementor-element elementor-element-6f8ea65 elementor-widget elementor-widget-shortcode\" data-id=\"6f8ea65\" data-element_type=\"widget\" data-e-type=\"widget\" data-widget_type=\"shortcode.default\">\n\t\t\t\t<div class=\"elementor-widget-container\">\n\t\t\t\t\t\t\t<div class=\"elementor-shortcode\"><div class=\"product-overview-container single\"><a for=\"entrepreneurs\" class=\"filter-yellow border0\" href=\"https:\/\/bjornlunden.com\/se\/redovisning\/faktureringsprogram\/\"><div class=\"product-icon\"><img decoding=\"async\" src=\"https:\/\/bjornlunden.com\/wp-content\/uploads\/BL-Fakturering.svg\" alt=\"Faktureringsprogram icon\"><\/div><span class=\"grey-tag\">F\u00f6retag<\/span><h5>Faktureringsprogram<\/h5><p class=\"description\">Smidigt faktureringsprogram online<\/p><\/a><\/div><\/div>\n\t\t\t\t\t\t<\/div>\n\t\t\t\t<\/div>\n\t\t\t\t<div class=\"elementor-element elementor-element-df2a3fd elementor-widget elementor-widget-html\" data-id=\"df2a3fd\" data-element_type=\"widget\" data-e-type=\"widget\" data-widget_type=\"html.default\">\n\t\t\t\t<div class=\"elementor-widget-container\">\n\t\t\t\t\t<script>\njQuery(document).ready(function() {\n    gsap.registerPlugin(ScrollTrigger);\n\n    gsap.from(\".product-overview-container > a\", {\n        duration: 0.3,\n        opacity: 0,\n        y: -20,\n        stagger: 0.1,\n        ease: \"power1.out\",\n        scrollTrigger: {\n            trigger: \".product-overview-container\",\n            start: \"top 80%\",\n            end: \"bottom top\",\n            toggleActions: \"play none none play\"\n        }\n    });\n});\n<\/script>\n\t\t\t\t<\/div>\n\t\t\t\t<\/div>\n\t\t\t\t<\/div>\n\t\t\t\t<\/div>\n\t\t<div class=\"elementor-element elementor-element-9cfc491 e-flex e-con-boxed e-con e-parent\" data-id=\"9cfc491\" data-element_type=\"container\" data-e-type=\"container\">\n\t\t\t\t\t<div class=\"e-con-inner\">\n\t\t<div class=\"elementor-element elementor-element-5ec03c1 e-con-full e-flex e-con e-child\" data-id=\"5ec03c1\" data-element_type=\"container\" data-e-type=\"container\">\n\t\t\t\t<div class=\"elementor-element elementor-element-878fee9 elementor-widget elementor-widget-image\" data-id=\"878fee9\" data-element_type=\"widget\" data-e-type=\"widget\" data-widget_type=\"image.default\">\n\t\t\t\t<div class=\"elementor-widget-container\">\n\t\t\t\t\t\t\t\t\t\t\t\t\t\t\t<img decoding=\"async\" width=\"768\" height=\"542\" src=\"https:\/\/bjornlunden.com\/wp-content\/uploads\/Lundify_FaktureringLaptop_Phone-768x542.png\" class=\"attachment-medium_large size-medium_large wp-image-42072\" alt=\"Sk\u00e4rmklipp som visar hur man s\u00e4ljer fakturor i Lundify\" srcset=\"https:\/\/bjornlunden.com\/wp-content\/uploads\/Lundify_FaktureringLaptop_Phone-768x542.png 768w, https:\/\/bjornlunden.com\/wp-content\/uploads\/Lundify_FaktureringLaptop_Phone-300x212.png 300w, https:\/\/bjornlunden.com\/wp-content\/uploads\/Lundify_FaktureringLaptop_Phone.png 1024w\" sizes=\"(max-width: 768px) 100vw, 768px\" \/>\t\t\t\t\t\t\t\t\t\t\t\t\t\t\t<\/div>\n\t\t\t\t<\/div>\n\t\t<div class=\"elementor-element elementor-element-3c262dc e-con-full e-flex e-con e-child\" data-id=\"3c262dc\" data-element_type=\"container\" data-e-type=\"container\">\n\t\t\t\t<div class=\"elementor-element elementor-element-b038581 elementor-widget elementor-widget-heading\" data-id=\"b038581\" data-element_type=\"widget\" data-e-type=\"widget\" data-widget_type=\"heading.default\">\n\t\t\t\t<div class=\"elementor-widget-container\">\n\t\t\t\t\t<h2 class=\"elementor-heading-title elementor-size-default\">Att s\u00e4lja fakturor i v\u00e5ra program<\/h2>\t\t\t\t<\/div>\n\t\t\t\t<\/div>\n\t\t\t\t<div class=\"elementor-element elementor-element-83b7521 elementor-widget elementor-widget-text-editor\" data-id=\"83b7521\" data-element_type=\"widget\" data-e-type=\"widget\" data-widget_type=\"text-editor.default\">\n\t\t\t\t<div class=\"elementor-widget-container\">\n\t\t\t\t\t\t\t\t\t<p>I <a href=\"https:\/\/bjornlunden.com\/se\/redovisning\/bokforingsprogram\/\">Lundify<\/a> s\u00e4ljer du snabbt och enkelt dina fakturor till b\u00e4sta m\u00f6jliga pris genom en smart marknadsplats \u2013 allt \u00e4r inbyggt. Vi tar hand om betalningsbevakning, p\u00e5minnelser och inkasso.<\/p>\t\t\t\t\t\t\t\t<\/div>\n\t\t\t\t<\/div>\n\t\t\t\t<\/div>\n\t\t\t\t<\/div>\n\t\t\t\t\t<\/div>\n\t\t\t\t<\/div>\n\t\t<div class=\"elementor-element elementor-element-922c253 e-flex e-con-boxed e-con e-parent\" data-id=\"922c253\" data-element_type=\"container\" data-e-type=\"container\">\n\t\t\t\t\t<div class=\"e-con-inner\">\n\t\t\t\t<div class=\"elementor-element elementor-element-073f9d6 elementor-widget elementor-widget-spacer\" data-id=\"073f9d6\" data-element_type=\"widget\" data-e-type=\"widget\" data-widget_type=\"spacer.default\">\n\t\t\t\t<div class=\"elementor-widget-container\">\n\t\t\t\t\t\t\t<div class=\"elementor-spacer\">\n\t\t\t<div class=\"elementor-spacer-inner\"><\/div>\n\t\t<\/div>\n\t\t\t\t\t\t<\/div>\n\t\t\t\t<\/div>\n\t\t\t\t\t<\/div>\n\t\t\t\t<\/div>\n\t\t<div class=\"elementor-element elementor-element-635cf72 e-flex e-con-boxed e-con e-parent\" data-id=\"635cf72\" data-element_type=\"container\" data-e-type=\"container\">\n\t\t\t\t\t<div class=\"e-con-inner\">\n\t\t<div class=\"elementor-element elementor-element-326db9e e-con-full e-flex e-con e-child\" data-id=\"326db9e\" data-element_type=\"container\" data-e-type=\"container\" data-settings=\"{&quot;background_background&quot;:&quot;classic&quot;}\">\n\t\t\t\t<div class=\"elementor-element elementor-element-171e568 elementor-widget elementor-widget-heading\" data-id=\"171e568\" data-element_type=\"widget\" data-e-type=\"widget\" data-widget_type=\"heading.default\">\n\t\t\t\t<div class=\"elementor-widget-container\">\n\t\t\t\t\t<h2 class=\"elementor-heading-title elementor-size-default\">Fr\u00e5gor &amp; svar<\/h2>\t\t\t\t<\/div>\n\t\t\t\t<\/div>\n\t\t\t\t<div class=\"elementor-element elementor-element-03e43a4 elementor-widget elementor-widget-n-accordion\" data-id=\"03e43a4\" data-element_type=\"widget\" data-e-type=\"widget\" data-settings=\"{&quot;max_items_expended&quot;:&quot;multiple&quot;,&quot;n_accordion_animation_duration&quot;:{&quot;unit&quot;:&quot;ms&quot;,&quot;size&quot;:200,&quot;sizes&quot;:[]},&quot;default_state&quot;:&quot;expanded&quot;}\" data-widget_type=\"nested-accordion.default\">\n\t\t\t\t<div class=\"elementor-widget-container\">\n\t\t\t\t\t\t\t<div class=\"e-n-accordion\" aria-label=\"Accordion. Open links with Enter or Space, close with Escape, and navigate with Arrow Keys\">\n\t\t\t\t\t\t<details id=\"e-n-accordion-item-4080\" class=\"e-n-accordion-item\" open>\n\t\t\t\t<summary class=\"e-n-accordion-item-title\" data-accordion-index=\"1\" tabindex=\"0\" aria-expanded=\"true\" aria-controls=\"e-n-accordion-item-4080\" >\n\t\t\t\t\t<span class='e-n-accordion-item-title-header'><h6 class=\"e-n-accordion-item-title-text\"> Vilka fakturor g\u00e5r att s\u00e4lja? <\/h6><\/span>\n\t\t\t\t\t\t\t<span class='e-n-accordion-item-title-icon'>\n\t\t\t<span class='e-opened' ><svg xmlns=\"http:\/\/www.w3.org\/2000\/svg\" width=\"16\" height=\"2\" viewBox=\"0 0 16 2\" fill=\"none\"><path d=\"M15 1.00002L1 1\" stroke=\"#57595F\" stroke-width=\"2\" stroke-linecap=\"round\" stroke-linejoin=\"round\"><\/path><\/svg><\/span>\n\t\t\t<span class='e-closed'><svg xmlns=\"http:\/\/www.w3.org\/2000\/svg\" width=\"16\" height=\"16\" viewBox=\"0 0 16 16\" fill=\"none\"><path d=\"M7.99998 15L7.99998 1.00002M15 8.00003L1.00002 8.00001\" stroke=\"#57595F\" stroke-width=\"2\" stroke-linecap=\"round\" stroke-linejoin=\"round\"><\/path><\/svg><\/span>\n\t\t<\/span>\n\n\t\t\t\t\t\t<\/summary>\n\t\t\t\t<div role=\"region\" aria-labelledby=\"e-n-accordion-item-4080\" class=\"elementor-element elementor-element-dc6b399 e-con-full e-flex e-con e-child\" data-id=\"dc6b399\" data-element_type=\"container\" data-e-type=\"container\">\n\t\t\t\t<div class=\"elementor-element elementor-element-9f4a188 elementor-widget elementor-widget-text-editor\" data-id=\"9f4a188\" data-element_type=\"widget\" data-e-type=\"widget\" data-widget_type=\"text-editor.default\">\n\t\t\t\t<div class=\"elementor-widget-container\">\n\t\t\t\t\t\t\t\t\t<div class=\"wpb_text_column wpb_content_element vc_custom_1629184835236\"><div class=\"wpb_wrapper\"><p>Det varierar mellan olika factoringf\u00f6retag men vanliga krav f\u00f6r att de ska godk\u00e4nna en ans\u00f6kan om att s\u00e4lja en faktura \u00e4r att:\u00a0<\/p><ul><li>Leveransen eller prestationen som fakturan avser \u00e4r utf\u00f6rd.\u00a0<\/li><li>Fakturamottagaren \u00e4r kreditv\u00e4rdig.\u00a0<\/li><li>Fakturan inte \u00e4r betald, f\u00f6rfallen eller \u00e4ldre \u00e4n 10 dagar.\u00a0<\/li><li>Fakturan inte har varit utskickad tidigare.\u00a0<\/li><li>Det finns en personlig garanti p\u00e5 att fakturorna hanteras p\u00e5 ett \u00e4rligt s\u00e4tt (sk\u00f6tselborgen).<\/li><\/ul><\/div><\/div>\t\t\t\t\t\t\t\t<\/div>\n\t\t\t\t<\/div>\n\t\t\t\t<\/div>\n\t\t\t\t\t<\/details>\n\t\t\t\t\t\t<details id=\"e-n-accordion-item-4081\" class=\"e-n-accordion-item\" >\n\t\t\t\t<summary class=\"e-n-accordion-item-title\" data-accordion-index=\"2\" tabindex=\"-1\" aria-expanded=\"false\" aria-controls=\"e-n-accordion-item-4081\" >\n\t\t\t\t\t<span class='e-n-accordion-item-title-header'><h6 class=\"e-n-accordion-item-title-text\"> Hur s\u00e4ljer jag fakturor i Lundify? <\/h6><\/span>\n\t\t\t\t\t\t\t<span class='e-n-accordion-item-title-icon'>\n\t\t\t<span class='e-opened' ><svg xmlns=\"http:\/\/www.w3.org\/2000\/svg\" width=\"16\" height=\"2\" viewBox=\"0 0 16 2\" fill=\"none\"><path d=\"M15 1.00002L1 1\" stroke=\"#57595F\" stroke-width=\"2\" stroke-linecap=\"round\" stroke-linejoin=\"round\"><\/path><\/svg><\/span>\n\t\t\t<span class='e-closed'><svg xmlns=\"http:\/\/www.w3.org\/2000\/svg\" width=\"16\" height=\"16\" viewBox=\"0 0 16 16\" fill=\"none\"><path d=\"M7.99998 15L7.99998 1.00002M15 8.00003L1.00002 8.00001\" stroke=\"#57595F\" stroke-width=\"2\" stroke-linecap=\"round\" stroke-linejoin=\"round\"><\/path><\/svg><\/span>\n\t\t<\/span>\n\n\t\t\t\t\t\t<\/summary>\n\t\t\t\t<div role=\"region\" aria-labelledby=\"e-n-accordion-item-4081\" class=\"elementor-element elementor-element-c94a5ce e-con-full e-flex e-con e-child\" data-id=\"c94a5ce\" data-element_type=\"container\" data-e-type=\"container\">\n\t\t\t\t<div class=\"elementor-element elementor-element-5884e31 elementor-widget elementor-widget-text-editor\" data-id=\"5884e31\" data-element_type=\"widget\" data-e-type=\"widget\" data-widget_type=\"text-editor.default\">\n\t\t\t\t<div class=\"elementor-widget-container\">\n\t\t\t\t\t\t\t\t\t<p>Du skapar fakturan i Lundify-appen eller p\u00e5 webben. Med ett klick p\u00e5b\u00f6rjar du f\u00f6rs\u00e4ljningen och ser vilket belopp du kan f\u00e5 utbetalt. N\u00e4r fakturan \u00e4r s\u00e5ld finns pengarna snabbt p\u00e5 ditt konto.<\/p>\t\t\t\t\t\t\t\t<\/div>\n\t\t\t\t<\/div>\n\t\t\t\t<\/div>\n\t\t\t\t\t<\/details>\n\t\t\t\t\t\t<details id=\"e-n-accordion-item-4082\" class=\"e-n-accordion-item\" >\n\t\t\t\t<summary class=\"e-n-accordion-item-title\" data-accordion-index=\"3\" tabindex=\"-1\" aria-expanded=\"false\" aria-controls=\"e-n-accordion-item-4082\" >\n\t\t\t\t\t<span class='e-n-accordion-item-title-header'><h6 class=\"e-n-accordion-item-title-text\"> Vad \u00e4r skillnaden mellan fakturas\u00e4lj med respektive utan regress?   <\/h6><\/span>\n\t\t\t\t\t\t\t<span class='e-n-accordion-item-title-icon'>\n\t\t\t<span class='e-opened' ><svg xmlns=\"http:\/\/www.w3.org\/2000\/svg\" width=\"16\" height=\"2\" viewBox=\"0 0 16 2\" fill=\"none\"><path d=\"M15 1.00002L1 1\" stroke=\"#57595F\" stroke-width=\"2\" stroke-linecap=\"round\" stroke-linejoin=\"round\"><\/path><\/svg><\/span>\n\t\t\t<span class='e-closed'><svg xmlns=\"http:\/\/www.w3.org\/2000\/svg\" width=\"16\" height=\"16\" viewBox=\"0 0 16 16\" fill=\"none\"><path d=\"M7.99998 15L7.99998 1.00002M15 8.00003L1.00002 8.00001\" stroke=\"#57595F\" stroke-width=\"2\" stroke-linecap=\"round\" stroke-linejoin=\"round\"><\/path><\/svg><\/span>\n\t\t<\/span>\n\n\t\t\t\t\t\t<\/summary>\n\t\t\t\t<div role=\"region\" aria-labelledby=\"e-n-accordion-item-4082\" class=\"elementor-element elementor-element-a7cd81c e-con-full e-flex e-con e-child\" data-id=\"a7cd81c\" data-element_type=\"container\" data-e-type=\"container\">\n\t\t\t\t<div class=\"elementor-element elementor-element-18ec084 elementor-widget elementor-widget-text-editor\" data-id=\"18ec084\" data-element_type=\"widget\" data-e-type=\"widget\" data-widget_type=\"text-editor.default\">\n\t\t\t\t<div class=\"elementor-widget-container\">\n\t\t\t\t\t\t\t\t\t<p><strong>Svar:\u00a0<br \/><\/strong>Vid fakturas\u00e4lj <strong>utan regress<\/strong> tar factoringf\u00f6retaget \u00f6ver kreditrisken och skickar p\u00e5minnelser\/driver inkasso\u00e4rende vid utebliven betalning.<\/p><p>Om du d\u00e4remot s\u00e5lt fakturan <strong>med regress<\/strong> b\u00e4r du \u00e4ven fortsatt kreditrisken.<\/p><p>Notera att aff\u00e4rsrisken, det vill s\u00e4ga risken i det fall din kund bestrider fakturan, normalt ligger p\u00e5 dig \u2013 oavsett om fakturan s\u00e5lts med eller utan \u00e5terk\u00f6p.\u00a0<\/p>\t\t\t\t\t\t\t\t<\/div>\n\t\t\t\t<\/div>\n\t\t\t\t<\/div>\n\t\t\t\t\t<\/details>\n\t\t\t\t\t<\/div>\n\t\t\t\t\t<script type=\"application\/ld+json\">{\"@context\":\"https:\\\/\\\/schema.org\",\"@type\":\"FAQPage\",\"mainEntity\":[{\"@type\":\"Question\",\"name\":\"Vilka fakturor g\\u00e5r att s\\u00e4lja?\",\"acceptedAnswer\":{\"@type\":\"Answer\",\"text\":\"Det varierar mellan olika factoringf\\u00f6retag men vanliga krav f\\u00f6r att de ska godk\\u00e4nna en ans\\u00f6kan om att s\\u00e4lja en faktura \\u00e4r att:\\u00a0Leveransen eller prestationen som fakturan avser \\u00e4r utf\\u00f6rd.\\u00a0Fakturamottagaren \\u00e4r kreditv\\u00e4rdig.\\u00a0Fakturan inte \\u00e4r betald, f\\u00f6rfallen eller \\u00e4ldre \\u00e4n 10 dagar.\\u00a0Fakturan inte har varit utskickad tidigare.\\u00a0Det finns en personlig garanti p\\u00e5 att fakturorna hanteras p\\u00e5 ett \\u00e4rligt s\\u00e4tt (sk\\u00f6tselborgen).\"}},{\"@type\":\"Question\",\"name\":\"Hur s\\u00e4ljer jag fakturor i Lundify?\",\"acceptedAnswer\":{\"@type\":\"Answer\",\"text\":\"Du skapar fakturan i Lundify-appen eller p\\u00e5 webben. Med ett klick p\\u00e5b\\u00f6rjar du f\\u00f6rs\\u00e4ljningen och ser vilket belopp du kan f\\u00e5 utbetalt. N\\u00e4r fakturan \\u00e4r s\\u00e5ld finns pengarna snabbt p\\u00e5 ditt konto.\"}},{\"@type\":\"Question\",\"name\":\"Vad \\u00e4r skillnaden mellan fakturas\\u00e4lj med respektive utan regress?\",\"acceptedAnswer\":{\"@type\":\"Answer\",\"text\":\"Svar:\\u00a0Vid fakturas\\u00e4lj utan regress tar factoringf\\u00f6retaget \\u00f6ver kreditrisken och skickar p\\u00e5minnelser\\\/driver inkasso\\u00e4rende vid utebliven betalning.Om du d\\u00e4remot s\\u00e5lt fakturan med regress b\\u00e4r du \\u00e4ven fortsatt kreditrisken.Notera att aff\\u00e4rsrisken, det vill s\\u00e4ga risken i det fall din kund bestrider fakturan, normalt ligger p\\u00e5 dig \\u2013 oavsett om fakturan s\\u00e5lts med eller utan \\u00e5terk\\u00f6p.\\u00a0\"}}]}<\/script>\n\t\t\t\t\t\t\t<\/div>\n\t\t\t\t<\/div>\n\t\t\t\t<\/div>\n\t\t\t\t\t<\/div>\n\t\t\t\t<\/div>\n\t\t<div class=\"elementor-element elementor-element-8bac681 e-flex e-con-boxed e-con e-parent\" data-id=\"8bac681\" data-element_type=\"container\" data-e-type=\"container\">\n\t\t\t\t\t<div class=\"e-con-inner\">\n\t\t\t\t<div class=\"elementor-element elementor-element-0352c71 elementor-widget elementor-widget-spacer\" data-id=\"0352c71\" data-element_type=\"widget\" data-e-type=\"widget\" data-widget_type=\"spacer.default\">\n\t\t\t\t<div class=\"elementor-widget-container\">\n\t\t\t\t\t\t\t<div class=\"elementor-spacer\">\n\t\t\t<div class=\"elementor-spacer-inner\"><\/div>\n\t\t<\/div>\n\t\t\t\t\t\t<\/div>\n\t\t\t\t<\/div>\n\t\t\t\t\t<\/div>\n\t\t\t\t<\/div>\n\t\t<div class=\"elementor-element elementor-element-e19bfe5 e-flex e-con-boxed e-con e-parent\" data-id=\"e19bfe5\" data-element_type=\"container\" data-e-type=\"container\">\n\t\t\t\t\t<div class=\"e-con-inner\">\n\t\t\t\t\t<\/div>\n\t\t\t\t<\/div>\n\t\t<div class=\"elementor-element elementor-element-3f8534f e-flex e-con-boxed e-con e-parent\" data-id=\"3f8534f\" data-element_type=\"container\" data-e-type=\"container\">\n\t\t\t\t\t<div class=\"e-con-inner\">\n\t\t\t\t\t<\/div>\n\t\t\t\t<\/div>\n\t\t\t\t<\/div>\n\t\t","protected":false},"excerpt":{"rendered":"<p>S\u00e4lja fakturor \u2013 vilka \u00e4r f\u00f6rdelarna? Att s\u00e4lja fakturor \u00e4r ett s\u00e4tt f\u00f6r f\u00f6retag att snabbt frig\u00f6ra kapital f\u00f6r att v\u00e4xa snabbare eller \u00f6verbrygga tillf\u00e4lliga likviditetssvackor. N\u00e4r man pratar om fakturafinansiering generellt anv\u00e4nds ofta begreppet \u201dfactoring\u201d, vilket innefattar s\u00e5v\u00e4l fakturak\u00f6p som fakturabel\u00e5ning. Factoring har blivit ett popul\u00e4rt alternativ till vanliga bankl\u00e5n som ofta upplevs kr\u00e5ngliga, [&hellip;]<\/p>\n","protected":false},"author":11,"featured_media":47667,"parent":0,"menu_order":0,"comment_status":"closed","ping_status":"closed","template":"","meta":{"_acf_changed":false,"footnotes":""},"class_list":["post-49982","page","type-page","status-publish","has-post-thumbnail","hentry"],"acf":[],"_links":{"self":[{"href":"https:\/\/bjornlunden.com\/se\/wp-json\/wp\/v2\/pages\/49982","targetHints":{"allow":["GET"]}}],"collection":[{"href":"https:\/\/bjornlunden.com\/se\/wp-json\/wp\/v2\/pages"}],"about":[{"href":"https:\/\/bjornlunden.com\/se\/wp-json\/wp\/v2\/types\/page"}],"author":[{"embeddable":true,"href":"https:\/\/bjornlunden.com\/se\/wp-json\/wp\/v2\/users\/11"}],"replies":[{"embeddable":true,"href":"https:\/\/bjornlunden.com\/se\/wp-json\/wp\/v2\/comments?post=49982"}],"version-history":[{"count":31,"href":"https:\/\/bjornlunden.com\/se\/wp-json\/wp\/v2\/pages\/49982\/revisions"}],"predecessor-version":[{"id":52882,"href":"https:\/\/bjornlunden.com\/se\/wp-json\/wp\/v2\/pages\/49982\/revisions\/52882"}],"wp:featuredmedia":[{"embeddable":true,"href":"https:\/\/bjornlunden.com\/se\/wp-json\/wp\/v2\/media\/47667"}],"wp:attachment":[{"href":"https:\/\/bjornlunden.com\/se\/wp-json\/wp\/v2\/media?parent=49982"}],"curies":[{"name":"wp","href":"https:\/\/api.w.org\/{rel}","templated":true}]}}