{"id":48893,"date":"2025-08-14T13:19:30","date_gmt":"2025-08-14T11:19:30","guid":{"rendered":"https:\/\/bjornlunden.com\/?page_id=48893"},"modified":"2025-09-10T09:07:37","modified_gmt":"2025-09-10T07:07:37","slug":"kreditfaktura-sa-gor-du","status":"publish","type":"page","link":"https:\/\/bjornlunden.com\/se\/kreditfaktura-sa-gor-du\/","title":{"rendered":"Kreditfaktura \u2013 s\u00e5 g\u00f6r du"},"content":{"rendered":"\t\t<div data-elementor-type=\"wp-page\" data-elementor-id=\"48893\" class=\"elementor elementor-48893\" data-elementor-post-type=\"page\">\n\t\t\t\t<div class=\"elementor-element elementor-element-ee5c4d9 e-flex e-con-boxed e-con e-parent\" data-id=\"ee5c4d9\" data-element_type=\"container\" data-e-type=\"container\" data-settings=\"{&quot;background_background&quot;:&quot;classic&quot;}\">\n\t\t\t\t\t<div class=\"e-con-inner\">\n\t\t\t\t<div class=\"elementor-element elementor-element-144c84b elementor-widget elementor-widget-spacer\" data-id=\"144c84b\" data-element_type=\"widget\" data-e-type=\"widget\" data-widget_type=\"spacer.default\">\n\t\t\t\t<div class=\"elementor-widget-container\">\n\t\t\t\t\t\t\t<div class=\"elementor-spacer\">\n\t\t\t<div class=\"elementor-spacer-inner\"><\/div>\n\t\t<\/div>\n\t\t\t\t\t\t<\/div>\n\t\t\t\t<\/div>\n\t\t\t\t\t<\/div>\n\t\t\t\t<\/div>\n\t\t<div class=\"elementor-element elementor-element-f59ca7d e-flex e-con-boxed e-con e-parent\" data-id=\"f59ca7d\" data-element_type=\"container\" data-e-type=\"container\" data-settings=\"{&quot;background_background&quot;:&quot;classic&quot;}\">\n\t\t\t\t\t<div class=\"e-con-inner\">\n\t\t<div class=\"elementor-element elementor-element-97a2c09 e-con-full e-flex e-con e-child\" data-id=\"97a2c09\" data-element_type=\"container\" data-e-type=\"container\" data-settings=\"{&quot;background_background&quot;:&quot;classic&quot;}\">\n\t\t\t\t<div class=\"elementor-element elementor-element-5358926 elementor-widget elementor-widget-heading\" data-id=\"5358926\" data-element_type=\"widget\" data-e-type=\"widget\" data-widget_type=\"heading.default\">\n\t\t\t\t<div class=\"elementor-widget-container\">\n\t\t\t\t\t<h1 class=\"elementor-heading-title elementor-size-default\">Kreditfaktura \u2013 s\u00e5 g\u00f6r du<\/h1>\t\t\t\t<\/div>\n\t\t\t\t<\/div>\n\t\t\t\t<div class=\"elementor-element elementor-element-dbca180 elementor-widget elementor-widget-text-editor\" data-id=\"dbca180\" data-element_type=\"widget\" data-e-type=\"widget\" data-widget_type=\"text-editor.default\">\n\t\t\t\t<div class=\"elementor-widget-container\">\n\t\t\t\t\t\t\t\t\t<p><strong>Att skapa en kreditfaktura kan bli aktuellt n\u00e4r f\u00f6retaget skickat en felaktig faktura eller kunden av n\u00e5gon anledning \u00e4r missn\u00f6jd med en levererad vara eller tj\u00e4nst och d\u00e4rf\u00f6r beg\u00e4r en korrigering. Genom att kreditera fakturan kompenserar s\u00e4ljaren kunden f\u00f6r skadan.<\/strong><\/p><div><h5>Vid kreditering betalar s\u00e4ljaren till k\u00f6paren<\/h5><p>En kreditering g\u00f6rs genom att s\u00e4ljaren uppr\u00e4ttar\u00a0en kreditfaktura (kreditnota) till k\u00f6paren p\u00e5 ett belopp som kompenserar kunden f\u00f6r skadan. Man kan s\u00e4ga att\u00a0det \u00e4r en motsatt faktura; s\u00e4ljaren betalar kunden. Den ursprungliga fakturan ska inte makuleras utan forts\u00e4tter att existera, vid sidan av kreditfakturan, och kreditfakturan ska h\u00e4nvisa till originalet.<\/p><h5>N\u00e4r beh\u00f6ver man skapa en kreditfaktura?<\/h5><p>Det kan finnas m\u00e5nga anledningar till att man beh\u00f6ver utf\u00e4rda en kreditfaktura. N\u00e5gra exempel \u00e4r:<\/p><ul><li>En felaktig faktura, t ex med felaktigt belopp, beh\u00f6ver korrigeras<\/li><li>Varan som levererats \u00e4r skadad eller felaktig<\/li><li>Varan som k\u00f6paren betalt f\u00f6r har \u00e5terl\u00e4mnats<\/li><\/ul><h5>Vid kreditering \u00e4r beloppen negativa<\/h5><p>En kreditfaktura utformas p\u00e5 samma s\u00e4tt som en vanlig faktura med den skillnaden att du anv\u00e4nder rubriken Kreditfaktura. En annan skillnad \u00e4r att vid en kreditering \u00e4r beloppen negativa.<\/p><\/div>\t\t\t\t\t\t\t\t<\/div>\n\t\t\t\t<\/div>\n\t\t\t\t<\/div>\n\t\t<div class=\"elementor-element elementor-element-9001faa e-con-full e-flex e-con e-child\" data-id=\"9001faa\" data-element_type=\"container\" data-e-type=\"container\">\n\t\t\t\t<div class=\"elementor-element elementor-element-af1b28d elementor-widget elementor-widget-image\" data-id=\"af1b28d\" data-element_type=\"widget\" data-e-type=\"widget\" data-widget_type=\"image.default\">\n\t\t\t\t<div class=\"elementor-widget-container\">\n\t\t\t\t\t\t\t\t\t\t\t\t\t\t\t<img fetchpriority=\"high\" decoding=\"async\" width=\"1024\" height=\"723\" src=\"https:\/\/bjornlunden.com\/wp-content\/uploads\/Lundify_FaktureringLaptop_Phone.png\" class=\"attachment-2048x2048 size-2048x2048 wp-image-42072\" alt=\"Sk\u00e4rmklipp som visar kreditfaktura i Lundify\" srcset=\"https:\/\/bjornlunden.com\/wp-content\/uploads\/Lundify_FaktureringLaptop_Phone.png 1024w, https:\/\/bjornlunden.com\/wp-content\/uploads\/Lundify_FaktureringLaptop_Phone-300x212.png 300w, https:\/\/bjornlunden.com\/wp-content\/uploads\/Lundify_FaktureringLaptop_Phone-768x542.png 768w\" sizes=\"(max-width: 1024px) 100vw, 1024px\" \/>\t\t\t\t\t\t\t\t\t\t\t\t\t\t\t<\/div>\n\t\t\t\t<\/div>\n\t\t\t\t<\/div>\n\t\t\t\t\t<\/div>\n\t\t\t\t<\/div>\n\t\t<div class=\"elementor-element elementor-element-7230557 e-flex e-con-boxed e-con e-parent\" data-id=\"7230557\" data-element_type=\"container\" data-e-type=\"container\" data-settings=\"{&quot;background_background&quot;:&quot;classic&quot;}\">\n\t\t\t\t\t<div class=\"e-con-inner\">\n\t\t\t\t<div class=\"elementor-element elementor-element-6b37872 elementor-widget elementor-widget-spacer\" data-id=\"6b37872\" data-element_type=\"widget\" data-e-type=\"widget\" data-widget_type=\"spacer.default\">\n\t\t\t\t<div class=\"elementor-widget-container\">\n\t\t\t\t\t\t\t<div class=\"elementor-spacer\">\n\t\t\t<div class=\"elementor-spacer-inner\"><\/div>\n\t\t<\/div>\n\t\t\t\t\t\t<\/div>\n\t\t\t\t<\/div>\n\t\t\t\t\t<\/div>\n\t\t\t\t<\/div>\n\t\t<div class=\"elementor-element elementor-element-70f7687 e-con-full e-flex e-con e-parent\" data-id=\"70f7687\" data-element_type=\"container\" data-e-type=\"container\" data-settings=\"{&quot;background_background&quot;:&quot;classic&quot;}\">\n\t\t\t\t<div class=\"elementor-element elementor-element-a172b70 elementor-widget elementor-widget-heading\" data-id=\"a172b70\" data-element_type=\"widget\" data-e-type=\"widget\" data-widget_type=\"heading.default\">\n\t\t\t\t<div class=\"elementor-widget-container\">\n\t\t\t\t\t<h3 class=\"elementor-heading-title elementor-size-default\">V\u00e5ra program med funktionen kreditfaktura<\/h3>\t\t\t\t<\/div>\n\t\t\t\t<\/div>\n\t\t<div class=\"elementor-element elementor-element-b7cb91c e-con-full e-flex e-con e-child\" data-id=\"b7cb91c\" data-element_type=\"container\" data-e-type=\"container\">\n\t\t\t\t<div class=\"elementor-element elementor-element-2606505 elementor-widget elementor-widget-shortcode\" data-id=\"2606505\" data-element_type=\"widget\" data-e-type=\"widget\" data-widget_type=\"shortcode.default\">\n\t\t\t\t<div class=\"elementor-widget-container\">\n\t\t\t\t\t\t\t<div class=\"elementor-shortcode\"><div class=\"product-overview-container single\"><a for=\"everyone\" class=\"filter-yellow border0\" href=\"https:\/\/bjornlunden.com\/se\/redovisning\/bokforingsprogram\/\"><div class=\"product-icon\"><img decoding=\"async\" src=\"https:\/\/bjornlunden.com\/wp-content\/uploads\/BL-Total.svg\" alt=\"Lundify icon\"><\/div><span class=\"grey-tag\">F\u00f6retag &amp; byr\u00e5<\/span><h5>Lundify<\/h5><p class=\"description\">Bokf\u00f6ring utan huvudv\u00e4rk<\/p><\/a><\/div><\/div>\n\t\t\t\t\t\t<\/div>\n\t\t\t\t<\/div>\n\t\t\t\t<div class=\"elementor-element elementor-element-6f8ea65 elementor-widget elementor-widget-shortcode\" data-id=\"6f8ea65\" data-element_type=\"widget\" data-e-type=\"widget\" data-widget_type=\"shortcode.default\">\n\t\t\t\t<div class=\"elementor-widget-container\">\n\t\t\t\t\t\t\t<div class=\"elementor-shortcode\"><div class=\"product-overview-container single\"><a for=\"accountants\" class=\"filter-yellow border0\" href=\"https:\/\/bjornlunden.com\/se\/redovisning\/byralosning\/\"><div class=\"product-icon\"><img decoding=\"async\" src=\"https:\/\/bjornlunden.com\/wp-content\/uploads\/BL-Byra.svg\" alt=\"BL Byr\u00e5 icon\"><\/div><span class=\"grey-tag\">Redovisningsbyr\u00e5<\/span><h5>BL Byr\u00e5<\/h5><p class=\"description\">F\u00f6renklar byr\u00e5ns vardag<\/p><\/a><\/div><\/div>\n\t\t\t\t\t\t<\/div>\n\t\t\t\t<\/div>\n\t\t\t\t<div class=\"elementor-element elementor-element-ea183ca elementor-widget elementor-widget-shortcode\" data-id=\"ea183ca\" data-element_type=\"widget\" data-e-type=\"widget\" data-widget_type=\"shortcode.default\">\n\t\t\t\t<div class=\"elementor-widget-container\">\n\t\t\t\t\t\t\t<div class=\"elementor-shortcode\"><div class=\"product-overview-container single\"><a for=\"entrepreneurs\" class=\"filter-yellow border0\" href=\"https:\/\/bjornlunden.com\/se\/redovisning\/faktureringsprogram\/\"><div class=\"product-icon\"><img decoding=\"async\" src=\"https:\/\/bjornlunden.com\/wp-content\/uploads\/BL-Fakturering.svg\" alt=\"Faktureringsprogram icon\"><\/div><span class=\"grey-tag\">F\u00f6retag<\/span><h5>Faktureringsprogram<\/h5><p class=\"description\">Smidigt faktureringsprogram online<\/p><\/a><\/div><\/div>\n\t\t\t\t\t\t<\/div>\n\t\t\t\t<\/div>\n\t\t\t\t<div class=\"elementor-element elementor-element-df2a3fd elementor-widget elementor-widget-html\" data-id=\"df2a3fd\" data-element_type=\"widget\" data-e-type=\"widget\" data-widget_type=\"html.default\">\n\t\t\t\t<div class=\"elementor-widget-container\">\n\t\t\t\t\t<script>\njQuery(document).ready(function() {\n    gsap.registerPlugin(ScrollTrigger);\n\n    gsap.from(\".product-overview-container > a\", {\n        duration: 0.3,\n        opacity: 0,\n        y: -20,\n        stagger: 0.1,\n        ease: \"power1.out\",\n        scrollTrigger: {\n            trigger: \".product-overview-container\",\n            start: \"top 80%\",\n            end: \"bottom top\",\n            toggleActions: \"play none none play\"\n        }\n    });\n});\n<\/script>\n\t\t\t\t<\/div>\n\t\t\t\t<\/div>\n\t\t\t\t<\/div>\n\t\t\t\t<\/div>\n\t\t<div class=\"elementor-element elementor-element-9cfc491 e-flex e-con-boxed e-con e-parent\" data-id=\"9cfc491\" data-element_type=\"container\" data-e-type=\"container\">\n\t\t\t\t\t<div class=\"e-con-inner\">\n\t\t<div class=\"elementor-element elementor-element-5ec03c1 e-con-full e-flex e-con e-child\" data-id=\"5ec03c1\" data-element_type=\"container\" data-e-type=\"container\">\n\t\t\t\t<div class=\"elementor-element elementor-element-878fee9 elementor-widget elementor-widget-image\" data-id=\"878fee9\" data-element_type=\"widget\" data-e-type=\"widget\" data-widget_type=\"image.default\">\n\t\t\t\t<div class=\"elementor-widget-container\">\n\t\t\t\t\t\t\t\t\t\t\t\t\t\t\t<img decoding=\"async\" width=\"768\" height=\"542\" src=\"https:\/\/bjornlunden.com\/wp-content\/uploads\/Lundify_Laptop_Phone-1-768x542.png\" class=\"attachment-medium_large size-medium_large wp-image-42035\" alt=\"Sk\u00e4rmklipp som visar kreditfaktura i Lundify\" srcset=\"https:\/\/bjornlunden.com\/wp-content\/uploads\/Lundify_Laptop_Phone-1-768x542.png 768w, https:\/\/bjornlunden.com\/wp-content\/uploads\/Lundify_Laptop_Phone-1-300x212.png 300w, https:\/\/bjornlunden.com\/wp-content\/uploads\/Lundify_Laptop_Phone-1-1024x722.png 1024w, https:\/\/bjornlunden.com\/wp-content\/uploads\/Lundify_Laptop_Phone-1.png 1080w\" sizes=\"(max-width: 768px) 100vw, 768px\" \/>\t\t\t\t\t\t\t\t\t\t\t\t\t\t\t<\/div>\n\t\t\t\t<\/div>\n\t\t<div class=\"elementor-element elementor-element-3c262dc e-con-full e-flex e-con e-child\" data-id=\"3c262dc\" data-element_type=\"container\" data-e-type=\"container\">\n\t\t\t\t<div class=\"elementor-element elementor-element-b038581 elementor-widget elementor-widget-heading\" data-id=\"b038581\" data-element_type=\"widget\" data-e-type=\"widget\" data-widget_type=\"heading.default\">\n\t\t\t\t<div class=\"elementor-widget-container\">\n\t\t\t\t\t<h2 class=\"elementor-heading-title elementor-size-default\">Att g\u00f6ra kreditfakturor i v\u00e5ra program<\/h2>\t\t\t\t<\/div>\n\t\t\t\t<\/div>\n\t\t\t\t<div class=\"elementor-element elementor-element-83b7521 elementor-widget elementor-widget-text-editor\" data-id=\"83b7521\" data-element_type=\"widget\" data-e-type=\"widget\" data-widget_type=\"text-editor.default\">\n\t\t\t\t<div class=\"elementor-widget-container\">\n\t\t\t\t\t\t\t\t\t<p>I v\u00e5rt kompletta bokf\u00f6ringsprogram <a href=\"https:\/\/bjornlunden.com\/se\/redovisning\/bokforingsprogram\/\">Lundify<\/a> finns funktioner f\u00f6r att automatiskt kreditera och kopiera tidigare fakturor. N\u00e4r du krediterar en faktura kvittas den automatiskt mot ursprungsfakturan.<\/p>\t\t\t\t\t\t\t\t<\/div>\n\t\t\t\t<\/div>\n\t\t\t\t<\/div>\n\t\t\t\t<\/div>\n\t\t\t\t\t<\/div>\n\t\t\t\t<\/div>\n\t\t<div class=\"elementor-element elementor-element-922c253 e-flex e-con-boxed e-con e-parent\" data-id=\"922c253\" data-element_type=\"container\" data-e-type=\"container\">\n\t\t\t\t\t<div class=\"e-con-inner\">\n\t\t\t\t<div class=\"elementor-element elementor-element-073f9d6 elementor-widget elementor-widget-spacer\" data-id=\"073f9d6\" data-element_type=\"widget\" data-e-type=\"widget\" data-widget_type=\"spacer.default\">\n\t\t\t\t<div class=\"elementor-widget-container\">\n\t\t\t\t\t\t\t<div class=\"elementor-spacer\">\n\t\t\t<div class=\"elementor-spacer-inner\"><\/div>\n\t\t<\/div>\n\t\t\t\t\t\t<\/div>\n\t\t\t\t<\/div>\n\t\t\t\t\t<\/div>\n\t\t\t\t<\/div>\n\t\t<div class=\"elementor-element elementor-element-635cf72 e-flex e-con-boxed e-con e-parent\" data-id=\"635cf72\" data-element_type=\"container\" data-e-type=\"container\">\n\t\t\t\t\t<div class=\"e-con-inner\">\n\t\t<div class=\"elementor-element elementor-element-326db9e e-con-full e-flex e-con e-child\" data-id=\"326db9e\" data-element_type=\"container\" data-e-type=\"container\" data-settings=\"{&quot;background_background&quot;:&quot;classic&quot;}\">\n\t\t\t\t<div class=\"elementor-element elementor-element-171e568 elementor-widget elementor-widget-heading\" data-id=\"171e568\" data-element_type=\"widget\" data-e-type=\"widget\" data-widget_type=\"heading.default\">\n\t\t\t\t<div class=\"elementor-widget-container\">\n\t\t\t\t\t<h2 class=\"elementor-heading-title elementor-size-default\">Fr\u00e5gor &amp; svar<\/h2>\t\t\t\t<\/div>\n\t\t\t\t<\/div>\n\t\t\t\t<div class=\"elementor-element elementor-element-03e43a4 elementor-widget elementor-widget-n-accordion\" data-id=\"03e43a4\" data-element_type=\"widget\" data-e-type=\"widget\" data-settings=\"{&quot;max_items_expended&quot;:&quot;multiple&quot;,&quot;n_accordion_animation_duration&quot;:{&quot;unit&quot;:&quot;ms&quot;,&quot;size&quot;:200,&quot;sizes&quot;:[]},&quot;default_state&quot;:&quot;expanded&quot;}\" data-widget_type=\"nested-accordion.default\">\n\t\t\t\t<div class=\"elementor-widget-container\">\n\t\t\t\t\t\t\t<div class=\"e-n-accordion\" aria-label=\"Accordion. Open links with Enter or Space, close with Escape, and navigate with Arrow Keys\">\n\t\t\t\t\t\t<details id=\"e-n-accordion-item-4080\" class=\"e-n-accordion-item\" open>\n\t\t\t\t<summary class=\"e-n-accordion-item-title\" data-accordion-index=\"1\" tabindex=\"0\" aria-expanded=\"true\" aria-controls=\"e-n-accordion-item-4080\" >\n\t\t\t\t\t<span class='e-n-accordion-item-title-header'><h6 class=\"e-n-accordion-item-title-text\"> Vad \u00e4r en kreditfaktura? <\/h6><\/span>\n\t\t\t\t\t\t\t<span class='e-n-accordion-item-title-icon'>\n\t\t\t<span class='e-opened' ><svg xmlns=\"http:\/\/www.w3.org\/2000\/svg\" width=\"16\" height=\"2\" viewBox=\"0 0 16 2\" fill=\"none\"><path d=\"M15 1.00002L1 1\" stroke=\"#57595F\" stroke-width=\"2\" stroke-linecap=\"round\" stroke-linejoin=\"round\"><\/path><\/svg><\/span>\n\t\t\t<span class='e-closed'><svg xmlns=\"http:\/\/www.w3.org\/2000\/svg\" width=\"16\" height=\"16\" viewBox=\"0 0 16 16\" fill=\"none\"><path d=\"M7.99998 15L7.99998 1.00002M15 8.00003L1.00002 8.00001\" stroke=\"#57595F\" stroke-width=\"2\" stroke-linecap=\"round\" stroke-linejoin=\"round\"><\/path><\/svg><\/span>\n\t\t<\/span>\n\n\t\t\t\t\t\t<\/summary>\n\t\t\t\t<div role=\"region\" aria-labelledby=\"e-n-accordion-item-4080\" class=\"elementor-element elementor-element-dc6b399 e-con-full e-flex e-con e-child\" data-id=\"dc6b399\" data-element_type=\"container\" data-e-type=\"container\">\n\t\t\t\t<div class=\"elementor-element elementor-element-9f4a188 elementor-widget elementor-widget-text-editor\" data-id=\"9f4a188\" data-element_type=\"widget\" data-e-type=\"widget\" data-widget_type=\"text-editor.default\">\n\t\t\t\t<div class=\"elementor-widget-container\">\n\t\t\t\t\t\t\t\t\t<div class=\"wpb_text_column wpb_content_element vc_custom_1629184835236\"><div class=\"wpb_wrapper\"><p>En kreditfaktura anv\u00e4nds n\u00e4r f\u00f6retaget skickat en felaktig faktura eller kunden av n\u00e5gon anledning \u00e4r missn\u00f6jd med en levererad vara eller tj\u00e4nst och d\u00e4rf\u00f6r beg\u00e4r en korrigering. Genom att kreditera fakturan kompenserar s\u00e4ljaren kunden f\u00f6r skadan.<\/p><\/div><\/div>\t\t\t\t\t\t\t\t<\/div>\n\t\t\t\t<\/div>\n\t\t\t\t<\/div>\n\t\t\t\t\t<\/details>\n\t\t\t\t\t\t<details id=\"e-n-accordion-item-4081\" class=\"e-n-accordion-item\" >\n\t\t\t\t<summary class=\"e-n-accordion-item-title\" data-accordion-index=\"2\" tabindex=\"-1\" aria-expanded=\"false\" aria-controls=\"e-n-accordion-item-4081\" >\n\t\t\t\t\t<span class='e-n-accordion-item-title-header'><h6 class=\"e-n-accordion-item-title-text\"> \u00c4r kreditnota samma sak som kreditfaktura? <\/h6><\/span>\n\t\t\t\t\t\t\t<span class='e-n-accordion-item-title-icon'>\n\t\t\t<span class='e-opened' ><svg xmlns=\"http:\/\/www.w3.org\/2000\/svg\" width=\"16\" height=\"2\" viewBox=\"0 0 16 2\" fill=\"none\"><path d=\"M15 1.00002L1 1\" stroke=\"#57595F\" stroke-width=\"2\" stroke-linecap=\"round\" stroke-linejoin=\"round\"><\/path><\/svg><\/span>\n\t\t\t<span class='e-closed'><svg xmlns=\"http:\/\/www.w3.org\/2000\/svg\" width=\"16\" height=\"16\" viewBox=\"0 0 16 16\" fill=\"none\"><path d=\"M7.99998 15L7.99998 1.00002M15 8.00003L1.00002 8.00001\" stroke=\"#57595F\" stroke-width=\"2\" stroke-linecap=\"round\" stroke-linejoin=\"round\"><\/path><\/svg><\/span>\n\t\t<\/span>\n\n\t\t\t\t\t\t<\/summary>\n\t\t\t\t<div role=\"region\" aria-labelledby=\"e-n-accordion-item-4081\" class=\"elementor-element elementor-element-c94a5ce e-con-full e-flex e-con e-child\" data-id=\"c94a5ce\" data-element_type=\"container\" data-e-type=\"container\">\n\t\t\t\t<div class=\"elementor-element elementor-element-5884e31 elementor-widget elementor-widget-text-editor\" data-id=\"5884e31\" data-element_type=\"widget\" data-e-type=\"widget\" data-widget_type=\"text-editor.default\">\n\t\t\t\t<div class=\"elementor-widget-container\">\n\t\t\t\t\t\t\t\t\t<p>Ja, \u00e4ven begreppen \u201dminusfaktura\u201d och \u201domv\u00e4nd faktura\u201d f\u00f6rekommer men kreditfaktura \u00e4r det mest korrekta begreppet.<\/p>\t\t\t\t\t\t\t\t<\/div>\n\t\t\t\t<\/div>\n\t\t\t\t<\/div>\n\t\t\t\t\t<\/details>\n\t\t\t\t\t\t<details id=\"e-n-accordion-item-4082\" class=\"e-n-accordion-item\" >\n\t\t\t\t<summary class=\"e-n-accordion-item-title\" data-accordion-index=\"3\" tabindex=\"-1\" aria-expanded=\"false\" aria-controls=\"e-n-accordion-item-4082\" >\n\t\t\t\t\t<span class='e-n-accordion-item-title-header'><h6 class=\"e-n-accordion-item-title-text\"> Har Bjorn Lundens bokf\u00f6ringsprogram funktioner f\u00f6r att skapa kreditfakturor? <\/h6><\/span>\n\t\t\t\t\t\t\t<span class='e-n-accordion-item-title-icon'>\n\t\t\t<span class='e-opened' ><svg xmlns=\"http:\/\/www.w3.org\/2000\/svg\" width=\"16\" height=\"2\" viewBox=\"0 0 16 2\" fill=\"none\"><path d=\"M15 1.00002L1 1\" stroke=\"#57595F\" stroke-width=\"2\" stroke-linecap=\"round\" stroke-linejoin=\"round\"><\/path><\/svg><\/span>\n\t\t\t<span class='e-closed'><svg xmlns=\"http:\/\/www.w3.org\/2000\/svg\" width=\"16\" height=\"16\" viewBox=\"0 0 16 16\" fill=\"none\"><path d=\"M7.99998 15L7.99998 1.00002M15 8.00003L1.00002 8.00001\" stroke=\"#57595F\" stroke-width=\"2\" stroke-linecap=\"round\" stroke-linejoin=\"round\"><\/path><\/svg><\/span>\n\t\t<\/span>\n\n\t\t\t\t\t\t<\/summary>\n\t\t\t\t<div role=\"region\" aria-labelledby=\"e-n-accordion-item-4082\" class=\"elementor-element elementor-element-a7cd81c e-con-full e-flex e-con e-child\" data-id=\"a7cd81c\" data-element_type=\"container\" data-e-type=\"container\">\n\t\t\t\t<div class=\"elementor-element elementor-element-18ec084 elementor-widget elementor-widget-text-editor\" data-id=\"18ec084\" data-element_type=\"widget\" data-e-type=\"widget\" data-widget_type=\"text-editor.default\">\n\t\t\t\t<div class=\"elementor-widget-container\">\n\t\t\t\t\t\t\t\t\t<p>Ja, i Lundify finns funktioner f\u00f6r att automatiskt kreditera och kopiera tidigare fakturor.<\/p>\t\t\t\t\t\t\t\t<\/div>\n\t\t\t\t<\/div>\n\t\t\t\t<\/div>\n\t\t\t\t\t<\/details>\n\t\t\t\t\t<\/div>\n\t\t\t\t\t<script type=\"application\/ld+json\">{\"@context\":\"https:\\\/\\\/schema.org\",\"@type\":\"FAQPage\",\"mainEntity\":[{\"@type\":\"Question\",\"name\":\"Vad \\u00e4r en kreditfaktura?\",\"acceptedAnswer\":{\"@type\":\"Answer\",\"text\":\"En kreditfaktura anv\\u00e4nds n\\u00e4r f\\u00f6retaget skickat en felaktig faktura eller kunden av n\\u00e5gon anledning \\u00e4r missn\\u00f6jd med en levererad vara eller tj\\u00e4nst och d\\u00e4rf\\u00f6r beg\\u00e4r en korrigering. Genom att kreditera fakturan kompenserar s\\u00e4ljaren kunden f\\u00f6r skadan.\"}},{\"@type\":\"Question\",\"name\":\"\\u00c4r kreditnota samma sak som kreditfaktura?\",\"acceptedAnswer\":{\"@type\":\"Answer\",\"text\":\"Ja, \\u00e4ven begreppen \\u201dminusfaktura\\u201d och \\u201domv\\u00e4nd faktura\\u201d f\\u00f6rekommer men kreditfaktura \\u00e4r det mest korrekta begreppet.\"}},{\"@type\":\"Question\",\"name\":\"Har Bjorn Lundens bokf\\u00f6ringsprogram funktioner f\\u00f6r att skapa kreditfakturor?\",\"acceptedAnswer\":{\"@type\":\"Answer\",\"text\":\"Ja, i Lundify finns funktioner f\\u00f6r att automatiskt kreditera och kopiera tidigare fakturor.\"}}]}<\/script>\n\t\t\t\t\t\t\t<\/div>\n\t\t\t\t<\/div>\n\t\t\t\t<\/div>\n\t\t\t\t\t<\/div>\n\t\t\t\t<\/div>\n\t\t<div class=\"elementor-element elementor-element-8bac681 e-flex e-con-boxed e-con e-parent\" data-id=\"8bac681\" data-element_type=\"container\" data-e-type=\"container\">\n\t\t\t\t\t<div class=\"e-con-inner\">\n\t\t\t\t<div class=\"elementor-element elementor-element-0352c71 elementor-widget elementor-widget-spacer\" data-id=\"0352c71\" data-element_type=\"widget\" data-e-type=\"widget\" data-widget_type=\"spacer.default\">\n\t\t\t\t<div class=\"elementor-widget-container\">\n\t\t\t\t\t\t\t<div class=\"elementor-spacer\">\n\t\t\t<div class=\"elementor-spacer-inner\"><\/div>\n\t\t<\/div>\n\t\t\t\t\t\t<\/div>\n\t\t\t\t<\/div>\n\t\t\t\t\t<\/div>\n\t\t\t\t<\/div>\n\t\t<div class=\"elementor-element elementor-element-e19bfe5 e-flex e-con-boxed e-con e-parent\" data-id=\"e19bfe5\" data-element_type=\"container\" data-e-type=\"container\">\n\t\t\t\t\t<div class=\"e-con-inner\">\n\t\t\t\t\t<\/div>\n\t\t\t\t<\/div>\n\t\t<div class=\"elementor-element elementor-element-3f8534f e-flex e-con-boxed e-con e-parent\" data-id=\"3f8534f\" data-element_type=\"container\" data-e-type=\"container\">\n\t\t\t\t\t<div class=\"e-con-inner\">\n\t\t\t\t\t<\/div>\n\t\t\t\t<\/div>\n\t\t\t\t<\/div>\n\t\t","protected":false},"excerpt":{"rendered":"<p>Kreditfaktura \u2013 s\u00e5 g\u00f6r du Att skapa en kreditfaktura kan bli aktuellt n\u00e4r f\u00f6retaget skickat en felaktig faktura eller kunden av n\u00e5gon anledning \u00e4r missn\u00f6jd med en levererad vara eller tj\u00e4nst och d\u00e4rf\u00f6r beg\u00e4r en korrigering. Genom att kreditera fakturan kompenserar s\u00e4ljaren kunden f\u00f6r skadan. Vid kreditering betalar s\u00e4ljaren till k\u00f6paren En kreditering g\u00f6rs genom [&hellip;]<\/p>\n","protected":false},"author":11,"featured_media":19869,"parent":0,"menu_order":0,"comment_status":"closed","ping_status":"closed","template":"","meta":{"_acf_changed":false,"footnotes":""},"class_list":["post-48893","page","type-page","status-publish","has-post-thumbnail","hentry"],"acf":[],"_links":{"self":[{"href":"https:\/\/bjornlunden.com\/se\/wp-json\/wp\/v2\/pages\/48893","targetHints":{"allow":["GET"]}}],"collection":[{"href":"https:\/\/bjornlunden.com\/se\/wp-json\/wp\/v2\/pages"}],"about":[{"href":"https:\/\/bjornlunden.com\/se\/wp-json\/wp\/v2\/types\/page"}],"author":[{"embeddable":true,"href":"https:\/\/bjornlunden.com\/se\/wp-json\/wp\/v2\/users\/11"}],"replies":[{"embeddable":true,"href":"https:\/\/bjornlunden.com\/se\/wp-json\/wp\/v2\/comments?post=48893"}],"version-history":[{"count":26,"href":"https:\/\/bjornlunden.com\/se\/wp-json\/wp\/v2\/pages\/48893\/revisions"}],"predecessor-version":[{"id":50642,"href":"https:\/\/bjornlunden.com\/se\/wp-json\/wp\/v2\/pages\/48893\/revisions\/50642"}],"wp:featuredmedia":[{"embeddable":true,"href":"https:\/\/bjornlunden.com\/se\/wp-json\/wp\/v2\/media\/19869"}],"wp:attachment":[{"href":"https:\/\/bjornlunden.com\/se\/wp-json\/wp\/v2\/media?parent=48893"}],"curies":[{"name":"wp","href":"https:\/\/api.w.org\/{rel}","templated":true}]}}