{"id":4637,"date":"2024-09-09T16:24:18","date_gmt":"2024-09-09T14:24:18","guid":{"rendered":"https:\/\/bjornlunden.com\/?page_id=4637"},"modified":"2025-12-19T08:14:21","modified_gmt":"2025-12-19T07:14:21","slug":"tid-lonehantering","status":"publish","type":"page","link":"https:\/\/bjornlunden.com\/se\/tid-lonehantering\/","title":{"rendered":"Tid &amp; L\u00f6n"},"content":{"rendered":"\t\t<div data-elementor-type=\"wp-page\" data-elementor-id=\"4637\" class=\"elementor elementor-4637\" data-elementor-post-type=\"page\">\n\t\t\t\t<div class=\"elementor-element elementor-element-d396579 e-flex e-con-boxed e-con e-parent\" data-id=\"d396579\" data-element_type=\"container\" data-e-type=\"container\">\n\t\t\t\t\t<div class=\"e-con-inner\">\n\t\t\t\t<div class=\"elementor-element elementor-element-da1cfa0 elementor-absolute elementor-hidden-tablet elementor-widget elementor-widget-image\" data-id=\"da1cfa0\" data-element_type=\"widget\" data-e-type=\"widget\" data-settings=\"{&quot;_position&quot;:&quot;absolute&quot;}\" data-widget_type=\"image.default\">\n\t\t\t\t<div class=\"elementor-widget-container\">\n\t\t\t\t\t\t\t\t\t\t\t\t\t\t\t<img decoding=\"async\" width=\"72\" height=\"72\" src=\"https:\/\/bjornlunden.com\/wp-content\/uploads\/star-blue.svg\" class=\"attachment-large size-large wp-image-4579\" alt=\"Star\" \/>\t\t\t\t\t\t\t\t\t\t\t\t\t\t\t<\/div>\n\t\t\t\t<\/div>\n\t\t\t\t<div class=\"elementor-element elementor-element-9a8b172 elementor-absolute elementor-hidden-tablet elementor-widget elementor-widget-image\" data-id=\"9a8b172\" data-element_type=\"widget\" data-e-type=\"widget\" data-settings=\"{&quot;_position&quot;:&quot;absolute&quot;}\" data-widget_type=\"image.default\">\n\t\t\t\t<div class=\"elementor-widget-container\">\n\t\t\t\t\t\t\t\t\t\t\t\t\t\t\t<img fetchpriority=\"high\" decoding=\"async\" width=\"800\" height=\"624\" src=\"https:\/\/bjornlunden.com\/wp-content\/uploads\/SE-usps-time-laptop-mock-up-.png\" class=\"attachment-large size-large wp-image-6887\" alt=\"Dashboard Tid & L\u00f6n\" srcset=\"https:\/\/bjornlunden.com\/wp-content\/uploads\/SE-usps-time-laptop-mock-up-.png 875w, https:\/\/bjornlunden.com\/wp-content\/uploads\/SE-usps-time-laptop-mock-up--300x234.png 300w, https:\/\/bjornlunden.com\/wp-content\/uploads\/SE-usps-time-laptop-mock-up--768x599.png 768w\" sizes=\"(max-width: 800px) 100vw, 800px\" \/>\t\t\t\t\t\t\t\t\t\t\t\t\t\t\t<\/div>\n\t\t\t\t<\/div>\n\t\t<div class=\"elementor-element elementor-element-e539214 e-con-full e-flex e-con e-child\" data-id=\"e539214\" data-element_type=\"container\" data-e-type=\"container\">\n\t\t\t\t<div class=\"elementor-element elementor-element-2e059ca elementor-widget elementor-widget-heading\" data-id=\"2e059ca\" data-element_type=\"widget\" data-e-type=\"widget\" data-widget_type=\"heading.default\">\n\t\t\t\t<div class=\"elementor-widget-container\">\n\t\t\t\t\t<h1 class=\"elementor-heading-title elementor-size-default\">Tid &amp; L\u00f6nehantering<\/h1>\t\t\t\t<\/div>\n\t\t\t\t<\/div>\n\t\t\t\t<div class=\"elementor-element elementor-element-11e40db body20 elementor-widget elementor-widget-text-editor\" data-id=\"11e40db\" data-element_type=\"widget\" data-e-type=\"widget\" data-widget_type=\"text-editor.default\">\n\t\t\t\t<div class=\"elementor-widget-container\">\n\t\t\t\t\t\t\t\t\t<p>Smarta l\u00f6sningar f\u00f6r dig som vill ha ett smidigt fl\u00f6de fr\u00e5n tidrapporter till l\u00f6neberedning och fakturering. L\u00e5t programmen s\u00e4kerst\u00e4lla ordning och reda \u2013 s\u00e5 att pengarna landar r\u00e4tt p\u00e5 fredag.<\/p>\t\t\t\t\t\t\t\t<\/div>\n\t\t\t\t<\/div>\n\t\t<div class=\"elementor-element elementor-element-aa9e372 e-con-full e-flex e-con e-child\" data-id=\"aa9e372\" data-element_type=\"container\" data-e-type=\"container\">\n\t\t\t\t<div class=\"elementor-element elementor-element-569a0fd btn black elementor-widget elementor-widget-button\" data-id=\"569a0fd\" data-element_type=\"widget\" data-e-type=\"widget\" data-widget_type=\"button.default\">\n\t\t\t\t<div class=\"elementor-widget-container\">\n\t\t\t\t\t\t\t\t\t<div class=\"elementor-button-wrapper\">\n\t\t\t\t\t<a class=\"elementor-button elementor-button-link elementor-size-sm\" href=\"#scroll\">\n\t\t\t\t\t\t<span class=\"elementor-button-content-wrapper\">\n\t\t\t\t\t\t\t\t\t<span class=\"elementor-button-text\">Visa allt inom Tid &amp; L\u00f6n<\/span>\n\t\t\t\t\t<\/span>\n\t\t\t\t\t<\/a>\n\t\t\t\t<\/div>\n\t\t\t\t\t\t\t\t<\/div>\n\t\t\t\t<\/div>\n\t\t\t\t<div class=\"elementor-element elementor-element-286defa btn white elementor-widget elementor-widget-button\" data-id=\"286defa\" data-element_type=\"widget\" data-e-type=\"widget\" data-widget_type=\"button.default\">\n\t\t\t\t<div class=\"elementor-widget-container\">\n\t\t\t\t\t\t\t\t\t<div class=\"elementor-button-wrapper\">\n\t\t\t\t\t<a class=\"elementor-button elementor-button-link elementor-size-sm\" href=\"https:\/\/bjornlunden.com\/se\/demo\/\">\n\t\t\t\t\t\t<span class=\"elementor-button-content-wrapper\">\n\t\t\t\t\t\t\t\t\t<span class=\"elementor-button-text\">Boka demo<\/span>\n\t\t\t\t\t<\/span>\n\t\t\t\t\t<\/a>\n\t\t\t\t<\/div>\n\t\t\t\t\t\t\t\t<\/div>\n\t\t\t\t<\/div>\n\t\t\t\t<\/div>\n\t\t\t\t<\/div>\n\t\t\t\t\t<\/div>\n\t\t\t\t<\/div>\n\t\t<div class=\"elementor-element elementor-element-41f0cbf e-flex e-con-boxed e-con e-parent\" data-id=\"41f0cbf\" data-element_type=\"container\" data-e-type=\"container\" id=\"scroll\" data-settings=\"{&quot;background_background&quot;:&quot;classic&quot;}\">\n\t\t\t\t\t<div class=\"e-con-inner\">\n\t\t\t\t<div class=\"elementor-element elementor-element-894d24b elementor-widget elementor-widget-heading\" data-id=\"894d24b\" data-element_type=\"widget\" data-e-type=\"widget\" data-widget_type=\"heading.default\">\n\t\t\t\t<div class=\"elementor-widget-container\">\n\t\t\t\t\t<h2 class=\"elementor-heading-title elementor-size-default\">Vad beh\u00f6ver du?<\/h2>\t\t\t\t<\/div>\n\t\t\t\t<\/div>\n\t\t\t\t<div class=\"elementor-element elementor-element-795d51e elementor-widget elementor-widget-shortcode\" data-id=\"795d51e\" data-element_type=\"widget\" data-e-type=\"widget\" data-widget_type=\"shortcode.default\">\n\t\t\t\t<div class=\"elementor-widget-container\">\n\t\t\t\t\t\t\t<div class=\"elementor-shortcode\"><div class=\"product-overview-container\"><a for=\"everyone\" class=\"filter-yellow border0\" href=\"https:\/\/bjornlunden.com\/se\/tid-lonehantering\/lonesystem\/\"><div class=\"product-icon\"><img decoding=\"async\" src=\"https:\/\/bjornlunden.com\/wp-content\/uploads\/Lon__Hand.svg\" alt=\"Lundify Payroll icon\"><\/div><span class=\"grey-tag\">F\u00f6retag &amp; byr\u00e5<\/span><h5>Lundify Payroll<\/h5><p class=\"description\">L\u00f6nehantering som den borde vara<\/p><\/a><a for=\"entrepreneurs\" class=\"filter-yellow border0\" href=\"https:\/\/bjornlunden.com\/se\/bla-lon-plus\/\"><div class=\"product-icon\"><img decoding=\"async\" src=\"https:\/\/bjornlunden.com\/wp-content\/uploads\/BL-Lon-Plus.svg\" alt=\"BLA L\u00f6n Plus icon\"><\/div><span class=\"grey-tag\">F\u00f6retag<\/span><h5>BLA L\u00f6n Plus<\/h5><p class=\"description\">L\u00f6neprogram f\u00f6r dig som kr\u00e4ver det b\u00e4sta<\/p><\/a><\/div><\/div>\n\t\t\t\t\t\t<\/div>\n\t\t\t\t<\/div>\n\t\t\t\t<div class=\"elementor-element elementor-element-5145349 elementor-widget elementor-widget-html\" data-id=\"5145349\" data-element_type=\"widget\" data-e-type=\"widget\" data-widget_type=\"html.default\">\n\t\t\t\t<div class=\"elementor-widget-container\">\n\t\t\t\t\t<script>\njQuery(document).ready(function() {\n    gsap.registerPlugin(ScrollTrigger);\n\n    gsap.from(\".product-overview-container > a\", {\n        duration: 0.3,\n        opacity: 0,\n        y: -20,\n        stagger: 0.1,\n        ease: \"power1.out\",\n        scrollTrigger: {\n            trigger: \".product-overview-container\",\n            start: \"top 80%\",\n            end: \"bottom top\",\n            toggleActions: \"play none none play\"\n        }\n    });\n});\n<\/script>\n\t\t\t\t<\/div>\n\t\t\t\t<\/div>\n\t\t\t\t\t<\/div>\n\t\t\t\t<\/div>\n\t\t<div class=\"elementor-element elementor-element-9dfb8ac e-flex e-con-boxed e-con e-parent\" data-id=\"9dfb8ac\" data-element_type=\"container\" data-e-type=\"container\">\n\t\t\t\t\t<div class=\"e-con-inner\">\n\t\t<div class=\"elementor-element elementor-element-58ecbde e-con-full e-flex e-con e-child\" data-id=\"58ecbde\" data-element_type=\"container\" data-e-type=\"container\">\n\t\t<div class=\"elementor-element elementor-element-4de7d71 e-con-full e-flex elementor-invisible e-con e-child\" data-id=\"4de7d71\" data-element_type=\"container\" data-e-type=\"container\" data-settings=\"{&quot;animation&quot;:&quot;fadeInLeft&quot;}\">\n\t\t\t\t<div class=\"elementor-element elementor-element-c2c5e1a elementor-widget elementor-widget-heading\" data-id=\"c2c5e1a\" data-element_type=\"widget\" data-e-type=\"widget\" data-widget_type=\"heading.default\">\n\t\t\t\t<div class=\"elementor-widget-container\">\n\t\t\t\t\t<h2 class=\"elementor-heading-title elementor-size-default\">L\u00f6nehantering<\/h2>\t\t\t\t<\/div>\n\t\t\t\t<\/div>\n\t\t\t\t<div class=\"elementor-element elementor-element-54ea49b elementor-widget elementor-widget-heading\" data-id=\"54ea49b\" data-element_type=\"widget\" data-e-type=\"widget\" data-widget_type=\"heading.default\">\n\t\t\t\t<div class=\"elementor-widget-container\">\n\t\t\t\t\t<h4 class=\"elementor-heading-title elementor-size-default\">\u2013 ett viktigt arbetsomr\u00e5de<\/h4>\t\t\t\t<\/div>\n\t\t\t\t<\/div>\n\t\t\t\t<\/div>\n\t\t<div class=\"elementor-element elementor-element-6e3dd5f e-con-full e-flex elementor-invisible e-con e-child\" data-id=\"6e3dd5f\" data-element_type=\"container\" data-e-type=\"container\" data-settings=\"{&quot;animation&quot;:&quot;fadeInLeft&quot;}\">\n\t\t\t\t<div class=\"elementor-element elementor-element-2015b83 elementor-widget elementor-widget-image\" data-id=\"2015b83\" data-element_type=\"widget\" data-e-type=\"widget\" data-widget_type=\"image.default\">\n\t\t\t\t<div class=\"elementor-widget-container\">\n\t\t\t\t\t\t\t\t\t\t\t\t\t\t\t<img decoding=\"async\" width=\"800\" height=\"533\" src=\"https:\/\/bjornlunden.com\/wp-content\/uploads\/Lonehantering.jpg\" class=\"attachment-large size-large wp-image-41988\" alt=\"\" srcset=\"https:\/\/bjornlunden.com\/wp-content\/uploads\/Lonehantering.jpg 1000w, https:\/\/bjornlunden.com\/wp-content\/uploads\/Lonehantering-300x200.jpg 300w, https:\/\/bjornlunden.com\/wp-content\/uploads\/Lonehantering-768x511.jpg 768w\" sizes=\"(max-width: 800px) 100vw, 800px\" \/>\t\t\t\t\t\t\t\t\t\t\t\t\t\t\t<\/div>\n\t\t\t\t<\/div>\n\t\t\t\t<\/div>\n\t\t\t\t<\/div>\n\t\t<div class=\"elementor-element elementor-element-65fd445 e-con-full e-flex e-con e-child\" data-id=\"65fd445\" data-element_type=\"container\" data-e-type=\"container\">\n\t\t\t\t<div class=\"elementor-element elementor-element-66e8a24 elementor-widget elementor-widget-text-editor\" data-id=\"66e8a24\" data-element_type=\"widget\" data-e-type=\"widget\" data-widget_type=\"text-editor.default\">\n\t\t\t\t<div class=\"elementor-widget-container\">\n\t\t\t\t\t\t\t\t\t<p>L\u00f6nehantering, eller l\u00f6ne\u00ad\u00adadministra\u00adtion som det ocks\u00e5 kallas, \u00e4r ett viktigt arbets\u00adomr\u00e5de som p\u00e5verkas av flera omfattande regel\u00adverk. B\u00e5de f\u00f6r anst\u00e4llda och arbetsgivare \u00e4r det angel\u00e4get att l\u00f6ner, f\u00f6rm\u00e5ner, ers\u00e4tt\u00adningar och avdrag ber\u00e4knas korrekt. Dessutom kr\u00e4ver interna och externa intressenter \u2013 tex anst\u00e4llda, fack\u00adf\u00f6rbund, myndig\u00adheter och f\u00f6r\u00ads\u00e4k\u00adrings\u00ad\u00adbolag \u2013 olika slags personal\u00ad\u00adrelaterad information fr\u00e5n f\u00f6retagets l\u00f6n\u00ade\u00adhantering.<\/p><p>F\u00f6r att uppfylla alla regler och informations\u00ad\u00adkrav, och skapa ett effektivt fl\u00f6de i l\u00f6ne\u00ad\u00adhanteringen, \u00e4r det viktigt att du g\u00f6r r\u00e4tt fr\u00e5n b\u00f6rjan. Det handlar fr\u00e4mst om att arbeta med ett upp\u00addaterat l\u00f6ne\u00ad\u00adsystem och att du \u00e4r noggrann redan n\u00e4r du l\u00e4gger in grund\u00aduppgifter om den anst\u00e4llde och om till\u00e4mp\u00adliga avtal och skatte\u00ad\u00adtabeller, osv<\/p>\t\t\t\t\t\t\t\t<\/div>\n\t\t\t\t<\/div>\n\t\t\t\t<\/div>\n\t\t\t\t\t<\/div>\n\t\t\t\t<\/div>\n\t\t<div class=\"elementor-element elementor-element-90bc42e e-flex e-con-boxed e-con e-parent\" data-id=\"90bc42e\" data-element_type=\"container\" data-e-type=\"container\">\n\t\t\t\t\t<div class=\"e-con-inner\">\n\t\t<div class=\"elementor-element elementor-element-826efed e-con-full e-flex e-con e-child\" data-id=\"826efed\" data-element_type=\"container\" data-e-type=\"container\" data-settings=\"{&quot;background_background&quot;:&quot;classic&quot;}\">\n\t\t\t\t<div class=\"elementor-element elementor-element-2733ae6 elementor-widget elementor-widget-heading\" data-id=\"2733ae6\" data-element_type=\"widget\" data-e-type=\"widget\" data-widget_type=\"heading.default\">\n\t\t\t\t<div class=\"elementor-widget-container\">\n\t\t\t\t\t<h2 class=\"elementor-heading-title elementor-size-default\">Fr\u00e5gor &amp; svar<\/h2>\t\t\t\t<\/div>\n\t\t\t\t<\/div>\n\t\t\t\t<div class=\"elementor-element elementor-element-412025c elementor-widget elementor-widget-n-accordion\" data-id=\"412025c\" data-element_type=\"widget\" data-e-type=\"widget\" data-settings=\"{&quot;max_items_expended&quot;:&quot;multiple&quot;,&quot;n_accordion_animation_duration&quot;:{&quot;unit&quot;:&quot;ms&quot;,&quot;size&quot;:200,&quot;sizes&quot;:[]},&quot;default_state&quot;:&quot;expanded&quot;}\" data-widget_type=\"nested-accordion.default\">\n\t\t\t\t<div class=\"elementor-widget-container\">\n\t\t\t\t\t\t\t<div class=\"e-n-accordion\" aria-label=\"Accordion. Open links with Enter or Space, close with Escape, and navigate with Arrow Keys\">\n\t\t\t\t\t\t<details id=\"e-n-accordion-item-6820\" class=\"e-n-accordion-item\" open>\n\t\t\t\t<summary class=\"e-n-accordion-item-title\" data-accordion-index=\"1\" tabindex=\"0\" aria-expanded=\"true\" aria-controls=\"e-n-accordion-item-6820\" >\n\t\t\t\t\t<span class='e-n-accordion-item-title-header'><h6 class=\"e-n-accordion-item-title-text\"> Kr\u00e4vs det n\u00e5gon s\u00e4rskild utbildning f\u00f6r att arbeta med l\u00f6nehantering? <\/h6><\/span>\n\t\t\t\t\t\t\t<span class='e-n-accordion-item-title-icon'>\n\t\t\t<span class='e-opened' ><svg xmlns=\"http:\/\/www.w3.org\/2000\/svg\" width=\"16\" height=\"2\" viewBox=\"0 0 16 2\" fill=\"none\"><path d=\"M15 1.00002L1 1\" stroke=\"#57595F\" stroke-width=\"2\" stroke-linecap=\"round\" stroke-linejoin=\"round\"><\/path><\/svg><\/span>\n\t\t\t<span class='e-closed'><svg xmlns=\"http:\/\/www.w3.org\/2000\/svg\" width=\"16\" height=\"16\" viewBox=\"0 0 16 16\" fill=\"none\"><path d=\"M7.99998 15L7.99998 1.00002M15 8.00003L1.00002 8.00001\" stroke=\"#57595F\" stroke-width=\"2\" stroke-linecap=\"round\" stroke-linejoin=\"round\"><\/path><\/svg><\/span>\n\t\t<\/span>\n\n\t\t\t\t\t\t<\/summary>\n\t\t\t\t<div role=\"region\" aria-labelledby=\"e-n-accordion-item-6820\" class=\"elementor-element elementor-element-564dee6 e-con-full e-flex e-con e-child\" data-id=\"564dee6\" data-element_type=\"container\" data-e-type=\"container\">\n\t\t\t\t<div class=\"elementor-element elementor-element-11c58e0 elementor-widget elementor-widget-text-editor\" data-id=\"11c58e0\" data-element_type=\"widget\" data-e-type=\"widget\" data-widget_type=\"text-editor.default\">\n\t\t\t\t<div class=\"elementor-widget-container\">\n\t\t\t\t\t\t\t\t\t<p><span dir=\"ltr\" role=\"presentation\">Nej, det finns inga formella utbildningskrav f\u00f6r att jobba med l\u00f6nehantering. Allt<\/span><br role=\"presentation\" \/><span dir=\"ltr\" role=\"presentation\">fler l\u00f6ne- och personaladministrat\u00f6rer v\u00e4ljer dock att utbilda sig vidare och<\/span><br role=\"presentation\" \/><span dir=\"ltr\" role=\"presentation\">genomg\u00e5 auktorisation f\u00f6r att bli auktoriserade l\u00f6nekonsulter.<\/span><\/p>\t\t\t\t\t\t\t\t<\/div>\n\t\t\t\t<\/div>\n\t\t\t\t<\/div>\n\t\t\t\t\t<\/details>\n\t\t\t\t\t\t<details id=\"e-n-accordion-item-6821\" class=\"e-n-accordion-item\" >\n\t\t\t\t<summary class=\"e-n-accordion-item-title\" data-accordion-index=\"2\" tabindex=\"-1\" aria-expanded=\"false\" aria-controls=\"e-n-accordion-item-6821\" >\n\t\t\t\t\t<span class='e-n-accordion-item-title-header'><h6 class=\"e-n-accordion-item-title-text\"> Vilket omr\u00e5de \u00e4r sv\u00e5rast inom l\u00f6nehantering? <\/h6><\/span>\n\t\t\t\t\t\t\t<span class='e-n-accordion-item-title-icon'>\n\t\t\t<span class='e-opened' ><svg xmlns=\"http:\/\/www.w3.org\/2000\/svg\" width=\"16\" height=\"2\" viewBox=\"0 0 16 2\" fill=\"none\"><path d=\"M15 1.00002L1 1\" stroke=\"#57595F\" stroke-width=\"2\" stroke-linecap=\"round\" stroke-linejoin=\"round\"><\/path><\/svg><\/span>\n\t\t\t<span class='e-closed'><svg xmlns=\"http:\/\/www.w3.org\/2000\/svg\" width=\"16\" height=\"16\" viewBox=\"0 0 16 16\" fill=\"none\"><path d=\"M7.99998 15L7.99998 1.00002M15 8.00003L1.00002 8.00001\" stroke=\"#57595F\" stroke-width=\"2\" stroke-linecap=\"round\" stroke-linejoin=\"round\"><\/path><\/svg><\/span>\n\t\t<\/span>\n\n\t\t\t\t\t\t<\/summary>\n\t\t\t\t<div role=\"region\" aria-labelledby=\"e-n-accordion-item-6821\" class=\"elementor-element elementor-element-a82941d e-con-full e-flex e-con e-child\" data-id=\"a82941d\" data-element_type=\"container\" data-e-type=\"container\">\n\t\t\t\t<div class=\"elementor-element elementor-element-d35434d elementor-widget elementor-widget-text-editor\" data-id=\"d35434d\" data-element_type=\"widget\" data-e-type=\"widget\" data-widget_type=\"text-editor.default\">\n\t\t\t\t<div class=\"elementor-widget-container\">\n\t\t\t\t\t\t\t\t\t<div class=\"react-pdf__Page__textContent textLayer\" data-main-rotation=\"0\"><span dir=\"ltr\" role=\"presentation\">Det finns s\u00e4kerligen olika uppfattningar om det, men m\u00e5nga skulle nog s\u00e4ga att<\/span><br role=\"presentation\" \/><span dir=\"ltr\" role=\"presentation\">det \u00e4r semesterhanteringen. F\u00f6r en snabbgenomg\u00e5ng i \u00e4mnet rekommenderar vi<\/span><br role=\"presentation\" \/><a href=\"https:\/\/bjornlunden.com\/se\/bjornkoll\/blogg\/semesterlon-semesterersattning-och-semestertillagg\/\"><span dir=\"ltr\" role=\"presentation\">det h\u00e4r blogginl\u00e4gget<\/span><\/a><span dir=\"ltr\" role=\"presentation\">.<\/span><\/div>\t\t\t\t\t\t\t\t<\/div>\n\t\t\t\t<\/div>\n\t\t\t\t<\/div>\n\t\t\t\t\t<\/details>\n\t\t\t\t\t\t<details id=\"e-n-accordion-item-6822\" class=\"e-n-accordion-item\" >\n\t\t\t\t<summary class=\"e-n-accordion-item-title\" data-accordion-index=\"3\" tabindex=\"-1\" aria-expanded=\"false\" aria-controls=\"e-n-accordion-item-6822\" >\n\t\t\t\t\t<span class='e-n-accordion-item-title-header'><h6 class=\"e-n-accordion-item-title-text\"> Erbjuder ni p\u00e5 Bjorn Lunden n\u00e5gra utbildningar inom l\u00f6n? <\/h6><\/span>\n\t\t\t\t\t\t\t<span class='e-n-accordion-item-title-icon'>\n\t\t\t<span class='e-opened' ><svg xmlns=\"http:\/\/www.w3.org\/2000\/svg\" width=\"16\" height=\"2\" viewBox=\"0 0 16 2\" fill=\"none\"><path d=\"M15 1.00002L1 1\" stroke=\"#57595F\" stroke-width=\"2\" stroke-linecap=\"round\" stroke-linejoin=\"round\"><\/path><\/svg><\/span>\n\t\t\t<span class='e-closed'><svg xmlns=\"http:\/\/www.w3.org\/2000\/svg\" width=\"16\" height=\"16\" viewBox=\"0 0 16 16\" fill=\"none\"><path d=\"M7.99998 15L7.99998 1.00002M15 8.00003L1.00002 8.00001\" stroke=\"#57595F\" stroke-width=\"2\" stroke-linecap=\"round\" stroke-linejoin=\"round\"><\/path><\/svg><\/span>\n\t\t<\/span>\n\n\t\t\t\t\t\t<\/summary>\n\t\t\t\t<div role=\"region\" aria-labelledby=\"e-n-accordion-item-6822\" class=\"elementor-element elementor-element-aaa4cba e-con-full e-flex e-con e-child\" data-id=\"aaa4cba\" data-element_type=\"container\" data-e-type=\"container\">\n\t\t\t\t<div class=\"elementor-element elementor-element-ecf3172 elementor-widget elementor-widget-text-editor\" data-id=\"ecf3172\" data-element_type=\"widget\" data-e-type=\"widget\" data-widget_type=\"text-editor.default\">\n\t\t\t\t<div class=\"elementor-widget-container\">\n\t\t\t\t\t\t\t\t\t<div class=\"react-pdf__Page__textContent textLayer\" data-main-rotation=\"0\"><span dir=\"ltr\" role=\"presentation\">Ja, vi har b\u00e5de grundkurser i l\u00f6n och f\u00f6rdjupningskurser inom speciella omr\u00e5den<\/span><br role=\"presentation\" \/><span dir=\"ltr\" role=\"presentation\">som semesterhantering och sjukl\u00f6neber\u00e4kning. Har du sv\u00e5rt att komma iv\u00e4g p\u00e5<\/span><br role=\"presentation\" \/><span dir=\"ltr\" role=\"presentation\">kurs kan du v\u00e4lja att g\u00e5 kursen online.<\/span> <a href=\"https:\/\/www.bjornlunden.se\/kurser\/l%C3%B6nekurser\"><span dir=\"ltr\" role=\"presentation\">H\u00e4r hittar du v\u00e5ra l\u00f6nekurser<\/span><span dir=\"ltr\" role=\"presentation\">.<\/span><\/a><div class=\"endOfContent\">\u00a0<\/div><\/div><div class=\"react-pdf__Page__annotations annotationLayer\" data-main-rotation=\"0\">\u00a0<\/div>\t\t\t\t\t\t\t\t<\/div>\n\t\t\t\t<\/div>\n\t\t\t\t<\/div>\n\t\t\t\t\t<\/details>\n\t\t\t\t\t<\/div>\n\t\t\t\t\t<script type=\"application\/ld+json\">{\"@context\":\"https:\\\/\\\/schema.org\",\"@type\":\"FAQPage\",\"mainEntity\":[{\"@type\":\"Question\",\"name\":\"Kr\\u00e4vs det n\\u00e5gon s\\u00e4rskild utbildning f\\u00f6r att arbeta med l\\u00f6nehantering?\",\"acceptedAnswer\":{\"@type\":\"Answer\",\"text\":\"Nej, det finns inga formella utbildningskrav f\\u00f6r att jobba med l\\u00f6nehantering. Alltfler l\\u00f6ne- och personaladministrat\\u00f6rer v\\u00e4ljer dock att utbilda sig vidare ochgenomg\\u00e5 auktorisation f\\u00f6r att bli auktoriserade l\\u00f6nekonsulter.\"}},{\"@type\":\"Question\",\"name\":\"Vilket omr\\u00e5de \\u00e4r sv\\u00e5rast inom l\\u00f6nehantering?\",\"acceptedAnswer\":{\"@type\":\"Answer\",\"text\":\"Det finns s\\u00e4kerligen olika uppfattningar om det, men m\\u00e5nga skulle nog s\\u00e4ga attdet \\u00e4r semesterhanteringen. F\\u00f6r en snabbgenomg\\u00e5ng i \\u00e4mnet rekommenderar videt h\\u00e4r blogginl\\u00e4gget.\"}},{\"@type\":\"Question\",\"name\":\"Erbjuder ni p\\u00e5 Bjorn Lunden n\\u00e5gra utbildningar inom l\\u00f6n?\",\"acceptedAnswer\":{\"@type\":\"Answer\",\"text\":\"Ja, vi har b\\u00e5de grundkurser i l\\u00f6n och f\\u00f6rdjupningskurser inom speciella omr\\u00e5densom semesterhantering och sjukl\\u00f6neber\\u00e4kning. Har du sv\\u00e5rt att komma iv\\u00e4g p\\u00e5kurs kan du v\\u00e4lja att g\\u00e5 kursen online. H\\u00e4r hittar du v\\u00e5ra l\\u00f6nekurser.\\u00a0\\u00a0\"}}]}<\/script>\n\t\t\t\t\t\t\t<\/div>\n\t\t\t\t<\/div>\n\t\t\t\t<\/div>\n\t\t\t\t\t<\/div>\n\t\t\t\t<\/div>\n\t\t\t\t<\/div>\n\t\t","protected":false},"excerpt":{"rendered":"<p>Tid &amp; L\u00f6nehantering Smarta l\u00f6sningar f\u00f6r dig som vill ha ett smidigt fl\u00f6de fr\u00e5n tidrapporter till l\u00f6neberedning och fakturering. L\u00e5t programmen s\u00e4kerst\u00e4lla ordning och reda \u2013 s\u00e5 att pengarna landar r\u00e4tt p\u00e5 fredag. Visa allt inom Tid &amp; L\u00f6n Boka demo Vad beh\u00f6ver du? L\u00f6nehantering \u2013 ett viktigt arbetsomr\u00e5de L\u00f6nehantering, eller l\u00f6ne\u00ad\u00adadministra\u00adtion som det ocks\u00e5 [&hellip;]<\/p>\n","protected":false},"author":2,"featured_media":29883,"parent":0,"menu_order":0,"comment_status":"closed","ping_status":"closed","template":"","meta":{"_acf_changed":false,"footnotes":""},"class_list":["post-4637","page","type-page","status-publish","has-post-thumbnail","hentry"],"acf":[],"_links":{"self":[{"href":"https:\/\/bjornlunden.com\/se\/wp-json\/wp\/v2\/pages\/4637","targetHints":{"allow":["GET"]}}],"collection":[{"href":"https:\/\/bjornlunden.com\/se\/wp-json\/wp\/v2\/pages"}],"about":[{"href":"https:\/\/bjornlunden.com\/se\/wp-json\/wp\/v2\/types\/page"}],"author":[{"embeddable":true,"href":"https:\/\/bjornlunden.com\/se\/wp-json\/wp\/v2\/users\/2"}],"replies":[{"embeddable":true,"href":"https:\/\/bjornlunden.com\/se\/wp-json\/wp\/v2\/comments?post=4637"}],"version-history":[{"count":154,"href":"https:\/\/bjornlunden.com\/se\/wp-json\/wp\/v2\/pages\/4637\/revisions"}],"predecessor-version":[{"id":58035,"href":"https:\/\/bjornlunden.com\/se\/wp-json\/wp\/v2\/pages\/4637\/revisions\/58035"}],"wp:featuredmedia":[{"embeddable":true,"href":"https:\/\/bjornlunden.com\/se\/wp-json\/wp\/v2\/media\/29883"}],"wp:attachment":[{"href":"https:\/\/bjornlunden.com\/se\/wp-json\/wp\/v2\/media?parent=4637"}],"curies":[{"name":"wp","href":"https:\/\/api.w.org\/{rel}","templated":true}]}}