 {"id":4299,"date":"2024-09-03T10:42:06","date_gmt":"2024-09-03T08:42:06","guid":{"rendered":"https:\/\/bjornlunden.com\/losningar-for-din-redovisning\/"},"modified":"2025-10-16T13:35:32","modified_gmt":"2025-10-16T11:35:32","slug":"redovisning","status":"publish","type":"page","link":"https:\/\/bjornlunden.com\/se\/redovisning\/","title":{"rendered":"L\u00f6sningar f\u00f6r din redovisning"},"content":{"rendered":"\t\t<div data-elementor-type=\"wp-page\" data-elementor-id=\"4299\" class=\"elementor elementor-4299 elementor-3881\" data-elementor-post-type=\"page\">\n\t\t\t\t<div class=\"elementor-element elementor-element-fe67a4d e-flex e-con-boxed e-con e-parent\" data-id=\"fe67a4d\" data-element_type=\"container\" data-e-type=\"container\">\n\t\t\t\t\t<div class=\"e-con-inner\">\n\t\t\t\t<div class=\"elementor-element elementor-element-fa4d4df elementor-absolute elementor-hidden-tablet elementor-widget elementor-widget-image\" data-id=\"fa4d4df\" data-element_type=\"widget\" data-e-type=\"widget\" data-settings=\"{&quot;_position&quot;:&quot;absolute&quot;}\" data-widget_type=\"image.default\">\n\t\t\t\t<div class=\"elementor-widget-container\">\n\t\t\t\t\t\t\t\t\t\t\t\t\t\t\t<img decoding=\"async\" width=\"72\" height=\"72\" src=\"https:\/\/bjornlunden.com\/wp-content\/uploads\/star-footer.svg\" class=\"attachment-large size-large wp-image-3128\" alt=\"\" \/>\t\t\t\t\t\t\t\t\t\t\t\t\t\t\t<\/div>\n\t\t\t\t<\/div>\n\t\t\t\t<div class=\"elementor-element elementor-element-d0e0b57 elementor-absolute elementor-hidden-tablet elementor-widget elementor-widget-image\" data-id=\"d0e0b57\" data-element_type=\"widget\" data-e-type=\"widget\" data-settings=\"{&quot;_position&quot;:&quot;absolute&quot;}\" data-widget_type=\"image.default\">\n\t\t\t\t<div class=\"elementor-widget-container\">\n\t\t\t\t\t\t\t\t\t\t\t\t\t\t\t<img fetchpriority=\"high\" decoding=\"async\" width=\"800\" height=\"644\" src=\"https:\/\/bjornlunden.com\/wp-content\/uploads\/SE-usps-accounting-laptop-mock-up-.png\" class=\"attachment-large size-large wp-image-6781\" alt=\"\" srcset=\"https:\/\/bjornlunden.com\/wp-content\/uploads\/SE-usps-accounting-laptop-mock-up-.png 847w, https:\/\/bjornlunden.com\/wp-content\/uploads\/SE-usps-accounting-laptop-mock-up--300x242.png 300w, https:\/\/bjornlunden.com\/wp-content\/uploads\/SE-usps-accounting-laptop-mock-up--768x618.png 768w\" sizes=\"(max-width: 800px) 100vw, 800px\" \/>\t\t\t\t\t\t\t\t\t\t\t\t\t\t\t<\/div>\n\t\t\t\t<\/div>\n\t\t<div class=\"elementor-element elementor-element-4eefe9c e-con-full e-flex e-con e-child\" data-id=\"4eefe9c\" data-element_type=\"container\" data-e-type=\"container\">\n\t\t\t\t<div class=\"elementor-element elementor-element-5f0827d elementor-widget elementor-widget-heading\" data-id=\"5f0827d\" data-element_type=\"widget\" data-e-type=\"widget\" data-widget_type=\"heading.default\">\n\t\t\t\t<div class=\"elementor-widget-container\">\n\t\t\t\t\t<h1 class=\"elementor-heading-title elementor-size-default\">L\u00f6sningar f\u00f6r din redovisning<\/h1>\t\t\t\t<\/div>\n\t\t\t\t<\/div>\n\t\t\t\t<div class=\"elementor-element elementor-element-58d93a9 body20 elementor-widget elementor-widget-text-editor\" data-id=\"58d93a9\" data-element_type=\"widget\" data-e-type=\"widget\" data-widget_type=\"text-editor.default\">\n\t\t\t\t<div class=\"elementor-widget-container\">\n\t\t\t\t\t\t\t\t\t<p>Tidsbesparande och l\u00e4ttanv\u00e4nda program som f\u00f6renklar din vardag. Vi har l\u00f6sningarna f\u00f6r dig som vill hantera f\u00f6retagets bokf\u00f6ring och administration s\u00e5 enkelt och effektivt som m\u00f6jligt.<\/p>\n\t\t\t\t\t\t\t\t<\/div>\n\t\t\t\t<\/div>\n\t\t<div class=\"elementor-element elementor-element-a6a80b9 e-con-full e-flex e-con e-child\" data-id=\"a6a80b9\" data-element_type=\"container\" data-e-type=\"container\">\n\t\t\t\t<div class=\"elementor-element elementor-element-4ae4953 btn black elementor-widget elementor-widget-button\" data-id=\"4ae4953\" data-element_type=\"widget\" data-e-type=\"widget\" data-widget_type=\"button.default\">\n\t\t\t\t<div class=\"elementor-widget-container\">\n\t\t\t\t\t\t\t\t\t<div class=\"elementor-button-wrapper\">\n\t\t\t\t\t<a class=\"elementor-button elementor-button-link elementor-size-sm\" href=\"#scroll\">\n\t\t\t\t\t\t<span class=\"elementor-button-content-wrapper\">\n\t\t\t\t\t\t\t\t\t<span class=\"elementor-button-text\">Visa allt inom Redovisning<\/span>\n\t\t\t\t\t<\/span>\n\t\t\t\t\t<\/a>\n\t\t\t\t<\/div>\n\t\t\t\t\t\t\t\t<\/div>\n\t\t\t\t<\/div>\n\t\t\t\t<div class=\"elementor-element elementor-element-a0bf856 btn white elementor-widget elementor-widget-button\" data-id=\"a0bf856\" data-element_type=\"widget\" data-e-type=\"widget\" data-widget_type=\"button.default\">\n\t\t\t\t<div class=\"elementor-widget-container\">\n\t\t\t\t\t\t\t\t\t<div class=\"elementor-button-wrapper\">\n\t\t\t\t\t<a class=\"elementor-button elementor-button-link elementor-size-sm\" href=\"https:\/\/bjornlunden.com\/se\/demo\/\">\n\t\t\t\t\t\t<span class=\"elementor-button-content-wrapper\">\n\t\t\t\t\t\t\t\t\t<span class=\"elementor-button-text\">Boka demo<\/span>\n\t\t\t\t\t<\/span>\n\t\t\t\t\t<\/a>\n\t\t\t\t<\/div>\n\t\t\t\t\t\t\t\t<\/div>\n\t\t\t\t<\/div>\n\t\t\t\t<\/div>\n\t\t\t\t<\/div>\n\t\t\t\t\t<\/div>\n\t\t\t\t<\/div>\n\t\t<div class=\"elementor-element elementor-element-3efee44 e-flex e-con-boxed e-con e-parent\" data-id=\"3efee44\" data-element_type=\"container\" data-e-type=\"container\" id=\"scroll\" data-settings=\"{&quot;background_background&quot;:&quot;classic&quot;}\">\n\t\t\t\t\t<div class=\"e-con-inner\">\n\t\t\t\t<div class=\"elementor-element elementor-element-2421e5c elementor-widget elementor-widget-heading\" data-id=\"2421e5c\" data-element_type=\"widget\" data-e-type=\"widget\" data-widget_type=\"heading.default\">\n\t\t\t\t<div class=\"elementor-widget-container\">\n\t\t\t\t\t<h2 class=\"elementor-heading-title elementor-size-default\">Vad beh\u00f6ver du?<\/h2>\t\t\t\t<\/div>\n\t\t\t\t<\/div>\n\t\t<div class=\"elementor-element elementor-element-0b34010 e-con-full e-flex e-con e-child\" data-id=\"0b34010\" data-element_type=\"container\" data-e-type=\"container\" data-settings=\"{&quot;background_background&quot;:&quot;classic&quot;}\">\n\t\t\t\t<div class=\"elementor-element elementor-element-91d20b6 elementor-widget elementor-widget-html\" data-id=\"91d20b6\" data-element_type=\"widget\" data-e-type=\"widget\" data-widget_type=\"html.default\">\n\t\t\t\t<div class=\"elementor-widget-container\">\n\t\t\t\t\t<div class=\"filter-container\">\r\n    <div id=\"entrepreneurs\" class=\"filter-div\">F\u00f6retag<\/div>\r\n    <div id=\"accountants\" class=\"filter-div\">Redovisningsbyr\u00e5<\/div>\r\n<\/div>\r\n\t\t\t\t<\/div>\n\t\t\t\t<\/div>\n\t\t\t\t<\/div>\n\t\t\t\t<div class=\"elementor-element elementor-element-83c52fe elementor-widget elementor-widget-global elementor-global-4534 elementor-widget-html\" data-id=\"83c52fe\" data-element_type=\"widget\" data-e-type=\"widget\" data-widget_type=\"html.default\">\n\t\t\t\t<div class=\"elementor-widget-container\">\n\t\t\t\t\t<script>\njQuery(document).ready(function() {\n    var activeFilters = null; \/\/ Only one active filter at a time\n\n    jQuery('.filter-div').click(function() {\n        var filterFor = jQuery(this).attr('id'); \/\/ Get the id of the clicked div to use as filter\n\n        \/\/ If the clicked filter is already active, deactivate it\n        if (activeFilters === filterFor) {\n            activeFilters = null; \/\/ Clear active filter\n            jQuery(this).removeClass('active'); \/\/ Optional: remove visual cue for inactive\n        } else {\n            \/\/ Deactivate previous filter\n            jQuery('.filter-div').removeClass('active'); \/\/ Remove 'active' class from all filters\n            activeFilters = filterFor; \/\/ Set new active filter\n            jQuery(this).addClass('active'); \/\/ Optional: add visual cue for active\n        }\n\n        \/\/ Hide all elements initially\n        jQuery('.product-overview-container a').hide();\n\n        \/\/ Determine which elements to show based on the active filter\n        if (activeFilters) {\n            \/\/ Show the products for the active filter\n            jQuery('.product-overview-container a[for=\"' + activeFilters + '\"]').show();\n        } else {\n            \/\/ If no filters are active, show all items\n            jQuery('.product-overview-container a').show();\n        }\n\n        \/\/ Always show items for 'everyone' regardless of the active filter\n        jQuery('.product-overview-container a[for=\"everyone\"]').show();\n    });\n});\n<\/script>\n\t\t\t\t<\/div>\n\t\t\t\t<\/div>\n\t\t\t\t<div class=\"elementor-element elementor-element-6c9ba64 elementor-widget elementor-widget-shortcode\" data-id=\"6c9ba64\" data-element_type=\"widget\" data-e-type=\"widget\" data-widget_type=\"shortcode.default\">\n\t\t\t\t<div class=\"elementor-widget-container\">\n\t\t\t\t\t\t\t<div class=\"elementor-shortcode\"><div class=\"product-overview-container\"><a for=\"accountants\" class=\"filter-yellow border0\" href=\"https:\/\/bjornlunden.com\/se\/redovisning\/byralosning\/\"><div class=\"product-icon\"><img decoding=\"async\" src=\"https:\/\/bjornlunden.com\/wp-content\/uploads\/BL-Byra.svg\" alt=\"BL Byr\u00e5 icon\"><\/div><span class=\"grey-tag\">Redovisningsbyr\u00e5<\/span><h5>BL Byr\u00e5<\/h5><p class=\"description\">F\u00f6renklar byr\u00e5ns vardag<\/p><\/a><a for=\"everyone\" class=\"filter-yellow border0\" href=\"https:\/\/bjornlunden.com\/se\/redovisning\/bokforingsprogram\/\"><div class=\"product-icon\"><img decoding=\"async\" src=\"https:\/\/bjornlunden.com\/wp-content\/uploads\/BL-Total.svg\" alt=\"Lundify icon\"><\/div><span class=\"grey-tag\">F\u00f6retag &amp; byr\u00e5<\/span><h5>Lundify<\/h5><p class=\"description\">Bokf\u00f6ring utan huvudv\u00e4rk<\/p><\/a><a for=\"entrepreneurs\" class=\"filter-yellow border0\" href=\"https:\/\/bjornlunden.com\/se\/redovisning\/arsredovisning\/\"><div class=\"product-icon\"><img decoding=\"async\" src=\"https:\/\/bjornlunden.com\/wp-content\/uploads\/Aprello_icon.svg\" alt=\"Lundify Year-End Reporting icon\"><\/div><span class=\"grey-tag\">F\u00f6retag<\/span><h5>Lundify Year-End Reporting<\/h5><p class=\"description\">Enklare \u00e5rsredovisning<\/p><\/a><a for=\"accountants\" class=\"filter-yellow border0\" href=\"https:\/\/bjornlunden.com\/se\/redovisning\/lundify-workflow\/\"><div class=\"product-icon\"><img decoding=\"async\" src=\"https:\/\/bjornlunden.com\/wp-content\/uploads\/BL_Byrostod_icon_White-1.svg\" alt=\"Lundify Workflow icon\"><\/div><span class=\"grey-tag\">Redovisningsbyr\u00e5<\/span><h5>Lundify Workflow<\/h5><p class=\"description\">Effektiviserar byr\u00e5ns vardag<\/p><\/a><a for=\"everyone\" class=\"filter-yellow border0\" href=\"https:\/\/bjornlunden.com\/se\/redovisning\/skatt\/\"><div class=\"product-icon\"><img decoding=\"async\" src=\"https:\/\/bjornlunden.com\/wp-content\/uploads\/BL-Skatt-Proffs.svg\" alt=\"BL Skatt icon\"><\/div><span class=\"grey-tag\">F\u00f6retag &amp; byr\u00e5<\/span><h5>BL Skatt<\/h5><p class=\"description\">Komplett skatteprogram f\u00f6r byr\u00e5n<\/p><\/a><\/div><\/div>\n\t\t\t\t\t\t<\/div>\n\t\t\t\t<\/div>\n\t\t\t\t<div class=\"elementor-element elementor-element-ec65703 elementor-widget elementor-widget-html\" data-id=\"ec65703\" data-element_type=\"widget\" data-e-type=\"widget\" data-widget_type=\"html.default\">\n\t\t\t\t<div class=\"elementor-widget-container\">\n\t\t\t\t\t<script>\r\njQuery(document).ready(function() {\r\n    gsap.registerPlugin(ScrollTrigger);\r\n\r\n    gsap.from(\".product-overview-container > a\", {\r\n        duration: 0.3,\r\n        opacity: 0,\r\n        y: -20,\r\n        stagger: 0.1,\r\n        ease: \"power1.out\",\r\n        scrollTrigger: {\r\n            trigger: \".product-overview-container\",\r\n            start: \"top 80%\",\r\n            end: \"bottom top\",\r\n            toggleActions: \"play none none play\"\r\n        }\r\n    });\r\n});\r\n<\/script>\r\n\t\t\t\t<\/div>\n\t\t\t\t<\/div>\n\t\t\t\t\t<\/div>\n\t\t\t\t<\/div>\n\t\t<div class=\"elementor-element elementor-element-d00ab70 e-flex e-con-boxed e-con e-parent\" data-id=\"d00ab70\" data-element_type=\"container\" data-e-type=\"container\" data-settings=\"{&quot;background_background&quot;:&quot;classic&quot;}\">\n\t\t\t\t\t<div class=\"e-con-inner\">\n\t\t<div class=\"elementor-element elementor-element-619ae23 e-con-full e-flex e-con e-child\" data-id=\"619ae23\" data-element_type=\"container\" data-e-type=\"container\">\n\t\t<div class=\"elementor-element elementor-element-bd96381 e-con-full e-flex e-con e-child\" data-id=\"bd96381\" data-element_type=\"container\" data-e-type=\"container\" data-settings=\"{&quot;position&quot;:&quot;absolute&quot;,&quot;motion_fx_motion_fx_scrolling&quot;:&quot;yes&quot;,&quot;motion_fx_devices&quot;:[&quot;desktop&quot;,&quot;tablet&quot;,&quot;mobile&quot;]}\">\n\t\t<div class=\"elementor-element elementor-element-3ab515c e-con-full e-flex e-con e-child\" data-id=\"3ab515c\" data-element_type=\"container\" data-e-type=\"container\">\n\t\t<div class=\"elementor-element elementor-element-ae6f4a5 e-con-full e-flex e-con e-child\" data-id=\"ae6f4a5\" data-element_type=\"container\" data-e-type=\"container\" data-settings=\"{&quot;motion_fx_motion_fx_scrolling&quot;:&quot;yes&quot;,&quot;motion_fx_translateY_effect&quot;:&quot;yes&quot;,&quot;motion_fx_translateY_direction&quot;:&quot;negative&quot;,&quot;motion_fx_translateY_speed&quot;:{&quot;unit&quot;:&quot;px&quot;,&quot;size&quot;:2,&quot;sizes&quot;:[]},&quot;motion_fx_translateY_affectedRange&quot;:{&quot;unit&quot;:&quot;%&quot;,&quot;size&quot;:&quot;&quot;,&quot;sizes&quot;:{&quot;start&quot;:0,&quot;end&quot;:100}},&quot;motion_fx_devices&quot;:[&quot;desktop&quot;,&quot;tablet&quot;,&quot;mobile&quot;]}\">\n\t\t\t\t<div class=\"elementor-element elementor-element-1c3f0f1 elementor-hidden-tablet elementor-hidden-mobile elementor-widget elementor-widget-shortcode\" data-id=\"1c3f0f1\" data-element_type=\"widget\" data-e-type=\"widget\" data-widget_type=\"shortcode.default\">\n\t\t\t\t<div class=\"elementor-widget-container\">\n\t\t\t\t\t\t\t<div class=\"elementor-shortcode\"><div class=\"product-overview-container single\"><a for=\"everyone\" class=\"filter-yellow border0\" href=\"https:\/\/bjornlunden.com\/se\/redovisning\/bokforingsprogram\/\"><div class=\"product-icon\"><img decoding=\"async\" src=\"https:\/\/bjornlunden.com\/wp-content\/uploads\/BL-Total.svg\" alt=\"Lundify icon\"><\/div><span class=\"grey-tag\">F\u00f6retag &amp; byr\u00e5<\/span><h5>Lundify<\/h5><p class=\"description\">Bokf\u00f6ring utan huvudv\u00e4rk<\/p><\/a><\/div><\/div>\n\t\t\t\t\t\t<\/div>\n\t\t\t\t<\/div>\n\t\t\t\t<div class=\"elementor-element elementor-element-9732d84 elementor-widget elementor-widget-image\" data-id=\"9732d84\" data-element_type=\"widget\" data-e-type=\"widget\" data-widget_type=\"image.default\">\n\t\t\t\t<div class=\"elementor-widget-container\">\n\t\t\t\t\t\t\t\t\t\t\t\t\t\t\t<img decoding=\"async\" width=\"657\" height=\"664\" src=\"https:\/\/bjornlunden.com\/wp-content\/uploads\/Anders_o_Mans_LitenBild.jpg\" class=\"attachment-full size-full wp-image-51085\" alt=\"\" srcset=\"https:\/\/bjornlunden.com\/wp-content\/uploads\/Anders_o_Mans_LitenBild.jpg 657w, https:\/\/bjornlunden.com\/wp-content\/uploads\/Anders_o_Mans_LitenBild-297x300.jpg 297w\" sizes=\"(max-width: 657px) 100vw, 657px\" \/>\t\t\t\t\t\t\t\t\t\t\t\t\t\t\t<\/div>\n\t\t\t\t<\/div>\n\t\t\t\t<\/div>\n\t\t<div class=\"elementor-element elementor-element-05f9291 e-con-full e-flex e-con e-child\" data-id=\"05f9291\" data-element_type=\"container\" data-e-type=\"container\" data-settings=\"{&quot;motion_fx_motion_fx_scrolling&quot;:&quot;yes&quot;,&quot;motion_fx_translateY_effect&quot;:&quot;yes&quot;,&quot;motion_fx_translateY_speed&quot;:{&quot;unit&quot;:&quot;px&quot;,&quot;size&quot;:1,&quot;sizes&quot;:[]},&quot;motion_fx_devices&quot;:[&quot;desktop&quot;],&quot;motion_fx_translateY_affectedRange&quot;:{&quot;unit&quot;:&quot;%&quot;,&quot;size&quot;:&quot;&quot;,&quot;sizes&quot;:{&quot;start&quot;:0,&quot;end&quot;:100}}}\">\n\t\t\t\t<div class=\"elementor-element elementor-element-8abd6e3 elementor-hidden-tablet elementor-hidden-mobile elementor-widget elementor-widget-image\" data-id=\"8abd6e3\" data-element_type=\"widget\" data-e-type=\"widget\" data-widget_type=\"image.default\">\n\t\t\t\t<div class=\"elementor-widget-container\">\n\t\t\t\t\t\t\t\t\t\t\t\t\t\t\t<img loading=\"lazy\" decoding=\"async\" width=\"657\" height=\"664\" src=\"https:\/\/bjornlunden.com\/wp-content\/uploads\/Anders_o_Mans_LitenBild_2.jpg\" class=\"attachment-full size-full wp-image-51081\" alt=\"\" srcset=\"https:\/\/bjornlunden.com\/wp-content\/uploads\/Anders_o_Mans_LitenBild_2.jpg 657w, https:\/\/bjornlunden.com\/wp-content\/uploads\/Anders_o_Mans_LitenBild_2-297x300.jpg 297w\" sizes=\"(max-width: 657px) 100vw, 657px\" \/>\t\t\t\t\t\t\t\t\t\t\t\t\t\t\t<\/div>\n\t\t\t\t<\/div>\n\t\t\t\t<div class=\"elementor-element elementor-element-7ca5ebe border0 elementor-hidden-tablet elementor-hidden-mobile elementor-widget elementor-widget-image\" data-id=\"7ca5ebe\" data-element_type=\"widget\" data-e-type=\"widget\" data-widget_type=\"image.default\">\n\t\t\t\t<div class=\"elementor-widget-container\">\n\t\t\t\t\t\t\t\t\t\t\t\t\t\t\t<img loading=\"lazy\" decoding=\"async\" width=\"72\" height=\"72\" src=\"https:\/\/bjornlunden.com\/wp-content\/uploads\/quote-popup-bck.svg\" class=\"attachment-large size-large wp-image-3344\" alt=\"\" \/>\t\t\t\t\t\t\t\t\t\t\t\t\t\t\t<\/div>\n\t\t\t\t<\/div>\n\t\t\t\t<\/div>\n\t\t\t\t<\/div>\n\t\t\t\t<\/div>\n\t\t<div class=\"elementor-element elementor-element-01d10fe e-con-full e-flex e-con e-child\" data-id=\"01d10fe\" data-element_type=\"container\" data-e-type=\"container\" data-settings=\"{&quot;background_background&quot;:&quot;classic&quot;}\">\n\t\t\t\t<div class=\"elementor-element elementor-element-a34d4db elementor-widget elementor-widget-heading\" data-id=\"a34d4db\" data-element_type=\"widget\" data-e-type=\"widget\" data-widget_type=\"heading.default\">\n\t\t\t\t<div class=\"elementor-widget-container\">\n\t\t\t\t\t<h3 class=\"elementor-heading-title elementor-size-default\">Komikerduon Anders &amp; M\u00e5ns: \"Bokf\u00f6ring beh\u00f6ver inte vara sv\u00e5rt\"<\/h3>\t\t\t\t<\/div>\n\t\t\t\t<\/div>\n\t\t\t\t<div class=\"elementor-element elementor-element-566e51e elementor-widget elementor-widget-text-editor\" data-id=\"566e51e\" data-element_type=\"widget\" data-e-type=\"widget\" data-widget_type=\"text-editor.default\">\n\t\t\t\t<div class=\"elementor-widget-container\">\n\t\t\t\t\t\t\t\t\t<p><span data-teams=\"true\">\u2013 Jag undrar varf\u00f6r vi inte gjorde det h\u00e4r f\u00f6r l\u00e4nge sedan. Att det kan vara s\u00e5 smidigt. Det sparar oss<strong> n\u00e4stan<\/strong> fyra dagar, ber\u00e4ttar M\u00e5ns.\u00a0<\/span><\/p>\t\t\t\t\t\t\t\t<\/div>\n\t\t\t\t<\/div>\n\t\t\t\t<div class=\"elementor-element elementor-element-5dfa0d5 btn black elementor-widget elementor-widget-button\" data-id=\"5dfa0d5\" data-element_type=\"widget\" data-e-type=\"widget\" data-widget_type=\"button.default\">\n\t\t\t\t<div class=\"elementor-widget-container\">\n\t\t\t\t\t\t\t\t\t<div class=\"elementor-button-wrapper\">\n\t\t\t\t\t<a class=\"elementor-button elementor-button-link elementor-size-sm\" href=\"https:\/\/bjornlunden.com\/se\/bjornkoll\/kundcase\/anders-mans-bokforing-behover-inte-vara-svart\/\">\n\t\t\t\t\t\t<span class=\"elementor-button-content-wrapper\">\n\t\t\t\t\t\t\t\t\t<span class=\"elementor-button-text\">L\u00e4s hela reportaget<\/span>\n\t\t\t\t\t<\/span>\n\t\t\t\t\t<\/a>\n\t\t\t\t<\/div>\n\t\t\t\t\t\t\t\t<\/div>\n\t\t\t\t<\/div>\n\t\t\t\t<\/div>\n\t\t\t\t<\/div>\n\t\t\t\t\t<\/div>\n\t\t\t\t<\/div>\n\t\t\t\t<\/div>\n\t\t","protected":false},"excerpt":{"rendered":"<p>L\u00f6sningar f\u00f6r din redovisning Tidsbesparande och l\u00e4ttanv\u00e4nda program som f\u00f6renklar din vardag. Vi har l\u00f6sningarna f\u00f6r dig som vill hantera f\u00f6retagets bokf\u00f6ring och administration s\u00e5 enkelt och effektivt som m\u00f6jligt. Visa allt inom Redovisning Boka demo Vad beh\u00f6ver du? F\u00f6retag Redovisningsbyr\u00e5 Komikerduon Anders &amp; M\u00e5ns: &#8221;Bokf\u00f6ring beh\u00f6ver inte vara sv\u00e5rt&#8221; \u2013 Jag undrar varf\u00f6r vi [&hellip;]<\/p>\n","protected":false},"author":2,"featured_media":29871,"parent":0,"menu_order":0,"comment_status":"closed","ping_status":"closed","template":"","meta":{"_acf_changed":false,"footnotes":""},"class_list":["post-4299","page","type-page","status-publish","has-post-thumbnail","hentry"],"acf":[],"_links":{"self":[{"href":"https:\/\/bjornlunden.com\/se\/wp-json\/wp\/v2\/pages\/4299","targetHints":{"allow":["GET"]}}],"collection":[{"href":"https:\/\/bjornlunden.com\/se\/wp-json\/wp\/v2\/pages"}],"about":[{"href":"https:\/\/bjornlunden.com\/se\/wp-json\/wp\/v2\/types\/page"}],"author":[{"embeddable":true,"href":"https:\/\/bjornlunden.com\/se\/wp-json\/wp\/v2\/users\/2"}],"replies":[{"embeddable":true,"href":"https:\/\/bjornlunden.com\/se\/wp-json\/wp\/v2\/comments?post=4299"}],"version-history":[{"count":124,"href":"https:\/\/bjornlunden.com\/se\/wp-json\/wp\/v2\/pages\/4299\/revisions"}],"predecessor-version":[{"id":59085,"href":"https:\/\/bjornlunden.com\/se\/wp-json\/wp\/v2\/pages\/4299\/revisions\/59085"}],"wp:featuredmedia":[{"embeddable":true,"href":"https:\/\/bjornlunden.com\/se\/wp-json\/wp\/v2\/media\/29871"}],"wp:attachment":[{"href":"https:\/\/bjornlunden.com\/se\/wp-json\/wp\/v2\/media?parent=4299"}],"curies":[{"name":"wp","href":"https:\/\/api.w.org\/{rel}","templated":true}]}}