{"id":18721,"date":"2024-10-15T09:55:01","date_gmt":"2024-10-15T07:55:01","guid":{"rendered":"https:\/\/bjornlunden.com\/?page_id=18721"},"modified":"2024-10-15T09:58:10","modified_gmt":"2024-10-15T07:58:10","slug":"visselblasare","status":"publish","type":"page","link":"https:\/\/bjornlunden.com\/se\/visselblasare\/","title":{"rendered":"Visselbl\u00e5sare"},"content":{"rendered":"\t\t<div data-elementor-type=\"wp-page\" data-elementor-id=\"18721\" class=\"elementor elementor-18721\" data-elementor-post-type=\"page\">\n\t\t\t\t<div class=\"elementor-element elementor-element-fe95f17 e-flex e-con-boxed e-con e-parent\" data-id=\"fe95f17\" data-element_type=\"container\" data-e-type=\"container\">\n\t\t\t\t\t<div class=\"e-con-inner\">\n\t\t<div class=\"elementor-element elementor-element-eb8ae62 e-con-full e-flex e-con e-child\" data-id=\"eb8ae62\" data-element_type=\"container\" data-e-type=\"container\">\n\t\t\t\t<div class=\"elementor-element elementor-element-928f470 elementor-widget elementor-widget-heading\" data-id=\"928f470\" data-element_type=\"widget\" data-e-type=\"widget\" data-widget_type=\"heading.default\">\n\t\t\t\t<div class=\"elementor-widget-container\">\n\t\t\t\t\t<h1 class=\"elementor-heading-title elementor-size-default\">Visselbl\u00e5sare \u2013 Whistle blower<\/h1>\t\t\t\t<\/div>\n\t\t\t\t<\/div>\n\t\t\t\t<div class=\"elementor-element elementor-element-da73fec elementor-widget elementor-widget-heading\" data-id=\"da73fec\" data-element_type=\"widget\" data-e-type=\"widget\" data-widget_type=\"heading.default\">\n\t\t\t\t<div class=\"elementor-widget-container\">\n\t\t\t\t\t<h3 class=\"elementor-heading-title elementor-size-default\">\u2013 du kan g\u00f6ra skillnad!<\/h3>\t\t\t\t<\/div>\n\t\t\t\t<\/div>\n\t\t\t\t<\/div>\n\t\t\t\t\t<\/div>\n\t\t\t\t<\/div>\n\t\t<div class=\"elementor-element elementor-element-368a829 e-flex e-con-boxed e-con e-parent\" data-id=\"368a829\" data-element_type=\"container\" data-e-type=\"container\">\n\t\t\t\t\t<div class=\"e-con-inner\">\n\t\t\t\t<div class=\"elementor-element elementor-element-498ea25 elementor-widget elementor-widget-spacer\" data-id=\"498ea25\" data-element_type=\"widget\" data-e-type=\"widget\" data-widget_type=\"spacer.default\">\n\t\t\t\t<div class=\"elementor-widget-container\">\n\t\t\t\t\t\t\t<div class=\"elementor-spacer\">\n\t\t\t<div class=\"elementor-spacer-inner\"><\/div>\n\t\t<\/div>\n\t\t\t\t\t\t<\/div>\n\t\t\t\t<\/div>\n\t\t\t\t\t<\/div>\n\t\t\t\t<\/div>\n\t\t<div class=\"elementor-element elementor-element-d96c845 e-flex e-con-boxed e-con e-parent\" data-id=\"d96c845\" data-element_type=\"container\" data-e-type=\"container\">\n\t\t\t\t\t<div class=\"e-con-inner\">\n\t\t\t\t<div class=\"elementor-element elementor-element-5af9663 elementor-widget elementor-widget-text-editor\" data-id=\"5af9663\" data-element_type=\"widget\" data-e-type=\"widget\" data-widget_type=\"text-editor.default\">\n\t\t\t\t<div class=\"elementor-widget-container\">\n\t\t\t\t\t\t\t\t\t<p class=\"bl-poppins-ingress\"><span class=\"font-weight-500\">Vi \u00e4r m\u00e5na om att g\u00f6ra r\u00e4tt och att uppr\u00e4tth\u00e5lla v\u00e5ra medarbetares, samarbetspartners och allm\u00e4nhetens f\u00f6rtroende f\u00f6r oss och v\u00e5r verksamhet. Vi vill d\u00e4rf\u00f6r g\u00f6ra allt vi kan f\u00f6r att uppt\u00e4cka och hindra eventuella missf\u00f6rh\u00e5llanden i v\u00e5r verksamhet s\u00e5 tidigt som m\u00f6jligt. I v\u00e5r visselbl\u00e5sartj\u00e4nst kan du l\u00e4mna en rapport om misstanke om allvarliga missf\u00f6rh\u00e5llanden.<\/span><\/p><p class=\"bl-poppins-ingress\"><span class=\"font-weight-500\">\u00a0<\/span><\/p><p><span class=\"poppins\">Vi har anlitat en oberoende mottagarfunktion som hanterar v\u00e5rt rapporteringssystem f\u00f6r att bibeh\u00e5lla en oberoende och sj\u00e4lvst\u00e4ndig hantering av rapporterna. Alla inkomna rapporter och meddelanden hanteras p\u00e5 ett\u00a0s\u00e4tt som s\u00e4kerst\u00e4ller konfidentiell behandling av din identitet. Din rapport kommer att vara krypterad och inga IP-adresser kan sp\u00e5ras.<\/span><\/p><p><span class=\"poppins\">\u00a0<\/span><\/p><p><span class=\"poppins\">F\u00f6r att s\u00e4kerst\u00e4lla din anonymitet \u2013 t\u00e4nk p\u00e5 f\u00f6ljande:<\/span><\/p><ul style=\"list-style-type: disc;\"><li><span class=\"poppins\">Anv\u00e4nd privat mobiltelefon (med mobilsurf, ej f\u00f6retagets WiFi).<br \/><\/span><\/li><li><span class=\"poppins\">Anv\u00e4nd inte f\u00f6retagets dator eller n\u00e4tverk.<\/span><\/li><\/ul>\t\t\t\t\t\t\t\t<\/div>\n\t\t\t\t<\/div>\n\t\t\t\t<div class=\"elementor-element elementor-element-6dfd747 elementor-widget elementor-widget-heading\" data-id=\"6dfd747\" data-element_type=\"widget\" data-e-type=\"widget\" data-widget_type=\"heading.default\">\n\t\t\t\t<div class=\"elementor-widget-container\">\n\t\t\t\t\t<h3 class=\"elementor-heading-title elementor-size-default\">Har du uppt\u00e4ckt n\u00e5got som du vill rapportera?\n<\/h3>\t\t\t\t<\/div>\n\t\t\t\t<\/div>\n\t\t\t\t<div class=\"elementor-element elementor-element-3710326 elementor-widget elementor-widget-text-editor\" data-id=\"3710326\" data-element_type=\"widget\" data-e-type=\"widget\" data-widget_type=\"text-editor.default\">\n\t\t\t\t<div class=\"elementor-widget-container\">\n\t\t\t\t\t\t\t\t\t<p class=\"\"><span class=\"poppins\">Anv\u00e4nd v\u00e5r visselbl\u00e5sarfunktion d\u00e4r du anonymt kan l\u00e4mna information om\u00a0missf\u00f6rh\u00e5llanden. H\u00e4r kan du \u00e4ven l\u00e4sa mer om vad ett visselbl\u00e5sar\u00e4rende \u00e4r och hur det fungerar.<\/span><\/p><p class=\"\"><span class=\"poppins\">Scanna QR-koden f\u00f6r att l\u00e4mna din rapport digitalt eller klicka p\u00e5\/kopiera l\u00e4nken:<\/span><\/p><p class=\"\"><a href=\"https:\/\/whistle.qnister.com\/BL\" target=\"_blank\" rel=\"nofollow noopener noreferrer\">https:\/\/whistle.qnister.com\/BL<\/a><\/p><p class=\"\"><span class=\"poppins\">Du kan \u00e4ven boka ett m\u00f6te:\u00a0<a href=\"tel:+46363300741\"><strong>+46363300741<\/strong><\/a>\u00a0eller tala in din rapport:\u00a0<a href=\"tel:+46363300740\"><strong>+46363300740<\/strong><\/a><\/span><\/p>\t\t\t\t\t\t\t\t<\/div>\n\t\t\t\t<\/div>\n\t\t\t\t<div class=\"elementor-element elementor-element-d49ccfc border0 elementor-widget elementor-widget-image\" data-id=\"d49ccfc\" data-element_type=\"widget\" data-e-type=\"widget\" data-widget_type=\"image.default\">\n\t\t\t\t<div class=\"elementor-widget-container\">\n\t\t\t\t\t\t\t\t\t\t\t\t\t\t\t<img decoding=\"async\" width=\"192\" height=\"192\" src=\"https:\/\/bjornlunden.com\/wp-content\/uploads\/Visselblasare-QR.png\" class=\"attachment-large size-large wp-image-18726\" alt=\"Visselblasare QR\" srcset=\"https:\/\/bjornlunden.com\/wp-content\/uploads\/Visselblasare-QR.png 192w, https:\/\/bjornlunden.com\/wp-content\/uploads\/Visselblasare-QR-150x150.png 150w\" sizes=\"(max-width: 192px) 100vw, 192px\" \/>\t\t\t\t\t\t\t\t\t\t\t\t\t\t\t<\/div>\n\t\t\t\t<\/div>\n\t\t\t\t\t<\/div>\n\t\t\t\t<\/div>\n\t\t<div class=\"elementor-element elementor-element-2cff53a e-flex e-con-boxed e-con e-parent\" data-id=\"2cff53a\" data-element_type=\"container\" data-e-type=\"container\">\n\t\t\t\t\t<div class=\"e-con-inner\">\n\t\t\t\t<div class=\"elementor-element elementor-element-6d36dce elementor-widget elementor-widget-spacer\" data-id=\"6d36dce\" data-element_type=\"widget\" data-e-type=\"widget\" data-widget_type=\"spacer.default\">\n\t\t\t\t<div class=\"elementor-widget-container\">\n\t\t\t\t\t\t\t<div class=\"elementor-spacer\">\n\t\t\t<div class=\"elementor-spacer-inner\"><\/div>\n\t\t<\/div>\n\t\t\t\t\t\t<\/div>\n\t\t\t\t<\/div>\n\t\t\t\t\t<\/div>\n\t\t\t\t<\/div>\n\t\t\t\t<\/div>\n\t\t","protected":false},"excerpt":{"rendered":"<p>Visselbl\u00e5sare \u2013 Whistle blower \u2013 du kan g\u00f6ra skillnad! Vi \u00e4r m\u00e5na om att g\u00f6ra r\u00e4tt och att uppr\u00e4tth\u00e5lla v\u00e5ra medarbetares, samarbetspartners och allm\u00e4nhetens f\u00f6rtroende f\u00f6r oss och v\u00e5r verksamhet. Vi vill d\u00e4rf\u00f6r g\u00f6ra allt vi kan f\u00f6r att uppt\u00e4cka och hindra eventuella missf\u00f6rh\u00e5llanden i v\u00e5r verksamhet s\u00e5 tidigt som m\u00f6jligt. I v\u00e5r visselbl\u00e5sartj\u00e4nst kan [&hellip;]<\/p>\n","protected":false},"author":15,"featured_media":0,"parent":0,"menu_order":0,"comment_status":"closed","ping_status":"closed","template":"","meta":{"_acf_changed":false,"footnotes":""},"class_list":["post-18721","page","type-page","status-publish","hentry"],"acf":[],"_links":{"self":[{"href":"https:\/\/bjornlunden.com\/se\/wp-json\/wp\/v2\/pages\/18721","targetHints":{"allow":["GET"]}}],"collection":[{"href":"https:\/\/bjornlunden.com\/se\/wp-json\/wp\/v2\/pages"}],"about":[{"href":"https:\/\/bjornlunden.com\/se\/wp-json\/wp\/v2\/types\/page"}],"author":[{"embeddable":true,"href":"https:\/\/bjornlunden.com\/se\/wp-json\/wp\/v2\/users\/15"}],"replies":[{"embeddable":true,"href":"https:\/\/bjornlunden.com\/se\/wp-json\/wp\/v2\/comments?post=18721"}],"version-history":[{"count":4,"href":"https:\/\/bjornlunden.com\/se\/wp-json\/wp\/v2\/pages\/18721\/revisions"}],"predecessor-version":[{"id":18732,"href":"https:\/\/bjornlunden.com\/se\/wp-json\/wp\/v2\/pages\/18721\/revisions\/18732"}],"wp:attachment":[{"href":"https:\/\/bjornlunden.com\/se\/wp-json\/wp\/v2\/media?parent=18721"}],"curies":[{"name":"wp","href":"https:\/\/api.w.org\/{rel}","templated":true}]}}