{"id":16086,"date":"2024-10-08T15:23:10","date_gmt":"2024-10-08T13:23:10","guid":{"rendered":"https:\/\/bjornlunden.com\/?page_id=16086"},"modified":"2025-10-06T09:47:17","modified_gmt":"2025-10-06T07:47:17","slug":"kop-och-avtalsvillkor","status":"publish","type":"page","link":"https:\/\/bjornlunden.com\/se\/kop-och-avtalsvillkor\/","title":{"rendered":"K\u00f6p- och avtalsvillkor"},"content":{"rendered":"\t\t<div data-elementor-type=\"wp-page\" data-elementor-id=\"16086\" class=\"elementor elementor-16086\" data-elementor-post-type=\"page\">\n\t\t\t\t<div class=\"elementor-element elementor-element-d28c19d e-flex e-con-boxed e-con e-parent\" data-id=\"d28c19d\" data-element_type=\"container\" data-e-type=\"container\" data-settings=\"{&quot;background_background&quot;:&quot;classic&quot;}\">\n\t\t\t\t\t<div class=\"e-con-inner\">\n\t\t\t\t<div class=\"elementor-element elementor-element-571d0dc elementor-invisible elementor-widget elementor-widget-image\" data-id=\"571d0dc\" data-element_type=\"widget\" data-e-type=\"widget\" data-settings=\"{&quot;_animation&quot;:&quot;zoomIn&quot;}\" data-widget_type=\"image.default\">\n\t\t\t\t<div class=\"elementor-widget-container\">\n\t\t\t\t\t\t\t\t\t\t\t\t\t\t\t<img decoding=\"async\" width=\"72\" height=\"72\" src=\"https:\/\/bjornlunden.com\/wp-content\/uploads\/blg-logo-white-nose.svg\" class=\"attachment-large size-large wp-image-3350\" alt=\"\" \/>\t\t\t\t\t\t\t\t\t\t\t\t\t\t\t<\/div>\n\t\t\t\t<\/div>\n\t\t\t\t<div class=\"elementor-element elementor-element-36d0476 elementor-widget elementor-widget-heading\" data-id=\"36d0476\" data-element_type=\"widget\" data-e-type=\"widget\" data-widget_type=\"heading.default\">\n\t\t\t\t<div class=\"elementor-widget-container\">\n\t\t\t\t\t<h1 class=\"elementor-heading-title elementor-size-default\">K\u00f6p- och avtalsvillkor<\/h1>\t\t\t\t<\/div>\n\t\t\t\t<\/div>\n\t\t<div class=\"elementor-element elementor-element-dcfd522 e-con-full e-flex e-con e-child\" data-id=\"dcfd522\" data-element_type=\"container\" data-e-type=\"container\">\n\t\t<a class=\"elementor-element elementor-element-e69a8f6 e-con-full e-flex e-con e-child\" data-id=\"e69a8f6\" data-element_type=\"container\" data-e-type=\"container\" data-settings=\"{&quot;background_background&quot;:&quot;classic&quot;}\" href=\"https:\/\/bjornlunden.com\/se\/avtalsvillkor-for-foretag\/\">\n\t\t\t\t<div class=\"elementor-element elementor-element-21a6767 elementor-widget elementor-widget-image\" data-id=\"21a6767\" data-element_type=\"widget\" data-e-type=\"widget\" data-widget_type=\"image.default\">\n\t\t\t\t<div class=\"elementor-widget-container\">\n\t\t\t\t\t\t\t\t\t\t\t\t\t\t\t<img decoding=\"async\" width=\"72\" height=\"72\" src=\"https:\/\/bjornlunden.com\/wp-content\/uploads\/Primary-Arrow-Right.svg\" class=\"elementor-animation-grow attachment-large size-large wp-image-6467\" alt=\"Primary Arrow Right\" \/>\t\t\t\t\t\t\t\t\t\t\t\t\t\t\t<\/div>\n\t\t\t\t<\/div>\n\t\t\t\t<div class=\"elementor-element elementor-element-ac24bcd elementor-widget elementor-widget-heading\" data-id=\"ac24bcd\" data-element_type=\"widget\" data-e-type=\"widget\" data-widget_type=\"heading.default\">\n\t\t\t\t<div class=\"elementor-widget-container\">\n\t\t\t\t\t<h5 class=\"elementor-heading-title elementor-size-default\">Avtalsvillkor f\u00f6r v\u00e5ra program<\/h5>\t\t\t\t<\/div>\n\t\t\t\t<\/div>\n\t\t\t\t<div class=\"elementor-element elementor-element-b304647 elementor-widget elementor-widget-text-editor\" data-id=\"b304647\" data-element_type=\"widget\" data-e-type=\"widget\" data-widget_type=\"text-editor.default\">\n\t\t\t\t<div class=\"elementor-widget-container\">\n\t\t\t\t\t\t\t\t\t<p>F\u00f6r f\u00f6retagare.<\/p>\t\t\t\t\t\t\t\t<\/div>\n\t\t\t\t<\/div>\n\t\t\t\t<\/a>\n\t\t<a class=\"elementor-element elementor-element-2f04a64 e-con-full e-flex e-con e-child\" data-id=\"2f04a64\" data-element_type=\"container\" data-e-type=\"container\" data-settings=\"{&quot;background_background&quot;:&quot;classic&quot;}\" href=\"https:\/\/bjornlunden.com\/se\/avtalsvillkor-for-redovisningsbyraer\">\n\t\t\t\t<div class=\"elementor-element elementor-element-4249de9 elementor-widget elementor-widget-image\" data-id=\"4249de9\" data-element_type=\"widget\" data-e-type=\"widget\" data-widget_type=\"image.default\">\n\t\t\t\t<div class=\"elementor-widget-container\">\n\t\t\t\t\t\t\t\t\t\t\t\t\t\t\t<img decoding=\"async\" width=\"72\" height=\"72\" src=\"https:\/\/bjornlunden.com\/wp-content\/uploads\/Primary-Arrow-Right.svg\" class=\"elementor-animation-grow attachment-large size-large wp-image-6467\" alt=\"Primary Arrow Right\" \/>\t\t\t\t\t\t\t\t\t\t\t\t\t\t\t<\/div>\n\t\t\t\t<\/div>\n\t\t\t\t<div class=\"elementor-element elementor-element-3dea78a elementor-widget elementor-widget-heading\" data-id=\"3dea78a\" data-element_type=\"widget\" data-e-type=\"widget\" data-widget_type=\"heading.default\">\n\t\t\t\t<div class=\"elementor-widget-container\">\n\t\t\t\t\t<h5 class=\"elementor-heading-title elementor-size-default\">Avtalsvillkor f\u00f6r v\u00e5ra program<\/h5>\t\t\t\t<\/div>\n\t\t\t\t<\/div>\n\t\t\t\t<div class=\"elementor-element elementor-element-933344c elementor-widget elementor-widget-text-editor\" data-id=\"933344c\" data-element_type=\"widget\" data-e-type=\"widget\" data-widget_type=\"text-editor.default\">\n\t\t\t\t<div class=\"elementor-widget-container\">\n\t\t\t\t\t\t\t\t\t<p>F\u00f6r redovisningsbyr\u00e5er.<\/p>\t\t\t\t\t\t\t\t<\/div>\n\t\t\t\t<\/div>\n\t\t\t\t<\/a>\n\t\t<a class=\"elementor-element elementor-element-c949cd6 e-con-full e-flex e-con e-child\" data-id=\"c949cd6\" data-element_type=\"container\" data-e-type=\"container\" data-settings=\"{&quot;background_background&quot;:&quot;classic&quot;}\" href=\"https:\/\/bjornlunden.com\/se\/allmanna-villkor-frageservice\/\">\n\t\t\t\t<div class=\"elementor-element elementor-element-3534ff8 elementor-widget elementor-widget-image\" data-id=\"3534ff8\" data-element_type=\"widget\" data-e-type=\"widget\" data-widget_type=\"image.default\">\n\t\t\t\t<div class=\"elementor-widget-container\">\n\t\t\t\t\t\t\t\t\t\t\t\t\t\t\t<img decoding=\"async\" width=\"72\" height=\"72\" src=\"https:\/\/bjornlunden.com\/wp-content\/uploads\/Primary-Arrow-Right.svg\" class=\"elementor-animation-grow attachment-large size-large wp-image-6467\" alt=\"Primary Arrow Right\" \/>\t\t\t\t\t\t\t\t\t\t\t\t\t\t\t<\/div>\n\t\t\t\t<\/div>\n\t\t\t\t<div class=\"elementor-element elementor-element-9f6c80c elementor-widget elementor-widget-heading\" data-id=\"9f6c80c\" data-element_type=\"widget\" data-e-type=\"widget\" data-widget_type=\"heading.default\">\n\t\t\t\t<div class=\"elementor-widget-container\">\n\t\t\t\t\t<h5 class=\"elementor-heading-title elementor-size-default\">Avtalsvillkor f\u00f6r BL Fr\u00e5geservice<\/h5>\t\t\t\t<\/div>\n\t\t\t\t<\/div>\n\t\t\t\t<div class=\"elementor-element elementor-element-fbf272d elementor-widget elementor-widget-text-editor\" data-id=\"fbf272d\" data-element_type=\"widget\" data-e-type=\"widget\" data-widget_type=\"text-editor.default\">\n\t\t\t\t<div class=\"elementor-widget-container\">\n\t\t\t\t\t\t\t\t\t<p>Allm\u00e4nna villkor.<\/p>\t\t\t\t\t\t\t\t<\/div>\n\t\t\t\t<\/div>\n\t\t\t\t<\/a>\n\t\t\t\t<\/div>\n\t\t<div class=\"elementor-element elementor-element-18356f2 e-con-full e-flex e-con e-child\" data-id=\"18356f2\" data-element_type=\"container\" data-e-type=\"container\">\n\t\t<a class=\"elementor-element elementor-element-b39aa57 e-flex e-con-boxed e-con e-child\" data-id=\"b39aa57\" data-element_type=\"container\" data-e-type=\"container\" data-settings=\"{&quot;background_background&quot;:&quot;classic&quot;}\" href=\"https:\/\/bjornlunden.com\/se\/avtalsvillkor-for-timekeeper\/\">\n\t\t\t\t\t<div class=\"e-con-inner\">\n\t\t\t\t<div class=\"elementor-element elementor-element-f2d286b elementor-widget elementor-widget-image\" data-id=\"f2d286b\" data-element_type=\"widget\" data-e-type=\"widget\" data-widget_type=\"image.default\">\n\t\t\t\t<div class=\"elementor-widget-container\">\n\t\t\t\t\t\t\t\t\t\t\t\t\t\t\t<img decoding=\"async\" width=\"72\" height=\"72\" src=\"https:\/\/bjornlunden.com\/wp-content\/uploads\/Primary-Arrow-Right.svg\" class=\"elementor-animation-grow attachment-large size-large wp-image-6467\" alt=\"Primary Arrow Right\" \/>\t\t\t\t\t\t\t\t\t\t\t\t\t\t\t<\/div>\n\t\t\t\t<\/div>\n\t\t\t\t<div class=\"elementor-element elementor-element-91d8aba elementor-widget elementor-widget-heading\" data-id=\"91d8aba\" data-element_type=\"widget\" data-e-type=\"widget\" data-widget_type=\"heading.default\">\n\t\t\t\t<div class=\"elementor-widget-container\">\n\t\t\t\t\t<h5 class=\"elementor-heading-title elementor-size-default\">Avtalsvillkor f\u00f6r Timekeeper<\/h5>\t\t\t\t<\/div>\n\t\t\t\t<\/div>\n\t\t\t\t<div class=\"elementor-element elementor-element-200bd48 elementor-widget elementor-widget-text-editor\" data-id=\"200bd48\" data-element_type=\"widget\" data-e-type=\"widget\" data-widget_type=\"text-editor.default\">\n\t\t\t\t<div class=\"elementor-widget-container\">\n\t\t\t\t\t\t\t\t\t<p>Allm\u00e4nna villkor<\/p>\t\t\t\t\t\t\t\t<\/div>\n\t\t\t\t<\/div>\n\t\t\t\t\t<\/div>\n\t\t\t\t<\/a>\n\t\t<a class=\"elementor-element elementor-element-b21cb29 e-con-full e-flex e-con e-child\" data-id=\"b21cb29\" data-element_type=\"container\" data-e-type=\"container\" data-settings=\"{&quot;background_background&quot;:&quot;classic&quot;}\" href=\"https:\/\/bjornlunden.com\/se\/avtalsvillkor-for-qbis\/\">\n\t\t\t\t<div class=\"elementor-element elementor-element-7edb953 elementor-widget elementor-widget-image\" data-id=\"7edb953\" data-element_type=\"widget\" data-e-type=\"widget\" data-widget_type=\"image.default\">\n\t\t\t\t<div class=\"elementor-widget-container\">\n\t\t\t\t\t\t\t\t\t\t\t\t\t\t\t<img decoding=\"async\" width=\"72\" height=\"72\" src=\"https:\/\/bjornlunden.com\/wp-content\/uploads\/Primary-Arrow-Right.svg\" class=\"elementor-animation-grow attachment-large size-large wp-image-6467\" alt=\"Primary Arrow Right\" \/>\t\t\t\t\t\t\t\t\t\t\t\t\t\t\t<\/div>\n\t\t\t\t<\/div>\n\t\t\t\t<div class=\"elementor-element elementor-element-20a0d1d elementor-widget elementor-widget-heading\" data-id=\"20a0d1d\" data-element_type=\"widget\" data-e-type=\"widget\" data-widget_type=\"heading.default\">\n\t\t\t\t<div class=\"elementor-widget-container\">\n\t\t\t\t\t<h5 class=\"elementor-heading-title elementor-size-default\">Avtalsvillkor f\u00f6r QBIS<\/h5>\t\t\t\t<\/div>\n\t\t\t\t<\/div>\n\t\t\t\t<div class=\"elementor-element elementor-element-c09a513 elementor-widget elementor-widget-text-editor\" data-id=\"c09a513\" data-element_type=\"widget\" data-e-type=\"widget\" data-widget_type=\"text-editor.default\">\n\t\t\t\t<div class=\"elementor-widget-container\">\n\t\t\t\t\t\t\t\t\t<p>Allm\u00e4nna villkor<\/p>\t\t\t\t\t\t\t\t<\/div>\n\t\t\t\t<\/div>\n\t\t\t\t<\/a>\n\t\t<a class=\"elementor-element elementor-element-d0a9c89 e-con-full e-flex e-con e-child\" data-id=\"d0a9c89\" data-element_type=\"container\" data-e-type=\"container\" data-settings=\"{&quot;background_background&quot;:&quot;classic&quot;}\" href=\"https:\/\/bjornlunden.com\/se\/kopvillkor-webbshop\">\n\t\t\t\t<div class=\"elementor-element elementor-element-d9107c3 elementor-widget elementor-widget-image\" data-id=\"d9107c3\" data-element_type=\"widget\" data-e-type=\"widget\" data-widget_type=\"image.default\">\n\t\t\t\t<div class=\"elementor-widget-container\">\n\t\t\t\t\t\t\t\t\t\t\t\t\t\t\t<img decoding=\"async\" width=\"72\" height=\"72\" src=\"https:\/\/bjornlunden.com\/wp-content\/uploads\/Primary-Arrow-Right.svg\" class=\"elementor-animation-grow attachment-large size-large wp-image-6467\" alt=\"Primary Arrow Right\" \/>\t\t\t\t\t\t\t\t\t\t\t\t\t\t\t<\/div>\n\t\t\t\t<\/div>\n\t\t\t\t<div class=\"elementor-element elementor-element-cbf5558 elementor-widget elementor-widget-heading\" data-id=\"cbf5558\" data-element_type=\"widget\" data-e-type=\"widget\" data-widget_type=\"heading.default\">\n\t\t\t\t<div class=\"elementor-widget-container\">\n\t\t\t\t\t<h5 class=\"elementor-heading-title elementor-size-default\">K\u00f6pvillkor i v\u00e5r webbshop<\/h5>\t\t\t\t<\/div>\n\t\t\t\t<\/div>\n\t\t\t\t<div class=\"elementor-element elementor-element-b1b8d34 elementor-widget elementor-widget-text-editor\" data-id=\"b1b8d34\" data-element_type=\"widget\" data-e-type=\"widget\" data-widget_type=\"text-editor.default\">\n\t\t\t\t<div class=\"elementor-widget-container\">\n\t\t\t\t\t\t\t\t\t<p>Allm\u00e4nna villkor<\/p>\t\t\t\t\t\t\t\t<\/div>\n\t\t\t\t<\/div>\n\t\t\t\t<\/a>\n\t\t\t\t<\/div>\n\t\t<div class=\"elementor-element elementor-element-5919bae e-con-full e-flex e-con e-child\" data-id=\"5919bae\" data-element_type=\"container\" data-e-type=\"container\">\n\t\t\t\t<\/div>\n\t\t\t\t\t<\/div>\n\t\t\t\t<\/div>\n\t\t<div class=\"elementor-element elementor-element-28aa6d4 e-flex e-con-boxed e-con e-parent\" data-id=\"28aa6d4\" data-element_type=\"container\" data-e-type=\"container\">\n\t\t\t\t\t<div class=\"e-con-inner\">\n\t\t\t\t\t<\/div>\n\t\t\t\t<\/div>\n\t\t\t\t<\/div>\n\t\t","protected":false},"excerpt":{"rendered":"<p>K\u00f6p- och avtalsvillkor Avtalsvillkor f\u00f6r v\u00e5ra program F\u00f6r f\u00f6retagare. Avtalsvillkor f\u00f6r v\u00e5ra program F\u00f6r redovisningsbyr\u00e5er. Avtalsvillkor f\u00f6r BL Fr\u00e5geservice Allm\u00e4nna villkor. Avtalsvillkor f\u00f6r Timekeeper Allm\u00e4nna villkor Avtalsvillkor f\u00f6r QBIS Allm\u00e4nna villkor K\u00f6pvillkor i v\u00e5r webbshop Allm\u00e4nna villkor<\/p>\n","protected":false},"author":2,"featured_media":20636,"parent":0,"menu_order":0,"comment_status":"closed","ping_status":"closed","template":"","meta":{"_acf_changed":false,"footnotes":""},"class_list":["post-16086","page","type-page","status-publish","has-post-thumbnail","hentry"],"acf":[],"_links":{"self":[{"href":"https:\/\/bjornlunden.com\/se\/wp-json\/wp\/v2\/pages\/16086","targetHints":{"allow":["GET"]}}],"collection":[{"href":"https:\/\/bjornlunden.com\/se\/wp-json\/wp\/v2\/pages"}],"about":[{"href":"https:\/\/bjornlunden.com\/se\/wp-json\/wp\/v2\/types\/page"}],"author":[{"embeddable":true,"href":"https:\/\/bjornlunden.com\/se\/wp-json\/wp\/v2\/users\/2"}],"replies":[{"embeddable":true,"href":"https:\/\/bjornlunden.com\/se\/wp-json\/wp\/v2\/comments?post=16086"}],"version-history":[{"count":160,"href":"https:\/\/bjornlunden.com\/se\/wp-json\/wp\/v2\/pages\/16086\/revisions"}],"predecessor-version":[{"id":53943,"href":"https:\/\/bjornlunden.com\/se\/wp-json\/wp\/v2\/pages\/16086\/revisions\/53943"}],"wp:featuredmedia":[{"embeddable":true,"href":"https:\/\/bjornlunden.com\/se\/wp-json\/wp\/v2\/media\/20636"}],"wp:attachment":[{"href":"https:\/\/bjornlunden.com\/se\/wp-json\/wp\/v2\/media?parent=16086"}],"curies":[{"name":"wp","href":"https:\/\/api.w.org\/{rel}","templated":true}]}}