 {"id":14470,"date":"2024-10-04T16:30:55","date_gmt":"2024-10-04T14:30:55","guid":{"rendered":"https:\/\/bjornlunden.com\/?page_id=14470"},"modified":"2026-03-30T10:57:45","modified_gmt":"2026-03-30T08:57:45","slug":"integrationer","status":"publish","type":"page","link":"https:\/\/bjornlunden.com\/se\/bla-lon-plus\/integrationer\/","title":{"rendered":"Integrationer"},"content":{"rendered":"\t\t<div data-elementor-type=\"wp-page\" data-elementor-id=\"14470\" class=\"elementor elementor-14470\" data-elementor-post-type=\"page\">\n\t\t\t\t<div class=\"elementor-element elementor-element-656d07b e-con-full e-flex e-con e-parent\" data-id=\"656d07b\" data-element_type=\"container\" data-e-type=\"container\">\n\t\t\t\t<div class=\"elementor-element elementor-element-b06a79e elementor-widget elementor-widget-template\" data-id=\"b06a79e\" data-element_type=\"widget\" data-e-type=\"widget\" data-widget_type=\"template.default\">\n\t\t\t\t<div class=\"elementor-widget-container\">\n\t\t\t\t\t\t\t<div class=\"elementor-template\">\n\t\t\t\t\t<div data-elementor-type=\"container\" data-elementor-id=\"14263\" class=\"elementor elementor-14263\" data-elementor-post-type=\"elementor_library\">\n\t\t\t\t<div class=\"elementor-element elementor-element-901ff5f product-header e-flex e-con-boxed e-con e-parent\" data-id=\"901ff5f\" data-element_type=\"container\" data-e-type=\"container\" data-settings=\"{&quot;background_background&quot;:&quot;classic&quot;}\">\n\t\t\t\t\t<div class=\"e-con-inner\">\n\t\t<div class=\"elementor-element elementor-element-3c9dd11 e-con-full kolom1 e-flex e-con e-child\" data-id=\"3c9dd11\" data-element_type=\"container\" data-e-type=\"container\">\n\t\t\t\t<div class=\"elementor-element elementor-element-6d6fa58 icon-box big elementor-widget elementor-widget-image\" data-id=\"6d6fa58\" data-element_type=\"widget\" data-e-type=\"widget\" data-widget_type=\"image.default\">\n\t\t\t\t<div class=\"elementor-widget-container\">\n\t\t\t\t\t\t\t\t\t\t\t\t\t\t\t<img decoding=\"async\" width=\"72\" height=\"72\" src=\"https:\/\/bjornlunden.com\/wp-content\/uploads\/BL-Lon-Plus.svg\" class=\"attachment-large size-large wp-image-3815\" alt=\"BL Lo\u0308n Plus\" \/>\t\t\t\t\t\t\t\t\t\t\t\t\t\t\t<\/div>\n\t\t\t\t<\/div>\n\t\t\t\t<div class=\"elementor-element elementor-element-685ee9d elementor-widget elementor-widget-heading\" data-id=\"685ee9d\" data-element_type=\"widget\" data-e-type=\"widget\" data-widget_type=\"heading.default\">\n\t\t\t\t<div class=\"elementor-widget-container\">\n\t\t\t\t\t<h5 class=\"elementor-heading-title elementor-size-default\">Komplett l\u00f6neprogram<\/h5>\t\t\t\t<\/div>\n\t\t\t\t<\/div>\n\t\t\t\t<div class=\"elementor-element elementor-element-1cdc449 elementor-widget elementor-widget-heading\" data-id=\"1cdc449\" data-element_type=\"widget\" data-e-type=\"widget\" data-widget_type=\"heading.default\">\n\t\t\t\t<div class=\"elementor-widget-container\">\n\t\t\t\t\t<h1 class=\"elementor-heading-title elementor-size-default\">BLA L\u00f6n Plus<\/h1>\t\t\t\t<\/div>\n\t\t\t\t<\/div>\n\t\t\t\t<div class=\"elementor-element elementor-element-d3e3af4 body20 elementor-widget elementor-widget-text-editor\" data-id=\"d3e3af4\" data-element_type=\"widget\" data-e-type=\"widget\" data-widget_type=\"text-editor.default\">\n\t\t\t\t<div class=\"elementor-widget-container\">\n\t\t\t\t\t\t\t\t\t<p>Med BLA L\u00f6n Plus f\u00e5r du ett suver\u00e4nt l\u00f6neprogram med semesterhantering, avvikelserapportering och statistikrapportering. Allt du beh\u00f6ver helt enkelt.<\/p>\t\t\t\t\t\t\t\t<\/div>\n\t\t\t\t<\/div>\n\t\t<div class=\"elementor-element elementor-element-8859ca8 e-con-full e-flex e-con e-child\" data-id=\"8859ca8\" data-element_type=\"container\" data-e-type=\"container\">\n\t\t\t\t<div class=\"elementor-element elementor-element-7e418c4 btn black elementor-widget elementor-widget-button\" data-id=\"7e418c4\" data-element_type=\"widget\" data-e-type=\"widget\" data-widget_type=\"button.default\">\n\t\t\t\t<div class=\"elementor-widget-container\">\n\t\t\t\t\t\t\t\t\t<div class=\"elementor-button-wrapper\">\n\t\t\t\t\t<a class=\"elementor-button elementor-button-link elementor-size-sm\" href=\"https:\/\/bjornlunden.com\/se\/demo\/boka-demo-bla-lon-plus\/\">\n\t\t\t\t\t\t<span class=\"elementor-button-content-wrapper\">\n\t\t\t\t\t\t\t\t\t<span class=\"elementor-button-text\">Boka demo<\/span>\n\t\t\t\t\t<\/span>\n\t\t\t\t\t<\/a>\n\t\t\t\t<\/div>\n\t\t\t\t\t\t\t\t<\/div>\n\t\t\t\t<\/div>\n\t\t\t\t<div class=\"elementor-element elementor-element-4d9fbb7 btn white elementor-widget elementor-widget-button\" data-id=\"4d9fbb7\" data-element_type=\"widget\" data-e-type=\"widget\" data-widget_type=\"button.default\">\n\t\t\t\t<div class=\"elementor-widget-container\">\n\t\t\t\t\t\t\t\t\t<div class=\"elementor-button-wrapper\">\n\t\t\t\t\t<a class=\"elementor-button elementor-button-link elementor-size-sm\" href=\"https:\/\/bjornlunden.com\/se\/demo\/bla-lon-plus\/\">\n\t\t\t\t\t\t<span class=\"elementor-button-content-wrapper\">\n\t\t\t\t\t\t\t\t\t<span class=\"elementor-button-text\">Se en programvisning<\/span>\n\t\t\t\t\t<\/span>\n\t\t\t\t\t<\/a>\n\t\t\t\t<\/div>\n\t\t\t\t\t\t\t\t<\/div>\n\t\t\t\t<\/div>\n\t\t\t\t<\/div>\n\t\t\t\t<\/div>\n\t\t<div class=\"elementor-element elementor-element-9a622b5 e-con-full e-flex e-con e-child\" data-id=\"9a622b5\" data-element_type=\"container\" data-e-type=\"container\">\n\t\t\t\t<div class=\"elementor-element elementor-element-87a842a product-mockup elementor-widget elementor-widget-image\" data-id=\"87a842a\" data-element_type=\"widget\" data-e-type=\"widget\" data-widget_type=\"image.default\">\n\t\t\t\t<div class=\"elementor-widget-container\">\n\t\t\t\t\t\t\t\t\t\t\t\t\t\t\t<img decoding=\"async\" width=\"72\" height=\"72\" src=\"https:\/\/bjornlunden.com\/wp-content\/uploads\/Group-2085663415-2-1024x720.png\" class=\"attachment-large size-large wp-image-17770\" alt=\"\" srcset=\"https:\/\/bjornlunden.com\/wp-content\/uploads\/Group-2085663415-2-1024x720.png 1024w, https:\/\/bjornlunden.com\/wp-content\/uploads\/Group-2085663415-2-300x211.png 300w, https:\/\/bjornlunden.com\/wp-content\/uploads\/Group-2085663415-2-768x540.png 768w, https:\/\/bjornlunden.com\/wp-content\/uploads\/Group-2085663415-2.png 1377w\" sizes=\"(max-width: 800px) 100vw, 800px\" \/>\t\t\t\t\t\t\t\t\t\t\t\t\t\t\t<\/div>\n\t\t\t\t<\/div>\n\t\t<div class=\"elementor-element elementor-element-46f8275 e-con-full product-box e-flex e-con e-child\" data-id=\"46f8275\" data-element_type=\"container\" data-e-type=\"container\" data-settings=\"{&quot;background_background&quot;:&quot;classic&quot;}\">\n\t\t<div class=\"elementor-element elementor-element-2652d24 e-con-full e-flex e-con e-child\" data-id=\"2652d24\" data-element_type=\"container\" data-e-type=\"container\">\n\t\t\t\t<div class=\"elementor-element elementor-element-e4a0490 price elementor-widget elementor-widget-heading\" data-id=\"e4a0490\" data-element_type=\"widget\" data-e-type=\"widget\" data-widget_type=\"heading.default\">\n\t\t\t\t<div class=\"elementor-widget-container\">\n\t\t\t\t\t<p class=\"elementor-heading-title elementor-size-default\">449:-<\/p>\t\t\t\t<\/div>\n\t\t\t\t<\/div>\n\t\t\t\t<div class=\"elementor-element elementor-element-f7bd826 price-sub elementor-widget elementor-widget-heading\" data-id=\"f7bd826\" data-element_type=\"widget\" data-e-type=\"widget\" data-widget_type=\"heading.default\">\n\t\t\t\t<div class=\"elementor-widget-container\">\n\t\t\t\t\t<p class=\"elementor-heading-title elementor-size-default\">\/m\u00e5n<\/p>\t\t\t\t<\/div>\n\t\t\t\t<\/div>\n\t\t\t\t<\/div>\n\t\t<div class=\"elementor-element elementor-element-7cd9f2d e-con-full e-flex e-con e-child\" data-id=\"7cd9f2d\" data-element_type=\"container\" data-e-type=\"container\">\n\t\t\t\t<div class=\"elementor-element elementor-element-19d5852 elementor-widget__width-inherit price-note elementor-widget elementor-widget-text-editor\" data-id=\"19d5852\" data-element_type=\"widget\" data-e-type=\"widget\" data-widget_type=\"text-editor.default\">\n\t\t\t\t<div class=\"elementor-widget-container\">\n\t\t\t\t\t\t\t\t\t<p>Pris f\u00f6r 1 anv\u00e4ndare och 1 f\u00f6retag. Debiteras \u00e5rsvis. Du som har BL Byr\u00e5 betalar 229:-\/m\u00e5n\/anv\u00e4ndare.<\/p>\t\t\t\t\t\t\t\t<\/div>\n\t\t\t\t<\/div>\n\t\t\t\t<\/div>\n\t\t\t\t<\/div>\n\t\t\t\t<\/div>\n\t\t\t\t\t<\/div>\n\t\t\t\t<\/div>\n\t\t<div class=\"elementor-element elementor-element-878ef25 e-flex e-con-boxed e-con e-parent\" data-id=\"878ef25\" data-element_type=\"container\" data-e-type=\"container\" data-settings=\"{&quot;background_background&quot;:&quot;classic&quot;}\">\n\t\t\t\t\t<div class=\"e-con-inner\">\n\t\t<div class=\"elementor-element elementor-element-3032c53 e-con-full e-flex e-con e-child\" data-id=\"3032c53\" data-element_type=\"container\" data-e-type=\"container\">\n\t\t\t\t<div class=\"elementor-element elementor-element-ca3b5cf elementor-widget elementor-widget-heading\" data-id=\"ca3b5cf\" data-element_type=\"widget\" data-e-type=\"widget\" data-widget_type=\"heading.default\">\n\t\t\t\t<div class=\"elementor-widget-container\">\n\t\t\t\t\t<h2 class=\"elementor-heading-title elementor-size-default\">Unna dig ett bra l\u00f6neprogram<\/h2>\t\t\t\t<\/div>\n\t\t\t\t<\/div>\n\t\t\t\t<\/div>\n\t\t<div class=\"elementor-element elementor-element-5ff53d4 e-con-full e-flex e-con e-child\" data-id=\"5ff53d4\" data-element_type=\"container\" data-e-type=\"container\">\n\t\t\t\t<div class=\"elementor-element elementor-element-1fdff51 elementor-widget elementor-widget-text-editor\" data-id=\"1fdff51\" data-element_type=\"widget\" data-e-type=\"widget\" data-widget_type=\"text-editor.default\">\n\t\t\t\t<div class=\"elementor-widget-container\">\n\t\t\t\t\t\t\t\t\t<p>Med BLA L\u00f6n Plus ger du dig sj\u00e4lv de b\u00e4sta f\u00f6ruts\u00e4ttningarna att administrera f\u00f6retagets l\u00f6ner effektivt och med h\u00f6g kvalitet. Du f\u00e5r st\u00f6d genom hela l\u00f6nehanteringsprocessen och kommer att uppt\u00e4cka m\u00e5nga smarta finesser som snabbar upp och f\u00f6renklar ditt arbete.<\/p><h6><a href=\"https:\/\/bjornlunden.com\/se\/tid-och-lonehantering\/payroll-lonesystem\/\"><strong>Se \u00e4ven v\u00e5rt nya webbaserade l\u00f6nesystem Payroll Plus &gt;&gt;<\/strong><\/a><\/h6>\t\t\t\t\t\t\t\t<\/div>\n\t\t\t\t<\/div>\n\t\t\t\t<\/div>\n\t\t\t\t\t<\/div>\n\t\t\t\t<\/div>\n\t\t<div class=\"elementor-element elementor-element-7d1d881 e-flex e-con-boxed e-con e-child\" data-id=\"7d1d881\" data-element_type=\"container\" data-e-type=\"container\" data-settings=\"{&quot;background_background&quot;:&quot;classic&quot;}\">\n\t\t\t\t\t<div class=\"e-con-inner\">\n\t\t<div class=\"elementor-element elementor-element-4c2d3eb e-con-full e-flex elementor-invisible e-con e-child\" data-id=\"4c2d3eb\" data-element_type=\"container\" data-e-type=\"container\" data-settings=\"{&quot;animation&quot;:&quot;fadeInUp&quot;}\">\n\t\t\t\t<div class=\"elementor-element elementor-element-3ac8781 border0 elementor-widget elementor-widget-image\" data-id=\"3ac8781\" data-element_type=\"widget\" data-e-type=\"widget\" data-widget_type=\"image.default\">\n\t\t\t\t<div class=\"elementor-widget-container\">\n\t\t\t\t\t\t\t\t\t\t\t\t\t\t\t<img decoding=\"async\" width=\"72\" height=\"72\" src=\"https:\/\/bjornlunden.com\/wp-content\/uploads\/Group-48096670-1.svg\" class=\"attachment-large size-large wp-image-14295\" alt=\"E-faktura f\u00f6r 3,50 kr\" \/>\t\t\t\t\t\t\t\t\t\t\t\t\t\t\t<\/div>\n\t\t\t\t<\/div>\n\t\t\t\t<div class=\"elementor-element elementor-element-066face elementor-widget elementor-widget-heading\" data-id=\"066face\" data-element_type=\"widget\" data-e-type=\"widget\" data-widget_type=\"heading.default\">\n\t\t\t\t<div class=\"elementor-widget-container\">\n\t\t\t\t\t<h3 class=\"elementor-heading-title elementor-size-default\">Komplett semesterhantering <\/h3>\t\t\t\t<\/div>\n\t\t\t\t<\/div>\n\t\t\t\t<div class=\"elementor-element elementor-element-b2eb911 elementor-widget elementor-widget-text-editor\" data-id=\"b2eb911\" data-element_type=\"widget\" data-e-type=\"widget\" data-widget_type=\"text-editor.default\">\n\t\t\t\t<div class=\"elementor-widget-container\">\n\t\t\t\t\t\t\t\t\t<p>Du f\u00e5r ett omfattande st\u00f6d f\u00f6r den komplexa semesterhanteringen. Programmet hj\u00e4lper dig med alla de vanligaste semesterber\u00e4kningsmetoderna \u2013 procentregeln, sammal\u00f6neregeln och m\u00e5nadsl\u00f6n med till\u00e4gg.<\/p>\t\t\t\t\t\t\t\t<\/div>\n\t\t\t\t<\/div>\n\t\t\t\t<\/div>\n\t\t<div class=\"elementor-element elementor-element-4cab7bf e-con-full e-flex elementor-invisible e-con e-child\" data-id=\"4cab7bf\" data-element_type=\"container\" data-e-type=\"container\" data-settings=\"{&quot;animation&quot;:&quot;fadeInUp&quot;,&quot;animation_delay&quot;:200}\">\n\t\t\t\t<div class=\"elementor-element elementor-element-b7edca9 border0 elementor-widget elementor-widget-image\" data-id=\"b7edca9\" data-element_type=\"widget\" data-e-type=\"widget\" data-widget_type=\"image.default\">\n\t\t\t\t<div class=\"elementor-widget-container\">\n\t\t\t\t\t\t\t\t\t\t\t\t\t\t\t<img loading=\"lazy\" decoding=\"async\" width=\"72\" height=\"72\" src=\"https:\/\/bjornlunden.com\/wp-content\/uploads\/Smart-kalendarium.svg\" class=\"attachment-large size-large wp-image-14302\" alt=\"Smart kalendarium\" \/>\t\t\t\t\t\t\t\t\t\t\t\t\t\t\t<\/div>\n\t\t\t\t<\/div>\n\t\t\t\t<div class=\"elementor-element elementor-element-005ccdf elementor-widget elementor-widget-heading\" data-id=\"005ccdf\" data-element_type=\"widget\" data-e-type=\"widget\" data-widget_type=\"heading.default\">\n\t\t\t\t<div class=\"elementor-widget-container\">\n\t\t\t\t\t<h3 class=\"elementor-heading-title elementor-size-default\">Smart kalendarium<\/h3>\t\t\t\t<\/div>\n\t\t\t\t<\/div>\n\t\t\t\t<div class=\"elementor-element elementor-element-a76b342 elementor-widget elementor-widget-text-editor\" data-id=\"a76b342\" data-element_type=\"widget\" data-e-type=\"widget\" data-widget_type=\"text-editor.default\">\n\t\t\t\t<div class=\"elementor-widget-container\">\n\t\t\t\t\t\t\t\t\t<p>Att rapportering av l\u00f6neavvikelser kan vara ett m\u00f6rker vet alla som jobbat med l\u00f6nehantering. I v\u00e5rt l\u00f6neprogram noteras alla avvikelser i ett kalendarium, vilket kraftigt f\u00f6renklar din l\u00f6neavvikelserapportering.<\/p>\t\t\t\t\t\t\t\t<\/div>\n\t\t\t\t<\/div>\n\t\t\t\t<\/div>\n\t\t<div class=\"elementor-element elementor-element-a5e9bc0 e-con-full e-flex elementor-invisible e-con e-child\" data-id=\"a5e9bc0\" data-element_type=\"container\" data-e-type=\"container\" data-settings=\"{&quot;animation&quot;:&quot;fadeInUp&quot;,&quot;animation_delay&quot;:400}\">\n\t\t\t\t<div class=\"elementor-element elementor-element-9c2cd33 border0 elementor-widget elementor-widget-image\" data-id=\"9c2cd33\" data-element_type=\"widget\" data-e-type=\"widget\" data-widget_type=\"image.default\">\n\t\t\t\t<div class=\"elementor-widget-container\">\n\t\t\t\t\t\t\t\t\t\t\t\t\t\t\t<img loading=\"lazy\" decoding=\"async\" width=\"72\" height=\"72\" src=\"https:\/\/bjornlunden.com\/wp-content\/uploads\/Smidig-rapportering.svg\" class=\"attachment-large size-large wp-image-14306\" alt=\"Smidig rapportering\" \/>\t\t\t\t\t\t\t\t\t\t\t\t\t\t\t<\/div>\n\t\t\t\t<\/div>\n\t\t\t\t<div class=\"elementor-element elementor-element-565f1ad elementor-widget elementor-widget-heading\" data-id=\"565f1ad\" data-element_type=\"widget\" data-e-type=\"widget\" data-widget_type=\"heading.default\">\n\t\t\t\t<div class=\"elementor-widget-container\">\n\t\t\t\t\t<h3 class=\"elementor-heading-title elementor-size-default\">Smidig rapportering<\/h3>\t\t\t\t<\/div>\n\t\t\t\t<\/div>\n\t\t\t\t<div class=\"elementor-element elementor-element-6c2acf4 elementor-widget elementor-widget-text-editor\" data-id=\"6c2acf4\" data-element_type=\"widget\" data-e-type=\"widget\" data-widget_type=\"text-editor.default\">\n\t\t\t\t<div class=\"elementor-widget-container\">\n\t\t\t\t\t\t\t\t\t<p>Du kan g\u00f6ra statistikrapportering till SCB och Svenskt N\u00e4ringsliv genom att skapa filer som h\u00e4mtar uppgifter fr\u00e5n inst\u00e4llningar och l\u00f6ner gjorda i programmet. En tidsbesparande och uppskattad funktion.<\/p>\t\t\t\t\t\t\t\t<\/div>\n\t\t\t\t<\/div>\n\t\t\t\t<\/div>\n\t\t\t\t\t<\/div>\n\t\t\t\t<\/div>\n\t\t<div class=\"elementor-element elementor-element-f9c1ba3 e-con-full submenu e-flex e-con e-parent\" data-id=\"f9c1ba3\" data-element_type=\"container\" data-e-type=\"container\" data-settings=\"{&quot;background_background&quot;:&quot;classic&quot;,&quot;sticky&quot;:&quot;top&quot;,&quot;sticky_on&quot;:[&quot;desktop&quot;,&quot;tablet&quot;,&quot;mobile&quot;],&quot;sticky_offset&quot;:0,&quot;sticky_effects_offset&quot;:0,&quot;sticky_anchor_link_offset&quot;:0}\">\n\t\t<div class=\"elementor-element elementor-element-6162f02 e-flex e-con-boxed e-con e-child\" data-id=\"6162f02\" data-element_type=\"container\" data-e-type=\"container\">\n\t\t\t\t\t<div class=\"e-con-inner\">\n\t\t\t\t<div class=\"elementor-element elementor-element-1a9b790 elementor-widget elementor-widget-shortcode\" data-id=\"1a9b790\" data-element_type=\"widget\" data-e-type=\"widget\" data-widget_type=\"shortcode.default\">\n\t\t\t\t<div class=\"elementor-widget-container\">\n\t\t\t\t\t\t\t<div class=\"elementor-shortcode\"><div id=\"submenu\" class=\"product-submenu-container\"><a href=\"https:\/\/bjornlunden.com\/se\/bla-lon-plus\/\">Om BLA L\u00f6n Plus<\/a><a href=\"https:\/\/bjornlunden.com\/se\/bla-lon-plus\/funktioner\/\">Funktioner<\/a><a href=\"https:\/\/bjornlunden.com\/se\/bla-lon-plus\/faq\/\">FAQ<\/a><a href=\"https:\/\/bjornlunden.com\/se\/bla-lon-plus\/integrationer\/\">Integrationer<\/a><\/div><script>\n        document.addEventListener(\"DOMContentLoaded\", function () {\n            const links = document.querySelectorAll(\"#submenu a[data-anchor]\");\n            const sections = [];\n        \n            links.forEach(link => {\n                const anchor = link.getAttribute(\"data-anchor\");\n                const section = document.getElementById(anchor);\n                if (section) {\n                    sections.push({ id: anchor, section, link });\n                }\n            });\n        \n            function updateActiveLink() {\n                const scrollY = window.scrollY;\n                const windowHeight = window.innerHeight;\n                const topOffset = 150; \/\/ adjust if you have sticky header\n                const triggerPoint = windowHeight * 0.4; \/\/ 40% from top\n        \n                let activeLink = null;\n        \n                sections.forEach(({ section, link }) => {\n                    const sectionTop = section.getBoundingClientRect().top;\n                    if (sectionTop >= topOffset && sectionTop < triggerPoint) {\n                        activeLink = link;\n                    }\n                });\n        \n                \/\/ fallback: if none in view, highlight the last section above\n                if (!activeLink) {\n                    for (let i = sections.length - 1; i >= 0; i--) {\n                        const rect = sections[i].section.getBoundingClientRect();\n                        if (rect.top < topOffset) {\n                            activeLink = sections[i].link;\n                            break;\n                        }\n                    }\n                }\n        \n                links.forEach(link => link.classList.remove(\"active\"));\n                if (activeLink) activeLink.classList.add(\"active\");\n            }\n        \n            window.addEventListener(\"scroll\", updateActiveLink, { passive: true });\n            window.addEventListener(\"resize\", updateActiveLink);\n            updateActiveLink();\n        });\n        <\/script><\/div>\n\t\t\t\t\t\t<\/div>\n\t\t\t\t<\/div>\n\t\t\t\t\t<\/div>\n\t\t\t\t<\/div>\n\t\t\t\t<\/div>\n\t\t\t\t<\/div>\n\t\t\t\t<\/div>\n\t\t\t\t\t\t<\/div>\n\t\t\t\t<\/div>\n\t\t\t\t<\/div>\n\t\t<div class=\"elementor-element elementor-element-19c9ea2 e-flex e-con-boxed e-con e-parent\" data-id=\"19c9ea2\" data-element_type=\"container\" data-e-type=\"container\">\n\t\t\t\t\t<div class=\"e-con-inner\">\n\t\t\t\t<div class=\"elementor-element elementor-element-ac64561 elementor-widget elementor-widget-spacer\" data-id=\"ac64561\" data-element_type=\"widget\" data-e-type=\"widget\" data-widget_type=\"spacer.default\">\n\t\t\t\t<div class=\"elementor-widget-container\">\n\t\t\t\t\t\t\t<div class=\"elementor-spacer\">\n\t\t\t<div class=\"elementor-spacer-inner\"><\/div>\n\t\t<\/div>\n\t\t\t\t\t\t<\/div>\n\t\t\t\t<\/div>\n\t\t\t\t\t<\/div>\n\t\t\t\t<\/div>\n\t\t<div class=\"elementor-element elementor-element-3e5eda3 border0 e-flex e-con-boxed e-con e-parent\" data-id=\"3e5eda3\" data-element_type=\"container\" data-e-type=\"container\">\n\t\t\t\t\t<div class=\"e-con-inner\">\n\t\t<div class=\"elementor-element elementor-element-367b390 e-con-full e-flex e-con e-child\" data-id=\"367b390\" data-element_type=\"container\" data-e-type=\"container\">\n\t\t\t\t<div class=\"elementor-element elementor-element-739d2cf elementor-widget elementor-widget-heading\" data-id=\"739d2cf\" data-element_type=\"widget\" data-e-type=\"widget\" data-widget_type=\"heading.default\">\n\t\t\t\t<div class=\"elementor-widget-container\">\n\t\t\t\t\t<h2 class=\"elementor-heading-title elementor-size-default\">Smarta integrationer<\/h2>\t\t\t\t<\/div>\n\t\t\t\t<\/div>\n\t\t\t\t<div class=\"elementor-element elementor-element-c7fe010 elementor-widget elementor-widget-text-editor\" data-id=\"c7fe010\" data-element_type=\"widget\" data-e-type=\"widget\" data-widget_type=\"text-editor.default\">\n\t\t\t\t<div class=\"elementor-widget-container\">\n\t\t\t\t\t\t\t\t\t<p>Genom att koppla BLA L\u00f6n Plus till dina andra system slipper du on\u00f6digt dubbelarbete och f\u00e5r mer tid till f\u00f6r du verkligen vill jobba med.<\/p>\t\t\t\t\t\t\t\t<\/div>\n\t\t\t\t<\/div>\n\t\t\t\t<\/div>\n\t\t<div class=\"elementor-element elementor-element-dc49f6d e-con-full e-flex e-con e-child\" data-id=\"dc49f6d\" data-element_type=\"container\" data-e-type=\"container\">\n\t\t\t\t<div class=\"elementor-element elementor-element-e5547df elementor-widget elementor-widget-shortcode\" data-id=\"e5547df\" data-element_type=\"widget\" data-e-type=\"widget\" data-widget_type=\"shortcode.default\">\n\t\t\t\t<div class=\"elementor-widget-container\">\n\t\t\t\t\t\t\t<div class=\"elementor-shortcode\"><div class=\"integrations-container\"><a class=\"integration-item border0\" href=\"https:\/\/bjornlunden.com\/se\/integrationer\/byggdagboken\/\"><img decoding=\"async\" src=\"https:\/\/bjornlunden.com\/wp-content\/uploads\/Byggdagboken-1.svg\" alt=\"Logo Byggdagboken\"><h5>Byggdagboken<\/h5><p class=\"excerpt\">Automatisk synkning mellan Byggdagboken och Bjorn Lunden som g\u00f6r att du slipper dubbelarbete och sparar v\u00e4rdefull tid.<\/p><p class=\"chevron-button\">L\u00e4s mer<\/p><\/a><a class=\"integration-item border0\" href=\"https:\/\/bjornlunden.com\/se\/integrationer\/kivra\/\"><img decoding=\"async\" src=\"https:\/\/bjornlunden.com\/wp-content\/uploads\/Kivra-4.svg\" alt=\"Logo Kivra\"><h5>Kivra<\/h5><p class=\"excerpt\">Med kopplingen mellan Bjorn Lunden och Kivra kan du skicka l\u00f6nebesked fr\u00e5n Bjorn Lunden till dina medarbetares digitala brevl\u00e5da hos Kivra.<\/p><p class=\"chevron-button\">L\u00e4s mer<\/p><\/a><a class=\"integration-item border0\" href=\"https:\/\/bjornlunden.com\/se\/integrationer\/trinax-tid-projekt\/\"><img decoding=\"async\" src=\"https:\/\/bjornlunden.com\/wp-content\/uploads\/Trinax.png\" alt=\"\"><h5>Trinax Tid &amp; Projekt<\/h5><p class=\"excerpt\">Med den h\u00e4r integrationen skickas alla era fakturor, projektaktiviteter, tidrapporter och utl\u00e4gg automatiskt fr\u00e5n Trinax till Bjorn Lunden f\u00f6r bokf\u00f6ring eller l\u00f6nehantering.<\/p><p class=\"chevron-button\">L\u00e4s mer<\/p><\/a><\/div><\/div>\n\t\t\t\t\t\t<\/div>\n\t\t\t\t<\/div>\n\t\t\t\t<\/div>\n\t\t\t\t\t<\/div>\n\t\t\t\t<\/div>\n\t\t<div class=\"elementor-element elementor-element-a1cceab e-flex e-con-boxed e-con e-parent\" data-id=\"a1cceab\" data-element_type=\"container\" data-e-type=\"container\">\n\t\t\t\t\t<div class=\"e-con-inner\">\n\t\t\t\t<div class=\"elementor-element elementor-element-be620a0 elementor-widget elementor-widget-spacer\" data-id=\"be620a0\" data-element_type=\"widget\" data-e-type=\"widget\" data-widget_type=\"spacer.default\">\n\t\t\t\t<div class=\"elementor-widget-container\">\n\t\t\t\t\t\t\t<div class=\"elementor-spacer\">\n\t\t\t<div class=\"elementor-spacer-inner\"><\/div>\n\t\t<\/div>\n\t\t\t\t\t\t<\/div>\n\t\t\t\t<\/div>\n\t\t\t\t\t<\/div>\n\t\t\t\t<\/div>\n\t\t\t\t<\/div>\n\t\t","protected":false},"excerpt":{"rendered":"<p>Smarta integrationer Genom att koppla BLA L\u00f6n Plus till dina andra system slipper du on\u00f6digt dubbelarbete och f\u00e5r mer tid till f\u00f6r du verkligen vill jobba med.<\/p>\n","protected":false},"author":2,"featured_media":20109,"parent":14253,"menu_order":0,"comment_status":"closed","ping_status":"closed","template":"","meta":{"_acf_changed":false,"footnotes":""},"class_list":["post-14470","page","type-page","status-publish","has-post-thumbnail","hentry"],"acf":[],"_links":{"self":[{"href":"https:\/\/bjornlunden.com\/se\/wp-json\/wp\/v2\/pages\/14470","targetHints":{"allow":["GET"]}}],"collection":[{"href":"https:\/\/bjornlunden.com\/se\/wp-json\/wp\/v2\/pages"}],"about":[{"href":"https:\/\/bjornlunden.com\/se\/wp-json\/wp\/v2\/types\/page"}],"author":[{"embeddable":true,"href":"https:\/\/bjornlunden.com\/se\/wp-json\/wp\/v2\/users\/2"}],"replies":[{"embeddable":true,"href":"https:\/\/bjornlunden.com\/se\/wp-json\/wp\/v2\/comments?post=14470"}],"version-history":[{"count":7,"href":"https:\/\/bjornlunden.com\/se\/wp-json\/wp\/v2\/pages\/14470\/revisions"}],"predecessor-version":[{"id":25893,"href":"https:\/\/bjornlunden.com\/se\/wp-json\/wp\/v2\/pages\/14470\/revisions\/25893"}],"up":[{"embeddable":true,"href":"https:\/\/bjornlunden.com\/se\/wp-json\/wp\/v2\/pages\/14253"}],"wp:featuredmedia":[{"embeddable":true,"href":"https:\/\/bjornlunden.com\/se\/wp-json\/wp\/v2\/media\/20109"}],"wp:attachment":[{"href":"https:\/\/bjornlunden.com\/se\/wp-json\/wp\/v2\/media?parent=14470"}],"curies":[{"name":"wp","href":"https:\/\/api.w.org\/{rel}","templated":true}]}}