{"id":11950,"date":"2024-09-11T08:40:35","date_gmt":"2024-09-11T06:40:35","guid":{"rendered":"https:\/\/bjornlunden.com\/bjornkoll\/blogs\/"},"modified":"2026-05-07T13:10:21","modified_gmt":"2026-05-07T11:10:21","slug":"blogg","status":"publish","type":"page","link":"https:\/\/bjornlunden.com\/se\/bjornkoll\/blogg\/","title":{"rendered":"Blogg"},"content":{"rendered":"\t\t<div data-elementor-type=\"wp-page\" data-elementor-id=\"11950\" class=\"elementor elementor-11950 elementor-4912\" data-elementor-post-type=\"page\">\n\t\t\t\t<div class=\"elementor-element elementor-element-ce82c6c e-flex e-con-boxed e-con e-parent\" data-id=\"ce82c6c\" data-element_type=\"container\" data-e-type=\"container\">\n\t\t\t\t\t<div class=\"e-con-inner\">\n\t\t\t\t<div class=\"elementor-element elementor-element-bd6d944 elementor-widget elementor-widget-spacer\" data-id=\"bd6d944\" data-element_type=\"widget\" data-e-type=\"widget\" data-widget_type=\"spacer.default\">\n\t\t\t\t<div class=\"elementor-widget-container\">\n\t\t\t\t\t\t\t<div class=\"elementor-spacer\">\n\t\t\t<div class=\"elementor-spacer-inner\"><\/div>\n\t\t<\/div>\n\t\t\t\t\t\t<\/div>\n\t\t\t\t<\/div>\n\t\t\t\t<div class=\"elementor-element elementor-element-f193198 elementor-absolute elementor-widget elementor-widget-image\" data-id=\"f193198\" data-element_type=\"widget\" data-e-type=\"widget\" data-settings=\"{&quot;_position&quot;:&quot;absolute&quot;}\" data-widget_type=\"image.default\">\n\t\t\t\t<div class=\"elementor-widget-container\">\n\t\t\t\t\t\t\t\t\t\t\t\t\t\t\t<img decoding=\"async\" width=\"72\" height=\"72\" src=\"https:\/\/bjornlunden.com\/wp-content\/uploads\/star-footer.svg\" class=\"attachment-large size-large wp-image-3128\" alt=\"\" \/>\t\t\t\t\t\t\t\t\t\t\t\t\t\t\t<\/div>\n\t\t\t\t<\/div>\n\t\t\t\t\t<\/div>\n\t\t\t\t<\/div>\n\t\t<div class=\"elementor-element elementor-element-a1b46d1 e-flex e-con-boxed e-con e-parent\" data-id=\"a1b46d1\" data-element_type=\"container\" data-e-type=\"container\">\n\t\t\t\t\t<div class=\"e-con-inner\">\n\t\t<div class=\"elementor-element elementor-element-0e6616a e-con-full breadcrumbs transparent e-flex e-con e-child\" data-id=\"0e6616a\" data-element_type=\"container\" data-e-type=\"container\">\n\t\t\t\t<div class=\"elementor-element elementor-element-3b5d859 elementor-widget elementor-widget-heading\" data-id=\"3b5d859\" data-element_type=\"widget\" data-e-type=\"widget\" data-widget_type=\"heading.default\">\n\t\t\t\t<div class=\"elementor-widget-container\">\n\t\t\t\t\t<p class=\"elementor-heading-title elementor-size-default\"><a href=\"https:\/\/bjornlunden.com\/se\/bjornkoll\/\">Bj\u00f6rnkoll<\/a><\/p>\t\t\t\t<\/div>\n\t\t\t\t<\/div>\n\t\t\t\t<div class=\"elementor-element elementor-element-b399628 active elementor-widget elementor-widget-heading\" data-id=\"b399628\" data-element_type=\"widget\" data-e-type=\"widget\" data-widget_type=\"heading.default\">\n\t\t\t\t<div class=\"elementor-widget-container\">\n\t\t\t\t\t<p class=\"elementor-heading-title elementor-size-default\">Blogg<\/p>\t\t\t\t<\/div>\n\t\t\t\t<\/div>\n\t\t\t\t<\/div>\n\t\t\t\t\t<\/div>\n\t\t\t\t<\/div>\n\t\t<div class=\"elementor-element elementor-element-a451509 e-flex e-con-boxed e-con e-parent\" data-id=\"a451509\" data-element_type=\"container\" data-e-type=\"container\">\n\t\t\t\t\t<div class=\"e-con-inner\">\n\t\t\t\t<div class=\"elementor-element elementor-element-fc46c74 elementor-widget elementor-widget-shortcode\" data-id=\"fc46c74\" data-element_type=\"widget\" data-e-type=\"widget\" data-widget_type=\"shortcode.default\">\n\t\t\t\t<div class=\"elementor-widget-container\">\n\t\t\t\t\t\t\t<div class=\"elementor-shortcode\"><div class=\"featured-insight-post\"><a href=\"https:\/\/bjornlunden.com\/se\/bjornkoll\/blogg\/representation-avdragsgillt-och-inte\/\"><img fetchpriority=\"high\" decoding=\"async\" width=\"1200\" height=\"628\" src=\"https:\/\/bjornlunden.com\/wp-content\/uploads\/Representation_Avdragsgillt_582690874.jpg\" class=\"attachment-full size-full wp-post-image\" alt=\"\" srcset=\"https:\/\/bjornlunden.com\/wp-content\/uploads\/Representation_Avdragsgillt_582690874.jpg 1200w, https:\/\/bjornlunden.com\/wp-content\/uploads\/Representation_Avdragsgillt_582690874-300x157.jpg 300w, https:\/\/bjornlunden.com\/wp-content\/uploads\/Representation_Avdragsgillt_582690874-1024x536.jpg 1024w, https:\/\/bjornlunden.com\/wp-content\/uploads\/Representation_Avdragsgillt_582690874-768x402.jpg 768w\" sizes=\"(max-width: 1200px) 100vw, 1200px\" \/><div class=\"post-details\"><h2>Representation \u2013 avdragsgillt och inte<\/h2><p class=\"excerpt\">N\u00e4r \u00e4r representation avdragsgill och inte? Vi sammanfattar de omfattande och sv\u00e5rtolkade reglerna om representation.<\/p><p class=\"chevron-button\">L\u00e4s mer<\/p><\/div><\/a><\/div><\/div>\n\t\t\t\t\t\t<\/div>\n\t\t\t\t<\/div>\n\t\t\t\t\t<\/div>\n\t\t\t\t<\/div>\n\t\t<div class=\"elementor-element elementor-element-b3f776c e-flex e-con-boxed e-con e-parent\" data-id=\"b3f776c\" data-element_type=\"container\" data-e-type=\"container\">\n\t\t\t\t\t<div class=\"e-con-inner\">\n\t\t\t\t<div class=\"elementor-element elementor-element-0ffa3f3 elementor-widget elementor-widget-spacer\" data-id=\"0ffa3f3\" data-element_type=\"widget\" data-e-type=\"widget\" data-widget_type=\"spacer.default\">\n\t\t\t\t<div class=\"elementor-widget-container\">\n\t\t\t\t\t\t\t<div class=\"elementor-spacer\">\n\t\t\t<div class=\"elementor-spacer-inner\"><\/div>\n\t\t<\/div>\n\t\t\t\t\t\t<\/div>\n\t\t\t\t<\/div>\n\t\t\t\t\t<\/div>\n\t\t\t\t<\/div>\n\t\t<div class=\"elementor-element elementor-element-85b816a e-flex e-con-boxed e-con e-parent\" data-id=\"85b816a\" data-element_type=\"container\" data-e-type=\"container\" id=\"blogg\">\n\t\t\t\t\t<div class=\"e-con-inner\">\n\t\t<div class=\"elementor-element elementor-element-958b671 e-con-full e-flex e-con e-child\" data-id=\"958b671\" data-element_type=\"container\" data-e-type=\"container\">\n\t\t\t\t<div class=\"elementor-element elementor-element-8bc30fd elementor-widget elementor-widget-shortcode\" data-id=\"8bc30fd\" data-element_type=\"widget\" data-e-type=\"widget\" data-widget_type=\"shortcode.default\">\n\t\t\t\t<div class=\"elementor-widget-container\">\n\t\t\t\t\t\t\t<div class=\"elementor-shortcode\"><div class=\"facetwp-facet facetwp-facet-filter_blogg_se facetwp-type-checkboxes\" data-name=\"filter_blogg_se\" data-type=\"checkboxes\"><\/div><\/div>\n\t\t\t\t\t\t<\/div>\n\t\t\t\t<\/div>\n\t\t\t\t<\/div>\n\t\t<div class=\"elementor-element elementor-element-a2b789d e-con-full e-flex e-con e-child\" data-id=\"a2b789d\" data-element_type=\"container\" data-e-type=\"container\">\n\t\t\t\t<div class=\"elementor-element elementor-element-125055f arrow-left-black elementor-widget elementor-widget-heading\" data-id=\"125055f\" data-element_type=\"widget\" data-e-type=\"widget\" data-widget_type=\"heading.default\">\n\t\t\t\t<div class=\"elementor-widget-container\">\n\t\t\t\t\t<p class=\"elementor-heading-title elementor-size-default\"><a href=\"https:\/\/bjornlunden.com\/se\/bjornkoll\/kundcase\/\">Kundcase<\/a><\/p>\t\t\t\t<\/div>\n\t\t\t\t<\/div>\n\t\t\t\t<div class=\"elementor-element elementor-element-cc2e24f arrow-right-black elementor-widget elementor-widget-heading\" data-id=\"cc2e24f\" data-element_type=\"widget\" data-e-type=\"widget\" data-widget_type=\"heading.default\">\n\t\t\t\t<div class=\"elementor-widget-container\">\n\t\t\t\t\t<p class=\"elementor-heading-title elementor-size-default\"><a href=\"https:\/\/bjornlunden.com\/se\/bjornkoll\/resurser\/\">Resurser<\/a><\/p>\t\t\t\t<\/div>\n\t\t\t\t<\/div>\n\t\t\t\t<\/div>\n\t\t\t\t<div class=\"elementor-element elementor-element-95cf1a6 elementor-widget elementor-widget-shortcode\" data-id=\"95cf1a6\" data-element_type=\"widget\" data-e-type=\"widget\" data-widget_type=\"shortcode.default\">\n\t\t\t\t<div class=\"elementor-widget-container\">\n\t\t\t\t\t\t\t<div class=\"elementor-shortcode\"><div class=\"defaultpost-container\"><a href=\"https:\/\/bjornlunden.com\/se\/bjornkoll\/blogg\/bokfora-semesterloneskuld-praktiska-konteringsexempel\/\"><img decoding=\"async\" src=\"https:\/\/bjornlunden.com\/wp-content\/uploads\/Bokfora_Semesterloneskuld_428814769.jpg\" alt=\"Bokf\u00f6ra semesterl\u00f6neskuld \u2013 praktiska konteringsexempel\"><div class=\"post-details\"><h6>Bokf\u00f6ra semesterl\u00f6neskuld \u2013 praktiska konteringsexempel<\/h6><p class=\"excerpt\">I den h\u00e4r artikeln g\u00e5r vi igenom hur du bokf\u00f6r semesterl\u00f6neskuld. <\/p><\/div><\/a><a href=\"https:\/\/bjornlunden.com\/se\/bjornkoll\/blogg\/nationellt-register-over-bostadsratter-och-pantsattningar\/\"><img decoding=\"async\" src=\"https:\/\/bjornlunden.com\/wp-content\/uploads\/Register_Bostadsratter_Insight.jpg\" alt=\"Nationellt register \u00f6ver bostadsr\u00e4tter och pants\u00e4ttningar\"><div class=\"post-details\"><h6>Nationellt register \u00f6ver bostadsr\u00e4tter och pants\u00e4ttningar<\/h6><p class=\"excerpt\">Nu inf\u00f6rs ett nationellt register \u00f6ver alla bostadsr\u00e4tter och pants\u00e4...<\/p><\/div><\/a><a href=\"https:\/\/bjornlunden.com\/se\/bjornkoll\/blogg\/skattefri-milersattning-vid-styrelseuppdrag\/\"><img decoding=\"async\" src=\"https:\/\/bjornlunden.com\/wp-content\/uploads\/Skattefri_Milersattning-_Insight.jpg\" alt=\"Skattefri milers\u00e4ttning vid styrelseuppdrag?\"><div class=\"post-details\"><h6>Skattefri milers\u00e4ttning vid styrelseuppdrag?<\/h6><p class=\"excerpt\">Vad g\u00e4ller f\u00f6r skattefri milers\u00e4ttning vid styrelseuppdrag?<\/p><\/div><\/a><a href=\"https:\/\/bjornlunden.com\/se\/bjornkoll\/blogg\/representation-avdragsgillt-och-inte\/\"><img decoding=\"async\" src=\"https:\/\/bjornlunden.com\/wp-content\/uploads\/Representation_Avdragsgillt_582690874.jpg\" alt=\"Representation \u2013 avdragsgillt och inte\"><div class=\"post-details\"><h6>Representation \u2013 avdragsgillt och inte<\/h6><p class=\"excerpt\">N\u00e4r \u00e4r representation avdragsgill och inte? Vi sammanfattar de omfatta...<\/p><\/div><\/a><a href=\"https:\/\/bjornlunden.com\/se\/bjornkoll\/blogg\/hardare-tag-mot-skattefusk\/\"><img decoding=\"async\" src=\"https:\/\/bjornlunden.com\/wp-content\/uploads\/Nyheter_Deklarationen_2025.jpg\" alt=\"H\u00e5rdare tag mot skattefusk\"><div class=\"post-details\"><h6>H\u00e5rdare tag mot skattefusk<\/h6><p class=\"excerpt\">Fr\u00e5n 1 juli 2026 f\u00e5r Skatteverket nya verktyg f\u00f6r att bek\u00e4mpa skatte...<\/p><\/div><\/a><a href=\"https:\/\/bjornlunden.com\/se\/bjornkoll\/blogg\/skattefri-laddning-av-elbil-pa-arbetsplatsen\/\"><img decoding=\"async\" src=\"https:\/\/bjornlunden.com\/wp-content\/uploads\/Elbilsladdning_Arbetsplats_Insight.jpg\" alt=\"Reglerna om skattefri laddning av elbil p\u00e5 arbetsplatsen permanentas\"><div class=\"post-details\"><h6>Reglerna om skattefri laddning av elbil p\u00e5 arbetsplatsen permanentas<\/h6><p class=\"excerpt\">Reglerna om skattefri elbilsladdning p\u00e5 jobbet permanentas.<\/p><\/div><\/a><a href=\"https:\/\/bjornlunden.com\/se\/bjornkoll\/blogg\/bast-tidrapportering-for-foretag-jamforelse-qbis-och-timeplan\/\"><img decoding=\"async\" src=\"https:\/\/bjornlunden.com\/wp-content\/uploads\/Reserakning_QBIS.jpg\" alt=\"B\u00e4st tidrapportering f\u00f6r f\u00f6retag \u2013 J\u00e4mf\u00f6relse QBIS och Timeplan\"><div class=\"post-details\"><h6>B\u00e4st tidrapportering f\u00f6r f\u00f6retag \u2013 J\u00e4mf\u00f6relse QBIS och Timeplan<\/h6><p class=\"excerpt\">En j\u00e4mf\u00f6relse mellan tv\u00e5 popul\u00e4ra tidrapporteringssystem.<\/p><\/div><\/a><a href=\"https:\/\/bjornlunden.com\/se\/bjornkoll\/blogg\/tullfriheten-for-billiga-forsandelser-avskaffas\/\"><img decoding=\"async\" src=\"https:\/\/bjornlunden.com\/wp-content\/uploads\/Tullfrihet_Avskaffas_1560827924.jpg\" alt=\"Tullfriheten f\u00f6r billiga f\u00f6rs\u00e4ndelser avskaffas\"><div class=\"post-details\"><h6>Tullfriheten f\u00f6r billiga f\u00f6rs\u00e4ndelser avskaffas<\/h6><p class=\"excerpt\">EU avskaffar tullfriheten f\u00f6r billiga f\u00f6rs\u00e4ndelser fr\u00e5n l\u00e4nder utan...<\/p><\/div><\/a><a href=\"https:\/\/bjornlunden.com\/se\/bjornkoll\/blogg\/nyheterna-i-varproppen\/\"><img decoding=\"async\" src=\"https:\/\/bjornlunden.com\/wp-content\/uploads\/Optioner_Skatt_Deklaration_1921198268.jpg\" alt=\"Nyheterna i v\u00e5rproppen\"><div class=\"post-details\"><h6>Nyheterna i v\u00e5rproppen<\/h6><p class=\"excerpt\">Viktigaste f\u00f6rslagen i v\u00e5rproppen 2026.<\/p><\/div><\/a><a href=\"https:\/\/bjornlunden.com\/se\/bjornkoll\/blogg\/tips-och-rad-kring-foretagets-semesterplanering\/\"><img decoding=\"async\" src=\"https:\/\/bjornlunden.com\/wp-content\/uploads\/Lampad_Foretagare__1681441798.jpg\" alt=\"Tips och r\u00e5d kring f\u00f6retagets semesterplanering\"><div class=\"post-details\"><h6>Tips och r\u00e5d kring f\u00f6retagets semesterplanering<\/h6><p class=\"excerpt\">Tips och r\u00e5d som hj\u00e4lper dig lyckas med semesterplaneringen.<\/p><\/div><\/a><a href=\"https:\/\/bjornlunden.com\/se\/bjornkoll\/blogg\/sommarjobbande-ungdomar-viktiga-regler\/\"><img decoding=\"async\" src=\"https:\/\/bjornlunden.com\/wp-content\/uploads\/Utdelning_Famansforetag_1473846833.jpg\" alt=\"Sommarjobbande ungdomar \u2013 viktiga regler\"><div class=\"post-details\"><h6>Sommarjobbande ungdomar \u2013 viktiga regler<\/h6><p class=\"excerpt\">H\u00e4r hittar du information om vilka regler som g\u00e4ller vid anst\u00e4llning ...<\/p><\/div><\/a><a href=\"https:\/\/bjornlunden.com\/se\/bjornkoll\/blogg\/har-ditt-foretag-tillracklig-likviditet\/\"><img decoding=\"async\" src=\"https:\/\/bjornlunden.com\/wp-content\/uploads\/Likviditet_2201276027.jpg\" alt=\"Likviditet \u2013 s\u00e5 r\u00e4knar du\"><div class=\"post-details\"><h6>Likviditet \u2013 s\u00e5 r\u00e4knar du<\/h6><p class=\"excerpt\">Har ditt f\u00f6retag tillr\u00e4cklig likviditet? H\u00e4r visar vi hur du r\u00e4knar ...<\/p><\/div><\/a><\/div><div class=\"pagination_container\"><span aria-current=\"page\" class=\"page-numbers current\">1<\/span>\n<a class=\"page-numbers\" href=\"https:\/\/bjornlunden.com\/se\/wp-json\/wp\/v2\/pages\/11950\/?paged=2\">2<\/a>\n<a class=\"page-numbers\" href=\"https:\/\/bjornlunden.com\/se\/wp-json\/wp\/v2\/pages\/11950\/?paged=3\">3<\/a>\n<span class=\"page-numbers dots\">&hellip;<\/span>\n<a class=\"page-numbers\" href=\"https:\/\/bjornlunden.com\/se\/wp-json\/wp\/v2\/pages\/11950\/?paged=28\">28<\/a><\/div><\/div>\n\t\t\t\t\t\t<\/div>\n\t\t\t\t<\/div>\n\t\t\t\t\t<\/div>\n\t\t\t\t<\/div>\n\t\t<div class=\"elementor-element elementor-element-b292a2f e-flex e-con-boxed e-con e-parent\" data-id=\"b292a2f\" data-element_type=\"container\" data-e-type=\"container\">\n\t\t\t\t\t<div class=\"e-con-inner\">\n\t\t\t\t<div class=\"elementor-element elementor-element-c88931e elementor-widget elementor-widget-spacer\" data-id=\"c88931e\" data-element_type=\"widget\" data-e-type=\"widget\" data-widget_type=\"spacer.default\">\n\t\t\t\t<div class=\"elementor-widget-container\">\n\t\t\t\t\t\t\t<div class=\"elementor-spacer\">\n\t\t\t<div class=\"elementor-spacer-inner\"><\/div>\n\t\t<\/div>\n\t\t\t\t\t\t<\/div>\n\t\t\t\t<\/div>\n\t\t\t\t\t<\/div>\n\t\t\t\t<\/div>\n\t\t<div class=\"elementor-element elementor-element-1c71ab0 e-flex e-con-boxed e-con e-parent\" data-id=\"1c71ab0\" data-element_type=\"container\" data-e-type=\"container\">\n\t\t\t\t\t<div class=\"e-con-inner\">\n\t\t\t\t<div class=\"elementor-element elementor-element-4cf9ee3 elementor-widget elementor-widget-template\" data-id=\"4cf9ee3\" data-element_type=\"widget\" data-e-type=\"widget\" data-widget_type=\"template.default\">\n\t\t\t\t<div class=\"elementor-widget-container\">\n\t\t\t\t\t\t\t<div class=\"elementor-template\">\n\t\t\t\t\t<div data-elementor-type=\"container\" data-elementor-id=\"5956\" class=\"elementor elementor-5956 elementor-4930\" data-elementor-post-type=\"elementor_library\">\n\t\t\t\t<div class=\"elementor-element elementor-element-3bb5a5f7 e-flex e-con-boxed e-con e-parent\" data-id=\"3bb5a5f7\" data-element_type=\"container\" data-e-type=\"container\">\n\t\t\t\t\t<div class=\"e-con-inner\">\n\t\t<div class=\"elementor-element elementor-element-7b282700 e-con-full e-flex e-con e-child\" data-id=\"7b282700\" data-element_type=\"container\" data-e-type=\"container\" data-settings=\"{&quot;background_background&quot;:&quot;classic&quot;}\">\n\t\t<div class=\"elementor-element elementor-element-25d7c3a6 e-con-full e-flex e-con e-child\" data-id=\"25d7c3a6\" data-element_type=\"container\" data-e-type=\"container\">\n\t\t\t\t<div class=\"elementor-element elementor-element-5e367708 elementor-widget elementor-widget-heading\" data-id=\"5e367708\" data-element_type=\"widget\" data-e-type=\"widget\" data-widget_type=\"heading.default\">\n\t\t\t\t<div class=\"elementor-widget-container\">\n\t\t\t\t\t<h2 class=\"elementor-heading-title elementor-size-default\">H\u00e5ll dig uppdaterad!<\/h2>\t\t\t\t<\/div>\n\t\t\t\t<\/div>\n\t\t\t\t<div class=\"elementor-element elementor-element-576d40a elementor-widget elementor-widget-text-editor\" data-id=\"576d40a\" data-element_type=\"widget\" data-e-type=\"widget\" data-widget_type=\"text-editor.default\">\n\t\t\t\t<div class=\"elementor-widget-container\">\n\t\t\t\t\t\t\t\t\t<p>Anm\u00e4l dig till v\u00e5rt kostnadsfria nyhetsbrev d\u00e4r vi sammanfattar de viktigaste nyheterna och hur de p\u00e5verkar ditt f\u00f6retag.<\/p>\t\t\t\t\t\t\t\t<\/div>\n\t\t\t\t<\/div>\n\t\t\t\t<div class=\"elementor-element elementor-element-25bf63e0 btn black elementor-widget elementor-widget-button\" data-id=\"25bf63e0\" data-element_type=\"widget\" data-e-type=\"widget\" data-widget_type=\"button.default\">\n\t\t\t\t<div class=\"elementor-widget-container\">\n\t\t\t\t\t\t\t\t\t<div class=\"elementor-button-wrapper\">\n\t\t\t\t\t<a class=\"elementor-button elementor-button-link elementor-size-sm\" href=\"#elementor-action%3Aaction%3Dpopup%3Aopen%26settings%3DeyJpZCI6MTc4MzcsInRvZ2dsZSI6ZmFsc2V9\">\n\t\t\t\t\t\t<span class=\"elementor-button-content-wrapper\">\n\t\t\t\t\t\t\t\t\t<span class=\"elementor-button-text\">S\u00e4tt upp mig p\u00e5 listan!<\/span>\n\t\t\t\t\t<\/span>\n\t\t\t\t\t<\/a>\n\t\t\t\t<\/div>\n\t\t\t\t\t\t\t\t<\/div>\n\t\t\t\t<\/div>\n\t\t\t\t<\/div>\n\t\t\t\t<\/div>\n\t\t\t\t\t<\/div>\n\t\t\t\t<\/div>\n\t\t\t\t<\/div>\n\t\t\t\t<\/div>\n\t\t\t\t\t\t<\/div>\n\t\t\t\t<\/div>\n\t\t\t\t\t<\/div>\n\t\t\t\t<\/div>\n\t\t<div class=\"elementor-element elementor-element-1318d71 e-flex e-con-boxed e-con e-parent\" data-id=\"1318d71\" data-element_type=\"container\" data-e-type=\"container\">\n\t\t\t\t\t<div class=\"e-con-inner\">\n\t\t\t\t<div class=\"elementor-element elementor-element-611abc2 elementor-widget elementor-widget-spacer\" data-id=\"611abc2\" data-element_type=\"widget\" data-e-type=\"widget\" data-widget_type=\"spacer.default\">\n\t\t\t\t<div class=\"elementor-widget-container\">\n\t\t\t\t\t\t\t<div class=\"elementor-spacer\">\n\t\t\t<div class=\"elementor-spacer-inner\"><\/div>\n\t\t<\/div>\n\t\t\t\t\t\t<\/div>\n\t\t\t\t<\/div>\n\t\t\t\t\t<\/div>\n\t\t\t\t<\/div>\n\t\t\t\t<\/div>\n\t\t","protected":false},"excerpt":{"rendered":"<p>Bj\u00f6rnkoll Kundcase Resurser<\/p>\n","protected":false},"author":2,"featured_media":19911,"parent":4483,"menu_order":0,"comment_status":"closed","ping_status":"closed","template":"","meta":{"_acf_changed":false,"footnotes":""},"class_list":["post-11950","page","type-page","status-publish","has-post-thumbnail","hentry"],"acf":[],"_links":{"self":[{"href":"https:\/\/bjornlunden.com\/se\/wp-json\/wp\/v2\/pages\/11950","targetHints":{"allow":["GET"]}}],"collection":[{"href":"https:\/\/bjornlunden.com\/se\/wp-json\/wp\/v2\/pages"}],"about":[{"href":"https:\/\/bjornlunden.com\/se\/wp-json\/wp\/v2\/types\/page"}],"author":[{"embeddable":true,"href":"https:\/\/bjornlunden.com\/se\/wp-json\/wp\/v2\/users\/2"}],"replies":[{"embeddable":true,"href":"https:\/\/bjornlunden.com\/se\/wp-json\/wp\/v2\/comments?post=11950"}],"version-history":[{"count":76,"href":"https:\/\/bjornlunden.com\/se\/wp-json\/wp\/v2\/pages\/11950\/revisions"}],"predecessor-version":[{"id":66644,"href":"https:\/\/bjornlunden.com\/se\/wp-json\/wp\/v2\/pages\/11950\/revisions\/66644"}],"up":[{"embeddable":true,"href":"https:\/\/bjornlunden.com\/se\/wp-json\/wp\/v2\/pages\/4483"}],"wp:featuredmedia":[{"embeddable":true,"href":"https:\/\/bjornlunden.com\/se\/wp-json\/wp\/v2\/media\/19911"}],"wp:attachment":[{"href":"https:\/\/bjornlunden.com\/se\/wp-json\/wp\/v2\/media?parent=11950"}],"curies":[{"name":"wp","href":"https:\/\/api.w.org\/{rel}","templated":true}]}}