 {"id":65392,"date":"2026-02-10T15:20:48","date_gmt":"2026-02-10T14:20:48","guid":{"rendered":"https:\/\/bjornlunden.com\/qbis\/ledighetsplanering\/"},"modified":"2026-04-16T11:17:23","modified_gmt":"2026-04-16T09:17:23","slug":"ferieplanlaegning","status":"publish","type":"page","link":"https:\/\/bjornlunden.com\/dk\/qbis\/ferieplanlaegning\/","title":{"rendered":"QBIS Feriplanl\u00e6gning og frav\u00e6rsh\u00e5ndtering"},"content":{"rendered":"\t\t<div data-elementor-type=\"wp-page\" data-elementor-id=\"65392\" class=\"elementor elementor-65392 elementor-59255\" data-elementor-post-type=\"page\">\n\t\t\t\t<div class=\"elementor-element elementor-element-f59ca7d e-flex e-con-boxed e-con e-parent\" data-id=\"f59ca7d\" data-element_type=\"container\" data-e-type=\"container\" data-settings=\"{&quot;background_background&quot;:&quot;classic&quot;}\">\n\t\t\t\t\t<div class=\"e-con-inner\">\n\t\t<div class=\"elementor-element elementor-element-97a2c09 e-con-full e-flex e-con e-child\" data-id=\"97a2c09\" data-element_type=\"container\" data-e-type=\"container\" data-settings=\"{&quot;background_background&quot;:&quot;classic&quot;}\">\n\t\t\t\t<div class=\"elementor-element elementor-element-34f8532 elementor-widget elementor-widget-text-editor\" data-id=\"34f8532\" data-element_type=\"widget\" data-e-type=\"widget\" data-widget_type=\"text-editor.default\">\n\t\t\t\t<div class=\"elementor-widget-container\">\n\t\t\t\t\t\t\t\t\t<h1>Feriplanl\u00e6gning og frav\u00e6rsh\u00e5ndtering<\/h1>\t\t\t\t\t\t\t\t<\/div>\n\t\t\t\t<\/div>\n\t\t\t\t<div class=\"elementor-element elementor-element-8fa2b80 elementor-widget elementor-widget-text-editor\" data-id=\"8fa2b80\" data-element_type=\"widget\" data-e-type=\"widget\" data-widget_type=\"text-editor.default\">\n\t\t\t\t<div class=\"elementor-widget-container\">\n\t\t\t\t\t\t\t\t\t<p>Planl\u00e6g og h\u00e5ndter alle medarbejdernes ferie og frav\u00e6r med QBIS-til\u00e6gsmodulet Feriplanl\u00e6ggeren. Et v\u00e6rkt\u00f8j der sikrer, at I har den rette bemanding hele \u00e5ret. Feriplanl\u00e6gning i tidsregistreringssystemet forenkler hele forl\u00f8bet \u2013 fra frav\u00e6rsanmodning til planl\u00e6gning og h\u00e5ndtering af alle former for ferie og frav\u00e6r.<\/p>\t\t\t\t\t\t\t\t<\/div>\n\t\t\t\t<\/div>\n\t\t\t\t<\/div>\n\t\t<div class=\"elementor-element elementor-element-9001faa e-con-full e-flex e-con e-child\" data-id=\"9001faa\" data-element_type=\"container\" data-e-type=\"container\">\n\t\t\t\t<div class=\"elementor-element elementor-element-af1b28d elementor-widget elementor-widget-image\" data-id=\"af1b28d\" data-element_type=\"widget\" data-e-type=\"widget\" data-widget_type=\"image.default\">\n\t\t\t\t<div class=\"elementor-widget-container\">\n\t\t\t\t\t\t\t\t\t\t\t\t\t\t\t<img fetchpriority=\"high\" decoding=\"async\" width=\"800\" height=\"580\" src=\"https:\/\/bjornlunden.com\/wp-content\/uploads\/Qbis_Ledighetsplanering_2714274515.jpg\" class=\"attachment-large size-large wp-image-59280\" alt=\"Bild p\u00e5 kvinna som arbetar med h\u00e5llbarhetsredovisning\" srcset=\"https:\/\/bjornlunden.com\/wp-content\/uploads\/Qbis_Ledighetsplanering_2714274515.jpg 800w, https:\/\/bjornlunden.com\/wp-content\/uploads\/Qbis_Ledighetsplanering_2714274515-300x218.jpg 300w, https:\/\/bjornlunden.com\/wp-content\/uploads\/Qbis_Ledighetsplanering_2714274515-768x557.jpg 768w\" sizes=\"(max-width: 800px) 100vw, 800px\" \/>\t\t\t\t\t\t\t\t\t\t\t\t\t\t\t<\/div>\n\t\t\t\t<\/div>\n\t\t\t\t<\/div>\n\t\t\t\t\t<\/div>\n\t\t\t\t<\/div>\n\t\t<div class=\"elementor-element elementor-element-f88b079 e-flex e-con-boxed e-con e-parent\" data-id=\"f88b079\" data-element_type=\"container\" data-e-type=\"container\">\n\t\t\t\t\t<div class=\"e-con-inner\">\n\t\t\t\t<div class=\"elementor-element elementor-element-6d84833 elementor-widget elementor-widget-spacer\" data-id=\"6d84833\" data-element_type=\"widget\" data-e-type=\"widget\" data-widget_type=\"spacer.default\">\n\t\t\t\t<div class=\"elementor-widget-container\">\n\t\t\t\t\t\t\t<div class=\"elementor-spacer\">\n\t\t\t<div class=\"elementor-spacer-inner\"><\/div>\n\t\t<\/div>\n\t\t\t\t\t\t<\/div>\n\t\t\t\t<\/div>\n\t\t\t\t\t<\/div>\n\t\t\t\t<\/div>\n\t\t<div class=\"elementor-element elementor-element-92710bb e-flex e-con-boxed e-con e-parent\" data-id=\"92710bb\" data-element_type=\"container\" data-e-type=\"container\">\n\t\t\t\t\t<div class=\"e-con-inner\">\n\t\t\t\t<div class=\"elementor-element elementor-element-478c4c8 elementor-widget elementor-widget-text-editor\" data-id=\"478c4c8\" data-element_type=\"widget\" data-e-type=\"widget\" data-widget_type=\"text-editor.default\">\n\t\t\t\t<div class=\"elementor-widget-container\">\n\t\t\t\t\t\t\t\t\t<h2 style=\"text-align: center;\">Nem feriplanl\u00e6gning og h\u00e5ndtering<\/h2>\t\t\t\t\t\t\t\t<\/div>\n\t\t\t\t<\/div>\n\t\t\t\t<div class=\"elementor-element elementor-element-b2f4183 elementor-widget elementor-widget-text-editor\" data-id=\"b2f4183\" data-element_type=\"widget\" data-e-type=\"widget\" data-widget_type=\"text-editor.default\">\n\t\t\t\t<div class=\"elementor-widget-container\">\n\t\t\t\t\t\t\t\t\t<p>Digital h\u00e5ndtering af frav\u00e6rsanmodninger og feriplanl\u00e6gning betyder, at I slipper for manuel administration og komplicerede beregninger ved hvert frav\u00e6r. Planl\u00e6g alle medarbejdernes ferie og frav\u00e6r nemt og overskueligt med et v\u00e6rkt\u00f8j, der g\u00f8r det enkelt for alle at anmode om ferie, godkende eller afvise anmodninger og effektivisere hele l\u00f8nprocessen.<\/p>\t\t\t\t\t\t\t\t<\/div>\n\t\t\t\t<\/div>\n\t\t<div class=\"elementor-element elementor-element-8bd165d e-con-full e-flex e-con e-child\" data-id=\"8bd165d\" data-element_type=\"container\" data-e-type=\"container\" data-settings=\"{&quot;background_background&quot;:&quot;classic&quot;}\">\n\t\t<div class=\"elementor-element elementor-element-7f334ac e-con-full grid-3 e-flex e-con e-child\" data-id=\"7f334ac\" data-element_type=\"container\" data-e-type=\"container\">\n\t\t<div class=\"elementor-element elementor-element-cd9ffe7 e-con-full e-flex e-con e-child\" data-id=\"cd9ffe7\" data-element_type=\"container\" data-e-type=\"container\" data-settings=\"{&quot;background_background&quot;:&quot;classic&quot;}\">\n\t\t\t\t<div class=\"elementor-element elementor-element-491e67f elementor-widget elementor-widget-image\" data-id=\"491e67f\" data-element_type=\"widget\" data-e-type=\"widget\" data-widget_type=\"image.default\">\n\t\t\t\t<div class=\"elementor-widget-container\">\n\t\t\t\t\t\t\t\t\t\t\t\t\t\t\t<img decoding=\"async\" width=\"72\" height=\"72\" src=\"https:\/\/bjornlunden.com\/wp-content\/uploads\/Folg-din-ferieregistrering.svg\" class=\"attachment-large size-large wp-image-22235\" alt=\"F\u00f8lg din ferieregistrering\" \/>\t\t\t\t\t\t\t\t\t\t\t\t\t\t\t<\/div>\n\t\t\t\t<\/div>\n\t\t\t\t<div class=\"elementor-element elementor-element-652283c heading4 elementor-widget elementor-widget-heading\" data-id=\"652283c\" data-element_type=\"widget\" data-e-type=\"widget\" data-widget_type=\"heading.default\">\n\t\t\t\t<div class=\"elementor-widget-container\">\n\t\t\t\t\t<h3 class=\"elementor-heading-title elementor-size-default\">Anmod om ferie og frav\u00e6r<\/h3>\t\t\t\t<\/div>\n\t\t\t\t<\/div>\n\t\t\t\t<div class=\"elementor-element elementor-element-c02eedc elementor-widget elementor-widget-text-editor\" data-id=\"c02eedc\" data-element_type=\"widget\" data-e-type=\"widget\" data-widget_type=\"text-editor.default\">\n\t\t\t\t<div class=\"elementor-widget-container\">\n\t\t\t\t\t\t\t\t\t<p>En anmodning foretages direkte i Feriplanl\u00e6ggeren ved at medarbejderen udfylder dato, afvigelsestype og hvilken leder der skal modtage anmodningen. Status p\u00e5 anmodningen meddeles b\u00e5de i QBIS og via e-mail og vises i den visuelle oversigt over ferieplanen. Godkendt ferie registreres automatisk p\u00e5 medarbejderens tidkort med den korrekte afvigelsestype, s\u00e5 dobbelregistrering undg\u00e5s.<\/p>\t\t\t\t\t\t\t\t<\/div>\n\t\t\t\t<\/div>\n\t\t\t\t<\/div>\n\t\t<div class=\"elementor-element elementor-element-a619f96 e-con-full e-flex e-con e-child\" data-id=\"a619f96\" data-element_type=\"container\" data-e-type=\"container\" data-settings=\"{&quot;background_background&quot;:&quot;classic&quot;}\">\n\t\t\t\t<div class=\"elementor-element elementor-element-f0ac686 elementor-widget elementor-widget-image\" data-id=\"f0ac686\" data-element_type=\"widget\" data-e-type=\"widget\" data-widget_type=\"image.default\">\n\t\t\t\t<div class=\"elementor-widget-container\">\n\t\t\t\t\t\t\t\t\t\t\t\t\t\t\t<img decoding=\"async\" width=\"72\" height=\"72\" src=\"https:\/\/bjornlunden.com\/wp-content\/uploads\/Realtime-inzicht-due-compliance.svg\" class=\"attachment-large size-large wp-image-29008\" alt=\"Realtime inzicht-due compliance\" \/>\t\t\t\t\t\t\t\t\t\t\t\t\t\t\t<\/div>\n\t\t\t\t<\/div>\n\t\t\t\t<div class=\"elementor-element elementor-element-e697516 heading4 elementor-widget elementor-widget-heading\" data-id=\"e697516\" data-element_type=\"widget\" data-e-type=\"widget\" data-widget_type=\"heading.default\">\n\t\t\t\t<div class=\"elementor-widget-container\">\n\t\t\t\t\t<h3 class=\"elementor-heading-title elementor-size-default\">Planl\u00e6g og h\u00e5ndter<\/h3>\t\t\t\t<\/div>\n\t\t\t\t<\/div>\n\t\t\t\t<div class=\"elementor-element elementor-element-d519cf8 elementor-widget elementor-widget-text-editor\" data-id=\"d519cf8\" data-element_type=\"widget\" data-e-type=\"widget\" data-widget_type=\"text-editor.default\">\n\t\t\t\t<div class=\"elementor-widget-container\">\n\t\t\t\t\t\t\t\t\t<p>Den leder, der modtager en anmodning om ferie, f\u00e5r en besked i QBIS og en e-mail om, at der ligger en anmodning klar til gennemgang. Ud over navn, dato og valgt afvigelsestype kan lederen ogs\u00e5 se medarbejderens tidssaldo direkte i anmodningen \u2013 til hurtig og nem beslutningstagning. I oversigten er helligdage allerede registreret sammen med b\u00e5de afventende og godkendte anmodninger om ferie og frav\u00e6r fra medarbejderne, hvilket g\u00f8r det nemt at udarbejde ferieplaner.<\/p>\t\t\t\t\t\t\t\t<\/div>\n\t\t\t\t<\/div>\n\t\t\t\t<\/div>\n\t\t<div class=\"elementor-element elementor-element-e5cbed4 e-con-full e-flex e-con e-child\" data-id=\"e5cbed4\" data-element_type=\"container\" data-e-type=\"container\" data-settings=\"{&quot;background_background&quot;:&quot;classic&quot;}\">\n\t\t\t\t<div class=\"elementor-element elementor-element-8bac6bf elementor-widget elementor-widget-image\" data-id=\"8bac6bf\" data-element_type=\"widget\" data-e-type=\"widget\" data-widget_type=\"image.default\">\n\t\t\t\t<div class=\"elementor-widget-container\">\n\t\t\t\t\t\t\t\t\t\t\t\t\t\t\t<img loading=\"lazy\" decoding=\"async\" width=\"72\" height=\"72\" src=\"https:\/\/bjornlunden.com\/wp-content\/uploads\/Ekonomiavdelning-1.svg\" class=\"attachment-large size-large wp-image-21073\" alt=\"\" \/>\t\t\t\t\t\t\t\t\t\t\t\t\t\t\t<\/div>\n\t\t\t\t<\/div>\n\t\t\t\t<div class=\"elementor-element elementor-element-8d08ebc heading4 elementor-widget elementor-widget-heading\" data-id=\"8d08ebc\" data-element_type=\"widget\" data-e-type=\"widget\" data-widget_type=\"heading.default\">\n\t\t\t\t<div class=\"elementor-widget-container\">\n\t\t\t\t\t<h3 class=\"elementor-heading-title elementor-size-default\">Administrer ferie og frav\u00e6r<\/h3>\t\t\t\t<\/div>\n\t\t\t\t<\/div>\n\t\t\t\t<div class=\"elementor-element elementor-element-db3e47b elementor-widget elementor-widget-text-editor\" data-id=\"db3e47b\" data-element_type=\"widget\" data-e-type=\"widget\" data-widget_type=\"text-editor.default\">\n\t\t\t\t<div class=\"elementor-widget-container\">\n\t\t\t\t\t\t\t\t\t<p>I bestemmer selv, hvilke afvigelsestyper der skal v\u00e6re tilg\u00e6ngelige for medarbejderne. Tilf\u00f8j f.eks. ferie, tjenestefrihed, barselsorlov eller sygefrav\u00e6r \u2013 sammen med jeres egne tilpassede afvigelsestyper. Med en integration til et l\u00f8nsystem overf\u00f8res afvigelsen fra QBIS med den korrekte l\u00f8nart. Rapporter samler hele virksomhedens frav\u00e6rsregistrering, hvilket forenkler l\u00f8nprocessen yderligere.<\/p>\t\t\t\t\t\t\t\t<\/div>\n\t\t\t\t<\/div>\n\t\t\t\t<\/div>\n\t\t\t\t<\/div>\n\t\t\t\t<\/div>\n\t\t\t\t\t<\/div>\n\t\t\t\t<\/div>\n\t\t<div class=\"elementor-element elementor-element-079166f e-flex e-con-boxed e-con e-parent\" data-id=\"079166f\" data-element_type=\"container\" data-e-type=\"container\">\n\t\t\t\t\t<div class=\"e-con-inner\">\n\t\t<div class=\"elementor-element elementor-element-8cf1048 e-con-full e-flex e-con e-child\" data-id=\"8cf1048\" data-element_type=\"container\" data-e-type=\"container\">\n\t\t<div class=\"elementor-element elementor-element-5d2a25a e-con-full e-flex e-con e-child\" data-id=\"5d2a25a\" data-element_type=\"container\" data-e-type=\"container\" data-settings=\"{&quot;background_background&quot;:&quot;classic&quot;,&quot;motion_fx_motion_fx_scrolling&quot;:&quot;yes&quot;,&quot;motion_fx_translateY_effect&quot;:&quot;yes&quot;,&quot;motion_fx_translateY_direction&quot;:&quot;negative&quot;,&quot;motion_fx_devices&quot;:[&quot;desktop&quot;,&quot;tablet&quot;],&quot;motion_fx_translateY_speed&quot;:{&quot;unit&quot;:&quot;px&quot;,&quot;size&quot;:4,&quot;sizes&quot;:[]},&quot;motion_fx_translateY_affectedRange&quot;:{&quot;unit&quot;:&quot;%&quot;,&quot;size&quot;:&quot;&quot;,&quot;sizes&quot;:{&quot;start&quot;:0,&quot;end&quot;:100}}}\">\n\t\t\t\t<div class=\"elementor-element elementor-element-d73497b elementor-widget elementor-widget-text-editor\" data-id=\"d73497b\" data-element_type=\"widget\" data-e-type=\"widget\" data-widget_type=\"text-editor.default\">\n\t\t\t\t<div class=\"elementor-widget-container\">\n\t\t\t\t\t\t\t\t\t<h3>Visuel feriplanl\u00e6gning og vagtplanl\u00e6gning<\/h3>\t\t\t\t\t\t\t\t<\/div>\n\t\t\t\t<\/div>\n\t\t\t\t<div class=\"elementor-element elementor-element-658de74 elementor-widget elementor-widget-text-editor\" data-id=\"658de74\" data-element_type=\"widget\" data-e-type=\"widget\" data-widget_type=\"text-editor.default\">\n\t\t\t\t<div class=\"elementor-widget-container\">\n\t\t\t\t\t\t\t\t\t<blockquote class=\"ml-2 border-l-4 border-border-300\/10 pl-4 text-text-300\"><p class=\"font-claude-response-body break-words whitespace-normal leading-[1.7]\">Alle i virksomheden kan se en visuel oversigt over ferieplanen. Medarbejdere ser det skema, der vedr\u00f8rer deres egen afdeling, mens ledere og administratorer kan navigere mellem afdelinger eller stillingsbetegnelser. I skemaet vises b\u00e5de godkendt ferie og frav\u00e6r samt anmodninger, der afventer godkendelse. Sorter visningen m\u00e5nedligt eller kvartalsvist for at f\u00e5 fuldt overblik over hele planl\u00e6gningen.<\/p><\/blockquote><blockquote class=\"ml-2 border-l-4 border-border-300\/10 pl-4 text-text-300\"><p class=\"font-claude-response-body break-words whitespace-normal leading-[1.7]\">S\u00f8g og find hurtigt en enkelt medarbejders feriplanl\u00e6gning. S\u00f8g efter \u00e9n eller flere medarbejdere direkte fra ferieoversigten for at finde vedkommendes ferieplan \u2013 eller for at se om der er anmodninger, der afventer godkendelse.<\/p><\/blockquote>\t\t\t\t\t\t\t\t<\/div>\n\t\t\t\t<\/div>\n\t\t\t\t<div class=\"elementor-element elementor-element-587258e btn black elementor-widget elementor-widget-button\" data-id=\"587258e\" data-element_type=\"widget\" data-e-type=\"widget\" data-widget_type=\"button.default\">\n\t\t\t\t<div class=\"elementor-widget-container\">\n\t\t\t\t\t\t\t\t\t<div class=\"elementor-button-wrapper\">\n\t\t\t\t\t<a class=\"elementor-button elementor-button-link elementor-size-sm\" href=\"https:\/\/bjornlunden.com\/se\/tid-lonehantering\/qbis\/tidrapportering\/\">\n\t\t\t\t\t\t<span class=\"elementor-button-content-wrapper\">\n\t\t\t\t\t\t\t\t\t<span class=\"elementor-button-text\">L\u00e4s mer om tidrapportering<\/span>\n\t\t\t\t\t<\/span>\n\t\t\t\t\t<\/a>\n\t\t\t\t<\/div>\n\t\t\t\t\t\t\t\t<\/div>\n\t\t\t\t<\/div>\n\t\t\t\t<\/div>\n\t\t\t\t<\/div>\n\t\t<div class=\"elementor-element elementor-element-bf4c4da e-con-full e-flex e-con e-child\" data-id=\"bf4c4da\" data-element_type=\"container\" data-e-type=\"container\" data-settings=\"{&quot;motion_fx_motion_fx_scrolling&quot;:&quot;yes&quot;,&quot;motion_fx_translateY_effect&quot;:&quot;yes&quot;,&quot;motion_fx_devices&quot;:[&quot;desktop&quot;,&quot;tablet&quot;],&quot;motion_fx_translateY_speed&quot;:{&quot;unit&quot;:&quot;px&quot;,&quot;size&quot;:4,&quot;sizes&quot;:[]},&quot;motion_fx_translateY_affectedRange&quot;:{&quot;unit&quot;:&quot;%&quot;,&quot;size&quot;:&quot;&quot;,&quot;sizes&quot;:{&quot;start&quot;:0,&quot;end&quot;:100}}}\">\n\t\t\t\t<div class=\"elementor-element elementor-element-6e12a57 elementor-widget elementor-widget-image\" data-id=\"6e12a57\" data-element_type=\"widget\" data-e-type=\"widget\" data-widget_type=\"image.default\">\n\t\t\t\t<div class=\"elementor-widget-container\">\n\t\t\t\t\t\t\t\t\t\t\t\t\t\t\t<img loading=\"lazy\" decoding=\"async\" width=\"800\" height=\"565\" src=\"https:\/\/bjornlunden.com\/wp-content\/uploads\/Qbis_Ledighetsplaneraren.jpg\" class=\"attachment-large size-large wp-image-63414\" alt=\"Varf\u00f6r QBIS Bjorn Lunden\" srcset=\"https:\/\/bjornlunden.com\/wp-content\/uploads\/Qbis_Ledighetsplaneraren.jpg 1000w, https:\/\/bjornlunden.com\/wp-content\/uploads\/Qbis_Ledighetsplaneraren-300x212.jpg 300w, https:\/\/bjornlunden.com\/wp-content\/uploads\/Qbis_Ledighetsplaneraren-768x542.jpg 768w\" sizes=\"(max-width: 800px) 100vw, 800px\" \/>\t\t\t\t\t\t\t\t\t\t\t\t\t\t\t<\/div>\n\t\t\t\t<\/div>\n\t\t\t\t<\/div>\n\t\t\t\t\t<\/div>\n\t\t\t\t<\/div>\n\t\t<div class=\"elementor-element elementor-element-2a38359 e-flex e-con-boxed e-con e-parent\" data-id=\"2a38359\" data-element_type=\"container\" data-e-type=\"container\">\n\t\t\t\t\t<div class=\"e-con-inner\">\n\t\t<div class=\"elementor-element elementor-element-86e8670 e-con-full e-flex e-con e-child\" data-id=\"86e8670\" data-element_type=\"container\" data-e-type=\"container\" data-settings=\"{&quot;motion_fx_motion_fx_scrolling&quot;:&quot;yes&quot;,&quot;motion_fx_translateY_effect&quot;:&quot;yes&quot;,&quot;motion_fx_devices&quot;:[&quot;desktop&quot;,&quot;tablet&quot;],&quot;motion_fx_translateY_speed&quot;:{&quot;unit&quot;:&quot;px&quot;,&quot;size&quot;:4,&quot;sizes&quot;:[]},&quot;motion_fx_translateY_affectedRange&quot;:{&quot;unit&quot;:&quot;%&quot;,&quot;size&quot;:&quot;&quot;,&quot;sizes&quot;:{&quot;start&quot;:0,&quot;end&quot;:100}}}\">\n\t\t\t\t<div class=\"elementor-element elementor-element-e068853 elementor-hidden-mobile elementor-widget elementor-widget-image\" data-id=\"e068853\" data-element_type=\"widget\" data-e-type=\"widget\" data-widget_type=\"image.default\">\n\t\t\t\t<div class=\"elementor-widget-container\">\n\t\t\t\t\t\t\t\t\t\t\t\t\t\t\t<img loading=\"lazy\" decoding=\"async\" width=\"800\" height=\"565\" src=\"https:\/\/bjornlunden.com\/wp-content\/uploads\/Qbis_Ledighetsplaneraren_Aktivitet.jpg\" class=\"attachment-large size-large wp-image-63421\" alt=\"Varf\u00f6r QBIS Bjorn Lunden\" srcset=\"https:\/\/bjornlunden.com\/wp-content\/uploads\/Qbis_Ledighetsplaneraren_Aktivitet.jpg 1000w, https:\/\/bjornlunden.com\/wp-content\/uploads\/Qbis_Ledighetsplaneraren_Aktivitet-300x212.jpg 300w, https:\/\/bjornlunden.com\/wp-content\/uploads\/Qbis_Ledighetsplaneraren_Aktivitet-768x542.jpg 768w\" sizes=\"(max-width: 800px) 100vw, 800px\" \/>\t\t\t\t\t\t\t\t\t\t\t\t\t\t\t<\/div>\n\t\t\t\t<\/div>\n\t\t\t\t<\/div>\n\t\t<div class=\"elementor-element elementor-element-2eaf5fb e-con-full e-flex e-con e-child\" data-id=\"2eaf5fb\" data-element_type=\"container\" data-e-type=\"container\">\n\t\t<div class=\"elementor-element elementor-element-fd38fe1 e-con-full e-flex e-con e-child\" data-id=\"fd38fe1\" data-element_type=\"container\" data-e-type=\"container\" data-settings=\"{&quot;background_background&quot;:&quot;classic&quot;,&quot;motion_fx_motion_fx_scrolling&quot;:&quot;yes&quot;,&quot;motion_fx_translateY_effect&quot;:&quot;yes&quot;,&quot;motion_fx_translateY_direction&quot;:&quot;negative&quot;,&quot;motion_fx_devices&quot;:[&quot;desktop&quot;,&quot;tablet&quot;],&quot;motion_fx_translateY_speed&quot;:{&quot;unit&quot;:&quot;px&quot;,&quot;size&quot;:4,&quot;sizes&quot;:[]},&quot;motion_fx_translateY_affectedRange&quot;:{&quot;unit&quot;:&quot;%&quot;,&quot;size&quot;:&quot;&quot;,&quot;sizes&quot;:{&quot;start&quot;:0,&quot;end&quot;:100}}}\">\n\t\t\t\t<div class=\"elementor-element elementor-element-f47733b elementor-widget elementor-widget-text-editor\" data-id=\"f47733b\" data-element_type=\"widget\" data-e-type=\"widget\" data-widget_type=\"text-editor.default\">\n\t\t\t\t<div class=\"elementor-widget-container\">\n\t\t\t\t\t\t\t\t\t<h3>Tilpas visningen for ekstra overblik<\/h3>\t\t\t\t\t\t\t\t<\/div>\n\t\t\t\t<\/div>\n\t\t\t\t<div class=\"elementor-element elementor-element-f400fc0 elementor-widget elementor-widget-text-editor\" data-id=\"f400fc0\" data-element_type=\"widget\" data-e-type=\"widget\" data-widget_type=\"text-editor.default\">\n\t\t\t\t<div class=\"elementor-widget-container\">\n\t\t\t\t\t\t\t\t\t<p>Skift mellem linje- og ruttem\u00f8nster i oversigten for at f\u00e5 en s\u00e5 overskuelig ferieplan som muligt. Hold musen over et frav\u00e6r for at se detaljer om det anmodede eller godkendte frav\u00e6r \u2013 f.eks. dato, varighed og hvilken type frav\u00e6r det drejer sig om. Du kan ogs\u00e5 skjule eller vise afvigelser for medarbejdere i oversigten. Visse former for frav\u00e6r kan indeholde f\u00f8lsomme oplysninger, som ikke alle medarbejdere b\u00f8r se \u2013 f.eks. flextid eller sygefrav\u00e6r. Filtrer disse fra ferieoversigten, s\u00e5 kun det mest relevante er synligt for alle.<\/p>\t\t\t\t\t\t\t\t<\/div>\n\t\t\t\t<\/div>\n\t\t\t\t<\/div>\n\t\t\t\t<\/div>\n\t\t\t\t\t<\/div>\n\t\t\t\t<\/div>\n\t\t<div class=\"elementor-element elementor-element-d1582d1 e-flex e-con-boxed e-con e-parent\" data-id=\"d1582d1\" data-element_type=\"container\" data-e-type=\"container\">\n\t\t\t\t\t<div class=\"e-con-inner\">\n\t\t<div class=\"elementor-element elementor-element-545f3d3 e-con-full e-flex e-con e-child\" data-id=\"545f3d3\" data-element_type=\"container\" data-e-type=\"container\" data-settings=\"{&quot;animation&quot;:&quot;none&quot;}\">\n\t\t<div class=\"elementor-element elementor-element-3e41371 e-con-full e-flex e-con e-child\" data-id=\"3e41371\" data-element_type=\"container\" data-e-type=\"container\" data-settings=\"{&quot;background_background&quot;:&quot;classic&quot;}\">\n\t\t\t\t<div class=\"elementor-element elementor-element-6171688 elementor-widget elementor-widget-text-editor\" data-id=\"6171688\" data-element_type=\"widget\" data-e-type=\"widget\" data-widget_type=\"text-editor.default\">\n\t\t\t\t<div class=\"elementor-widget-container\">\n\t\t\t\t\t\t\t\t\t<h3>Effektiviser feriplanl\u00e6gningen med QBIS<\/h3>\t\t\t\t\t\t\t\t<\/div>\n\t\t\t\t<\/div>\n\t\t\t\t<div class=\"elementor-element elementor-element-92da6db elementor-widget elementor-widget-text-editor\" data-id=\"92da6db\" data-element_type=\"widget\" data-e-type=\"widget\" data-widget_type=\"text-editor.default\">\n\t\t\t\t<div class=\"elementor-widget-container\">\n\t\t\t\t\t\t\t\t\t<p>Med QBIS kan du og dine medarbejdere h\u00e5ndtere ferie og frav\u00e6r p\u00e5 en nemmere og mere overskuelig m\u00e5de. Vi har flere omfattende funktioner, der letter tidsregistreringen \u2013 vagtplanl\u00e6gning integreret med overenskomster, en hurtig og smidig godkendelsesprocess samt problemfri forbindelse til jeres l\u00f8n- og faktureringssystem.<\/p><p><br \/>Alt for at hj\u00e6lpe dig og din virksomhed med at bruge tiden rigtigt.<\/p>\t\t\t\t\t\t\t\t<\/div>\n\t\t\t\t<\/div>\n\t\t\t\t<\/div>\n\t\t<div class=\"elementor-element elementor-element-b5857c0 e-con-full e-flex e-con e-child\" data-id=\"b5857c0\" data-element_type=\"container\" data-e-type=\"container\" data-settings=\"{&quot;background_background&quot;:&quot;classic&quot;}\">\n\t\t\t\t<div class=\"elementor-element elementor-element-3c81a98 elementor-widget elementor-widget-image\" data-id=\"3c81a98\" data-element_type=\"widget\" data-e-type=\"widget\" data-widget_type=\"image.default\">\n\t\t\t\t<div class=\"elementor-widget-container\">\n\t\t\t\t\t\t\t\t\t\t\t\t\t\t\t<img loading=\"lazy\" decoding=\"async\" width=\"800\" height=\"541\" src=\"https:\/\/bjornlunden.com\/wp-content\/uploads\/Qbis_Ledighetsplanering_2.jpg\" class=\"attachment-large size-large wp-image-59294\" alt=\"\" srcset=\"https:\/\/bjornlunden.com\/wp-content\/uploads\/Qbis_Ledighetsplanering_2.jpg 800w, https:\/\/bjornlunden.com\/wp-content\/uploads\/Qbis_Ledighetsplanering_2-300x203.jpg 300w, https:\/\/bjornlunden.com\/wp-content\/uploads\/Qbis_Ledighetsplanering_2-768x519.jpg 768w\" sizes=\"(max-width: 800px) 100vw, 800px\" \/>\t\t\t\t\t\t\t\t\t\t\t\t\t\t\t<\/div>\n\t\t\t\t<\/div>\n\t\t\t\t<\/div>\n\t\t\t\t<\/div>\n\t\t\t\t\t<\/div>\n\t\t\t\t<\/div>\n\t\t<div class=\"elementor-element elementor-element-4815937 e-flex e-con-boxed e-con e-parent\" data-id=\"4815937\" data-element_type=\"container\" data-e-type=\"container\">\n\t\t\t\t\t<div class=\"e-con-inner\">\n\t\t\t\t<div class=\"elementor-element elementor-element-808f104 elementor-widget elementor-widget-spacer\" data-id=\"808f104\" data-element_type=\"widget\" data-e-type=\"widget\" data-widget_type=\"spacer.default\">\n\t\t\t\t<div class=\"elementor-widget-container\">\n\t\t\t\t\t\t\t<div class=\"elementor-spacer\">\n\t\t\t<div class=\"elementor-spacer-inner\"><\/div>\n\t\t<\/div>\n\t\t\t\t\t\t<\/div>\n\t\t\t\t<\/div>\n\t\t\t\t\t<\/div>\n\t\t\t\t<\/div>\n\t\t\t\t<\/div>\n\t\t","protected":false},"excerpt":{"rendered":"<p>Feriplanl\u00e6gning og frav\u00e6rsh\u00e5ndtering Planl\u00e6g og h\u00e5ndter alle medarbejdernes ferie og frav\u00e6r med QBIS-til\u00e6gsmodulet Feriplanl\u00e6ggeren. Et v\u00e6rkt\u00f8j der sikrer, at I har den rette bemanding hele \u00e5ret. Feriplanl\u00e6gning i tidsregistreringssystemet forenkler hele forl\u00f8bet \u2013 fra frav\u00e6rsanmodning til planl\u00e6gning og h\u00e5ndtering af alle former for ferie og frav\u00e6r. Nem feriplanl\u00e6gning og h\u00e5ndtering Digital h\u00e5ndtering af frav\u00e6rsanmodninger og [&hellip;]<\/p>\n","protected":false},"author":34,"featured_media":59491,"parent":64975,"menu_order":0,"comment_status":"closed","ping_status":"closed","template":"","meta":{"_acf_changed":false,"footnotes":""},"class_list":["post-65392","page","type-page","status-publish","has-post-thumbnail","hentry"],"acf":[],"_links":{"self":[{"href":"https:\/\/bjornlunden.com\/dk\/wp-json\/wp\/v2\/pages\/65392","targetHints":{"allow":["GET"]}}],"collection":[{"href":"https:\/\/bjornlunden.com\/dk\/wp-json\/wp\/v2\/pages"}],"about":[{"href":"https:\/\/bjornlunden.com\/dk\/wp-json\/wp\/v2\/types\/page"}],"author":[{"embeddable":true,"href":"https:\/\/bjornlunden.com\/dk\/wp-json\/wp\/v2\/users\/34"}],"replies":[{"embeddable":true,"href":"https:\/\/bjornlunden.com\/dk\/wp-json\/wp\/v2\/comments?post=65392"}],"version-history":[{"count":4,"href":"https:\/\/bjornlunden.com\/dk\/wp-json\/wp\/v2\/pages\/65392\/revisions"}],"predecessor-version":[{"id":65487,"href":"https:\/\/bjornlunden.com\/dk\/wp-json\/wp\/v2\/pages\/65392\/revisions\/65487"}],"up":[{"embeddable":true,"href":"https:\/\/bjornlunden.com\/dk\/wp-json\/wp\/v2\/pages\/64975"}],"wp:featuredmedia":[{"embeddable":true,"href":"https:\/\/bjornlunden.com\/dk\/wp-json\/wp\/v2\/media\/59491"}],"wp:attachment":[{"href":"https:\/\/bjornlunden.com\/dk\/wp-json\/wp\/v2\/media?parent=65392"}],"curies":[{"name":"wp","href":"https:\/\/api.w.org\/{rel}","templated":true}]}}