 {"id":65128,"date":"2026-04-13T13:16:09","date_gmt":"2026-04-13T11:16:09","guid":{"rendered":"https:\/\/bjornlunden.com\/?page_id=65128"},"modified":"2026-04-13T13:23:42","modified_gmt":"2026-04-13T11:23:42","slug":"book-moede","status":"publish","type":"page","link":"https:\/\/bjornlunden.com\/dk\/book-moede\/","title":{"rendered":"Book M\u00f8de"},"content":{"rendered":"\t\t<div data-elementor-type=\"wp-page\" data-elementor-id=\"65128\" class=\"elementor elementor-65128\" data-elementor-post-type=\"page\">\n\t\t\t\t<div class=\"elementor-element elementor-element-6fd723c e-flex e-con-boxed e-con e-parent\" data-id=\"6fd723c\" data-element_type=\"container\" data-e-type=\"container\">\n\t\t\t\t\t<div class=\"e-con-inner\">\n\t\t\t\t<div class=\"elementor-element elementor-element-ce5146a elementor-widget elementor-widget-heading\" data-id=\"ce5146a\" data-element_type=\"widget\" data-e-type=\"widget\" data-widget_type=\"heading.default\">\n\t\t\t\t<div class=\"elementor-widget-container\">\n\t\t\t\t\t<h1 class=\"elementor-heading-title elementor-size-default\">Book et m\u00f8de. <br>Vi viser dig l\u00f8sningen live<\/h1>\t\t\t\t<\/div>\n\t\t\t\t<\/div>\n\t\t\t\t<div class=\"elementor-element elementor-element-25f2290 body20 elementor-widget elementor-widget-text-editor\" data-id=\"25f2290\" data-element_type=\"widget\" data-e-type=\"widget\" data-widget_type=\"text-editor.default\">\n\t\t\t\t<div class=\"elementor-widget-container\">\n\t\t\t\t\t\t\t\t\t<p class=\"font-claude-response-body break-words whitespace-normal leading-[1.7]\">Uanset om du vil effektivisere din projektstyring eller forenkle tidsregistreringen, er du kommet til det rette sted. Book et gratis og uforpligtende m\u00f8de, hvor en af vores eksperter viser dig pr\u00e6cis den l\u00f8sning, der passer til din virksomhed.<\/p><p class=\"font-claude-response-body break-words whitespace-normal leading-[1.7]\">\u00a0<\/p><p class=\"font-claude-response-body break-words whitespace-normal leading-[1.7]\">V\u00e6lg den l\u00f8sning du vil vide mere om:<\/p>\t\t\t\t\t\t\t\t<\/div>\n\t\t\t\t<\/div>\n\t\t\t\t<div class=\"elementor-element elementor-element-1be32a9 elementor-widget elementor-widget-spacer\" data-id=\"1be32a9\" data-element_type=\"widget\" data-e-type=\"widget\" data-widget_type=\"spacer.default\">\n\t\t\t\t<div class=\"elementor-widget-container\">\n\t\t\t\t\t\t\t<div class=\"elementor-spacer\">\n\t\t\t<div class=\"elementor-spacer-inner\"><\/div>\n\t\t<\/div>\n\t\t\t\t\t\t<\/div>\n\t\t\t\t<\/div>\n\t\t\t\t\t<\/div>\n\t\t\t\t<\/div>\n\t\t<div class=\"elementor-element elementor-element-9b4dc0b e-flex e-con-boxed e-con e-parent\" data-id=\"9b4dc0b\" data-element_type=\"container\" data-e-type=\"container\">\n\t\t\t\t\t<div class=\"e-con-inner\">\n\t\t<div class=\"elementor-element elementor-element-965e1f6 e-con-full border0 e-grid e-con e-child\" data-id=\"965e1f6\" data-element_type=\"container\" data-e-type=\"container\">\n\t\t<div class=\"elementor-element elementor-element-149d495 e-con-full e-flex e-con e-child\" data-id=\"149d495\" data-element_type=\"container\" data-e-type=\"container\" data-settings=\"{&quot;background_background&quot;:&quot;classic&quot;}\">\n\t\t\t\t<div class=\"elementor-element elementor-element-3003858 elementor-absolute elementor-widget elementor-widget-image\" data-id=\"3003858\" data-element_type=\"widget\" data-e-type=\"widget\" data-settings=\"{&quot;_position&quot;:&quot;absolute&quot;}\" data-widget_type=\"image.default\">\n\t\t\t\t<div class=\"elementor-widget-container\">\n\t\t\t\t\t\t\t\t\t\t\t\t\t\t\t<img decoding=\"async\" width=\"72\" height=\"72\" src=\"https:\/\/bjornlunden.com\/wp-content\/uploads\/BL-Lon-Plus-yellow.svg\" class=\"elementor-animation-grow attachment-large size-large wp-image-17608\" alt=\"QBIS\" \/>\t\t\t\t\t\t\t\t\t\t\t\t\t\t\t<\/div>\n\t\t\t\t<\/div>\n\t\t\t\t<div class=\"elementor-element elementor-element-4eb510d label-demo elementor-widget elementor-widget-heading\" data-id=\"4eb510d\" data-element_type=\"widget\" data-e-type=\"widget\" data-widget_type=\"heading.default\">\n\t\t\t\t<div class=\"elementor-widget-container\">\n\t\t\t\t\t<p class=\"elementor-heading-title elementor-size-default\">Book m\u00f8de EazyProject<\/p>\t\t\t\t<\/div>\n\t\t\t\t<\/div>\n\t\t\t\t<div class=\"elementor-element elementor-element-b9d7638 elementor-widget elementor-widget-heading\" data-id=\"b9d7638\" data-element_type=\"widget\" data-e-type=\"widget\" data-widget_type=\"heading.default\">\n\t\t\t\t<div class=\"elementor-widget-container\">\n\t\t\t\t\t<h5 class=\"elementor-heading-title elementor-size-default\">EazyProject<\/h5>\t\t\t\t<\/div>\n\t\t\t\t<\/div>\n\t\t\t\t<div class=\"elementor-element elementor-element-ffa5d21 elementor-widget elementor-widget-text-editor\" data-id=\"ffa5d21\" data-element_type=\"widget\" data-e-type=\"widget\" data-widget_type=\"text-editor.default\">\n\t\t\t\t<div class=\"elementor-widget-container\">\n\t\t\t\t\t\t\t\t\t<p>F\u00e5 en rundvisning i EazyProject \u2013 alt-i-\u00e9n l\u00f8sningen til tidsregistrering og projektstyring.<\/p>\t\t\t\t\t\t\t\t<\/div>\n\t\t\t\t<\/div>\n\t\t\t\t<div class=\"elementor-element elementor-element-b2321de btn chevron icon-after elementor-widget elementor-widget-button\" data-id=\"b2321de\" data-element_type=\"widget\" data-e-type=\"widget\" data-widget_type=\"button.default\">\n\t\t\t\t<div class=\"elementor-widget-container\">\n\t\t\t\t\t\t\t\t\t<div class=\"elementor-button-wrapper\">\n\t\t\t\t\t<a class=\"elementor-button elementor-button-link elementor-size-sm\" href=\"https:\/\/bjornlunden.com\/dk\/demo\/eazyproject-book-mode\/\">\n\t\t\t\t\t\t<span class=\"elementor-button-content-wrapper\">\n\t\t\t\t\t\t\t\t\t<span class=\"elementor-button-text\">Book m\u00f8de EazyProject<\/span>\n\t\t\t\t\t<\/span>\n\t\t\t\t\t<\/a>\n\t\t\t\t<\/div>\n\t\t\t\t\t\t\t\t<\/div>\n\t\t\t\t<\/div>\n\t\t\t\t<\/div>\n\t\t<div class=\"elementor-element elementor-element-6180a8b e-con-full e-flex e-con e-child\" data-id=\"6180a8b\" data-element_type=\"container\" data-e-type=\"container\" data-settings=\"{&quot;background_background&quot;:&quot;classic&quot;}\">\n\t\t\t\t<div class=\"elementor-element elementor-element-330c4f8 elementor-absolute elementor-widget elementor-widget-image\" data-id=\"330c4f8\" data-element_type=\"widget\" data-e-type=\"widget\" data-settings=\"{&quot;_position&quot;:&quot;absolute&quot;}\" data-widget_type=\"image.default\">\n\t\t\t\t<div class=\"elementor-widget-container\">\n\t\t\t\t\t\t\t\t\t\t\t\t\t\t\t<img decoding=\"async\" width=\"72\" height=\"72\" src=\"https:\/\/bjornlunden.com\/wp-content\/uploads\/Byra-yellow.svg\" class=\"elementor-animation-grow attachment-large size-large wp-image-17600\" alt=\"QBIS\" \/>\t\t\t\t\t\t\t\t\t\t\t\t\t\t\t<\/div>\n\t\t\t\t<\/div>\n\t\t\t\t<div class=\"elementor-element elementor-element-9a942b9 label-demo elementor-widget elementor-widget-heading\" data-id=\"9a942b9\" data-element_type=\"widget\" data-e-type=\"widget\" data-widget_type=\"heading.default\">\n\t\t\t\t<div class=\"elementor-widget-container\">\n\t\t\t\t\t<p class=\"elementor-heading-title elementor-size-default\">Book M\u00f8de QBIS<\/p>\t\t\t\t<\/div>\n\t\t\t\t<\/div>\n\t\t\t\t<div class=\"elementor-element elementor-element-2c16af0 elementor-widget elementor-widget-heading\" data-id=\"2c16af0\" data-element_type=\"widget\" data-e-type=\"widget\" data-widget_type=\"heading.default\">\n\t\t\t\t<div class=\"elementor-widget-container\">\n\t\t\t\t\t<h5 class=\"elementor-heading-title elementor-size-default\">QBIS<\/h5>\t\t\t\t<\/div>\n\t\t\t\t<\/div>\n\t\t\t\t<div class=\"elementor-element elementor-element-8f3e847 elementor-widget elementor-widget-text-editor\" data-id=\"8f3e847\" data-element_type=\"widget\" data-e-type=\"widget\" data-widget_type=\"text-editor.default\">\n\t\t\t\t<div class=\"elementor-widget-container\">\n\t\t\t\t\t\t\t\t\t<p>Mere end 25.000 brugere registrerer tid og styrer projekter i QBIS.\u00a0<\/p>\t\t\t\t\t\t\t\t<\/div>\n\t\t\t\t<\/div>\n\t\t\t\t<div class=\"elementor-element elementor-element-5c38ddf btn chevron icon-after elementor-widget elementor-widget-button\" data-id=\"5c38ddf\" data-element_type=\"widget\" data-e-type=\"widget\" data-widget_type=\"button.default\">\n\t\t\t\t<div class=\"elementor-widget-container\">\n\t\t\t\t\t\t\t\t\t<div class=\"elementor-button-wrapper\">\n\t\t\t\t\t<a class=\"elementor-button elementor-button-link elementor-size-sm\" href=\"https:\/\/bjornlunden.com\/dk\/demo\/book-moede-qbis\/\">\n\t\t\t\t\t\t<span class=\"elementor-button-content-wrapper\">\n\t\t\t\t\t\t\t\t\t<span class=\"elementor-button-text\">Book m\u00f8de QBIS<\/span>\n\t\t\t\t\t<\/span>\n\t\t\t\t\t<\/a>\n\t\t\t\t<\/div>\n\t\t\t\t\t\t\t\t<\/div>\n\t\t\t\t<\/div>\n\t\t\t\t<\/div>\n\t\t\t\t<\/div>\n\t\t\t\t\t<\/div>\n\t\t\t\t<\/div>\n\t\t\t\t<\/div>\n\t\t","protected":false},"excerpt":{"rendered":"<p>Book et m\u00f8de. Vi viser dig l\u00f8sningen live Uanset om du vil effektivisere din projektstyring eller forenkle tidsregistreringen, er du kommet til det rette sted. Book et gratis og uforpligtende m\u00f8de, hvor en af vores eksperter viser dig pr\u00e6cis den l\u00f8sning, der passer til din virksomhed. \u00a0 V\u00e6lg den l\u00f8sning du vil vide mere om: [&hellip;]<\/p>\n","protected":false},"author":34,"featured_media":20629,"parent":0,"menu_order":0,"comment_status":"closed","ping_status":"closed","template":"","meta":{"_acf_changed":false,"footnotes":""},"class_list":["post-65128","page","type-page","status-publish","has-post-thumbnail","hentry"],"acf":[],"_links":{"self":[{"href":"https:\/\/bjornlunden.com\/dk\/wp-json\/wp\/v2\/pages\/65128","targetHints":{"allow":["GET"]}}],"collection":[{"href":"https:\/\/bjornlunden.com\/dk\/wp-json\/wp\/v2\/pages"}],"about":[{"href":"https:\/\/bjornlunden.com\/dk\/wp-json\/wp\/v2\/types\/page"}],"author":[{"embeddable":true,"href":"https:\/\/bjornlunden.com\/dk\/wp-json\/wp\/v2\/users\/34"}],"replies":[{"embeddable":true,"href":"https:\/\/bjornlunden.com\/dk\/wp-json\/wp\/v2\/comments?post=65128"}],"version-history":[{"count":10,"href":"https:\/\/bjornlunden.com\/dk\/wp-json\/wp\/v2\/pages\/65128\/revisions"}],"predecessor-version":[{"id":65140,"href":"https:\/\/bjornlunden.com\/dk\/wp-json\/wp\/v2\/pages\/65128\/revisions\/65140"}],"wp:featuredmedia":[{"embeddable":true,"href":"https:\/\/bjornlunden.com\/dk\/wp-json\/wp\/v2\/media\/20629"}],"wp:attachment":[{"href":"https:\/\/bjornlunden.com\/dk\/wp-json\/wp\/v2\/media?parent=65128"}],"curies":[{"name":"wp","href":"https:\/\/api.w.org\/{rel}","templated":true}]}}