{"id":6088,"date":"2024-09-12T15:59:29","date_gmt":"2024-09-12T13:59:29","guid":{"rendered":"https:\/\/bjornlunden.com\/?page_id=6088"},"modified":"2026-04-14T10:30:19","modified_gmt":"2026-04-14T08:30:19","slug":"integrationer","status":"publish","type":"page","link":"https:\/\/bjornlunden.com\/dk\/integrationer\/","title":{"rendered":"Integrationer"},"content":{"rendered":"\t\t<div data-elementor-type=\"wp-page\" data-elementor-id=\"6088\" class=\"elementor elementor-6088 elementor-5104\" data-elementor-post-type=\"page\">\n\t\t\t\t<div class=\"elementor-element elementor-element-a9cafb3 e-flex e-con-boxed e-con e-parent\" data-id=\"a9cafb3\" data-element_type=\"container\" data-e-type=\"container\">\n\t\t\t\t\t<div class=\"e-con-inner\">\n\t\t<div class=\"elementor-element elementor-element-01cf06e e-con-full e-flex e-con e-child\" data-id=\"01cf06e\" data-element_type=\"container\" data-e-type=\"container\">\n\t\t\t\t<div class=\"elementor-element elementor-element-17d904b elementor-absolute elementor-hidden-tablet elementor-hidden-mobile elementor-widget elementor-widget-image\" data-id=\"17d904b\" data-element_type=\"widget\" data-e-type=\"widget\" data-settings=\"{&quot;_position&quot;:&quot;absolute&quot;,&quot;motion_fx_motion_fx_scrolling&quot;:&quot;yes&quot;,&quot;motion_fx_translateY_effect&quot;:&quot;yes&quot;,&quot;motion_fx_translateY_speed&quot;:{&quot;unit&quot;:&quot;px&quot;,&quot;size&quot;:1,&quot;sizes&quot;:[]},&quot;motion_fx_translateY_affectedRange&quot;:{&quot;unit&quot;:&quot;%&quot;,&quot;size&quot;:&quot;&quot;,&quot;sizes&quot;:{&quot;start&quot;:0,&quot;end&quot;:100}},&quot;motion_fx_devices&quot;:[&quot;desktop&quot;,&quot;tablet&quot;,&quot;mobile&quot;]}\" data-widget_type=\"image.default\">\n\t\t\t\t<div class=\"elementor-widget-container\">\n\t\t\t\t\t\t\t\t\t\t\t\t\t\t\t<img decoding=\"async\" width=\"138\" height=\"138\" src=\"https:\/\/bjornlunden.com\/wp-content\/uploads\/Evernote-integration.png\" class=\"attachment-large size-large wp-image-24772\" alt=\"Logo\" \/>\t\t\t\t\t\t\t\t\t\t\t\t\t\t\t<\/div>\n\t\t\t\t<\/div>\n\t\t\t\t<div class=\"elementor-element elementor-element-eb7557a elementor-absolute elementor-hidden-tablet elementor-hidden-mobile elementor-widget elementor-widget-image\" data-id=\"eb7557a\" data-element_type=\"widget\" data-e-type=\"widget\" data-settings=\"{&quot;_position&quot;:&quot;absolute&quot;,&quot;motion_fx_motion_fx_scrolling&quot;:&quot;yes&quot;,&quot;motion_fx_translateY_effect&quot;:&quot;yes&quot;,&quot;motion_fx_translateY_direction&quot;:&quot;negative&quot;,&quot;motion_fx_translateY_speed&quot;:{&quot;unit&quot;:&quot;px&quot;,&quot;size&quot;:1,&quot;sizes&quot;:[]},&quot;motion_fx_translateY_affectedRange&quot;:{&quot;unit&quot;:&quot;%&quot;,&quot;size&quot;:&quot;&quot;,&quot;sizes&quot;:{&quot;start&quot;:0,&quot;end&quot;:100}},&quot;motion_fx_devices&quot;:[&quot;desktop&quot;,&quot;tablet&quot;,&quot;mobile&quot;]}\" data-widget_type=\"image.default\">\n\t\t\t\t<div class=\"elementor-widget-container\">\n\t\t\t\t\t\t\t\t\t\t\t\t\t\t\t<img fetchpriority=\"high\" decoding=\"async\" width=\"240\" height=\"240\" src=\"https:\/\/bjornlunden.com\/wp-content\/uploads\/Dropbox-logo.png\" class=\"attachment-large size-large wp-image-16706\" alt=\"Dropbox\" srcset=\"https:\/\/bjornlunden.com\/wp-content\/uploads\/Dropbox-logo.png 240w, https:\/\/bjornlunden.com\/wp-content\/uploads\/Dropbox-logo-150x150.png 150w\" sizes=\"(max-width: 240px) 100vw, 240px\" \/>\t\t\t\t\t\t\t\t\t\t\t\t\t\t\t<\/div>\n\t\t\t\t<\/div>\n\t\t\t\t<div class=\"elementor-element elementor-element-e662d87 elementor-hidden-mobile elementor-widget elementor-widget-image\" data-id=\"e662d87\" data-element_type=\"widget\" data-e-type=\"widget\" data-settings=\"{&quot;motion_fx_motion_fx_scrolling&quot;:&quot;yes&quot;,&quot;motion_fx_translateY_effect&quot;:&quot;yes&quot;,&quot;motion_fx_translateY_direction&quot;:&quot;negative&quot;,&quot;motion_fx_translateY_speed&quot;:{&quot;unit&quot;:&quot;px&quot;,&quot;size&quot;:2,&quot;sizes&quot;:[]},&quot;motion_fx_translateY_affectedRange&quot;:{&quot;unit&quot;:&quot;%&quot;,&quot;size&quot;:&quot;&quot;,&quot;sizes&quot;:{&quot;start&quot;:0,&quot;end&quot;:100}},&quot;motion_fx_devices&quot;:[&quot;desktop&quot;,&quot;tablet&quot;,&quot;mobile&quot;]}\" data-widget_type=\"image.default\">\n\t\t\t\t<div class=\"elementor-widget-container\">\n\t\t\t\t\t\t\t\t\t\t\t\t\t\t\t<img decoding=\"async\" width=\"408\" height=\"408\" src=\"https:\/\/bjornlunden.com\/wp-content\/uploads\/Autenticatior-logo.png\" class=\"attachment-large size-large wp-image-16698\" alt=\"Microsoft Authenticator\" srcset=\"https:\/\/bjornlunden.com\/wp-content\/uploads\/Autenticatior-logo.png 408w, https:\/\/bjornlunden.com\/wp-content\/uploads\/Autenticatior-logo-300x300.png 300w, https:\/\/bjornlunden.com\/wp-content\/uploads\/Autenticatior-logo-150x150.png 150w\" sizes=\"(max-width: 408px) 100vw, 408px\" \/>\t\t\t\t\t\t\t\t\t\t\t\t\t\t\t<\/div>\n\t\t\t\t<\/div>\n\t\t\t\t<\/div>\n\t\t<div class=\"elementor-element elementor-element-a97fa74 e-con-full e-flex e-con e-child\" data-id=\"a97fa74\" data-element_type=\"container\" data-e-type=\"container\">\n\t\t\t\t<div class=\"elementor-element elementor-element-d6c9884 elementor-widget elementor-widget-heading\" data-id=\"d6c9884\" data-element_type=\"widget\" data-e-type=\"widget\" data-widget_type=\"heading.default\">\n\t\t\t\t<div class=\"elementor-widget-container\">\n\t\t\t\t\t<h1 class=\"elementor-heading-title elementor-size-default\">Automatiser din arbejdsgang med smarte integrationer<\/h1>\t\t\t\t<\/div>\n\t\t\t\t<\/div>\n\t\t\t\t<div class=\"elementor-element elementor-element-76cfdf2 elementor-widget elementor-widget-text-editor\" data-id=\"76cfdf2\" data-element_type=\"widget\" data-e-type=\"widget\" data-widget_type=\"text-editor.default\">\n\t\t\t\t<div class=\"elementor-widget-container\">\n\t\t\t\t\t\t\t\t\t<p>Forbind EazyProject til andre systemer og elimin\u00e9r un\u00f8dvendige trin og arbejd mere effektivt. En effektiv m\u00e5de at automatisere rutinearbejde og undg\u00e5 dobbeltarbejde.<\/p>\t\t\t\t\t\t\t\t<\/div>\n\t\t\t\t<\/div>\n\t\t\t\t<\/div>\n\t\t\t\t\t<\/div>\n\t\t\t\t<\/div>\n\t\t<div class=\"elementor-element elementor-element-07b6f5b e-con-full e-flex e-con e-parent\" data-id=\"07b6f5b\" data-element_type=\"container\" data-e-type=\"container\">\n\t\t\t\t<div class=\"elementor-element elementor-element-4e8b41e elementor-absolute elementor-hidden-mobile elementor-widget elementor-widget-image\" data-id=\"4e8b41e\" data-element_type=\"widget\" data-e-type=\"widget\" data-settings=\"{&quot;_position&quot;:&quot;absolute&quot;,&quot;motion_fx_motion_fx_scrolling&quot;:&quot;yes&quot;,&quot;motion_fx_translateY_effect&quot;:&quot;yes&quot;,&quot;motion_fx_translateY_speed&quot;:{&quot;unit&quot;:&quot;px&quot;,&quot;size&quot;:4,&quot;sizes&quot;:[]},&quot;motion_fx_translateY_affectedRange&quot;:{&quot;unit&quot;:&quot;%&quot;,&quot;size&quot;:&quot;&quot;,&quot;sizes&quot;:{&quot;start&quot;:0,&quot;end&quot;:100}},&quot;motion_fx_devices&quot;:[&quot;desktop&quot;,&quot;tablet&quot;,&quot;mobile&quot;]}\" data-widget_type=\"image.default\">\n\t\t\t\t<div class=\"elementor-widget-container\">\n\t\t\t\t\t\t\t\t\t\t\t\t\t\t\t<img loading=\"lazy\" decoding=\"async\" width=\"280\" height=\"280\" src=\"https:\/\/bjornlunden.com\/wp-content\/uploads\/Google-Drive-logo.png\" class=\"attachment-large size-large wp-image-16710\" alt=\"Google Drive\" srcset=\"https:\/\/bjornlunden.com\/wp-content\/uploads\/Google-Drive-logo.png 280w, https:\/\/bjornlunden.com\/wp-content\/uploads\/Google-Drive-logo-150x150.png 150w\" sizes=\"(max-width: 280px) 100vw, 280px\" \/>\t\t\t\t\t\t\t\t\t\t\t\t\t\t\t<\/div>\n\t\t\t\t<\/div>\n\t\t\t\t<\/div>\n\t\t<div class=\"elementor-element elementor-element-753fc22 e-flex e-con-boxed e-con e-parent\" data-id=\"753fc22\" data-element_type=\"container\" data-e-type=\"container\">\n\t\t\t\t\t<div class=\"e-con-inner\">\n\t\t<div class=\"elementor-element elementor-element-597497b e-con-full e-flex e-con e-child\" data-id=\"597497b\" data-element_type=\"container\" data-e-type=\"container\">\n\t\t<div class=\"elementor-element elementor-element-21307de e-con-full e-flex e-con e-child\" data-id=\"21307de\" data-element_type=\"container\" data-e-type=\"container\" data-settings=\"{&quot;background_background&quot;:&quot;classic&quot;}\">\n\t\t\t\t<div class=\"elementor-element elementor-element-cb9a0b4 elementor-widget elementor-widget-heading\" data-id=\"cb9a0b4\" data-element_type=\"widget\" data-e-type=\"widget\" data-widget_type=\"heading.default\">\n\t\t\t\t<div class=\"elementor-widget-container\">\n\t\t\t\t\t<h4 class=\"elementor-heading-title elementor-size-default\">Kategorier<\/h4>\t\t\t\t<\/div>\n\t\t\t\t<\/div>\n\t\t\t\t<div class=\"elementor-element elementor-element-676d0b2 vertical elementor-widget elementor-widget-shortcode\" data-id=\"676d0b2\" data-element_type=\"widget\" data-e-type=\"widget\" data-widget_type=\"shortcode.default\">\n\t\t\t\t<div class=\"elementor-widget-container\">\n\t\t\t\t\t\t\t<div class=\"elementor-shortcode\"><div class=\"facetwp-facet facetwp-facet-integrations_dk facetwp-type-checkboxes\" data-name=\"integrations_dk\" data-type=\"checkboxes\"><\/div><\/div>\n\t\t\t\t\t\t<\/div>\n\t\t\t\t<\/div>\n\t\t\t\t<\/div>\n\t\t\t\t<\/div>\n\t\t<div class=\"elementor-element elementor-element-a254c8e e-con-full e-flex e-con e-child\" data-id=\"a254c8e\" data-element_type=\"container\" data-e-type=\"container\">\n\t\t\t\t<div class=\"elementor-element elementor-element-0f5d6ce elementor-widget elementor-widget-shortcode\" data-id=\"0f5d6ce\" data-element_type=\"widget\" data-e-type=\"widget\" data-widget_type=\"shortcode.default\">\n\t\t\t\t<div class=\"elementor-widget-container\">\n\t\t\t\t\t\t\t<div class=\"elementor-shortcode\"><div class=\"integrations-container\"><a class=\"integration-item border0\" href=\"https:\/\/bjornlunden.com\/dk\/integrationer\/power-bi\/\"><img decoding=\"async\" src=\"https:\/\/bjornlunden.com\/wp-content\/uploads\/PowerBI.png\" alt=\"PowerBI\"><h5>Power BI<\/h5><p class=\"excerpt\">Med Power BI har din virksomhed mulighed for at kombinere alle typer af data fra andre systemer med data fra EazyProject.<\/p><p class=\"chevron-button\">L\u00e6s mere<\/p><\/a><a class=\"integration-item border0\" href=\"https:\/\/bjornlunden.com\/dk\/integrationer\/business-central\/\"><img decoding=\"async\" src=\"https:\/\/bjornlunden.com\/wp-content\/uploads\/Business-Central.png\" alt=\"Microsoft Dynamics Business central\"><h5>Business Central<\/h5><p class=\"excerpt\">F\u00e5 en enkel integration mellem Business Central og EazyProject. Integrationen fungerer via API, og g\u00f8r hverdagen mere smidig.<\/p><p class=\"chevron-button\">L\u00e6s mere<\/p><\/a><a class=\"integration-item border0\" href=\"https:\/\/bjornlunden.com\/dk\/integrationer\/authenticator\/\"><img decoding=\"async\" src=\"https:\/\/bjornlunden.com\/wp-content\/uploads\/Authenticator.png\" alt=\"Authenticator\"><h5>Authenticator<\/h5><p class=\"excerpt\">Authenticator giver mulighed for at s\u00e6tte single sign-on op i jeres l\u00f8sning.<\/p><p class=\"chevron-button\">L\u00e6s mere<\/p><\/a><a class=\"integration-item border0\" href=\"https:\/\/bjornlunden.com\/dk\/integrationer\/openid\/\"><img decoding=\"async\" src=\"https:\/\/bjornlunden.com\/wp-content\/uploads\/OpenID.png\" alt=\"OpenID\"><h5>OpenID<\/h5><p class=\"excerpt\">OpenID og single sign-on via Azure AD eller andre login-tjenester.<\/p><p class=\"chevron-button\">L\u00e6s mere<\/p><\/a><a class=\"integration-item border0\" href=\"https:\/\/bjornlunden.com\/dk\/integrationer\/evernote\/\"><img decoding=\"async\" src=\"https:\/\/bjornlunden.com\/wp-content\/uploads\/Evernote.png\" alt=\"Evernote\"><h5>Evernote<\/h5><p class=\"excerpt\">P\u00e5 hvert projekt er det muligt at linke til en specifik folder i Evernote.<\/p><p class=\"chevron-button\">L\u00e6s mere<\/p><\/a><a class=\"integration-item border0\" href=\"https:\/\/bjornlunden.com\/dk\/integrationer\/dropbox\/\"><img decoding=\"async\" src=\"https:\/\/bjornlunden.com\/wp-content\/uploads\/Dropbox.png\" alt=\"Dropbox\"><h5>DropBox<\/h5><p class=\"excerpt\">Alle filer der ligger i Dropbox vil kunne tilg\u00e5s via integrationen.<\/p><p class=\"chevron-button\">L\u00e6s mere<\/p><\/a><a class=\"integration-item border0\" href=\"https:\/\/bjornlunden.com\/dk\/integrationer\/google-drive\/\"><img decoding=\"async\" src=\"https:\/\/bjornlunden.com\/wp-content\/uploads\/Google-Drive.png\" alt=\"Google drive\"><h5>Google Drive<\/h5><p class=\"excerpt\">Alle filer der ligger i Google Drive vil kunne tilg\u00e5s via integrationen.<\/p><p class=\"chevron-button\">L\u00e6s mere<\/p><\/a><a class=\"integration-item border0\" href=\"https:\/\/bjornlunden.com\/dk\/integrationer\/sharepoint\/\"><img decoding=\"async\" src=\"https:\/\/bjornlunden.com\/wp-content\/uploads\/Sharepoint.png\" alt=\"Sharepoint\"><h5>SharePoint<\/h5><p class=\"excerpt\">Alle filer der ligger i SharePoint vil kunne tilg\u00e5s via integrationen.<\/p><p class=\"chevron-button\">L\u00e6s mere<\/p><\/a><a class=\"integration-item border0\" href=\"https:\/\/bjornlunden.com\/dk\/integrationer\/onedrive\/\"><img decoding=\"async\" src=\"https:\/\/bjornlunden.com\/wp-content\/uploads\/OneDrive.png\" alt=\"OneDrive\"><h5>OneDrive<\/h5><p class=\"excerpt\">P\u00e5 hvert projekt er det muligt at linke til en specifik folder i OneDrive.<\/p><p class=\"chevron-button\">L\u00e6s mere<\/p><\/a><a class=\"integration-item border0\" href=\"https:\/\/bjornlunden.com\/dk\/integrationer\/uniconta\/\"><img decoding=\"async\" src=\"https:\/\/bjornlunden.com\/wp-content\/uploads\/Uniconta.png\" alt=\"Uniconta\"><h5>UniConta<\/h5><p class=\"excerpt\">Integrationen til UniConta giver mulighed for at udveksle data mellem EazyProject og Unicontas cloud-baserede \u00f8konomisystem.<\/p><p class=\"chevron-button\">L\u00e6s mere<\/p><\/a><a class=\"integration-item border0\" href=\"https:\/\/bjornlunden.com\/dk\/integrationer\/microsoft-dynamics\/\"><img decoding=\"async\" src=\"https:\/\/bjornlunden.com\/wp-content\/uploads\/Microsoft-Dynamics-1.png\" alt=\"Logo MicrosoftDynamics\"><h5>Microsoft Dynamics<\/h5><p class=\"excerpt\">Der kan udveksles data i forskellige filformater og med forskelligt indhold, baseret p\u00e5 din virksomheds specifikke installation, mellem Navision og EazyProject.<\/p><p class=\"chevron-button\">L\u00e6s mere<\/p><\/a><a class=\"integration-item border0\" href=\"https:\/\/bjornlunden.com\/dk\/integrationer\/e-conomic\/\"><img decoding=\"async\" src=\"https:\/\/bjornlunden.com\/wp-content\/uploads\/E-conomic.png\" alt=\"Logo e-conomic\"><h5>E-conomic<\/h5><p class=\"excerpt\">EazyProject giver mulighed for direkte integration med regnskabsprogrammet e-conomic. <\/p><p class=\"chevron-button\">L\u00e6s mere<\/p><\/a><a class=\"integration-item border0\" href=\"https:\/\/bjornlunden.com\/dk\/integrationer\/promark\/\"><img decoding=\"async\" src=\"https:\/\/bjornlunden.com\/wp-content\/uploads\/ProMark.png\" alt=\"Logo ProMark\"><h5>ProMark<\/h5><p class=\"excerpt\">EazyProjects integrationsmodul giver mulighed for at indl\u00e6se ferie- og frav\u00e6rsdata fra l\u00f8sningen ProMark.<\/p><p class=\"chevron-button\">L\u00e6s mere<\/p><\/a><a class=\"integration-item border0\" href=\"https:\/\/bjornlunden.com\/dk\/integrationer\/epos-loen\/\"><img decoding=\"async\" src=\"https:\/\/bjornlunden.com\/wp-content\/uploads\/Azets-1.png\" alt=\"Logo Azets\"><h5>Azets &#8211; Epos L\u00f8n<\/h5><p class=\"excerpt\">EazyProjects tilbyder automatisk indl\u00e6sning af brugerdata fra HR-l\u00f8sningen Epos, samt overf\u00f8rsel af l\u00f8ndata tilbage til Epos.<\/p><p class=\"chevron-button\">L\u00e6s mere<\/p><\/a><a class=\"integration-item border0\" href=\"https:\/\/bjornlunden.com\/dk\/integrationer\/silkeborg-data\/\"><img decoding=\"async\" src=\"https:\/\/bjornlunden.com\/wp-content\/uploads\/Silkeborg-Data.png\" alt=\"Logo Silkeborg Data\"><h5>Silkeborg Data<\/h5><p class=\"excerpt\">Benyttes Silkeborg Data som l\u00f8nsystem, overf\u00f8res data nemt til brug for l\u00f8nberegning fra EazyProject.<\/p><p class=\"chevron-button\">L\u00e6s mere<\/p><\/a><a class=\"integration-item border0\" href=\"https:\/\/bjornlunden.com\/dk\/integrationer\/danloen\/\"><img decoding=\"async\" src=\"https:\/\/bjornlunden.com\/wp-content\/uploads\/Danlon.png\" alt=\"Danlon logo\"><h5>Danl\u00f8n<\/h5><p class=\"excerpt\">Tidsregistrering, km registrering og udl\u00e6g overf\u00f8res nemt via Visma Danl\u00f8n integrationen til Visma Danl\u00f8n for l\u00f8nberegning.<\/p><p class=\"chevron-button\">L\u00e6s mere<\/p><\/a><a class=\"integration-item border0\" href=\"https:\/\/bjornlunden.com\/dk\/integrationer\/lessor\/\"><img decoding=\"async\" src=\"https:\/\/bjornlunden.com\/wp-content\/uploads\/Lessor.png\" alt=\"Logo Lessor\"><h5>Lessor<\/h5><p class=\"excerpt\">Med integrationen overf\u00f8rer du nemt information mellem systemerne, og undg\u00e5r dobbeltarbejde.<\/p><p class=\"chevron-button\">L\u00e6s mere<\/p><\/a><a class=\"integration-item border0\" href=\"https:\/\/bjornlunden.com\/dk\/integrationer\/visma-dataloen\/\"><img decoding=\"async\" src=\"https:\/\/bjornlunden.com\/wp-content\/uploads\/DataLon_by_VISMA-1.png\" alt=\"\"><h5>Visma Datal\u00f8n<\/h5><p class=\"excerpt\">Tidsregistrering, km registrering og udl\u00e6g overf\u00f8res nemt via Visma Datal\u00f8n integrationen til Visma Datal\u00f8n for l\u00f8nberegning.<\/p><p class=\"chevron-button\">L\u00e6s mere<\/p><\/a><a class=\"integration-item border0\" href=\"https:\/\/bjornlunden.com\/dk\/integrationer\/sproom\/\"><img decoding=\"async\" src=\"https:\/\/bjornlunden.com\/wp-content\/uploads\/Sproom.png\" alt=\"Logo Sproom\"><h5>Sproom<\/h5><p class=\"excerpt\">Hvis du har behov for at kunne sende fakturaer, som digitale fakturaer (e-faktura, EAN-faktura), kan dette nemt s\u00e6ttes op i EazyProject.<\/p><p class=\"chevron-button\">L\u00e6s mere<\/p><\/a><a class=\"integration-item border0\" href=\"https:\/\/bjornlunden.com\/dk\/integrationer\/unik\/\"><img decoding=\"async\" src=\"https:\/\/bjornlunden.com\/wp-content\/uploads\/Unik.png\" alt=\"Logo Unik\"><h5>Unik<\/h5><p class=\"excerpt\">Med integrationen mellem Unik og EazyProject \u2013 Bjorn Lunden, overf\u00f8rer du nemt information mellem systemerne, og undg\u00e5r dobbeltarbejde.<\/p><p class=\"chevron-button\">L\u00e6s mere<\/p><\/a><\/div><\/div>\n\t\t\t\t\t\t<\/div>\n\t\t\t\t<\/div>\n\t\t\t\t<\/div>\n\t\t\t\t\t<\/div>\n\t\t\t\t<\/div>\n\t\t<div class=\"elementor-element elementor-element-fe5a9b8 e-flex e-con-boxed e-con e-parent\" data-id=\"fe5a9b8\" data-element_type=\"container\" data-e-type=\"container\">\n\t\t\t\t\t<div class=\"e-con-inner\">\n\t\t\t\t<div class=\"elementor-element elementor-element-3ea936b elementor-widget elementor-widget-spacer\" data-id=\"3ea936b\" data-element_type=\"widget\" data-e-type=\"widget\" data-widget_type=\"spacer.default\">\n\t\t\t\t<div class=\"elementor-widget-container\">\n\t\t\t\t\t\t\t<div class=\"elementor-spacer\">\n\t\t\t<div class=\"elementor-spacer-inner\"><\/div>\n\t\t<\/div>\n\t\t\t\t\t\t<\/div>\n\t\t\t\t<\/div>\n\t\t\t\t\t<\/div>\n\t\t\t\t<\/div>\n\t\t<div class=\"elementor-element elementor-element-288a7a4 e-flex e-con-boxed e-con e-parent\" data-id=\"288a7a4\" data-element_type=\"container\" data-e-type=\"container\">\n\t\t\t\t\t<div class=\"e-con-inner\">\n\t\t<div class=\"elementor-element elementor-element-7ef3494 e-con-full e-flex e-con e-child\" data-id=\"7ef3494\" data-element_type=\"container\" data-e-type=\"container\">\n\t\t\t\t<\/div>\n\t\t<div class=\"elementor-element elementor-element-5899f94 e-con-full e-flex e-con e-child\" data-id=\"5899f94\" data-element_type=\"container\" data-e-type=\"container\">\n\t\t\t\t<div class=\"elementor-element elementor-element-a56e20a elementor-widget elementor-widget-shortcode\" data-id=\"a56e20a\" data-element_type=\"widget\" data-e-type=\"widget\" data-widget_type=\"shortcode.default\">\n\t\t\t\t<div class=\"elementor-widget-container\">\n\t\t\t\t\t\t\t<div class=\"elementor-shortcode\"><div class=\"facetwp-facet facetwp-facet-paging facetwp-type-pager\" data-name=\"paging\" data-type=\"pager\"><\/div><\/div>\n\t\t\t\t\t\t<\/div>\n\t\t\t\t<\/div>\n\t\t\t\t<\/div>\n\t\t\t\t\t<\/div>\n\t\t\t\t<\/div>\n\t\t<div class=\"elementor-element elementor-element-ad46c2f e-flex e-con-boxed e-con e-parent\" data-id=\"ad46c2f\" data-element_type=\"container\" data-e-type=\"container\">\n\t\t\t\t\t<div class=\"e-con-inner\">\n\t\t\t\t<div class=\"elementor-element elementor-element-66851fe elementor-widget elementor-widget-spacer\" data-id=\"66851fe\" data-element_type=\"widget\" data-e-type=\"widget\" data-widget_type=\"spacer.default\">\n\t\t\t\t<div class=\"elementor-widget-container\">\n\t\t\t\t\t\t\t<div class=\"elementor-spacer\">\n\t\t\t<div class=\"elementor-spacer-inner\"><\/div>\n\t\t<\/div>\n\t\t\t\t\t\t<\/div>\n\t\t\t\t<\/div>\n\t\t\t\t\t<\/div>\n\t\t\t\t<\/div>\n\t\t\t\t<\/div>\n\t\t","protected":false},"excerpt":{"rendered":"<p>Automatiser din arbejdsgang med smarte integrationer Forbind EazyProject til andre systemer og elimin\u00e9r un\u00f8dvendige trin og arbejd mere effektivt. En effektiv m\u00e5de at automatisere rutinearbejde og undg\u00e5 dobbeltarbejde. Kategorier<\/p>\n","protected":false},"author":2,"featured_media":20625,"parent":0,"menu_order":0,"comment_status":"closed","ping_status":"closed","template":"","meta":{"_acf_changed":false,"footnotes":""},"class_list":["post-6088","page","type-page","status-publish","has-post-thumbnail","hentry"],"acf":[],"_links":{"self":[{"href":"https:\/\/bjornlunden.com\/dk\/wp-json\/wp\/v2\/pages\/6088","targetHints":{"allow":["GET"]}}],"collection":[{"href":"https:\/\/bjornlunden.com\/dk\/wp-json\/wp\/v2\/pages"}],"about":[{"href":"https:\/\/bjornlunden.com\/dk\/wp-json\/wp\/v2\/types\/page"}],"author":[{"embeddable":true,"href":"https:\/\/bjornlunden.com\/dk\/wp-json\/wp\/v2\/users\/2"}],"replies":[{"embeddable":true,"href":"https:\/\/bjornlunden.com\/dk\/wp-json\/wp\/v2\/comments?post=6088"}],"version-history":[{"count":79,"href":"https:\/\/bjornlunden.com\/dk\/wp-json\/wp\/v2\/pages\/6088\/revisions"}],"predecessor-version":[{"id":65224,"href":"https:\/\/bjornlunden.com\/dk\/wp-json\/wp\/v2\/pages\/6088\/revisions\/65224"}],"wp:featuredmedia":[{"embeddable":true,"href":"https:\/\/bjornlunden.com\/dk\/wp-json\/wp\/v2\/media\/20625"}],"wp:attachment":[{"href":"https:\/\/bjornlunden.com\/dk\/wp-json\/wp\/v2\/media?parent=6088"}],"curies":[{"name":"wp","href":"https:\/\/api.w.org\/{rel}","templated":true}]}}