{"id":5349,"date":"2024-09-11T08:40:35","date_gmt":"2024-09-11T06:40:35","guid":{"rendered":"https:\/\/bjornlunden.com\/indsigter\/blogs\/"},"modified":"2025-02-10T12:43:48","modified_gmt":"2025-02-10T11:43:48","slug":"blog","status":"publish","type":"page","link":"https:\/\/bjornlunden.com\/dk\/indsigter\/blog\/","title":{"rendered":"Blog"},"content":{"rendered":"\t\t<div data-elementor-type=\"wp-page\" data-elementor-id=\"5349\" class=\"elementor elementor-5349 elementor-4912\" data-elementor-post-type=\"page\">\n\t\t\t\t<div class=\"elementor-element elementor-element-ce82c6c e-flex e-con-boxed e-con e-parent\" data-id=\"ce82c6c\" data-element_type=\"container\" data-e-type=\"container\">\n\t\t\t\t\t<div class=\"e-con-inner\">\n\t\t\t\t<div class=\"elementor-element elementor-element-bd6d944 elementor-widget elementor-widget-spacer\" data-id=\"bd6d944\" data-element_type=\"widget\" data-e-type=\"widget\" data-widget_type=\"spacer.default\">\n\t\t\t\t<div class=\"elementor-widget-container\">\n\t\t\t\t\t\t\t<div class=\"elementor-spacer\">\n\t\t\t<div class=\"elementor-spacer-inner\"><\/div>\n\t\t<\/div>\n\t\t\t\t\t\t<\/div>\n\t\t\t\t<\/div>\n\t\t\t\t<div class=\"elementor-element elementor-element-f193198 elementor-absolute elementor-widget elementor-widget-image\" data-id=\"f193198\" data-element_type=\"widget\" data-e-type=\"widget\" data-settings=\"{&quot;_position&quot;:&quot;absolute&quot;}\" data-widget_type=\"image.default\">\n\t\t\t\t<div class=\"elementor-widget-container\">\n\t\t\t\t\t\t\t\t\t\t\t\t\t\t\t<img decoding=\"async\" width=\"72\" height=\"72\" src=\"https:\/\/bjornlunden.com\/wp-content\/uploads\/star-footer.svg\" class=\"attachment-large size-large wp-image-3128\" alt=\"\" \/>\t\t\t\t\t\t\t\t\t\t\t\t\t\t\t<\/div>\n\t\t\t\t<\/div>\n\t\t\t\t\t<\/div>\n\t\t\t\t<\/div>\n\t\t<div class=\"elementor-element elementor-element-a1b46d1 e-flex e-con-boxed e-con e-parent\" data-id=\"a1b46d1\" data-element_type=\"container\" data-e-type=\"container\">\n\t\t\t\t\t<div class=\"e-con-inner\">\n\t\t<div class=\"elementor-element elementor-element-0e6616a e-con-full breadcrumbs transparent e-flex e-con e-child\" data-id=\"0e6616a\" data-element_type=\"container\" data-e-type=\"container\">\n\t\t\t\t<div class=\"elementor-element elementor-element-3b5d859 elementor-widget elementor-widget-heading\" data-id=\"3b5d859\" data-element_type=\"widget\" data-e-type=\"widget\" data-widget_type=\"heading.default\">\n\t\t\t\t<div class=\"elementor-widget-container\">\n\t\t\t\t\t<p class=\"elementor-heading-title elementor-size-default\"><a href=\"https:\/\/bjornlunden.com\/dk\/indsigter\/\">Indsigter<\/a><\/p>\t\t\t\t<\/div>\n\t\t\t\t<\/div>\n\t\t\t\t<div class=\"elementor-element elementor-element-b399628 active elementor-widget elementor-widget-heading\" data-id=\"b399628\" data-element_type=\"widget\" data-e-type=\"widget\" data-widget_type=\"heading.default\">\n\t\t\t\t<div class=\"elementor-widget-container\">\n\t\t\t\t\t<p class=\"elementor-heading-title elementor-size-default\">Blog<\/p>\t\t\t\t<\/div>\n\t\t\t\t<\/div>\n\t\t\t\t<\/div>\n\t\t\t\t\t<\/div>\n\t\t\t\t<\/div>\n\t\t<div class=\"elementor-element elementor-element-a451509 e-flex e-con-boxed e-con e-parent\" data-id=\"a451509\" data-element_type=\"container\" data-e-type=\"container\">\n\t\t\t\t\t<div class=\"e-con-inner\">\n\t\t\t\t<div class=\"elementor-element elementor-element-fc46c74 elementor-widget elementor-widget-shortcode\" data-id=\"fc46c74\" data-element_type=\"widget\" data-e-type=\"widget\" data-widget_type=\"shortcode.default\">\n\t\t\t\t<div class=\"elementor-widget-container\">\n\t\t\t\t\t\t\t<div class=\"elementor-shortcode\"><div class=\"featured-insight-post\"><a href=\"https:\/\/bjornlunden.com\/dk\/indsigter\/blog\/forstaa-fakturering-efter-medgaaet-tid\/\"><img fetchpriority=\"high\" decoding=\"async\" width=\"1200\" height=\"628\" src=\"https:\/\/bjornlunden.com\/wp-content\/uploads\/Blogs_Forsta-fakturering-efter-medgaet-tid-et-naermere-kig.png\" class=\"attachment-full size-full wp-post-image\" alt=\"Forsta fakturering efter medgaet tid et naermere kig\" srcset=\"https:\/\/bjornlunden.com\/wp-content\/uploads\/Blogs_Forsta-fakturering-efter-medgaet-tid-et-naermere-kig.png 1200w, https:\/\/bjornlunden.com\/wp-content\/uploads\/Blogs_Forsta-fakturering-efter-medgaet-tid-et-naermere-kig-300x157.png 300w, https:\/\/bjornlunden.com\/wp-content\/uploads\/Blogs_Forsta-fakturering-efter-medgaet-tid-et-naermere-kig-1024x536.png 1024w, https:\/\/bjornlunden.com\/wp-content\/uploads\/Blogs_Forsta-fakturering-efter-medgaet-tid-et-naermere-kig-768x402.png 768w\" sizes=\"(max-width: 1200px) 100vw, 1200px\" \/><div class=\"post-details\"><h2>Forst\u00e5 fakturering efter medg\u00e5et tid: et n\u00e6rmere kig<\/h2><p class=\"excerpt\">Hvad handler fakturering pr\u00e6cist om?<\/p><p class=\"chevron-button\">L\u00e6s mere<\/p><\/div><\/a><\/div><\/div>\n\t\t\t\t\t\t<\/div>\n\t\t\t\t<\/div>\n\t\t\t\t\t<\/div>\n\t\t\t\t<\/div>\n\t\t<div class=\"elementor-element elementor-element-f022730 e-flex e-con-boxed e-con e-parent\" data-id=\"f022730\" data-element_type=\"container\" data-e-type=\"container\">\n\t\t\t\t\t<div class=\"e-con-inner\">\n\t\t\t\t<div class=\"elementor-element elementor-element-139fc90 elementor-widget elementor-widget-spacer\" data-id=\"139fc90\" data-element_type=\"widget\" data-e-type=\"widget\" data-widget_type=\"spacer.default\">\n\t\t\t\t<div class=\"elementor-widget-container\">\n\t\t\t\t\t\t\t<div class=\"elementor-spacer\">\n\t\t\t<div class=\"elementor-spacer-inner\"><\/div>\n\t\t<\/div>\n\t\t\t\t\t\t<\/div>\n\t\t\t\t<\/div>\n\t\t\t\t\t<\/div>\n\t\t\t\t<\/div>\n\t\t<div class=\"elementor-element elementor-element-85b816a e-flex e-con-boxed e-con e-parent\" data-id=\"85b816a\" data-element_type=\"container\" data-e-type=\"container\">\n\t\t\t\t\t<div class=\"e-con-inner\">\n\t\t<div class=\"elementor-element elementor-element-a2b789d e-con-full e-flex e-con e-child\" data-id=\"a2b789d\" data-element_type=\"container\" data-e-type=\"container\">\n\t\t\t\t<div class=\"elementor-element elementor-element-125055f arrow-left-black elementor-widget elementor-widget-heading\" data-id=\"125055f\" data-element_type=\"widget\" data-e-type=\"widget\" data-widget_type=\"heading.default\">\n\t\t\t\t<div class=\"elementor-widget-container\">\n\t\t\t\t\t<p class=\"elementor-heading-title elementor-size-default\"><a href=\"https:\/\/bjornlunden.com\/dk\/indsigter\/kundecases\/\">Sager<\/a><\/p>\t\t\t\t<\/div>\n\t\t\t\t<\/div>\n\t\t\t\t<div class=\"elementor-element elementor-element-cc2e24f arrow-right-black elementor-widget elementor-widget-heading\" data-id=\"cc2e24f\" data-element_type=\"widget\" data-e-type=\"widget\" data-widget_type=\"heading.default\">\n\t\t\t\t<div class=\"elementor-widget-container\">\n\t\t\t\t\t<p class=\"elementor-heading-title elementor-size-default\"><a href=\"https:\/\/bjornlunden.com\/dk\/indsigter\/webinarer\/\">Webinarer<\/a><\/p>\t\t\t\t<\/div>\n\t\t\t\t<\/div>\n\t\t\t\t<\/div>\n\t\t\t\t<div class=\"elementor-element elementor-element-95cf1a6 elementor-widget elementor-widget-shortcode\" data-id=\"95cf1a6\" data-element_type=\"widget\" data-e-type=\"widget\" data-widget_type=\"shortcode.default\">\n\t\t\t\t<div class=\"elementor-widget-container\">\n\t\t\t\t\t\t\t<div class=\"elementor-shortcode\"><div class=\"defaultpost-container\"><a href=\"https:\/\/bjornlunden.com\/dk\/indsigter\/blog\/hvad-er-projektstyring-og-hvordan-kommer-jeg-i-gang\/\"><img decoding=\"async\" src=\"https:\/\/bjornlunden.com\/wp-content\/uploads\/Samarbetspaket_2340125941_.jpg\" alt=\"Hvad er projektstyring, og hvordan kommer jeg i gang?\"><div class=\"post-details\"><h6>Hvad er projektstyring, og hvordan kommer jeg i gang?<\/h6><p class=\"excerpt\">Projektstyring handler i bund og grund om at sikre, at d\u00e9t, du lover ku...<\/p><\/div><\/a><a href=\"https:\/\/bjornlunden.com\/dk\/indsigter\/blog\/projektmaal-saet-ord-paa-dine-maal\/\"><img decoding=\"async\" src=\"https:\/\/bjornlunden.com\/wp-content\/uploads\/Blogs_Sadan-bliver-du-en-god-projektleder.png\" alt=\"Projektm\u00e5l &#8211; S\u00e6t ord p\u00e5 dine m\u00e5l\"><div class=\"post-details\"><h6>Projektm\u00e5l &#8211; S\u00e6t ord p\u00e5 dine m\u00e5l<\/h6><p class=\"excerpt\">Projektm\u00e5l er grundlaget for ethvert vellykket projekt. At definere kla...<\/p><\/div><\/a><a href=\"https:\/\/bjornlunden.com\/dk\/indsigter\/blog\/10-tegn-paa-at-din-virksomhed-har-brug-for-et-projektstyringssystem\/\"><img decoding=\"async\" src=\"https:\/\/bjornlunden.com\/wp-content\/uploads\/shutterstock_1188934267.jpg\" alt=\"10 tegn p\u00e5, at din virksomhed har brug for et projektstyringssystem\"><div class=\"post-details\"><h6>10 tegn p\u00e5, at din virksomhed har brug for et projektstyringssystem<\/h6><p class=\"excerpt\">Hverdagen i en travl virksomhed kan hurtigt blive uoverskuelig. Projekte...<\/p><\/div><\/a><a href=\"https:\/\/bjornlunden.com\/dk\/indsigter\/blog\/projektoekonomi-saadan-sikrer-du-rentabilitet-paa-alle-projekter\/\"><img decoding=\"async\" src=\"https:\/\/bjornlunden.com\/wp-content\/uploads\/cropped-Klant-betaalt-factuur-niet-1024x683-1.jpeg\" alt=\"Projekt\u00f8konomi: S\u00e5dan sikrer du rentabilitet p\u00e5 alle projekter\"><div class=\"post-details\"><h6>Projekt\u00f8konomi: S\u00e5dan sikrer du rentabilitet p\u00e5 alle projekter<\/h6><p class=\"excerpt\">For projektorienterede virksomheder er projekt\u00f8konomi selve motoren i f...<\/p><\/div><\/a><a href=\"https:\/\/bjornlunden.com\/dk\/indsigter\/blog\/projektstyring-i-excel-fra-manuelt-regneark-til-automatiseret-overblik\/\"><img decoding=\"async\" src=\"https:\/\/bjornlunden.com\/wp-content\/uploads\/bl_overview_block_03.jpg\" alt=\"Projektstyring i Excel: Fra manuelt regneark til automatiseret overblik\"><div class=\"post-details\"><h6>Projektstyring i Excel: Fra manuelt regneark til automatiseret overblik<\/h6><p class=\"excerpt\">Er Excel rygraden i jeres projektstyring? S\u00e5 er I ikke alene. For mange...<\/p><\/div><\/a><a href=\"https:\/\/bjornlunden.com\/dk\/indsigter\/blog\/find-det-bedste-projektstyringsvaerktoej-i-2026-vi-sammenligner-dem-din-guide-til-overblik-vaekst-og-enkelhed\/\"><img decoding=\"async\" src=\"https:\/\/bjornlunden.com\/wp-content\/uploads\/Tjanstestalle_1011232042-1024x536-1.jpg\" alt=\"Find det bedste projektstyringsv\u00e6rkt\u00f8j i 2026 &#8211; vi sammenligner dem: Din guide til overblik, v\u00e6kst og enkelhed\"><div class=\"post-details\"><h6>Find det bedste projektstyringsv\u00e6rkt\u00f8j i 2026 &#8211; vi sammenligner dem: Din guide til overblik, v\u00e6kst og enkelhed<\/h6><p class=\"excerpt\">St\u00e5r du ogs\u00e5 i en situation, hvor overblikket over virksomhedens proje...<\/p><\/div><\/a><a href=\"https:\/\/bjornlunden.com\/dk\/indsigter\/blog\/din-guide-til-at-navigere-i-en-interessentanalyse\/\"><img decoding=\"async\" src=\"https:\/\/bjornlunden.com\/wp-content\/uploads\/Qbis_Ledighetsplanering_2714274515.jpg\" alt=\"Din guide til at navigere i en interessentanalyse\"><div class=\"post-details\"><h6>Din guide til at navigere i en interessentanalyse<\/h6><p class=\"excerpt\">Er du interesseret i hvad en interessentanalyse er? Lad os dykke ned i e...<\/p><\/div><\/a><a href=\"https:\/\/bjornlunden.com\/dk\/indsigter\/blog\/hvor-meget-kan-du-arbejde-og-hvornaar-skal-du-traekke-stikket\/\"><img decoding=\"async\" src=\"https:\/\/bjornlunden.com\/wp-content\/uploads\/NL-Blog-Image-Wat-is-PSD2-1024x402-1.png\" alt=\"Hvor meget kan du arbejde, og hvorn\u00e5r skal du tr\u00e6kke stikket?\"><div class=\"post-details\"><h6>Hvor meget kan du arbejde, og hvorn\u00e5r skal du tr\u00e6kke stikket?<\/h6><p class=\"excerpt\">Arbejdstid og pause er to sider af samme sag. For at levere godt arbejde...<\/p><\/div><\/a><a href=\"https:\/\/bjornlunden.com\/dk\/indsigter\/blog\/er-en-4-dages-arbejdsuge-en-del-af-fremtidens-arbejdsliv\/\"><img decoding=\"async\" src=\"https:\/\/bjornlunden.com\/wp-content\/uploads\/Konsulenter_DK-1024x473-1.jpg\" alt=\"Er en 4-dages arbejdsuge en del af fremtidens arbejdsliv?\"><div class=\"post-details\"><h6>Er en 4-dages arbejdsuge en del af fremtidens arbejdsliv?<\/h6><p class=\"excerpt\">Flere og flere taler om 4-dages arbejdsuge \u2013 og med god grund. B\u00e5de m...<\/p><\/div><\/a><a href=\"https:\/\/bjornlunden.com\/dk\/indsigter\/blog\/hvad-betyder-sommertid-og-vintertid-egentlig-for-dig-og-din-hverdag\/\"><img decoding=\"async\" src=\"https:\/\/bjornlunden.com\/wp-content\/uploads\/Obligationer_Skatt_Deklaration_1655442553-1024x536-1.jpg\" alt=\"Hvad betyder sommertid og vintertid egentlig for dig og din hverdag?\"><div class=\"post-details\"><h6>Hvad betyder sommertid og vintertid egentlig for dig og din hverdag?<\/h6><p class=\"excerpt\">To gange om \u00e5ret sker det. Vi stiller uret. En time frem om for\u00e5ret og...<\/p><\/div><\/a><a href=\"https:\/\/bjornlunden.com\/dk\/indsigter\/blog\/forstaa-faktureringsgraden-en-indikator-for-rentabiliteten-i-din-konsulentforretning\/\"><img decoding=\"async\" src=\"https:\/\/bjornlunden.com\/wp-content\/uploads\/Tjanstestalle_1011232042-1024x536-1.jpg\" alt=\"Forst\u00e5 faktureringsgraden: En indikator for rentabiliteten i din konsulentforretning\"><div class=\"post-details\"><h6>Forst\u00e5 faktureringsgraden: En indikator for rentabiliteten i din konsulentforretning<\/h6><p class=\"excerpt\">N\u00e5r du driver en konsulentvirksomhed, er det afg\u00f8rende at forst\u00e5 og o...<\/p><\/div><\/a><a href=\"https:\/\/bjornlunden.com\/dk\/indsigter\/blog\/hvor-mange-timer-har-vi-egentligt-paa-et-aar\/\"><img decoding=\"async\" src=\"https:\/\/bjornlunden.com\/wp-content\/uploads\/Klant-betaalt-factuur-niet-1024x683-1.jpeg\" alt=\"Hvor mange timer har vi egentligt p\u00e5 et \u00e5r?\"><div class=\"post-details\"><h6>Hvor mange timer har vi egentligt p\u00e5 et \u00e5r?<\/h6><p class=\"excerpt\">N\u00e5r man t\u00e6nker over det, er timer p\u00e5 et \u00e5r noget, vi sj\u00e6ldent forho...<\/p><\/div><\/a><\/div><div class=\"pagination_container\"><span aria-current=\"page\" class=\"page-numbers current\">1<\/span>\n<a class=\"page-numbers\" href=\"https:\/\/bjornlunden.com\/dk\/wp-json\/wp\/v2\/pages\/5349\/?paged=2\">2<\/a>\n<a class=\"page-numbers\" href=\"https:\/\/bjornlunden.com\/dk\/wp-json\/wp\/v2\/pages\/5349\/?paged=3\">3<\/a>\n<span class=\"page-numbers dots\">&hellip;<\/span>\n<a class=\"page-numbers\" href=\"https:\/\/bjornlunden.com\/dk\/wp-json\/wp\/v2\/pages\/5349\/?paged=6\">6<\/a><\/div><\/div>\n\t\t\t\t\t\t<\/div>\n\t\t\t\t<\/div>\n\t\t\t\t\t<\/div>\n\t\t\t\t<\/div>\n\t\t<div class=\"elementor-element elementor-element-b292a2f e-flex e-con-boxed e-con e-parent\" data-id=\"b292a2f\" data-element_type=\"container\" data-e-type=\"container\">\n\t\t\t\t\t<div class=\"e-con-inner\">\n\t\t\t\t<div class=\"elementor-element elementor-element-c88931e elementor-widget elementor-widget-spacer\" data-id=\"c88931e\" data-element_type=\"widget\" data-e-type=\"widget\" data-widget_type=\"spacer.default\">\n\t\t\t\t<div class=\"elementor-widget-container\">\n\t\t\t\t\t\t\t<div class=\"elementor-spacer\">\n\t\t\t<div class=\"elementor-spacer-inner\"><\/div>\n\t\t<\/div>\n\t\t\t\t\t\t<\/div>\n\t\t\t\t<\/div>\n\t\t\t\t\t<\/div>\n\t\t\t\t<\/div>\n\t\t<div class=\"elementor-element elementor-element-1c71ab0 e-flex e-con-boxed e-con e-parent\" data-id=\"1c71ab0\" data-element_type=\"container\" data-e-type=\"container\">\n\t\t\t\t\t<div class=\"e-con-inner\">\n\t\t\t\t<div class=\"elementor-element elementor-element-4cf9ee3 elementor-widget elementor-widget-template\" data-id=\"4cf9ee3\" data-element_type=\"widget\" data-e-type=\"widget\" data-widget_type=\"template.default\">\n\t\t\t\t<div class=\"elementor-widget-container\">\n\t\t\t\t\t\t\t<div class=\"elementor-template\">\n\t\t\t\t\t<div data-elementor-type=\"container\" data-elementor-id=\"5357\" class=\"elementor elementor-5357 elementor-4930\" data-elementor-post-type=\"elementor_library\">\n\t\t\t\t<div class=\"elementor-element elementor-element-3bb5a5f7 e-flex e-con-boxed e-con e-parent\" data-id=\"3bb5a5f7\" data-element_type=\"container\" data-e-type=\"container\">\n\t\t\t\t\t<div class=\"e-con-inner\">\n\t\t<div class=\"elementor-element elementor-element-7b282700 e-con-full e-flex e-con e-child\" data-id=\"7b282700\" data-element_type=\"container\" data-e-type=\"container\" data-settings=\"{&quot;background_background&quot;:&quot;classic&quot;}\">\n\t\t<div class=\"elementor-element elementor-element-25d7c3a6 e-con-full e-flex e-con e-child\" data-id=\"25d7c3a6\" data-element_type=\"container\" data-e-type=\"container\">\n\t\t\t\t<div class=\"elementor-element elementor-element-5e367708 elementor-widget elementor-widget-heading\" data-id=\"5e367708\" data-element_type=\"widget\" data-e-type=\"widget\" data-widget_type=\"heading.default\">\n\t\t\t\t<div class=\"elementor-widget-container\">\n\t\t\t\t\t<h2 class=\"elementor-heading-title elementor-size-default\">Hold dig opdateret<\/h2>\t\t\t\t<\/div>\n\t\t\t\t<\/div>\n\t\t\t\t<div class=\"elementor-element elementor-element-576d40a elementor-widget elementor-widget-text-editor\" data-id=\"576d40a\" data-element_type=\"widget\" data-e-type=\"widget\" data-widget_type=\"text-editor.default\">\n\t\t\t\t<div class=\"elementor-widget-container\">\n\t\t\t\t\t\t\t\t\t<p><span style=\"font-weight: 400;\">Tilmeld dig nyhedsbrevet, og bliv opdateret med de nyeste features, cases, nyheder og invitationer til events.<\/span><\/p>\n\t\t\t\t\t\t\t\t<\/div>\n\t\t\t\t<\/div>\n\t\t\t\t<div class=\"elementor-element elementor-element-25bf63e0 btn black elementor-widget elementor-widget-button\" data-id=\"25bf63e0\" data-element_type=\"widget\" data-e-type=\"widget\" data-widget_type=\"button.default\">\n\t\t\t\t<div class=\"elementor-widget-container\">\n\t\t\t\t\t\t\t\t\t<div class=\"elementor-button-wrapper\">\n\t\t\t\t\t<a class=\"elementor-button elementor-button-link elementor-size-sm\" href=\"https:\/\/bjornlunden.com\/dk\/nyhedsbrevet\/\">\n\t\t\t\t\t\t<span class=\"elementor-button-content-wrapper\">\n\t\t\t\t\t\t\t\t\t<span class=\"elementor-button-text\">Tilmeld dig!<\/span>\n\t\t\t\t\t<\/span>\n\t\t\t\t\t<\/a>\n\t\t\t\t<\/div>\n\t\t\t\t\t\t\t\t<\/div>\n\t\t\t\t<\/div>\n\t\t\t\t<\/div>\n\t\t\t\t<\/div>\n\t\t\t\t\t<\/div>\n\t\t\t\t<\/div>\n\t\t\t\t<\/div>\n\t\t\t\t<\/div>\n\t\t\t\t\t\t<\/div>\n\t\t\t\t<\/div>\n\t\t\t\t\t<\/div>\n\t\t\t\t<\/div>\n\t\t<div class=\"elementor-element elementor-element-246d87c e-flex e-con-boxed e-con e-parent\" data-id=\"246d87c\" data-element_type=\"container\" data-e-type=\"container\">\n\t\t\t\t\t<div class=\"e-con-inner\">\n\t\t\t\t<div class=\"elementor-element elementor-element-d2bf6d1 elementor-widget elementor-widget-spacer\" data-id=\"d2bf6d1\" data-element_type=\"widget\" data-e-type=\"widget\" data-widget_type=\"spacer.default\">\n\t\t\t\t<div class=\"elementor-widget-container\">\n\t\t\t\t\t\t\t<div class=\"elementor-spacer\">\n\t\t\t<div class=\"elementor-spacer-inner\"><\/div>\n\t\t<\/div>\n\t\t\t\t\t\t<\/div>\n\t\t\t\t<\/div>\n\t\t\t\t\t<\/div>\n\t\t\t\t<\/div>\n\t\t<div class=\"elementor-element elementor-element-013a242 e-con-full e-flex e-con e-parent\" data-id=\"013a242\" data-element_type=\"container\" data-e-type=\"container\">\n\t\t\t\t<div class=\"elementor-element elementor-element-250c62f elementor-widget elementor-widget-template\" data-id=\"250c62f\" data-element_type=\"widget\" data-e-type=\"widget\" data-widget_type=\"template.default\">\n\t\t\t\t<div class=\"elementor-widget-container\">\n\t\t\t\t\t\t\t<div class=\"elementor-template\">\n\t\t\t\t\t<div data-elementor-type=\"container\" data-elementor-id=\"5944\" class=\"elementor elementor-5944 elementor-4905\" data-elementor-post-type=\"elementor_library\">\n\t\t\t\t<div class=\"elementor-element elementor-element-72db007 e-flex e-con-boxed e-con e-parent\" data-id=\"72db007\" data-element_type=\"container\" data-e-type=\"container\">\n\t\t\t\t\t<div class=\"e-con-inner\">\n\t\t\t\t<div class=\"elementor-element elementor-element-1485dd7e elementor-widget elementor-widget-image\" data-id=\"1485dd7e\" data-element_type=\"widget\" data-e-type=\"widget\" data-widget_type=\"image.default\">\n\t\t\t\t<div class=\"elementor-widget-container\">\n\t\t\t\t\t\t\t\t\t\t\t\t\t\t\t<img decoding=\"async\" width=\"675\" height=\"407\" src=\"https:\/\/bjornlunden.com\/wp-content\/uploads\/Demo-mockup.png\" class=\"attachment-large size-large wp-image-4468\" alt=\"Demo mockup\" srcset=\"https:\/\/bjornlunden.com\/wp-content\/uploads\/Demo-mockup.png 675w, https:\/\/bjornlunden.com\/wp-content\/uploads\/Demo-mockup-300x181.png 300w\" sizes=\"(max-width: 675px) 100vw, 675px\" \/>\t\t\t\t\t\t\t\t\t\t\t\t\t\t\t<\/div>\n\t\t\t\t<\/div>\n\t\t\t\t<div class=\"elementor-element elementor-element-a0dd29e btn black elementor-align-center elementor-absolute elementor-widget elementor-widget-button\" data-id=\"a0dd29e\" data-element_type=\"widget\" data-e-type=\"widget\" data-settings=\"{&quot;_position&quot;:&quot;absolute&quot;}\" data-widget_type=\"button.default\">\n\t\t\t\t<div class=\"elementor-widget-container\">\n\t\t\t\t\t\t\t\t\t<div class=\"elementor-button-wrapper\">\n\t\t\t\t\t<a class=\"elementor-button elementor-button-link elementor-size-sm\" href=\"https:\/\/bjornlunden.com\/dk\/demo\/eazyproject-book-mode\/\">\n\t\t\t\t\t\t<span class=\"elementor-button-content-wrapper\">\n\t\t\t\t\t\t\t\t\t<span class=\"elementor-button-text\">Book m\u00f8de<\/span>\n\t\t\t\t\t<\/span>\n\t\t\t\t\t<\/a>\n\t\t\t\t<\/div>\n\t\t\t\t\t\t\t\t<\/div>\n\t\t\t\t<\/div>\n\t\t\t\t\t<\/div>\n\t\t\t\t<\/div>\n\t\t\t\t<\/div>\n\t\t\t\t<\/div>\n\t\t\t\t\t\t<\/div>\n\t\t\t\t<\/div>\n\t\t\t\t<\/div>\n\t\t\t\t<\/div>\n\t\t","protected":false},"excerpt":{"rendered":"<p>Indsigter Sager Webinarer<\/p>\n","protected":false},"author":2,"featured_media":19797,"parent":4494,"menu_order":0,"comment_status":"closed","ping_status":"closed","template":"","meta":{"_acf_changed":false,"footnotes":""},"class_list":["post-5349","page","type-page","status-publish","has-post-thumbnail","hentry"],"acf":[],"_links":{"self":[{"href":"https:\/\/bjornlunden.com\/dk\/wp-json\/wp\/v2\/pages\/5349","targetHints":{"allow":["GET"]}}],"collection":[{"href":"https:\/\/bjornlunden.com\/dk\/wp-json\/wp\/v2\/pages"}],"about":[{"href":"https:\/\/bjornlunden.com\/dk\/wp-json\/wp\/v2\/types\/page"}],"author":[{"embeddable":true,"href":"https:\/\/bjornlunden.com\/dk\/wp-json\/wp\/v2\/users\/2"}],"replies":[{"embeddable":true,"href":"https:\/\/bjornlunden.com\/dk\/wp-json\/wp\/v2\/comments?post=5349"}],"version-history":[{"count":30,"href":"https:\/\/bjornlunden.com\/dk\/wp-json\/wp\/v2\/pages\/5349\/revisions"}],"predecessor-version":[{"id":33257,"href":"https:\/\/bjornlunden.com\/dk\/wp-json\/wp\/v2\/pages\/5349\/revisions\/33257"}],"up":[{"embeddable":true,"href":"https:\/\/bjornlunden.com\/dk\/wp-json\/wp\/v2\/pages\/4494"}],"wp:featuredmedia":[{"embeddable":true,"href":"https:\/\/bjornlunden.com\/dk\/wp-json\/wp\/v2\/media\/19797"}],"wp:attachment":[{"href":"https:\/\/bjornlunden.com\/dk\/wp-json\/wp\/v2\/media?parent=5349"}],"curies":[{"name":"wp","href":"https:\/\/api.w.org\/{rel}","templated":true}]}}