{"id":5182,"date":"2022-04-13T11:20:15","date_gmt":"2022-04-13T09:20:15","guid":{"rendered":"https:\/\/bjornlunden.com\/privacy-statement\/"},"modified":"2026-02-20T12:35:27","modified_gmt":"2026-02-20T11:35:27","slug":"persondatapolitik","status":"publish","type":"page","link":"https:\/\/bjornlunden.com\/dk\/persondatapolitik\/","title":{"rendered":"Persondatapolitik"},"content":{"rendered":"\t\t<div data-elementor-type=\"wp-page\" data-elementor-id=\"5182\" class=\"elementor elementor-5182 elementor-270\" data-elementor-post-type=\"page\">\n\t\t\t\t<div class=\"elementor-element elementor-element-76d988e e-flex e-con-boxed e-con e-parent\" data-id=\"76d988e\" data-element_type=\"container\" data-e-type=\"container\">\n\t\t\t\t\t<div class=\"e-con-inner\">\n\t\t<div class=\"elementor-element elementor-element-c953842 e-con-full e-flex e-con e-child\" data-id=\"c953842\" data-element_type=\"container\" data-e-type=\"container\">\n\t\t\t\t<div class=\"elementor-element elementor-element-e3720ab elementor-widget elementor-widget-heading\" data-id=\"e3720ab\" data-element_type=\"widget\" data-e-type=\"widget\" data-widget_type=\"heading.default\">\n\t\t\t\t<div class=\"elementor-widget-container\">\n\t\t\t\t\t<h1 class=\"elementor-heading-title elementor-size-default\">Persondatapolitik<\/h1>\t\t\t\t<\/div>\n\t\t\t\t<\/div>\n\t\t\t\t<\/div>\n\t\t\t\t\t<\/div>\n\t\t\t\t<\/div>\n\t\t<div class=\"elementor-element elementor-element-9117597 e-flex e-con-boxed e-con e-parent\" data-id=\"9117597\" data-element_type=\"container\" data-e-type=\"container\">\n\t\t\t\t\t<div class=\"e-con-inner\">\n\t\t<div class=\"elementor-element elementor-element-02662ce e-con-full e-flex e-con e-child\" data-id=\"02662ce\" data-element_type=\"container\" data-e-type=\"container\">\n\t\t\t\t<div class=\"elementor-element elementor-element-f88df6d elementor-widget elementor-widget-spacer\" data-id=\"f88df6d\" data-element_type=\"widget\" data-e-type=\"widget\" data-widget_type=\"spacer.default\">\n\t\t\t\t<div class=\"elementor-widget-container\">\n\t\t\t\t\t\t\t<div class=\"elementor-spacer\">\n\t\t\t<div class=\"elementor-spacer-inner\"><\/div>\n\t\t<\/div>\n\t\t\t\t\t\t<\/div>\n\t\t\t\t<\/div>\n\t\t\t\t<\/div>\n\t\t\t\t\t<\/div>\n\t\t\t\t<\/div>\n\t\t<div class=\"elementor-element elementor-element-34f7e37 e-flex e-con-boxed e-con e-parent\" data-id=\"34f7e37\" data-element_type=\"container\" data-e-type=\"container\">\n\t\t\t\t\t<div class=\"e-con-inner\">\n\t\t<div class=\"elementor-element elementor-element-9d0b988 e-con-full e-flex e-con e-child\" data-id=\"9d0b988\" data-element_type=\"container\" data-e-type=\"container\">\n\t\t\t\t<div class=\"elementor-element elementor-element-b4ae343 elementor-widget elementor-widget-spacer\" data-id=\"b4ae343\" data-element_type=\"widget\" data-e-type=\"widget\" data-widget_type=\"spacer.default\">\n\t\t\t\t<div class=\"elementor-widget-container\">\n\t\t\t\t\t\t\t<div class=\"elementor-spacer\">\n\t\t\t<div class=\"elementor-spacer-inner\"><\/div>\n\t\t<\/div>\n\t\t\t\t\t\t<\/div>\n\t\t\t\t<\/div>\n\t\t\t\t<\/div>\n\t\t\t\t\t<\/div>\n\t\t\t\t<\/div>\n\t\t<div class=\"elementor-element elementor-element-e254c39 e-flex e-con-boxed e-con e-parent\" data-id=\"e254c39\" data-element_type=\"container\" data-e-type=\"container\">\n\t\t\t\t\t<div class=\"e-con-inner\">\n\t\t\t\t<div class=\"elementor-element elementor-element-3bf995b elementor-widget elementor-widget-text-editor\" data-id=\"3bf995b\" data-element_type=\"widget\" data-e-type=\"widget\" data-widget_type=\"text-editor.default\">\n\t\t\t\t<div class=\"elementor-widget-container\">\n\t\t\t\t\t\t\t\t\t<p>Vi tager beskyttelsen af dine personlige oplysninger alvorligt.<br \/>Vi har derfor udarbejdet nedenst\u00e5ende persondatapolitik, hvor du kan finde oplysninger om hvordan vi behandler dine personoplysninger.<\/p><p>Har du sp\u00f8rgsm\u00e5l til hvordan vi behandler dine persondata som du ikke kan finde svar p\u00e5 i nedenst\u00e5ende, er du altid velkommen til at tage direkte kontakt til os som dataansvarlig via nedenst\u00e5ende.<\/p><p>EazyProject A\/S<br \/>St\u00e6ndertorvet 4, 1. Sal<br \/>4000 Roskilde<br \/>Email:\u00a0<a href=\"mailto:info.dk@bjornlunden.com\">info.dk@bjornlunden.com<\/a><br \/>CVR: 27660606<\/p><h2>Hvilke persondata behandler vi og til hvilket form\u00e5l<\/h2><h3>Du bes\u00f8ger vores hjemmeside<\/h3><p>N\u00e5r du bes\u00f8ger vores hjemmesider eller anvender vores tjenester, applikationer, beskedsystemer (s\u00e5som e-mail og chat) og v\u00e6rkt\u00f8jer, kan vi eller vores leverand\u00f8rer bruge cookies, pixelcookies og andre lignende teknologier til at gemme oplysninger til brug for statistik, m\u00e5ling af vores ydelse og funktionalitet samt markedsf\u00f8ring.<\/p><p>Vi bruger Google Analytics, et analysev\u00e6rkt\u00f8j fra Google LLC og Google Ireland Ltd. (\u201cGoogle\u201d) til l\u00f8bende at forbedre vores tjenester. Brugen g\u00f8r det muligt at tildele data, sessioner og interaktioner til et pseudonym bruger-id og dermed analysere en brugers aktiviteter p\u00e5 vores websted. Google Analytics bruger cookies, der er gemt p\u00e5 din enhed, og som g\u00f8r det muligt for os at analysere din brug af vores tjenester. De data, der er indsamlet af cookies, om brugen af vores tjenester (inklusive din IP-adresse) overf\u00f8res til en Google-server i USA og opbevares der.<\/p><p>P\u00e5 vores vegne behandler Google disse data for at evaluere brugen af vores tjenester, til at udarbejde rapporter om brugsaktiviteter og for at give os yderligere tjenester, der er forbundet med brugen af vores tjenester. Din IP-adresse, der sendes i forbindelse med Google Analytics, kombineres ikke med andre data fra Google.<\/p><p>Du kan forhindre indsamling af data gennem Google Analytics-cookien ved at justere dine browserindstillinger i overensstemmelse hermed. Hvis du deaktiverer cookies, er du muligvis ikke i stand til at bruge alle funktioner i vores tjenester i deres fulde omfang.<\/p><p>Yderligere information om Google Analytics findes i\u00a0<a href=\"https:\/\/marketingplatform.google.com\/about\/analytics\/terms\/dk\/\">Servicevilk\u00e5r<\/a>\u00a0og i\u00a0<a href=\"https:\/\/policies.google.com\/privacy\">Googles Privatlivspolitik<\/a>.<\/p><p>Der kan p\u00e5 hjemmesiden v\u00e6re links til andre hjemmesider eller samarbejdspartnere.\u00a0Vi kan ikke holdes ansvarlige for indholdet p\u00e5 disse hjemmesider eller hjemmesidernes indsamling af personoplysninger i \u00f8vrigt.<\/p><h3>Du bestiller en demo<\/h3><p>I forbindelse med din bestilling af din demo eller registrering af e-mail til nyhedsbreve, vil vi her g\u00f8re opm\u00e6rksom p\u00e5 hvordan dine data behandles.<\/p><p>Det er muligt for vores potentielle kunder (leads) at bestille en demo p\u00e5 EazyProjects hjemmeside til afpr\u00f8vning af l\u00f8sning f\u00f8r k\u00f8b. Ifbm oprettelsen af en demo registrerer vi Navn, Brugernavn, E-mail, Virksomhed, Rolle i virksomheden og branche for virksomheden. Derudover kan der frivilligt angives telefonnummer.<\/p><p>Alle demobestillinger udl\u00f8ber automatisk efter 14 dage hvorefter brugeren ikke kan logge ind<br \/>Alle data i demoen (b\u00e5de brugerdata, app og database) slettes permanent efter 21 dage.<\/p><p>Du har mulighed for selv at anonymisere data i demoen via brugeroprettelsen, s\u00e5fremt dette \u00f8nskes f\u00f8r udl\u00f8b af demoperioden.<\/p><p>E-mail benyttes til at udsende tips, tricks og invitationer til brugeren efter demoen er bestilt.<br \/>E-mail opsamles i crm-systemet HubSpot og i en hosted MySQL database (Simply) og krydses ikke med andet data.<\/p><p>Dette websted er desuden beskyttet af reCAPTCHA og Google<br \/><a href=\"https:\/\/policies.google.com\/privacy\" target=\"_blank\" rel=\"noopener\">Privatlivspolitik\u00a0<\/a>og<br \/><a href=\"https:\/\/policies.google.com\/terms\" target=\"_blank\" rel=\"noopener\">Servicevilk\u00e5r\u00a0<\/a>g\u00e6lder.<\/p><p>Modtagelse af E-mails kan til enhver tid afmeldes af brugeren ved at klikke afmeld direkte i en E-mail.<\/p><p>Alle dine persondata ifbm en demobestilling kan slettes ved at sende en mail til <a href=\"mailto:support.dk@bjornlunden.com\">support.dk@bjornlunden.com<\/a><\/p><h3>Du tilmelder dig vores nyhedsbrev<\/h3><p>Registrering af E-mail til nyhedsbreve, benyttes til at udsende nyhedsmails og tilbud.<\/p><p>E-mailadresse opsamles i vores HubSpot CRM og krydses ikke med andet data.<br \/>HubSpot kan ikke benytte personoplysningerne til egne form\u00e5l og handler derfor udelukkende p\u00e5 vores instruks. Der er indg\u00e5et en databehandleraftale med HubSpot og\u00a0dataoverf\u00f8rsel sker p\u00e5 baggrund af\u00a0Standard Contractual Clauses (SCC).<\/p><p>Personoplysningerne opbevares s\u00e5 l\u00e6nge man aktivt modtager nyhedsbrevet eller ind til man tr\u00e6kker sit samtykke tilbage.<\/p><p>Modtagelse af E-mails kan til enhver tid afmeldes af brugeren ved at klikke afmeld direkte i en E-mail.<\/p><h3>Du interagerer p\u00e5 kampagner p\u00e5 vores hjemmeside (download guide og gode r\u00e5d)<\/h3><p>Dine indtastede data Navn, E-mail opsamles i HubSpot CRM og krydses ikke med andet data.<br \/>HubSpot kan ikke benytte personoplysningerne til egne form\u00e5l og handler derfor udelukkende p\u00e5 vores instruks. Der er indg\u00e5et en databehandleraftale med HubSpot og\u00a0dataoverf\u00f8rsel sker p\u00e5 baggrund af\u00a0Standard Contractual Clauses (SCC).<\/p><p>Alle dine persondata ifbm vores kampagner kan slettes ved at sende en mail til <a href=\"mailto:support.dk@bjornlunden.com\">support.dk@bjornlunden.com<\/a><\/p><h3>Du bes\u00f8ger vores Facebook side eller interagere med en Facebook annonce<\/h3><p>Vi bruger de sociale medier som et digitalt visitkort<\/p><p>Vi og Facebook indsamler og behandler personoplysninger, n\u00e5r du bes\u00f8ger vores Facebook-side. Form\u00e5let med behandlingen er at kunne markedsf\u00f8re os over for potentielle kunder.<\/p><p>Vores Facebook-side er:<br \/><a href=\"https:\/\/www.facebook.com\/bjornlunden.dk\" target=\"_blank\" rel=\"noopener\">https:\/\/www.facebook.com\/bjornlunden.dk<\/a><\/p><p>Vi f\u00f8lger Datatilsynets g\u00e6ldende retningslinjer omkring det delte dataansvar og tilstr\u00e6ber os at sikre, at de bes\u00f8gende p\u00e5 vores Facebook-side f\u00e5r information om persondata.<\/p><p>For mere information om Facebooks egen behandling under det delte dataansvar, se Facebooks till\u00e6g til deres datapolitik her:<br \/><a href=\"https:\/\/www.facebook.com\/legal\/terms\/page_controller_addendum\" target=\"_blank\" rel=\"noopener\">Till\u00e6g til Facebooks datapolitik<\/a><\/p><p>De personoplysninger der afgives vil ikke blive videregivet uden for virksomheden.<\/p><p>Da de personoplysninger der afgives p\u00e5 Facebook-siderne afgives af personen selv p\u00e5 vores offentligt tilg\u00e6ngelige side, vil oplysningerne i udgangspunktet ligge p\u00e5 siden s\u00e5 l\u00e6nge denne eksisterer. Man kan som afgiver af oplysningerne altid g\u00f8re indsigelse i forhold til interesseafvejningen, med henblik p\u00e5 at f\u00e5 slettet eventuelle opslag.<\/p><p><strong>Bem\u00e6rk!<\/strong><br \/>Hvis du ikke \u00f8nsker, at dine oplysninger behandles, bedes du undlade at bes\u00f8ge vores Facebook-side, da det p\u00e5 nuv\u00e6rende tidspunkt ikke er muligt for os at \u00e6ndre p\u00e5 Facebooks indstillinger for opsamling af data.<\/p><h3 style=\"color: #2d2d29;\">Du bes\u00f8ger vores LinkedIn side eller interagere med en LinkedIn annonce<\/h3><p data-start=\"101\" data-end=\"187\">Vi anvender LinkedIn som en del af vores markedsf\u00f8ring og som et digitalt visitkort.<\/p><p data-start=\"189\" data-end=\"431\">Vi og LinkedIn indsamler og behandler personoplysninger, n\u00e5r du interagerer med vores annoncer p\u00e5 LinkedIn eller bes\u00f8ger vores hjemmeside via LinkedIn Ads. Form\u00e5let er at markedsf\u00f8re vores produkter og ydelser over for relevante m\u00e5lgrupper.<\/p><p data-start=\"433\" data-end=\"542\">Behandlingen sker i henhold til g\u00e6ldende databeskyttelsesregler og p\u00e5 baggrund af dit samtykke til cookies.<\/p><p data-start=\"433\" data-end=\"542\">LinkedIn Ireland Unlimited Company er selvst\u00e6ndig dataansvarlig for den behandling, som LinkedIn foretager. Du kan l\u00e6se mere om LinkedIns behandling af personoplysninger i deres privatlivspolitik.<\/p><p data-start=\"544\" data-end=\"653\">For mere information om LinkedIns behandling af personoplysninger henvises til LinkedIns\u00a0<a href=\"https:\/\/www.linkedin.com\/legal\/privacy-policy\" target=\"_blank\" rel=\"noopener\">privatlivspolitik<\/a>.<\/p><p data-start=\"655\" data-end=\"825\">Bem\u00e6rk: Hvis du ikke \u00f8nsker, at dine oplysninger behandles, kan du undlade at interagere med vores annoncer samt \u00e6ndre dine cookie- og annonceindstillinger p\u00e5 LinkedIn.<\/p><h3>Du tilmelder dig et webinar eller arrangement<\/h3><p>Dine indtastede data Navn, E-mail opsamles i HubSpot CRM og krydses ikke med andet data.<br \/>HubSpot kan ikke benytte personoplysningerne til egne form\u00e5l og handler derfor udelukkende p\u00e5 vores instruks. Der er indg\u00e5et en databehandleraftale med HubSpot og\u00a0dataoverf\u00f8rsel sker p\u00e5 baggrund af\u00a0Standard Contractual Clauses (SCC).<\/p><p>Alle dine persondata ifbm vores webinarer kan slettes ved at sende en mail til <a href=\"mailto:support.dk@bjornlunden.com\">support.dk@bjornlunden.com<\/a><\/p><h3>Du s\u00f8ger job (ogs\u00e5 uopfordret ans\u00f8gning)<\/h3><p>N\u00e5r vi modtager en ans\u00f8gning, behandler vi oplysningerne med det form\u00e5l at vurdere ans\u00f8geren i forhold til en specifik jobannonce eller om vi kan mangler ans\u00f8gerens kompetencer, hvis ans\u00f8geren s\u00f8ger uopfordret.<\/p><p>De personoplysninger der sendes, vil ikke blive videregivet uden for virksomheden.<\/p><p>Vi samarbejder desuden med flere eksterne rekrutteringsfirmaer og modtager relevante ans\u00f8gninger herfra i krypteret form og med adgangskode til dokumenterne.<br \/>Adgangskode til hvert enkelt dokument sendes via sms til os.<\/p><p>Personoplysninger slettes inden for\u00a03 m\u00e5neder efter der er givet afslag, hvis der ikke fortsat er dialog, dette g\u00e6lder b\u00e5de ans\u00f8gninger vi modtager direkte samt ans\u00f8gninger\/kandidatpr\u00e6sentation vi modtager fra samarbejdspartnere. Ans\u00e6ttes en kandidat gemmes ans\u00f8gning og CV p\u00e5 medarbejderprofil i henhold til slettefrister p\u00e5 denne.<\/p><h3>Du er kunde\/bruger af EazyProject\u2019s software<\/h3><p>Dine indtastede data Navn, E-mail opsamles i HubSpot CRM.<br \/>HubSpot kan ikke benytte personoplysningerne til egne form\u00e5l og handler derfor udelukkende p\u00e5 vores instruks. Der er indg\u00e5et en databehandleraftale med HubSpot og\u00a0dataoverf\u00f8rsel sker p\u00e5 baggrund af\u00a0Standard Contractual Clauses (SCC).<\/p><p>Dine personoplysninger anvendes desuden i vores \u00f8konomisystem e-conomic til fakturering og bogf\u00f8ring.<\/p><p>Personoplysningerne til brug for bogf\u00f8ringsloven opbevares indtil\u00a05 \u00e5r efter udl\u00f8bet af regnskabs\u00e5ret, jf. bogf\u00f8ringslovens \u00a7 10 og slettes herefter.<\/p><p>Alle dine persondata ifbm vores kunde-kampagner kan slettes ved at sende en mail til <a href=\"mailto:support.dk@bjornlunden.com\">support.dk@bjornlunden.com<\/a>.<\/p><p>Se vores GDPR politik her:\u00a0<a href=\"https:\/\/eazyproject.net\/gdpr\/\" target=\"_blank\" rel=\"noopener\">https:\/\/eazyproject.net\/gdpr<\/a><\/p><h3>CRM software (customer relationship management)<\/h3><p>Vi anvender HubSpot CRM, der er en amerikansk cloud-l\u00f8sning.<br \/>HubSpot kan ikke benytte personoplysningerne til egne form\u00e5l og handler derfor udelukkende p\u00e5 vores instruks. Der er indg\u00e5et en databehandleraftale med HubSpot og\u00a0dataoverf\u00f8rsel sker p\u00e5 baggrund af\u00a0Standard Contractual Clauses (SCC).<\/p><p>Alle dine persondata ifbm vores kampagner kan slettes ved at sende en mail til <a href=\"mailto:support.dk@bjornlunden.com\">support.dk@bjornlunden.com<\/a><\/p><p>Vi videregiver ikke data til andre.<\/p><p>Vi anvender eksterne virksomheder til hosting af vores systemer. Disse underdatabehandlere behandler kun personoplysninger efter vores instruks og i overensstemmelse med lovgivningens krav til databehandlere. Der er indg\u00e5et GDPR aftaler med vore underdatabehandlere.<\/p><h3>Dine rettigheder<\/h3><p>Hvis du ved eller du har en formodning om, at vi behandler personoplysninger om en selv, har man en r\u00e6kke rettigheder i forhold til behandlingen. De enkelte rettigheder er uddybet herunder.<\/p><p>Skulle man v\u00e6lge at g\u00f8re en af sine rettigheder g\u00e6ldende, eks. ved at bede om indsigt i hvilke personoplysninger vi behandler om en selv,\u00a0kan man rette henvendelse via e-mail p\u00e5\u00a0<a href=\"mailto:info.dk@bjornlunden.com\">info.dk@bjornlunden.com<\/a>. N\u00e5r vi har modtaget e-mailen og efterf\u00f8lgende verificeret identiteten \u2013 for at sikre at vi ikke udleverer personoplysninger til uvedkommende \u2013 igangs\u00e6tter vi processen.<\/p><p>Man har ret til at bede om indsigt i de personoplysninger vi behandler om en selv. S\u00e5fremt vi behandler personoplysninger om personen, udleverer vi information om disse, samt form\u00e5l og lovhjemmel.<\/p><p>Man har ret til at g\u00f8re indsigelse, hvis man er uenig i vores behandling af personoplysningerne.\u00a0Om en indsigelse efterleves vurderes fra gang til gang.<\/p><p>Man har ret til at bede om, at vi begr\u00e6nser behandlingen. Hvis vi behandler personoplysninger, kan man i visse tilf\u00e6lde bede om at f\u00e5 begr\u00e6nset behandlingen, hvis ikke man \u00f8nsker at alle de registrerede data skal indg\u00e5 i behandlingen.<\/p><p>Man har ret til at bede om at blive slettet. Denne rettighed er ikke endegyldig, da visse data ikke kan slettes pga. anden lovgivning eller hvis aftale og form\u00e5l giver virksomheden ret til at opbevare personoplysningerne.<\/p><p>Skulle de personoplysninger vi behandler v\u00e6re forkerte, har man ret til at f\u00e5 disse opdateret med korrekt information.<\/p><p>Man har ret til at f\u00e5 udleveret\u00a0sine personoplysninger i et maskinl\u00e6sbart format. Bem\u00e6rk at der alene er tale om de personoplysninger man selv har givet til os.<\/p><p>Hvis behandlingen af personoplysninger er baseret p\u00e5 et samtykke, s\u00e5 kan dette\u00a0til en hver tid tr\u00e6kkes tilbage, hvorved behandlingen oph\u00f8rer.<\/p><p>Man er altid velkommen til at henvende sig til EazyProject, hvis man har sp\u00f8rgsm\u00e5l eller \u00f8nsker at klage over en behandling af sine personoplysninger. Hvis man ikke er tilfreds med vores svar, har man mulighed for at klage til Datatilsynet.<\/p><p><strong>N\u00e6rv\u00e6rende persondatapolitik er opdateret 31. august 2021.<\/strong><\/p>\t\t\t\t\t\t\t\t<\/div>\n\t\t\t\t<\/div>\n\t\t\t\t\t<\/div>\n\t\t\t\t<\/div>\n\t\t\t\t<\/div>\n\t\t","protected":false},"excerpt":{"rendered":"<p>Persondatapolitik Vi tager beskyttelsen af dine personlige oplysninger alvorligt.Vi har derfor udarbejdet nedenst\u00e5ende persondatapolitik, hvor du kan finde oplysninger om hvordan vi behandler dine personoplysninger. Har du sp\u00f8rgsm\u00e5l til hvordan vi behandler dine persondata som du ikke kan finde svar p\u00e5 i nedenst\u00e5ende, er du altid velkommen til at tage direkte kontakt til os som [&hellip;]<\/p>\n","protected":false},"author":2,"featured_media":0,"parent":0,"menu_order":0,"comment_status":"closed","ping_status":"closed","template":"","meta":{"_acf_changed":false,"footnotes":""},"class_list":["post-5182","page","type-page","status-publish","hentry"],"acf":[],"_links":{"self":[{"href":"https:\/\/bjornlunden.com\/dk\/wp-json\/wp\/v2\/pages\/5182","targetHints":{"allow":["GET"]}}],"collection":[{"href":"https:\/\/bjornlunden.com\/dk\/wp-json\/wp\/v2\/pages"}],"about":[{"href":"https:\/\/bjornlunden.com\/dk\/wp-json\/wp\/v2\/types\/page"}],"author":[{"embeddable":true,"href":"https:\/\/bjornlunden.com\/dk\/wp-json\/wp\/v2\/users\/2"}],"replies":[{"embeddable":true,"href":"https:\/\/bjornlunden.com\/dk\/wp-json\/wp\/v2\/comments?post=5182"}],"version-history":[{"count":28,"href":"https:\/\/bjornlunden.com\/dk\/wp-json\/wp\/v2\/pages\/5182\/revisions"}],"predecessor-version":[{"id":62770,"href":"https:\/\/bjornlunden.com\/dk\/wp-json\/wp\/v2\/pages\/5182\/revisions\/62770"}],"wp:attachment":[{"href":"https:\/\/bjornlunden.com\/dk\/wp-json\/wp\/v2\/media?parent=5182"}],"curies":[{"name":"wp","href":"https:\/\/api.w.org\/{rel}","templated":true}]}}