{"id":23673,"date":"2024-10-23T13:43:03","date_gmt":"2024-10-23T11:43:03","guid":{"rendered":"https:\/\/bjornlunden.com\/?page_id=23673"},"modified":"2025-12-19T14:56:30","modified_gmt":"2025-12-19T13:56:30","slug":"implementering","status":"publish","type":"page","link":"https:\/\/bjornlunden.com\/dk\/implementering\/","title":{"rendered":"Implementering"},"content":{"rendered":"\t\t<div data-elementor-type=\"wp-page\" data-elementor-id=\"23673\" class=\"elementor elementor-23673\" data-elementor-post-type=\"page\">\n\t\t\t\t<div class=\"elementor-element elementor-element-f207f42 e-flex e-con-boxed e-con e-parent\" data-id=\"f207f42\" data-element_type=\"container\" data-e-type=\"container\" data-settings=\"{&quot;background_background&quot;:&quot;classic&quot;}\">\n\t\t\t\t\t<div class=\"e-con-inner\">\n\t\t<div class=\"elementor-element elementor-element-b7a89ce e-con-full e-flex e-con e-child\" data-id=\"b7a89ce\" data-element_type=\"container\" data-e-type=\"container\">\n\t\t<div class=\"elementor-element elementor-element-0a6f67b e-con-full e-flex e-con e-child\" data-id=\"0a6f67b\" data-element_type=\"container\" data-e-type=\"container\">\n\t\t\t\t<div class=\"elementor-element elementor-element-04f31ec elementor-widget elementor-widget-heading\" data-id=\"04f31ec\" data-element_type=\"widget\" data-e-type=\"widget\" data-widget_type=\"heading.default\">\n\t\t\t\t<div class=\"elementor-widget-container\">\n\t\t\t\t\t<h6 class=\"elementor-heading-title elementor-size-default\">+500 succesfulde implementeringer - du er i sikre h\u00e6nder<\/h6>\t\t\t\t<\/div>\n\t\t\t\t<\/div>\n\t\t\t\t<div class=\"elementor-element elementor-element-b0d8a1e elementor-widget elementor-widget-heading\" data-id=\"b0d8a1e\" data-element_type=\"widget\" data-e-type=\"widget\" data-widget_type=\"heading.default\">\n\t\t\t\t<div class=\"elementor-widget-container\">\n\t\t\t\t\t<h1 class=\"elementor-heading-title elementor-size-default\">Implementering af EazyProject<\/h1>\t\t\t\t<\/div>\n\t\t\t\t<\/div>\n\t\t\t\t<\/div>\n\t\t\t\t<div class=\"elementor-element elementor-element-2ea5fa5 elementor-widget elementor-widget-text-editor\" data-id=\"2ea5fa5\" data-element_type=\"widget\" data-e-type=\"widget\" data-widget_type=\"text-editor.default\">\n\t\t\t\t<div class=\"elementor-widget-container\">\n\t\t\t\t\t\t\t\t\t<p>I EazyProject arbejder vi ikke med \u00e9n standard implementering, da vi till\u00e6gger det stor v\u00e6rdi at tilpasse implementeringen til den enkelte virksomheds kultur, normer og v\u00e6rdier. Ligeledes till\u00e6gger vi jeres interne tid og ressourcer stor betydning, s\u00e5 I oplever at virksomheden kan rumme implementeringen og komme godt igennem processen.<\/p><p>Vi oplever ofte at vores kunder, gerne vil have en \u201dk\u00f8replan\u201d, som de kan tage udgangspunkt i. Det er netop en s\u00e5dan k\u00f8replan, vi fastl\u00e6gger til en Faciliteringsworkshop. I nedenst\u00e5ende har vi udformet 3 eksempler p\u00e5 typiske k\u00f8replaner, som kort gennemg\u00e5s.<\/p>\t\t\t\t\t\t\t\t<\/div>\n\t\t\t\t<\/div>\n\t\t\t\t<\/div>\n\t\t<div class=\"elementor-element elementor-element-7bd0a7c e-con-full e-flex e-con e-child\" data-id=\"7bd0a7c\" data-element_type=\"container\" data-e-type=\"container\">\n\t\t\t\t<div class=\"elementor-element elementor-element-e38b9b6 border0 elementor-widget elementor-widget-image\" data-id=\"e38b9b6\" data-element_type=\"widget\" data-e-type=\"widget\" data-widget_type=\"image.default\">\n\t\t\t\t<div class=\"elementor-widget-container\">\n\t\t\t\t\t\t\t\t\t\t\t\t\t\t\t<img fetchpriority=\"high\" decoding=\"async\" width=\"520\" height=\"611\" src=\"https:\/\/bjornlunden.com\/wp-content\/uploads\/Ontdek-eenvoudigheid\u200b-1.jpg\" class=\"attachment-large size-large wp-image-20872\" alt=\"Ontdek eenvoudigheid met Bjorn Lunden\" srcset=\"https:\/\/bjornlunden.com\/wp-content\/uploads\/Ontdek-eenvoudigheid\u200b-1.jpg 520w, https:\/\/bjornlunden.com\/wp-content\/uploads\/Ontdek-eenvoudigheid\u200b-1-255x300.jpg 255w\" sizes=\"(max-width: 520px) 100vw, 520px\" \/>\t\t\t\t\t\t\t\t\t\t\t\t\t\t\t<\/div>\n\t\t\t\t<\/div>\n\t\t\t\t<\/div>\n\t\t\t\t\t<\/div>\n\t\t\t\t<\/div>\n\t\t<div class=\"elementor-element elementor-element-48e57fd e-flex e-con-boxed e-con e-parent\" data-id=\"48e57fd\" data-element_type=\"container\" data-e-type=\"container\" data-settings=\"{&quot;background_background&quot;:&quot;gradient&quot;}\">\n\t\t\t\t\t<div class=\"e-con-inner\">\n\t\t\t\t<div class=\"elementor-element elementor-element-0abc75c elementor-widget elementor-widget-global elementor-global-20813 elementor-widget-spacer\" data-id=\"0abc75c\" data-element_type=\"widget\" data-e-type=\"widget\" data-widget_type=\"spacer.default\">\n\t\t\t\t<div class=\"elementor-widget-container\">\n\t\t\t\t\t\t\t<div class=\"elementor-spacer\">\n\t\t\t<div class=\"elementor-spacer-inner\"><\/div>\n\t\t<\/div>\n\t\t\t\t\t\t<\/div>\n\t\t\t\t<\/div>\n\t\t\t\t\t<\/div>\n\t\t\t\t<\/div>\n\t\t<div class=\"elementor-element elementor-element-efece75 e-flex e-con-boxed e-con e-parent\" data-id=\"efece75\" data-element_type=\"container\" data-e-type=\"container\">\n\t\t\t\t\t<div class=\"e-con-inner\">\n\t\t<div class=\"elementor-element elementor-element-3ac0a89 e-con-full e-flex e-con e-child\" data-id=\"3ac0a89\" data-element_type=\"container\" data-e-type=\"container\" data-settings=\"{&quot;background_background&quot;:&quot;classic&quot;}\">\n\t\t<div class=\"elementor-element elementor-element-22679b0 e-con-full e-flex e-con e-child\" data-id=\"22679b0\" data-element_type=\"container\" data-e-type=\"container\">\n\t\t\t\t<div class=\"elementor-element elementor-element-51db17a elementor-widget elementor-widget-heading\" data-id=\"51db17a\" data-element_type=\"widget\" data-e-type=\"widget\" data-widget_type=\"heading.default\">\n\t\t\t\t<div class=\"elementor-widget-container\">\n\t\t\t\t\t<h2 class=\"elementor-heading-title elementor-size-default\">Selvk\u00f8rende implementering<\/h2>\t\t\t\t<\/div>\n\t\t\t\t<\/div>\n\t\t\t\t<div class=\"elementor-element elementor-element-cffcccc elementor-widget elementor-widget-text-editor\" data-id=\"cffcccc\" data-element_type=\"widget\" data-e-type=\"widget\" data-widget_type=\"text-editor.default\">\n\t\t\t\t<div class=\"elementor-widget-container\">\n\t\t\t\t\t\t\t\t\t<p>Denne implementering er typisk for virksomheder, der ikke skal anvende hele systemet, men kun enkelte dele, heraf typisk tidsregistrering samt ferie- og frav\u00e6rsh\u00e5ndtering.<br \/><br \/>Implementeringen startes med at login tilsendes, sammen med \u201dkom godt i gang\u201d- manualer, herefter tilpasser kunden selv systemet og igangs\u00e6tter internt hos medarbejderne.<br \/><br \/>Hvis der er behov for det, afholder vi typisk en \u00bd-dags workshop, hvor vi gennemg\u00e5r systemet og kvalitetssikrer ops\u00e6tningen. Herudover vil der selvf\u00f8lgelig v\u00e6re l\u00f8bende opf\u00f8lgninger.<\/p>\t\t\t\t\t\t\t\t<\/div>\n\t\t\t\t<\/div>\n\t\t\t\t<\/div>\n\t\t\t\t<div class=\"elementor-element elementor-element-e8384a5 elementor-widget elementor-widget-image\" data-id=\"e8384a5\" data-element_type=\"widget\" data-e-type=\"widget\" data-widget_type=\"image.default\">\n\t\t\t\t<div class=\"elementor-widget-container\">\n\t\t\t\t\t\t\t\t\t\t\t\t\t\t\t<img decoding=\"async\" width=\"800\" height=\"348\" src=\"https:\/\/bjornlunden.com\/wp-content\/uploads\/implementering-1.jpg\" class=\"attachment-large size-large wp-image-23721\" alt=\"Selvk\u00f8rende implementering\" srcset=\"https:\/\/bjornlunden.com\/wp-content\/uploads\/implementering-1.jpg 994w, https:\/\/bjornlunden.com\/wp-content\/uploads\/implementering-1-300x130.jpg 300w, https:\/\/bjornlunden.com\/wp-content\/uploads\/implementering-1-768x334.jpg 768w\" sizes=\"(max-width: 800px) 100vw, 800px\" \/>\t\t\t\t\t\t\t\t\t\t\t\t\t\t\t<\/div>\n\t\t\t\t<\/div>\n\t\t<div class=\"elementor-element elementor-element-5d41245 e-con-full e-flex e-con e-child\" data-id=\"5d41245\" data-element_type=\"container\" data-e-type=\"container\">\n\t\t\t\t<div class=\"elementor-element elementor-element-059c74b elementor-widget elementor-widget-heading\" data-id=\"059c74b\" data-element_type=\"widget\" data-e-type=\"widget\" data-widget_type=\"heading.default\">\n\t\t\t\t<div class=\"elementor-widget-container\">\n\t\t\t\t\t<h2 class=\"elementor-heading-title elementor-size-default\">Udvidet implementering<\/h2>\t\t\t\t<\/div>\n\t\t\t\t<\/div>\n\t\t\t\t<div class=\"elementor-element elementor-element-ad865de elementor-widget elementor-widget-text-editor\" data-id=\"ad865de\" data-element_type=\"widget\" data-e-type=\"widget\" data-widget_type=\"text-editor.default\">\n\t\t\t\t<div class=\"elementor-widget-container\">\n\t\t\t\t\t\t\t\t\t<p>N\u00e5r kunder k\u00f8ber flere moduler, er der oftest behov for en udvidet implementering.\u00a0<br \/>Efter systemoprettelse afstemmer vi jeres behov for workshops og aftaler de n\u00e6rmere detaljer.<br \/>Vi anbefaler typisk \u2013 afh\u00e6ngig af virksomhedens ressourcer \u2013 at min. den f\u00f8rste m\u00e5ned, anvendes til uddannelse af superbrugere og intern tilpasning af systemet. Herefter igangs\u00e6ttes systemet i virksomheden med supplerende uddannelse af medarbejderne.<\/p>\t\t\t\t\t\t\t\t<\/div>\n\t\t\t\t<\/div>\n\t\t\t\t<\/div>\n\t\t\t\t<div class=\"elementor-element elementor-element-018377d elementor-widget elementor-widget-image\" data-id=\"018377d\" data-element_type=\"widget\" data-e-type=\"widget\" data-widget_type=\"image.default\">\n\t\t\t\t<div class=\"elementor-widget-container\">\n\t\t\t\t\t\t\t\t\t\t\t\t\t\t\t<img decoding=\"async\" width=\"800\" height=\"348\" src=\"https:\/\/bjornlunden.com\/wp-content\/uploads\/implementering-2.jpg\" class=\"attachment-large size-large wp-image-23729\" alt=\"Udivdet implementering\" srcset=\"https:\/\/bjornlunden.com\/wp-content\/uploads\/implementering-2.jpg 994w, https:\/\/bjornlunden.com\/wp-content\/uploads\/implementering-2-300x130.jpg 300w, https:\/\/bjornlunden.com\/wp-content\/uploads\/implementering-2-768x334.jpg 768w\" sizes=\"(max-width: 800px) 100vw, 800px\" \/>\t\t\t\t\t\t\t\t\t\t\t\t\t\t\t<\/div>\n\t\t\t\t<\/div>\n\t\t<div class=\"elementor-element elementor-element-eda10e0 e-con-full e-flex e-con e-child\" data-id=\"eda10e0\" data-element_type=\"container\" data-e-type=\"container\">\n\t\t\t\t<div class=\"elementor-element elementor-element-b8223c6 elementor-widget elementor-widget-heading\" data-id=\"b8223c6\" data-element_type=\"widget\" data-e-type=\"widget\" data-widget_type=\"heading.default\">\n\t\t\t\t<div class=\"elementor-widget-container\">\n\t\t\t\t\t<h2 class=\"elementor-heading-title elementor-size-default\">Pilotperiode inden opstart<\/h2>\t\t\t\t<\/div>\n\t\t\t\t<\/div>\n\t\t\t\t<div class=\"elementor-element elementor-element-804117a elementor-widget elementor-widget-text-editor\" data-id=\"804117a\" data-element_type=\"widget\" data-e-type=\"widget\" data-widget_type=\"text-editor.default\">\n\t\t\t\t<div class=\"elementor-widget-container\">\n\t\t\t\t\t\t\t\t\t<p>For de virksomheder, der \u00f8nsker at v\u00e6re helt sikre p\u00e5, at systemet kan adapteres fuldt ud i virksomheden, er det muligt at k\u00f8re en pilotperiode.<br \/>I pilotperioden kvalitetssikrer vi, at systemet kan fungere efter virksomhedens specifikke behov.<br \/>Pilotperioden foreg\u00e5r i et testsystem, hvorfra data efterf\u00f8lgende kan eksporteres til den endelig l\u00f8sning.<\/p><p>N\u00e5r pilotperioden er overst\u00e5et, afholder vi et m\u00f8de, hvor vi afd\u00e6kker den videre proces, heraf uddannelse af superbrugere og diverse medarbejdere.<\/p>\t\t\t\t\t\t\t\t<\/div>\n\t\t\t\t<\/div>\n\t\t\t\t<\/div>\n\t\t\t\t<div class=\"elementor-element elementor-element-9b9d893 elementor-widget elementor-widget-image\" data-id=\"9b9d893\" data-element_type=\"widget\" data-e-type=\"widget\" data-widget_type=\"image.default\">\n\t\t\t\t<div class=\"elementor-widget-container\">\n\t\t\t\t\t\t\t\t\t\t\t\t\t\t\t<img loading=\"lazy\" decoding=\"async\" width=\"800\" height=\"348\" src=\"https:\/\/bjornlunden.com\/wp-content\/uploads\/Pilotperiode-inden-opstart.jpg\" class=\"attachment-large size-large wp-image-23725\" alt=\"Pilotperiode inden opstart\" srcset=\"https:\/\/bjornlunden.com\/wp-content\/uploads\/Pilotperiode-inden-opstart.jpg 994w, https:\/\/bjornlunden.com\/wp-content\/uploads\/Pilotperiode-inden-opstart-300x130.jpg 300w, https:\/\/bjornlunden.com\/wp-content\/uploads\/Pilotperiode-inden-opstart-768x334.jpg 768w\" sizes=\"(max-width: 800px) 100vw, 800px\" \/>\t\t\t\t\t\t\t\t\t\t\t\t\t\t\t<\/div>\n\t\t\t\t<\/div>\n\t\t<div class=\"elementor-element elementor-element-4e9be70 e-con-full e-flex e-con e-child\" data-id=\"4e9be70\" data-element_type=\"container\" data-e-type=\"container\">\n\t\t\t\t<div class=\"elementor-element elementor-element-01a57c2 elementor-widget elementor-widget-heading\" data-id=\"01a57c2\" data-element_type=\"widget\" data-e-type=\"widget\" data-widget_type=\"heading.default\">\n\t\t\t\t<div class=\"elementor-widget-container\">\n\t\t\t\t\t<h3 class=\"elementor-heading-title elementor-size-default\">Vil du vide mere?<\/h3>\t\t\t\t<\/div>\n\t\t\t\t<\/div>\n\t\t\t\t<div class=\"elementor-element elementor-element-250bacd elementor-widget elementor-widget-text-editor\" data-id=\"250bacd\" data-element_type=\"widget\" data-e-type=\"widget\" data-widget_type=\"text-editor.default\">\n\t\t\t\t<div class=\"elementor-widget-container\">\n\t\t\t\t\t\t\t\t\t<p>Hvis du har sp\u00f8rgsm\u00e5l til implementering og de forskellige processer, skal du v\u00e6re velkommen til at kontakte vores&nbsp;support, som kan henvise jer til vores implementeringsteam.<\/p>\t\t\t\t\t\t\t\t<\/div>\n\t\t\t\t<\/div>\n\t\t\t\t<\/div>\n\t\t\t\t<\/div>\n\t\t\t\t\t<\/div>\n\t\t\t\t<\/div>\n\t\t<div class=\"elementor-element elementor-element-7794f8c e-flex e-con-boxed e-con e-parent\" data-id=\"7794f8c\" data-element_type=\"container\" data-e-type=\"container\">\n\t\t\t\t\t<div class=\"e-con-inner\">\n\t\t\t\t<div class=\"elementor-element elementor-element-5c27651 elementor-widget elementor-widget-global elementor-global-20813 elementor-widget-spacer\" data-id=\"5c27651\" data-element_type=\"widget\" data-e-type=\"widget\" data-widget_type=\"spacer.default\">\n\t\t\t\t<div class=\"elementor-widget-container\">\n\t\t\t\t\t\t\t<div class=\"elementor-spacer\">\n\t\t\t<div class=\"elementor-spacer-inner\"><\/div>\n\t\t<\/div>\n\t\t\t\t\t\t<\/div>\n\t\t\t\t<\/div>\n\t\t\t\t\t<\/div>\n\t\t\t\t<\/div>\n\t\t<div class=\"elementor-element elementor-element-771f554 e-flex e-con-boxed e-con e-parent\" data-id=\"771f554\" data-element_type=\"container\" data-e-type=\"container\" data-settings=\"{&quot;background_background&quot;:&quot;gradient&quot;}\">\n\t\t\t\t\t<div class=\"e-con-inner\">\n\t\t\t\t<div class=\"elementor-element elementor-element-7a1a2d0 br-desktop elementor-widget elementor-widget-heading\" data-id=\"7a1a2d0\" data-element_type=\"widget\" data-e-type=\"widget\" data-widget_type=\"heading.default\">\n\t\t\t\t<div class=\"elementor-widget-container\">\n\t\t\t\t\t<h2 class=\"elementor-heading-title elementor-size-default\">Vi er her for dig og din virksomhed<\/h2>\t\t\t\t<\/div>\n\t\t\t\t<\/div>\n\t\t<div class=\"elementor-element elementor-element-60e2d2d e-con-full border0 e-flex e-con e-child\" data-id=\"60e2d2d\" data-element_type=\"container\" data-e-type=\"container\" data-settings=\"{&quot;background_background&quot;:&quot;classic&quot;}\">\n\t\t<div class=\"elementor-element elementor-element-9470ef1 e-con-full e-flex e-con e-child\" data-id=\"9470ef1\" data-element_type=\"container\" data-e-type=\"container\">\n\t\t\t\t<div class=\"elementor-element elementor-element-5d7a415 elementor-widget elementor-widget-image\" data-id=\"5d7a415\" data-element_type=\"widget\" data-e-type=\"widget\" data-widget_type=\"image.default\">\n\t\t\t\t<div class=\"elementor-widget-container\">\n\t\t\t\t\t\t\t\t\t\t\t\t\t\t\t<img loading=\"lazy\" decoding=\"async\" width=\"72\" height=\"72\" src=\"https:\/\/bjornlunden.com\/wp-content\/uploads\/mail-support-1.svg\" class=\"attachment-large size-large wp-image-23629\" alt=\"E-mail\" \/>\t\t\t\t\t\t\t\t\t\t\t\t\t\t\t<\/div>\n\t\t\t\t<\/div>\n\t\t\t\t<div class=\"elementor-element elementor-element-8535ae9 elementor-widget elementor-widget-heading\" data-id=\"8535ae9\" data-element_type=\"widget\" data-e-type=\"widget\" data-widget_type=\"heading.default\">\n\t\t\t\t<div class=\"elementor-widget-container\">\n\t\t\t\t\t<p class=\"elementor-heading-title elementor-size-default\"><a href=\"mailto:info.dk@bjornlunden.com\">info.dk@bjornlunden.com<\/a><\/p>\t\t\t\t<\/div>\n\t\t\t\t<\/div>\n\t\t\t\t<\/div>\n\t\t<div class=\"elementor-element elementor-element-2dcaa7e e-con-full e-flex e-con e-child\" data-id=\"2dcaa7e\" data-element_type=\"container\" data-e-type=\"container\">\n\t\t\t\t<div class=\"elementor-element elementor-element-91d8487 elementor-widget elementor-widget-image\" data-id=\"91d8487\" data-element_type=\"widget\" data-e-type=\"widget\" data-widget_type=\"image.default\">\n\t\t\t\t<div class=\"elementor-widget-container\">\n\t\t\t\t\t\t\t\t\t\t\t\t\t\t\t<img loading=\"lazy\" decoding=\"async\" width=\"72\" height=\"72\" src=\"https:\/\/bjornlunden.com\/wp-content\/uploads\/phone-icon-1.svg\" class=\"attachment-large size-large wp-image-23633\" alt=\"Telephone\" \/>\t\t\t\t\t\t\t\t\t\t\t\t\t\t\t<\/div>\n\t\t\t\t<\/div>\n\t\t\t\t<div class=\"elementor-element elementor-element-c5b124f elementor-widget elementor-widget-heading\" data-id=\"c5b124f\" data-element_type=\"widget\" data-e-type=\"widget\" data-widget_type=\"heading.default\">\n\t\t\t\t<div class=\"elementor-widget-container\">\n\t\t\t\t\t<p class=\"elementor-heading-title elementor-size-default\"><a>+45 53 54 55 65<\/a><\/p>\t\t\t\t<\/div>\n\t\t\t\t<\/div>\n\t\t\t\t<\/div>\n\t\t\t\t<\/div>\n\t\t\t\t\t<\/div>\n\t\t\t\t<\/div>\n\t\t\t\t<\/div>\n\t\t","protected":false},"excerpt":{"rendered":"<p>+500 succesfulde implementeringer &#8211; du er i sikre h\u00e6nder Implementering af EazyProject I EazyProject arbejder vi ikke med \u00e9n standard implementering, da vi till\u00e6gger det stor v\u00e6rdi at tilpasse implementeringen til den enkelte virksomheds kultur, normer og v\u00e6rdier. Ligeledes till\u00e6gger vi jeres interne tid og ressourcer stor betydning, s\u00e5 I oplever at virksomheden kan rumme [&hellip;]<\/p>\n","protected":false},"author":15,"featured_media":0,"parent":0,"menu_order":0,"comment_status":"closed","ping_status":"closed","template":"","meta":{"_acf_changed":false,"footnotes":""},"class_list":["post-23673","page","type-page","status-publish","hentry"],"acf":[],"_links":{"self":[{"href":"https:\/\/bjornlunden.com\/dk\/wp-json\/wp\/v2\/pages\/23673","targetHints":{"allow":["GET"]}}],"collection":[{"href":"https:\/\/bjornlunden.com\/dk\/wp-json\/wp\/v2\/pages"}],"about":[{"href":"https:\/\/bjornlunden.com\/dk\/wp-json\/wp\/v2\/types\/page"}],"author":[{"embeddable":true,"href":"https:\/\/bjornlunden.com\/dk\/wp-json\/wp\/v2\/users\/15"}],"replies":[{"embeddable":true,"href":"https:\/\/bjornlunden.com\/dk\/wp-json\/wp\/v2\/comments?post=23673"}],"version-history":[{"count":34,"href":"https:\/\/bjornlunden.com\/dk\/wp-json\/wp\/v2\/pages\/23673\/revisions"}],"predecessor-version":[{"id":58095,"href":"https:\/\/bjornlunden.com\/dk\/wp-json\/wp\/v2\/pages\/23673\/revisions\/58095"}],"wp:attachment":[{"href":"https:\/\/bjornlunden.com\/dk\/wp-json\/wp\/v2\/media?parent=23673"}],"curies":[{"name":"wp","href":"https:\/\/api.w.org\/{rel}","templated":true}]}}